{"id":20536,"date":"2022-12-01T14:03:34","date_gmt":"2022-12-01T13:03:34","guid":{"rendered":"https:\/\/skssp.eu\/2-der-steuern\/"},"modified":"2023-01-14T18:09:19","modified_gmt":"2023-01-14T17:09:19","slug":"2-der-steuern","status":"publish","type":"page","link":"https:\/\/skssp.eu\/de\/2-der-steuern\/","title":{"rendered":"2% der Steuern"},"content":{"rendered":"\n<p class=\"has-text-align-center\">Liebe Freunde der Schweizer Sennenhunde!<\/p>\n\n<p class=\"has-text-align-center\">Jedes Jahr haben Sie die M\u00f6glichkeit, 2 % an eine gemeinn\u00fctzige Organisation Ihrer Wahl zu spenden.<\/p>\n\n<p class=\"has-text-align-center\">Wenn Sie sich entscheiden, den Slowakischen Schweizer Sennenhundeklub zu unterst\u00fctzen,<\/p>\n\n<p class=\"has-text-align-center\">Sie werden dazu beitragen, die Aktivit\u00e4ten unserer Organisation zu verbessern und zu f\u00f6rdern.  <\/p>\n\n<h2 class=\"has-text-align-center has-vivid-red-color has-text-color wp-block-heading\"><strong>HERZLICHEN DANK!<\/strong><\/h2>\n\n<div style=\"height:20px\" aria-hidden=\"true\" class=\"wp-block-spacer\"><\/div>\n\n<div class=\"wp-block-file\"><a id=\"wp-block-file--media-0a7bc3ce-d0e6-4bb4-b126-9c527ab72366\" href=\"https:\/\/skssp.eu\/wp-content\/uploads\/2022\/12\/dve_percenta_dane.pdf\">Die Schritte zur Zahlung der 2%igen Steuer finden Sie hier.<\/a><\/div>\n\n<p><a href=\"https:\/\/www.dvepercenta.sk\/details.php?organizationID=21906\">Formulare und weitere Informationen zur Spende von 2% finden Sie hier.<\/a><\/p>\n\n<div class=\"wp-block-file\"><a id=\"wp-block-file--media-f34e631c-4d2e-498a-8465-ca7d56fda39e\" href=\"https:\/\/skssp.eu\/wp-content\/uploads\/2022\/12\/2_percenta_2021.pdf\">Musterformular zum Herunterladen<\/a><\/div>\n","protected":false},"excerpt":{"rendered":"<p>Liebe Freunde der Schweizer Sennenhunde! Jedes Jahr haben Sie die M\u00f6glichkeit, 2 % an eine gemeinn\u00fctzige Organisation Ihrer Wahl zu spenden. Wenn Sie sich entscheiden, den Slowakischen Schweizer Sennenhundeklub zu unterst\u00fctzen, Sie werden dazu beitragen, die Aktivit\u00e4ten unserer Organisation zu verbessern und zu f\u00f6rdern. HERZLICHEN DANK! Formulare und weitere Informationen zur Spende von 2% finden [&hellip;]<\/p>\n","protected":false},"author":1,"featured_media":0,"parent":0,"menu_order":0,"comment_status":"closed","ping_status":"closed","template":"","meta":{"_monsterinsights_skip_tracking":false,"_monsterinsights_sitenote_active":false,"_monsterinsights_sitenote_note":"","_monsterinsights_sitenote_category":0,"ngg_post_thumbnail":0,"footnotes":""},"class_list":["post-20536","page","type-page","status-publish","hentry"],"acf":[],"yoast_head":"<!-- This site is optimized with the Yoast SEO plugin v27.4 - https:\/\/yoast.com\/product\/yoast-seo-wordpress\/ -->\n<title>2% der Steuern | SKSSP<\/title>\n<meta name=\"robots\" content=\"index, follow, max-snippet:-1, max-image-preview:large, max-video-preview:-1\" \/>\n<link rel=\"canonical\" href=\"https:\/\/skssp.eu\/de\/2-der-steuern\/\" \/>\n<meta property=\"og:locale\" content=\"de_DE\" \/>\n<meta property=\"og:type\" content=\"article\" \/>\n<meta property=\"og:title\" content=\"2% der Steuern | SKSSP\" \/>\n<meta property=\"og:description\" content=\"Liebe Freunde der Schweizer Sennenhunde! Jedes Jahr haben Sie die M\u00f6glichkeit, 2 % an eine gemeinn\u00fctzige Organisation Ihrer Wahl zu spenden. Wenn Sie sich entscheiden, den Slowakischen Schweizer Sennenhundeklub zu unterst\u00fctzen, Sie werden dazu beitragen, die Aktivit\u00e4ten unserer Organisation zu verbessern und zu f\u00f6rdern. HERZLICHEN DANK! Formulare und weitere Informationen zur Spende von 2% finden [&hellip;]\" \/>\n<meta property=\"og:url\" content=\"https:\/\/skssp.eu\/de\/2-der-steuern\/\" \/>\n<meta property=\"og:site_name\" content=\"SKSSP\" \/>\n<meta property=\"article:modified_time\" content=\"2023-01-14T17:09:19+00:00\" \/>\n<meta name=\"twitter:card\" content=\"summary_large_image\" \/>\n<script type=\"application\/ld+json\" class=\"yoast-schema-graph\">{\"@context\":\"https:\\\/\\\/schema.org\",\"@graph\":[{\"@type\":\"WebPage\",\"@id\":\"https:\\\/\\\/skssp.eu\\\/de\\\/2-der-steuern\\\/\",\"url\":\"https:\\\/\\\/skssp.eu\\\/de\\\/2-der-steuern\\\/\",\"name\":\"2% der Steuern | SKSSP\",\"isPartOf\":{\"@id\":\"https:\\\/\\\/skssp.eu\\\/de\\\/#website\"},\"datePublished\":\"2022-12-01T13:03:34+00:00\",\"dateModified\":\"2023-01-14T17:09:19+00:00\",\"breadcrumb\":{\"@id\":\"https:\\\/\\\/skssp.eu\\\/de\\\/2-der-steuern\\\/#breadcrumb\"},\"inLanguage\":\"de\",\"potentialAction\":[{\"@type\":\"ReadAction\",\"target\":[\"https:\\\/\\\/skssp.eu\\\/de\\\/2-der-steuern\\\/\"]}]},{\"@type\":\"BreadcrumbList\",\"@id\":\"https:\\\/\\\/skssp.eu\\\/de\\\/2-der-steuern\\\/#breadcrumb\",\"itemListElement\":[{\"@type\":\"ListItem\",\"position\":1,\"name\":\"Startseite\",\"item\":\"https:\\\/\\\/skssp.eu\\\/de\\\/startseite\\\/\"},{\"@type\":\"ListItem\",\"position\":2,\"name\":\"2% der Steuern\"}]},{\"@type\":\"WebSite\",\"@id\":\"https:\\\/\\\/skssp.eu\\\/de\\\/#website\",\"url\":\"https:\\\/\\\/skssp.eu\\\/de\\\/\",\"name\":\"SKSSP\",\"description\":\"Slovensk\u00fd klub \u0160vaj\u010diarskych sala\u0161n\u00edckych psov\",\"publisher\":{\"@id\":\"https:\\\/\\\/skssp.eu\\\/de\\\/#organization\"},\"potentialAction\":[{\"@type\":\"SearchAction\",\"target\":{\"@type\":\"EntryPoint\",\"urlTemplate\":\"https:\\\/\\\/skssp.eu\\\/de\\\/?s={search_term_string}\"},\"query-input\":{\"@type\":\"PropertyValueSpecification\",\"valueRequired\":true,\"valueName\":\"search_term_string\"}}],\"inLanguage\":\"de\"},{\"@type\":\"Organization\",\"@id\":\"https:\\\/\\\/skssp.eu\\\/de\\\/#organization\",\"name\":\"SKSSP\",\"url\":\"https:\\\/\\\/skssp.eu\\\/de\\\/\",\"logo\":{\"@type\":\"ImageObject\",\"inLanguage\":\"de\",\"@id\":\"https:\\\/\\\/skssp.eu\\\/de\\\/#\\\/schema\\\/logo\\\/image\\\/\",\"url\":\"https:\\\/\\\/skssp.eu\\\/wp-content\\\/uploads\\\/2022\\\/11\\\/cropped-logo_skssp.png\",\"contentUrl\":\"https:\\\/\\\/skssp.eu\\\/wp-content\\\/uploads\\\/2022\\\/11\\\/cropped-logo_skssp.png\",\"width\":512,\"height\":512,\"caption\":\"SKSSP\"},\"image\":{\"@id\":\"https:\\\/\\\/skssp.eu\\\/de\\\/#\\\/schema\\\/logo\\\/image\\\/\"}}]}<\/script>\n<!-- \/ Yoast SEO plugin. -->","yoast_head_json":{"title":"2% der Steuern | SKSSP","robots":{"index":"index","follow":"follow","max-snippet":"max-snippet:-1","max-image-preview":"max-image-preview:large","max-video-preview":"max-video-preview:-1"},"canonical":"https:\/\/skssp.eu\/de\/2-der-steuern\/","og_locale":"de_DE","og_type":"article","og_title":"2% der Steuern | SKSSP","og_description":"Liebe Freunde der Schweizer Sennenhunde! Jedes Jahr haben Sie die M\u00f6glichkeit, 2 % an eine gemeinn\u00fctzige Organisation Ihrer Wahl zu spenden. Wenn Sie sich entscheiden, den Slowakischen Schweizer Sennenhundeklub zu unterst\u00fctzen, Sie werden dazu beitragen, die Aktivit\u00e4ten unserer Organisation zu verbessern und zu f\u00f6rdern. HERZLICHEN DANK! Formulare und weitere Informationen zur Spende von 2% finden [&hellip;]","og_url":"https:\/\/skssp.eu\/de\/2-der-steuern\/","og_site_name":"SKSSP","article_modified_time":"2023-01-14T17:09:19+00:00","twitter_card":"summary_large_image","schema":{"@context":"https:\/\/schema.org","@graph":[{"@type":"WebPage","@id":"https:\/\/skssp.eu\/de\/2-der-steuern\/","url":"https:\/\/skssp.eu\/de\/2-der-steuern\/","name":"2% der Steuern | SKSSP","isPartOf":{"@id":"https:\/\/skssp.eu\/de\/#website"},"datePublished":"2022-12-01T13:03:34+00:00","dateModified":"2023-01-14T17:09:19+00:00","breadcrumb":{"@id":"https:\/\/skssp.eu\/de\/2-der-steuern\/#breadcrumb"},"inLanguage":"de","potentialAction":[{"@type":"ReadAction","target":["https:\/\/skssp.eu\/de\/2-der-steuern\/"]}]},{"@type":"BreadcrumbList","@id":"https:\/\/skssp.eu\/de\/2-der-steuern\/#breadcrumb","itemListElement":[{"@type":"ListItem","position":1,"name":"Startseite","item":"https:\/\/skssp.eu\/de\/startseite\/"},{"@type":"ListItem","position":2,"name":"2% der Steuern"}]},{"@type":"WebSite","@id":"https:\/\/skssp.eu\/de\/#website","url":"https:\/\/skssp.eu\/de\/","name":"SKSSP","description":"Slovensk\u00fd klub \u0160vaj\u010diarskych sala\u0161n\u00edckych psov","publisher":{"@id":"https:\/\/skssp.eu\/de\/#organization"},"potentialAction":[{"@type":"SearchAction","target":{"@type":"EntryPoint","urlTemplate":"https:\/\/skssp.eu\/de\/?s={search_term_string}"},"query-input":{"@type":"PropertyValueSpecification","valueRequired":true,"valueName":"search_term_string"}}],"inLanguage":"de"},{"@type":"Organization","@id":"https:\/\/skssp.eu\/de\/#organization","name":"SKSSP","url":"https:\/\/skssp.eu\/de\/","logo":{"@type":"ImageObject","inLanguage":"de","@id":"https:\/\/skssp.eu\/de\/#\/schema\/logo\/image\/","url":"https:\/\/skssp.eu\/wp-content\/uploads\/2022\/11\/cropped-logo_skssp.png","contentUrl":"https:\/\/skssp.eu\/wp-content\/uploads\/2022\/11\/cropped-logo_skssp.png","width":512,"height":512,"caption":"SKSSP"},"image":{"@id":"https:\/\/skssp.eu\/de\/#\/schema\/logo\/image\/"}}]}},"_links":{"self":[{"href":"https:\/\/skssp.eu\/de\/wp-json\/wp\/v2\/pages\/20536","targetHints":{"allow":["GET"]}}],"collection":[{"href":"https:\/\/skssp.eu\/de\/wp-json\/wp\/v2\/pages"}],"about":[{"href":"https:\/\/skssp.eu\/de\/wp-json\/wp\/v2\/types\/page"}],"author":[{"embeddable":true,"href":"https:\/\/skssp.eu\/de\/wp-json\/wp\/v2\/users\/1"}],"replies":[{"embeddable":true,"href":"https:\/\/skssp.eu\/de\/wp-json\/wp\/v2\/comments?post=20536"}],"version-history":[{"count":0,"href":"https:\/\/skssp.eu\/de\/wp-json\/wp\/v2\/pages\/20536\/revisions"}],"wp:attachment":[{"href":"https:\/\/skssp.eu\/de\/wp-json\/wp\/v2\/media?parent=20536"}],"curies":[{"name":"wp","href":"https:\/\/api.w.org\/{rel}","templated":true}]}}