{"id":20575,"date":"2022-12-19T13:44:36","date_gmt":"2022-12-19T12:44:36","guid":{"rendered":"https:\/\/skssp.eu\/berner-sennenhund-rassenstandard\/"},"modified":"2023-01-14T18:19:34","modified_gmt":"2023-01-14T17:19:34","slug":"berner-sennenhund-rassenstandard","status":"publish","type":"page","link":"https:\/\/skssp.eu\/de\/berner-sennenhund-rassenstandard\/","title":{"rendered":"Berner Sennenhund &#8211; Rassenstandard"},"content":{"rendered":"\n<h3 class=\"wp-block-heading\"><a>F.C.I. Standard Nr. 45\/05. 05. 2003 \/<\/a><\/h3>\n\n<p><br\/><strong>URSPRUNGSLAND:<\/strong> Schweiz<br\/><br\/><strong>DATUM DER VER\u00d6FFENTLICHUNG DES G\u00dcLTIGEN ORIGINALS DER NORM:<\/strong> 25.03.2003<br\/><br\/><strong>VERWENDUNG:<\/strong> Urspr\u00fcnglich Wach-, H\u00fcte- und Zughund auf den H\u00f6fen des Kantons Bern, heute auch Familien- und vielseitiger Arbeitshund.<br\/><br\/><strong>FCI-RESERVIERUNG:<\/strong> Gruppe II: Pinscher und Beardies, Molosser, Schweizer Sennenhunde und andere Rassen, Sektion 3 Schweizer Sennenhunde. Ohne einen funktionierenden Test.<br\/><br\/><strong>EINEN KURZEN \u00dcBERBLICK \u00dcBER DIE HERKUNFT:<\/strong><br\/>Der Berner Sennenhund ist ein Bauernhund alten Ursprungs, der in den Voralpen und im Mittelland um Bern als Wach-, Arbeits- und Zughund anzutreffen war. Nach dem Gasthaus D\u00fcrrbach bei Riggisberg im Kanton Bern, wo dieser langhaarige, dreifarbige Bauernhund besonders h\u00e4ufig anzutreffen war, erhielt er seinen urspr\u00fcnglichen Namen &#8222;D\u00fcrrb\u00e4chler&#8220;.<br\/>Als in den Jahren 1902, 1904 und 1907 bereits solche Hunde auf Ausstellungen auftauchten, schlossen sich die Burgdorfer Hundez\u00fcchter im November 1907 zusammen und begannen mit der Zucht der Rasse. Sie gr\u00fcndeten den &#8222;Swiss D\u00fcrrb\u00e4ch Club&#8220; und es wurde ein Rassestandard erstellt. Im Jahr 1910 wurden auf der Burgdorfer Ausstellung, an der viele Bauern aus der Umgebung teilnahmen, sogar 107 Hunde dieser Rasse gezeigt. Sp\u00e4ter wurde die Rasse zusammen mit anderen Schweizer Sch\u00e4ferhunden unter dem Namen &#8222;Berner Sennenhund&#8220; klassifiziert. Sie gewann schnell Freunde in der ganzen Schweiz und bald auch im benachbarten Deutschland. Heutzutage ist der Berner Sennenhund dank seiner attraktiven Dreifarbigkeit und seiner Anpassungsf\u00e4higkeit weltweit als Familienhund bekannt und beliebt.<br\/><br\/><strong>ALLGEMEINE BESCHREIBUNG:<\/strong><br\/>Langhaariger, dreifarbiger, mehr als mittelgro\u00dfer, kr\u00e4ftiger und beweglicher Gebrauchshund mit kr\u00e4ftigen Gliedma\u00dfen, harmonisch und ausgeglichen.<br\/><br\/><strong>WICHTIGE PROPORTIONEN:<\/strong><br\/>Das Verh\u00e4ltnis der Widerristh\u00f6he zur K\u00f6rperl\u00e4nge von der Spitze des Brustbeins bis zum Sitzbeinh\u00f6cker betr\u00e4gt etwa 9:10, er ist eher kompakt als langgestreckt. Das Verh\u00e4ltnis zwischen Armaturenh\u00f6he und Brusttiefe ist idealerweise 2:1.<br\/><br\/><strong>CHARAKTER UND NATUR:<\/strong><br\/>Selbstbewusst, aufmerksam, wachsam und furchtlos in allt\u00e4glichen Situationen, gutm\u00fctig und auf die Freundschaft mit einer vertrauten Person angewiesen, selbstbewusst und freundlich gegen\u00fcber Fremden; m\u00e4\u00dfig temperamentvoll und gut erzogen.<br\/><br\/><strong>KOPF:<\/strong><br\/>Kr\u00e4ftig; Gr\u00f6\u00dfe harmonisch zum Gesamtausdruck, nicht zu schwer.<br\/><br\/><strong>OBERKOPF:<\/strong>Sch\u00e4del: Im Profil und vorne leicht gerundet. Schwach ausgepr\u00e4gte Mittelrille, Stop: Deutlich, aber nicht sehr ausgepr\u00e4gt.<\/p>\n\n<p><strong>ABDECKTEIL:<\/strong>Schwarz.Pantoffel: Dick, mittellang. Kiefer, Z\u00e4hne: Vollst\u00e4ndiges, kr\u00e4ftiges Scherengebiss (M3 wird nicht ber\u00fccksichtigt). Augen: Dunkelbraun, mandelf\u00f6rmig, mit gut anliegenden, nicht zu tief liegenden oder hervorstehenden Lidern. Ohren: Mittelgro\u00df, hoch angesetzt, dreieckig, leicht gerundet, in Ruhestellung flach anliegend; bei Aufmerksamkeit richtet sich das Ohr nach hinten auf, wobei der vordere Rand zum Kopf geneigt bleibt.<\/p>\n\n<p><strong>KRK:<\/strong><br\/>Kr\u00e4ftig, muskul\u00f6s, mittellang.<\/p>\n\n<p><strong>K\u00d6RPER:<\/strong>Oberlinie: vom Hals bis zum Widerrist leicht abfallend, dann gerade und waagerecht verlaufend.R\u00fccken: fest, gerade und waagerecht.Lendenpartie: breit und kr\u00e4ftig. Von oben gesehen leicht eingezogen, Kreuze: Brust: Breit und tief, bis zu den Ellenbogengelenken reichend, mit ausgepr\u00e4gter Vorbrust; Rippenkorb vorzugsweise lang, mit breit-ovalem Querschnitt.Untere Linie und Bauch: Vom Brustkorb bis zu den Hinterl\u00e4ufen leicht eingezogen.<\/p>\n\n<p><strong>CHVOST:<\/strong><br\/>Buschig, mindestens bis zum Fersengelenk reichend, in Ruhe frei h\u00e4ngend, in der Bewegung flatternd, in der Ebene des R\u00fcckens oder leicht dar\u00fcber getragen.<\/p>\n\n<p><strong>FINALE:<\/strong><br\/>Ein starkes Skelett.<\/p>\n\n<p><strong>THORAKALE GLIEDMASSEN:<\/strong><br\/>Vorderl\u00e4ufe von vorne gesehen gerade und parallel, Stand eher breit.Schulter: Schulterblatt kr\u00e4ftig, lang, schr\u00e4g gestellt, mit der Schulter einen nicht zu stumpfen Winkel bildend, flach anliegend und gut bemuskelt.Schulter: Lang, schr\u00e4g gestellt.Schulter: Unterarm: Kr\u00e4ftig, gerade.Daumen: Von der Seite gesehen fast senkrecht, fest, von vorne gesehen eine gerade Verl\u00e4ngerung des Unterarms.Vorderpfoten: Kurz, rund, eng anliegend, gut gew\u00f6lbte Finger, d\u00fcrfen weder ein- noch ausgedreht sein.<\/p>\n\n<p><strong>PELVIC LIMBS:<\/strong><br\/>K\u00f6rperhaltung von hinten gesehen gerade und parallel, nicht zu schmalStehno: Lang, breit, kr\u00e4ftig und gut bemuskeltKnie: Deutlich gewinkeltKalbsform: Lang, gut gewinkelt und liegend, Fersengelenk: kr\u00e4ftig und gut gewinkelt, Stirn: fast senkrecht. Wolfskrallen m\u00fcssen entfernt werden (au\u00dfer in L\u00e4ndern, in denen die chirurgische Entfernung von Wolfskrallen gesetzlich verboten ist) Hinterpfoten: etwas weniger abgerundet als die Vorderpfoten, d\u00fcrfen weder nach innen noch nach au\u00dfen gedreht sein.<\/p>\n\n<p><strong>BEWEGUNG:<\/strong><br\/>In allen Bewegungsarten raumgreifende, gleichm\u00e4\u00dfige Mechanik, kr\u00e4ftige, freie Vorw\u00e4rtsbewegung mit guter Beckenreflexion, im Trab von vorne und hinten gesehen, gerade Gliedma\u00dfenlinie.<\/p>\n\n<p><strong>EINRICHTUNG:<\/strong><br\/><strong>ABSCHNITT:<\/strong><br\/>Langes und gl\u00e4nzendes, glattes oder leicht gewelltes Fell.<\/p>\n\n<p><strong>SFARBENIE:<\/strong><br\/>Dunkelschwarze Grundfarbe mit tiefem, br\u00e4unlich-rotem Loh an den Wangen, \u00fcber den Augen, an allen vier L\u00e4ufen und an der Brust sowie folgenden wei\u00dfen Abzeichen: reinwei\u00dfe symmetrische Kopfzeichnung: Haaransatz beidseitig an der Nase bis zur Schnauzenzeichnung. Der Haaransatz darf nicht \u00fcber die lohfarbenen Abzeichen oberhalb der Augen hinausgehen, und die wei\u00dfe Zeichnung am Fang reicht h\u00f6chstens bis zu den Lippenwinkeln; ein wei\u00dfes, mittelbreites Band verl\u00e4uft \u00fcber Kehle und Brust.<\/p>\n\n<p>Erw\u00fcnscht: wei\u00dfe Pfoten, wei\u00dfe Schwanzspitze.<br\/>Toleriert: kleiner wei\u00dfer Fleck am Hals, kleiner wei\u00dfer Fleck unter der Rute.<\/p>\n\n<p><strong>GROSSARTIGKEIT:<\/strong><br\/>Greifh\u00f6he:Hunde: 64 -70 cm, Idealgr\u00f6\u00dfe: 66 &#8211; 68 cmHunde: 58 &#8211; 66 cm, Idealgr\u00f6\u00dfe: 60 &#8211; 63 cm<\/p>\n\n<p><strong>FEHLER:<\/strong><br\/>Jede Abweichung von diesen Punkten wird als Fehler bewertet, wobei die Bewertung im Verh\u00e4ltnis zum Grad der Abweichung und unter Ber\u00fccksichtigung der Schwere der Abweichung erfolgen muss.<\/p>\n\n<ul class=\"wp-block-list\">\n<li>unsicheres Verhalten<\/li>\n\n\n\n<li>feines Skelett<\/li>\n\n\n\n<li>unregelm\u00e4\u00dfige Stellung der Schneidez\u00e4hne, obwohl der Biss beibehalten wird.<\/li>\n\n\n\n<li>fehlende Z\u00e4hne mit Ausnahme von h\u00f6chstens 2 x PM1 (Pr\u00e4molaren 1), fehlende M3 werden nicht ber\u00fccksichtigt<\/li>\n\n\n\n<li>Fell: deutlich gelockt<\/li>\n\n\n\n<li>Fehler in Zeichnung und Farbe:\n<ul class=\"wp-block-list\">\n<li>fehlende wei\u00dfe Kopfzeichnung<\/li>\n\n\n\n<li>\u00fcberm\u00e4\u00dfig breite Wangen und\/oder eine wei\u00dfe Schnauze, die deutlich \u00fcber die Lefzenwinkel hinausgeht<\/li>\n\n\n\n<li>wei\u00dfer Kragen<\/li>\n\n\n\n<li>gro\u00dfer wei\u00dfer Fleck am Hals (gr\u00f6\u00dfer als 6 cm im Durchmesser)<\/li>\n\n\n\n<li>wei\u00dfer Fleck unter dem Schwanz (gr\u00f6\u00dfer als 6 cm im Durchmesser)<\/li>\n\n\n\n<li>Wei\u00df auf den Vorderbeinen, das weit \u00fcber die Mitte des Tarsus hinausgeht<\/li>\n\n\n\n<li>st\u00f6rende Asymmetrie der Kopf- und\/oder Brustf\u00e4rbung<\/li>\n\n\n\n<li>schwarze Flecken und Streifen in der Zeichnung auf der Brust<\/li>\n\n\n\n<li>Unreines Wei\u00df (starke Pigmentflecken)<\/li>\n\n\n\n<li>braune oder rote T\u00f6nung der schwarzen Grundfarbe<\/li>\n<\/ul>\n<\/li>\n<\/ul>\n\n<p><strong>AUSSCHLIESSENDE DEFEKTE:<\/strong>Aggressivit\u00e4t, Sch\u00fcchternheit, ausdrucksvolle Sch\u00fcchternheitgebrochenes Vorgesicht, Unterbiss, KreuzbissEin oder beide blaue Augen, (Birkenauge)Entropium, Ektropiumgebrochene Rute, eingerollte RuteKurzes oder raues FellFehlen einer anderen Dreifarbigkeit als der schwarzen Grundfarbe<\/p>\n\n<p><strong>Hunde, die offensichtliche physische oder Verhaltensanomalien aufweisen, werden disqualifiziert.<\/strong><\/p>\n\n<p><strong>KOMMENTAR:<\/strong><br\/>Hunde m\u00fcssen zwei offensichtlich normal entwickelte Hoden haben, die in den Hodensack herabh\u00e4ngen.<\/p>\n","protected":false},"excerpt":{"rendered":"<p>F.C.I. Standard Nr. 45\/05. 05. 2003 \/ URSPRUNGSLAND: Schweiz DATUM DER VER\u00d6FFENTLICHUNG DES G\u00dcLTIGEN ORIGINALS DER NORM: 25.03.2003 VERWENDUNG: Urspr\u00fcnglich Wach-, H\u00fcte- und Zughund auf den H\u00f6fen des Kantons Bern, heute auch Familien- und vielseitiger Arbeitshund. FCI-RESERVIERUNG: Gruppe II: Pinscher und Beardies, Molosser, Schweizer Sennenhunde und andere Rassen, Sektion 3 Schweizer Sennenhunde. Ohne einen funktionierenden [&hellip;]<\/p>\n","protected":false},"author":1,"featured_media":0,"parent":0,"menu_order":0,"comment_status":"closed","ping_status":"closed","template":"page-plemena.php","meta":{"_monsterinsights_skip_tracking":false,"_monsterinsights_sitenote_active":false,"_monsterinsights_sitenote_note":"","_monsterinsights_sitenote_category":0,"ngg_post_thumbnail":0,"footnotes":""},"class_list":["post-20575","page","type-page","status-publish","hentry"],"acf":[],"yoast_head":"<!-- This site is optimized with the Yoast SEO plugin v27.4 - https:\/\/yoast.com\/product\/yoast-seo-wordpress\/ -->\n<title>Berner Sennenhund - Rassenstandard | SKSSP<\/title>\n<meta name=\"robots\" content=\"index, follow, max-snippet:-1, max-image-preview:large, max-video-preview:-1\" \/>\n<link rel=\"canonical\" href=\"https:\/\/skssp.eu\/de\/berner-sennenhund-rassenstandard\/\" \/>\n<meta property=\"og:locale\" content=\"de_DE\" \/>\n<meta property=\"og:type\" content=\"article\" \/>\n<meta property=\"og:title\" content=\"Berner Sennenhund - Rassenstandard | SKSSP\" \/>\n<meta property=\"og:description\" content=\"F.C.I. Standard Nr. 45\/05. 05. 2003 \/ URSPRUNGSLAND: Schweiz DATUM DER VER\u00d6FFENTLICHUNG DES G\u00dcLTIGEN ORIGINALS DER NORM: 25.03.2003 VERWENDUNG: Urspr\u00fcnglich Wach-, H\u00fcte- und Zughund auf den H\u00f6fen des Kantons Bern, heute auch Familien- und vielseitiger Arbeitshund. FCI-RESERVIERUNG: Gruppe II: Pinscher und Beardies, Molosser, Schweizer Sennenhunde und andere Rassen, Sektion 3 Schweizer Sennenhunde. Ohne einen funktionierenden [&hellip;]\" \/>\n<meta property=\"og:url\" content=\"https:\/\/skssp.eu\/de\/berner-sennenhund-rassenstandard\/\" \/>\n<meta property=\"og:site_name\" content=\"SKSSP\" \/>\n<meta property=\"article:modified_time\" content=\"2023-01-14T17:19:34+00:00\" \/>\n<meta name=\"twitter:card\" content=\"summary_large_image\" \/>\n<meta name=\"twitter:label1\" content=\"Gesch\u00e4tzte Lesezeit\" \/>\n\t<meta name=\"twitter:data1\" content=\"5\u00a0Minuten\" \/>\n<script type=\"application\/ld+json\" class=\"yoast-schema-graph\">{\"@context\":\"https:\\\/\\\/schema.org\",\"@graph\":[{\"@type\":\"WebPage\",\"@id\":\"https:\\\/\\\/skssp.eu\\\/de\\\/berner-sennenhund-rassenstandard\\\/\",\"url\":\"https:\\\/\\\/skssp.eu\\\/de\\\/berner-sennenhund-rassenstandard\\\/\",\"name\":\"Berner Sennenhund - Rassenstandard | SKSSP\",\"isPartOf\":{\"@id\":\"https:\\\/\\\/skssp.eu\\\/de\\\/#website\"},\"datePublished\":\"2022-12-19T12:44:36+00:00\",\"dateModified\":\"2023-01-14T17:19:34+00:00\",\"breadcrumb\":{\"@id\":\"https:\\\/\\\/skssp.eu\\\/de\\\/berner-sennenhund-rassenstandard\\\/#breadcrumb\"},\"inLanguage\":\"de\",\"potentialAction\":[{\"@type\":\"ReadAction\",\"target\":[\"https:\\\/\\\/skssp.eu\\\/de\\\/berner-sennenhund-rassenstandard\\\/\"]}]},{\"@type\":\"BreadcrumbList\",\"@id\":\"https:\\\/\\\/skssp.eu\\\/de\\\/berner-sennenhund-rassenstandard\\\/#breadcrumb\",\"itemListElement\":[{\"@type\":\"ListItem\",\"position\":1,\"name\":\"Startseite\",\"item\":\"https:\\\/\\\/skssp.eu\\\/de\\\/startseite\\\/\"},{\"@type\":\"ListItem\",\"position\":2,\"name\":\"Berner Sennenhund &#8211; Rassenstandard\"}]},{\"@type\":\"WebSite\",\"@id\":\"https:\\\/\\\/skssp.eu\\\/de\\\/#website\",\"url\":\"https:\\\/\\\/skssp.eu\\\/de\\\/\",\"name\":\"SKSSP\",\"description\":\"Slovensk\u00fd klub \u0160vaj\u010diarskych sala\u0161n\u00edckych psov\",\"publisher\":{\"@id\":\"https:\\\/\\\/skssp.eu\\\/de\\\/#organization\"},\"potentialAction\":[{\"@type\":\"SearchAction\",\"target\":{\"@type\":\"EntryPoint\",\"urlTemplate\":\"https:\\\/\\\/skssp.eu\\\/de\\\/?s={search_term_string}\"},\"query-input\":{\"@type\":\"PropertyValueSpecification\",\"valueRequired\":true,\"valueName\":\"search_term_string\"}}],\"inLanguage\":\"de\"},{\"@type\":\"Organization\",\"@id\":\"https:\\\/\\\/skssp.eu\\\/de\\\/#organization\",\"name\":\"SKSSP\",\"url\":\"https:\\\/\\\/skssp.eu\\\/de\\\/\",\"logo\":{\"@type\":\"ImageObject\",\"inLanguage\":\"de\",\"@id\":\"https:\\\/\\\/skssp.eu\\\/de\\\/#\\\/schema\\\/logo\\\/image\\\/\",\"url\":\"https:\\\/\\\/skssp.eu\\\/wp-content\\\/uploads\\\/2022\\\/11\\\/cropped-logo_skssp.png\",\"contentUrl\":\"https:\\\/\\\/skssp.eu\\\/wp-content\\\/uploads\\\/2022\\\/11\\\/cropped-logo_skssp.png\",\"width\":512,\"height\":512,\"caption\":\"SKSSP\"},\"image\":{\"@id\":\"https:\\\/\\\/skssp.eu\\\/de\\\/#\\\/schema\\\/logo\\\/image\\\/\"}}]}<\/script>\n<!-- \/ Yoast SEO plugin. -->","yoast_head_json":{"title":"Berner Sennenhund - Rassenstandard | SKSSP","robots":{"index":"index","follow":"follow","max-snippet":"max-snippet:-1","max-image-preview":"max-image-preview:large","max-video-preview":"max-video-preview:-1"},"canonical":"https:\/\/skssp.eu\/de\/berner-sennenhund-rassenstandard\/","og_locale":"de_DE","og_type":"article","og_title":"Berner Sennenhund - Rassenstandard | SKSSP","og_description":"F.C.I. Standard Nr. 45\/05. 05. 2003 \/ URSPRUNGSLAND: Schweiz DATUM DER VER\u00d6FFENTLICHUNG DES G\u00dcLTIGEN ORIGINALS DER NORM: 25.03.2003 VERWENDUNG: Urspr\u00fcnglich Wach-, H\u00fcte- und Zughund auf den H\u00f6fen des Kantons Bern, heute auch Familien- und vielseitiger Arbeitshund. FCI-RESERVIERUNG: Gruppe II: Pinscher und Beardies, Molosser, Schweizer Sennenhunde und andere Rassen, Sektion 3 Schweizer Sennenhunde. Ohne einen funktionierenden [&hellip;]","og_url":"https:\/\/skssp.eu\/de\/berner-sennenhund-rassenstandard\/","og_site_name":"SKSSP","article_modified_time":"2023-01-14T17:19:34+00:00","twitter_card":"summary_large_image","twitter_misc":{"Gesch\u00e4tzte Lesezeit":"5\u00a0Minuten"},"schema":{"@context":"https:\/\/schema.org","@graph":[{"@type":"WebPage","@id":"https:\/\/skssp.eu\/de\/berner-sennenhund-rassenstandard\/","url":"https:\/\/skssp.eu\/de\/berner-sennenhund-rassenstandard\/","name":"Berner Sennenhund - Rassenstandard | SKSSP","isPartOf":{"@id":"https:\/\/skssp.eu\/de\/#website"},"datePublished":"2022-12-19T12:44:36+00:00","dateModified":"2023-01-14T17:19:34+00:00","breadcrumb":{"@id":"https:\/\/skssp.eu\/de\/berner-sennenhund-rassenstandard\/#breadcrumb"},"inLanguage":"de","potentialAction":[{"@type":"ReadAction","target":["https:\/\/skssp.eu\/de\/berner-sennenhund-rassenstandard\/"]}]},{"@type":"BreadcrumbList","@id":"https:\/\/skssp.eu\/de\/berner-sennenhund-rassenstandard\/#breadcrumb","itemListElement":[{"@type":"ListItem","position":1,"name":"Startseite","item":"https:\/\/skssp.eu\/de\/startseite\/"},{"@type":"ListItem","position":2,"name":"Berner Sennenhund &#8211; Rassenstandard"}]},{"@type":"WebSite","@id":"https:\/\/skssp.eu\/de\/#website","url":"https:\/\/skssp.eu\/de\/","name":"SKSSP","description":"Slovensk\u00fd klub \u0160vaj\u010diarskych sala\u0161n\u00edckych psov","publisher":{"@id":"https:\/\/skssp.eu\/de\/#organization"},"potentialAction":[{"@type":"SearchAction","target":{"@type":"EntryPoint","urlTemplate":"https:\/\/skssp.eu\/de\/?s={search_term_string}"},"query-input":{"@type":"PropertyValueSpecification","valueRequired":true,"valueName":"search_term_string"}}],"inLanguage":"de"},{"@type":"Organization","@id":"https:\/\/skssp.eu\/de\/#organization","name":"SKSSP","url":"https:\/\/skssp.eu\/de\/","logo":{"@type":"ImageObject","inLanguage":"de","@id":"https:\/\/skssp.eu\/de\/#\/schema\/logo\/image\/","url":"https:\/\/skssp.eu\/wp-content\/uploads\/2022\/11\/cropped-logo_skssp.png","contentUrl":"https:\/\/skssp.eu\/wp-content\/uploads\/2022\/11\/cropped-logo_skssp.png","width":512,"height":512,"caption":"SKSSP"},"image":{"@id":"https:\/\/skssp.eu\/de\/#\/schema\/logo\/image\/"}}]}},"_links":{"self":[{"href":"https:\/\/skssp.eu\/de\/wp-json\/wp\/v2\/pages\/20575","targetHints":{"allow":["GET"]}}],"collection":[{"href":"https:\/\/skssp.eu\/de\/wp-json\/wp\/v2\/pages"}],"about":[{"href":"https:\/\/skssp.eu\/de\/wp-json\/wp\/v2\/types\/page"}],"author":[{"embeddable":true,"href":"https:\/\/skssp.eu\/de\/wp-json\/wp\/v2\/users\/1"}],"replies":[{"embeddable":true,"href":"https:\/\/skssp.eu\/de\/wp-json\/wp\/v2\/comments?post=20575"}],"version-history":[{"count":0,"href":"https:\/\/skssp.eu\/de\/wp-json\/wp\/v2\/pages\/20575\/revisions"}],"wp:attachment":[{"href":"https:\/\/skssp.eu\/de\/wp-json\/wp\/v2\/media?parent=20575"}],"curies":[{"name":"wp","href":"https:\/\/api.w.org\/{rel}","templated":true}]}}