{"id":20620,"date":"2022-12-01T12:45:12","date_gmt":"2022-12-01T11:45:12","guid":{"rendered":"https:\/\/skssp.eu\/mitgliedschaft\/"},"modified":"2023-01-14T18:28:30","modified_gmt":"2023-01-14T17:28:30","slug":"mitgliedschaft","status":"publish","type":"page","link":"https:\/\/skssp.eu\/de\/mitgliedschaft\/","title":{"rendered":"Mitgliedschaft"},"content":{"rendered":"\n<h2 class=\"wp-block-heading\">Mitgliedschaft im Club<\/h2>\n\n<ol class=\"wp-block-list\">\n<li>Der Beitritt zum Club ist freiwillig. Mitglieder des Klubs k\u00f6nnen Besitzer, Z\u00fcchter oder Liebhaber von Sch\u00e4ferhundrassen sein, die Staatsb\u00fcrger der Slowakischen Republik sind oder ihren st\u00e4ndigen Wohnsitz in der Slowakischen Republik haben. Die Mitgliedschaft ist nicht an den Besitz einer der Sch\u00e4ferhundrassen gebunden.<\/li>\n\n\n\n<li>Die Zahl der Clubmitglieder ist nicht begrenzt.<\/li>\n\n\n\n<li>Der Club kann ordentliche, assoziierte und Ehrenmitgliedschaften anbieten.<\/li>\n\n\n\n<li>Die Form der Mitgliedschaft kann individuell (eine Person) oder famili\u00e4r (mehrere Personen aus einem gemeinsamen Haushalt) sein.<\/li>\n\n\n\n<li>Die Aufnahme von Mitgliedern in den Club erfolgt auf schriftlichen Antrag durch die Clubleitung. Wird ein Kandidat nicht in den Club aufgenommen, hat er das Recht, die Mitgliederversammlung anzurufen, deren Entscheidung endg\u00fcltig ist.<\/li>\n\n\n\n<li>Ausl\u00e4ndische Staatsangeh\u00f6rige und Minderj\u00e4hrige zwischen 15 und 18 Jahren k\u00f6nnen ebenfalls Mitglieder des Clubs sein, haben jedoch kein Stimmrecht und kein Recht, in die Organe des Clubs gew\u00e4hlt zu werden.<\/li>\n\n\n\n<li>Die Mitgliedschaft im SK\u0160SP ist keine Voraussetzung f\u00fcr Besitzer von Zuchttieren, wenn sie diese zur Fortpflanzung nutzen wollen. Diese m\u00fcssen jedoch den allgemeinen Zuchtbedingungen entsprechen, die gegenseitigen Beziehungen m\u00fcssen vertraglich geregelt sein.<\/li>\n\n\n\n<li>F\u00fcr die Mitgliedschaft im Club ist eine einmalige Aufnahmegeb\u00fchr und ein j\u00e4hrlicher Mitgliedsbeitrag zu entrichten, dessen H\u00f6he von der Mitgliederversammlung oder der Jahresmitgliederversammlung des Clubs beschlossen wird.<\/li>\n\n\n\n<li>Das Mitglied ist verpflichtet, den j\u00e4hrlichen Mitgliedsbeitrag bis zum 28. Februar des betreffenden Jahres. Wird der Mitgliedsbeitrag bis zu diesem Zeitpunkt nicht gezahlt, ist das Mitglied verpflichtet, die Anmeldegeb\u00fchr erneut zu entrichten. Erfolgt der Beitritt zu einem sp\u00e4teren Zeitpunkt im Kalenderjahr, so sind die Aufnahmegeb\u00fchr und der Mitgliedsbeitrag innerhalb von 15 Tagen nach der Mitteilung \u00fcber die Aufnahme als Mitglied f\u00e4llig.  <\/li>\n\n\n\n<li><strong>Assoziierte Mitgliedschaft<\/strong>\n<ol class=\"wp-block-list\" type=\"lower-alpha    \">\n<li>Ab dem 1.1.2018 kann eine interessierte Person durch Einreichung eines Antragsformulars assoziiertes Mitglied werden.<\/li>\n\n\n\n<li>In der \u00dcbergangszeit (Kalenderjahr 2018) kann ein assoziiertes Mitglied Mitglied des SK\u0160SP werden, das im Jahr 2017 ein Jahr lang ein g\u00fcltiges Mitglied des Vereins war und den Mitgliedsbeitrag fristgerecht bezahlt hat.<\/li>\n\n\n\n<li>\u00dcber die Aufnahme als assoziiertes Mitglied entscheidet die Leitung des JCSP. Im Falle einer Nichtannahme kann der Bewerber bis zum 15. Tage, um zu einer Clubmitgliederversammlung zur\u00fcckzurufen.<\/li>\n\n\n\n<li>Assoziierte Mitglieder haben das Recht, aktiv an den vom Club angebotenen Vorteilen der Mitgliedschaft teilzunehmen.<\/li>\n\n\n\n<li>Assoziierte Mitglieder k\u00f6nnen nicht in die Clubgremien gew\u00e4hlt werden und haben keine M\u00f6glichkeit, an Abstimmungen teilzunehmen und Entscheidungen zu wichtigen Themen zu treffen.<\/li>\n\n\n\n<li>Assoziierte Mitglieder sind verpflichtet, die Statuten und die Zuchtordnung des Klubs zu befolgen und aktiv zur Verbesserung der Rassen der Sch\u00e4ferhunde und des SK\u0160SP beizutragen.<\/li>\n\n\n\n<li>Assoziierte Mitglieder zahlen j\u00e4hrlich Beitr\u00e4ge in der von der Jahreshauptversammlung oder von der allgemeinen Mitgliedschaft genehmigten H\u00f6he, wobei die F\u00e4lligkeit, die Fristen und die Folgen einer Nichtzahlung dieselben sind wie bei einem Vollmitglied.<\/li>\n\n\n\n<li>Der Mitgliedsbeitrag wird pro Kalenderjahr erhoben und ist bis sp\u00e4testens 28. Februar des betreffenden Kalenderjahres.<\/li>\n\n\n\n<li>Nach zwei Jahren ununterbrochener assoziierter Mitgliedschaft und der Erf\u00fcllung der oben genannten Bedingungen wird auf schriftlichen Antrag des assoziierten Mitglieds die Aufnahme als Vollmitglied durch die Mitgliedschaft oder die Jahreshauptversammlung des JCSP beschlossen.<\/li>\n\n\n\n<li>Die Mitglieder- oder Jahreshauptversammlung kann in Ausnahmef\u00e4llen die Dauer der assoziierten Mitgliedschaft verk\u00fcrzen, jedoch nicht f\u00fcr einen Zeitraum von weniger als einem Kalenderjahr.<\/li>\n<\/ol>\n<\/li>\n\n\n\n<li><strong>Vollmitgliedschaft<\/strong>\n<ol class=\"wp-block-list\" type=\"lower-alpha    \">\n<li>Ab dem 1.1.2018 wird ein Klubmitglied, das zum 31.12.2017 zwei Jahre lang ununterbrochen Mitglied des Klubs SK\u0160SP war, zum Vollmitglied des Klubs SK\u0160SP.<\/li>\n\n\n\n<li>Nach dem 1. Januar 2018 wird nur ein assoziiertes Mitglied nach zwei Jahren ununterbrochener assoziierter Mitgliedschaft unter den folgenden Bedingungen ein Vollmitglied:\n<ul class=\"wp-block-list\">\n<li>aktive Teilnahme an mindestens einer von der SK\u0160SP organisierten Veranstaltung pro Jahr<\/li>\n\n\n\n<li>die Satzung und die Zuchtordnung der SK\u0160SP zu beachten und aktiv zur Verbesserung der Sch\u00e4ferhundrassen und der SK\u0160SP beizutragen.<\/li>\n<\/ul>\n<\/li>\n\n\n\n<li>Die Vollmitglieder haben das Recht, zu w\u00e4hlen und in die Organe des Clubs gew\u00e4hlt zu werden.<\/li>\n\n\n\n<li>Vollmitglieder zahlen einen j\u00e4hrlichen Mitgliedsbeitrag, dessen H\u00f6he von der Generalversammlung oder der Jahreshauptversammlung genehmigt wird.<\/li>\n\n\n\n<li>Der Mitgliedsbeitrag wird pro Kalenderjahr erhoben und ist bis sp\u00e4testens 28. Februar des betreffenden Kalenderjahres zu entrichten.<\/li>\n<\/ol>\n<\/li>\n\n\n\n<li><strong>Ehrenmitgliedschaft<\/strong><br\/>Der Clubausschuss kann in Ausnahmef\u00e4llen Kynologen, die einen bedeutenden Beitrag zur Entwicklung und F\u00f6rderung der Rasse geleistet haben, oder aus anderen wichtigen Gr\u00fcnden die Ehrenmitgliedschaft im Club verleihen. Die Ehrenmitgliedschaft kann auch Staatsangeh\u00f6rigen anderer Staaten gew\u00e4hrt werden. Ehrenmitglieder zahlen keine Mitgliedsbeitr\u00e4ge, k\u00f6nnen nicht w\u00e4hlen oder in Clubgremien gew\u00e4hlt werden, haben aber andere Mitgliedsrechte.  <\/li>\n\n\n\n<li>\u010clenstvo v&nbsp;klube zanik\u00e1:\n<ol class=\"wp-block-list\" type=\"lower-alpha    \">\n<li>Nichtzahlung des Mitgliedsbeitrags f\u00fcr das betreffende Jahr bis zum 31. M\u00e4rz des betreffenden Kalenderjahres,<\/li>\n\n\n\n<li>durch Austritt des Mitglieds auf der Grundlage einer schriftlichen Mitteilung ab dem Datum des Eingangs dieser Mitteilung,<\/li>\n\n\n\n<li>Ausschluss eines Mitglieds wegen groben Versto\u00dfes gegen die Satzung, Regeln und Beschl\u00fcsse des Clubs oder der Dachverb\u00e4nde,<\/li>\n\n\n\n<li>Ausschluss eines Mitglieds wegen wiederholter Verst\u00f6\u00dfe gegen die Mitgliederdisziplin, die Satzung, Beschl\u00fcsse und Regeln des Clubs oder der Dachverb\u00e4nde,<\/li>\n\n\n\n<li>Tod eines Mitglieds,<\/li>\n\n\n\n<li>im Falle der Beendigung der Vollmitgliedschaft auf der Grundlage von Punkten a), b) Beschlie\u00dft ein ehemaliges Vollmitglied, innerhalb eines Kalenderjahres wieder in das JCSP einzutreten, so entscheidet die Mitgliederversammlung \u00fcber seine Aufnahme als Vollmitglied. Beschlie\u00dft die Mitgliederversammlung nicht, den Antragsteller wieder als Vollmitglied aufzunehmen, oder liegt mehr als ein Kalenderjahr zwischen der Beendigung der Mitgliedschaft und der Beendigung der assoziierten Mitgliedschaft, kann der Antragsteller nur mit einer zweij\u00e4hrigen Wartefrist assoziiertes Mitglied werden.<\/li>\n<\/ol>\n<\/li>\n\n\n\n<li>Eine Person, die sich mit der kommerziellen Zucht und dem Verkauf von Hunden durch kommerzielle Hundeorganisationen oder durch Hundeh\u00e4ndler sowie mit der Zucht von Hunden ohne Ahnentafel besch\u00e4ftigt, darf nicht Mitglied des Clubs sein.<\/li>\n\n\n\n<li>Das Vereinsmitglied willigt in die Verarbeitung personenbezogener Daten in folgendem Umfang ein: Name, Vorname, Titel, Geburtsdatum, Adresse und Kontakt &#8211; f\u00fcr interne Zwecke, Vereinsverwaltung und Dokumentation der Erf\u00fcllung der Beitragspflicht gegen\u00fcber dem Dachverband (UKK).<\/li>\n\n\n\n<li>Das Clubmitglied erkl\u00e4rt sich mit der Ver\u00f6ffentlichung der Daten auf der Club-Website, im Ausstellungskatalog bzw. in der Fachzeitschrift einverstanden. Zeitschrift in folgendem Umfang: Name, Vorname, Titel, Adresse und Kontaktperson, Ergebnisse von Wettbewerben und Zuchtveranstaltungen, Fotomaterial im Zusammenhang mit der T\u00e4tigkeit zu Werbe-, Dokumentations- und Geschichtszwecken.<\/li>\n<\/ol>\n\n<h2 class=\"wp-block-heading\">Rechte und Pflichten der Mitglieder<\/h2>\n\n<ol class=\"wp-block-list\">\n<li><strong>Vollmitglieder des Clubs haben das Recht auf:<\/strong>\n<ol class=\"wp-block-list\" type=\"lower-alpha    \">\n<li>das aktive und passive Wahlrecht zu den Organen des Clubs (au\u00dfer f\u00fcr ausl\u00e4ndische Staatsangeh\u00f6rige und jugendliche Mitglieder),<\/li>\n\n\n\n<li>in den Genuss der Vorteile des Clubs kommen, wenn er\/sie die Bedingungen f\u00fcr die Gew\u00e4hrung dieser Vorteile erf\u00fcllt,<\/li>\n\n\n\n<li>Vorschl\u00e4ge, Anregungen und Beschwerden an die Clubleitung zu richten,<\/li>\n\n\n\n<li>an allen vom Club organisierten Veranstaltungen teilnehmen,<\/li>\n\n\n\n<li>Teilnahme an Mitgliederversammlungen und Anforderung von Berichten \u00fcber Clubaktivit\u00e4ten,<\/li>\n\n\n\n<li>\u00fcber die Entscheidungen der Vereinsorgane informiert zu werden.<\/li>\n<\/ol>\n<\/li>\n\n\n\n<li><strong>Asociovan\u00ed a&nbsp;\u010destn\u00ed \u010dlenovia klubu maj\u00fa pr\u00e1vo:<\/strong>\n<ol class=\"wp-block-list\" type=\"lower-alpha    \">\n<li>in den Genuss der Vorteile des Clubs kommen, wenn er\/sie die Bedingungen f\u00fcr die Gew\u00e4hrung dieser Vorteile erf\u00fcllt,<\/li>\n\n\n\n<li>Vorschl\u00e4ge, Anregungen und Beschwerden an die Clubleitung zu richten,<\/li>\n\n\n\n<li>an allen vom Club organisierten Veranstaltungen teilnehmen,<\/li>\n\n\n\n<li>Teilnahme an Mitgliederversammlungen und Anforderung von Berichten \u00fcber Clubaktivit\u00e4ten,<\/li>\n\n\n\n<li>\u00fcber die Entscheidungen der Vereinsorgane informiert zu werden.<\/li>\n<\/ol>\n<\/li>\n\n\n\n<li><strong>Clubmitglieder tragen Verantwortung:<\/strong>\n<ol class=\"wp-block-list\" type=\"lower-alpha    \">\n<li>die Anmeldegeb\u00fchr und den j\u00e4hrlichen Mitgliedsbeitrag f\u00fcr den Club sowie andere von der Mitgliederversammlung des Clubs genehmigte Geb\u00fchren zu entrichten,<\/li>\n\n\n\n<li>die Statuten und Reglemente des Vereins sowie die g\u00fcltigen Reglemente von UKK, SKJ und FCI zu beachten,<\/li>\n\n\n\n<li>die Bedingungen f\u00fcr die Aufnahme von Personen in die Zucht und f\u00fcr die Registrierung der geborenen Welpen erf\u00fcllen,<\/li>\n\n\n\n<li>die Verpflichtungen zu erf\u00fcllen, die sich aus den Beschl\u00fcssen der Klub- und UKK-Organe oder aus der ihm \u00fcbertragenen Funktion ergeben,<\/li>\n\n\n\n<li>aktiv an den Clubaktivit\u00e4ten teilnehmen und die Clubdisziplin einhalten,<\/li>\n\n\n\n<li>dem Clubausschuss alle \u00c4nderungen zu melden, die die Clubmitgliedschaft und die Zucht betreffen.<\/li>\n<\/ol>\n<\/li>\n<\/ol>\n","protected":false},"excerpt":{"rendered":"<p>Mitgliedschaft im Club Rechte und Pflichten der Mitglieder<\/p>\n","protected":false},"author":1,"featured_media":0,"parent":0,"menu_order":0,"comment_status":"closed","ping_status":"closed","template":"","meta":{"_monsterinsights_skip_tracking":false,"_monsterinsights_sitenote_active":false,"_monsterinsights_sitenote_note":"","_monsterinsights_sitenote_category":0,"ngg_post_thumbnail":0,"footnotes":""},"class_list":["post-20620","page","type-page","status-publish","hentry"],"acf":[],"yoast_head":"<!-- This site is optimized with the Yoast SEO plugin v27.4 - https:\/\/yoast.com\/product\/yoast-seo-wordpress\/ -->\n<title>Mitgliedschaft | SKSSP<\/title>\n<meta name=\"robots\" content=\"index, follow, max-snippet:-1, max-image-preview:large, max-video-preview:-1\" \/>\n<link rel=\"canonical\" href=\"https:\/\/skssp.eu\/de\/mitgliedschaft\/\" \/>\n<meta property=\"og:locale\" content=\"de_DE\" \/>\n<meta property=\"og:type\" content=\"article\" \/>\n<meta property=\"og:title\" content=\"Mitgliedschaft | SKSSP\" \/>\n<meta property=\"og:description\" content=\"Mitgliedschaft im Club Rechte und Pflichten der Mitglieder\" \/>\n<meta property=\"og:url\" content=\"https:\/\/skssp.eu\/de\/mitgliedschaft\/\" \/>\n<meta property=\"og:site_name\" content=\"SKSSP\" \/>\n<meta property=\"article:modified_time\" content=\"2023-01-14T17:28:30+00:00\" \/>\n<meta name=\"twitter:card\" content=\"summary_large_image\" \/>\n<meta name=\"twitter:label1\" content=\"Gesch\u00e4tzte Lesezeit\" \/>\n\t<meta name=\"twitter:data1\" content=\"6\u00a0Minuten\" \/>\n<script type=\"application\/ld+json\" class=\"yoast-schema-graph\">{\"@context\":\"https:\\\/\\\/schema.org\",\"@graph\":[{\"@type\":\"WebPage\",\"@id\":\"https:\\\/\\\/skssp.eu\\\/de\\\/mitgliedschaft\\\/\",\"url\":\"https:\\\/\\\/skssp.eu\\\/de\\\/mitgliedschaft\\\/\",\"name\":\"Mitgliedschaft | SKSSP\",\"isPartOf\":{\"@id\":\"https:\\\/\\\/skssp.eu\\\/de\\\/#website\"},\"datePublished\":\"2022-12-01T11:45:12+00:00\",\"dateModified\":\"2023-01-14T17:28:30+00:00\",\"breadcrumb\":{\"@id\":\"https:\\\/\\\/skssp.eu\\\/de\\\/mitgliedschaft\\\/#breadcrumb\"},\"inLanguage\":\"de\",\"potentialAction\":[{\"@type\":\"ReadAction\",\"target\":[\"https:\\\/\\\/skssp.eu\\\/de\\\/mitgliedschaft\\\/\"]}]},{\"@type\":\"BreadcrumbList\",\"@id\":\"https:\\\/\\\/skssp.eu\\\/de\\\/mitgliedschaft\\\/#breadcrumb\",\"itemListElement\":[{\"@type\":\"ListItem\",\"position\":1,\"name\":\"Startseite\",\"item\":\"https:\\\/\\\/skssp.eu\\\/de\\\/startseite\\\/\"},{\"@type\":\"ListItem\",\"position\":2,\"name\":\"Mitgliedschaft\"}]},{\"@type\":\"WebSite\",\"@id\":\"https:\\\/\\\/skssp.eu\\\/de\\\/#website\",\"url\":\"https:\\\/\\\/skssp.eu\\\/de\\\/\",\"name\":\"SKSSP\",\"description\":\"Slovensk\u00fd klub \u0160vaj\u010diarskych sala\u0161n\u00edckych psov\",\"publisher\":{\"@id\":\"https:\\\/\\\/skssp.eu\\\/de\\\/#organization\"},\"potentialAction\":[{\"@type\":\"SearchAction\",\"target\":{\"@type\":\"EntryPoint\",\"urlTemplate\":\"https:\\\/\\\/skssp.eu\\\/de\\\/?s={search_term_string}\"},\"query-input\":{\"@type\":\"PropertyValueSpecification\",\"valueRequired\":true,\"valueName\":\"search_term_string\"}}],\"inLanguage\":\"de\"},{\"@type\":\"Organization\",\"@id\":\"https:\\\/\\\/skssp.eu\\\/de\\\/#organization\",\"name\":\"SKSSP\",\"url\":\"https:\\\/\\\/skssp.eu\\\/de\\\/\",\"logo\":{\"@type\":\"ImageObject\",\"inLanguage\":\"de\",\"@id\":\"https:\\\/\\\/skssp.eu\\\/de\\\/#\\\/schema\\\/logo\\\/image\\\/\",\"url\":\"https:\\\/\\\/skssp.eu\\\/wp-content\\\/uploads\\\/2022\\\/11\\\/cropped-logo_skssp.png\",\"contentUrl\":\"https:\\\/\\\/skssp.eu\\\/wp-content\\\/uploads\\\/2022\\\/11\\\/cropped-logo_skssp.png\",\"width\":512,\"height\":512,\"caption\":\"SKSSP\"},\"image\":{\"@id\":\"https:\\\/\\\/skssp.eu\\\/de\\\/#\\\/schema\\\/logo\\\/image\\\/\"}}]}<\/script>\n<!-- \/ Yoast SEO plugin. -->","yoast_head_json":{"title":"Mitgliedschaft | SKSSP","robots":{"index":"index","follow":"follow","max-snippet":"max-snippet:-1","max-image-preview":"max-image-preview:large","max-video-preview":"max-video-preview:-1"},"canonical":"https:\/\/skssp.eu\/de\/mitgliedschaft\/","og_locale":"de_DE","og_type":"article","og_title":"Mitgliedschaft | SKSSP","og_description":"Mitgliedschaft im Club Rechte und Pflichten der Mitglieder","og_url":"https:\/\/skssp.eu\/de\/mitgliedschaft\/","og_site_name":"SKSSP","article_modified_time":"2023-01-14T17:28:30+00:00","twitter_card":"summary_large_image","twitter_misc":{"Gesch\u00e4tzte Lesezeit":"6\u00a0Minuten"},"schema":{"@context":"https:\/\/schema.org","@graph":[{"@type":"WebPage","@id":"https:\/\/skssp.eu\/de\/mitgliedschaft\/","url":"https:\/\/skssp.eu\/de\/mitgliedschaft\/","name":"Mitgliedschaft | SKSSP","isPartOf":{"@id":"https:\/\/skssp.eu\/de\/#website"},"datePublished":"2022-12-01T11:45:12+00:00","dateModified":"2023-01-14T17:28:30+00:00","breadcrumb":{"@id":"https:\/\/skssp.eu\/de\/mitgliedschaft\/#breadcrumb"},"inLanguage":"de","potentialAction":[{"@type":"ReadAction","target":["https:\/\/skssp.eu\/de\/mitgliedschaft\/"]}]},{"@type":"BreadcrumbList","@id":"https:\/\/skssp.eu\/de\/mitgliedschaft\/#breadcrumb","itemListElement":[{"@type":"ListItem","position":1,"name":"Startseite","item":"https:\/\/skssp.eu\/de\/startseite\/"},{"@type":"ListItem","position":2,"name":"Mitgliedschaft"}]},{"@type":"WebSite","@id":"https:\/\/skssp.eu\/de\/#website","url":"https:\/\/skssp.eu\/de\/","name":"SKSSP","description":"Slovensk\u00fd klub \u0160vaj\u010diarskych sala\u0161n\u00edckych psov","publisher":{"@id":"https:\/\/skssp.eu\/de\/#organization"},"potentialAction":[{"@type":"SearchAction","target":{"@type":"EntryPoint","urlTemplate":"https:\/\/skssp.eu\/de\/?s={search_term_string}"},"query-input":{"@type":"PropertyValueSpecification","valueRequired":true,"valueName":"search_term_string"}}],"inLanguage":"de"},{"@type":"Organization","@id":"https:\/\/skssp.eu\/de\/#organization","name":"SKSSP","url":"https:\/\/skssp.eu\/de\/","logo":{"@type":"ImageObject","inLanguage":"de","@id":"https:\/\/skssp.eu\/de\/#\/schema\/logo\/image\/","url":"https:\/\/skssp.eu\/wp-content\/uploads\/2022\/11\/cropped-logo_skssp.png","contentUrl":"https:\/\/skssp.eu\/wp-content\/uploads\/2022\/11\/cropped-logo_skssp.png","width":512,"height":512,"caption":"SKSSP"},"image":{"@id":"https:\/\/skssp.eu\/de\/#\/schema\/logo\/image\/"}}]}},"_links":{"self":[{"href":"https:\/\/skssp.eu\/de\/wp-json\/wp\/v2\/pages\/20620","targetHints":{"allow":["GET"]}}],"collection":[{"href":"https:\/\/skssp.eu\/de\/wp-json\/wp\/v2\/pages"}],"about":[{"href":"https:\/\/skssp.eu\/de\/wp-json\/wp\/v2\/types\/page"}],"author":[{"embeddable":true,"href":"https:\/\/skssp.eu\/de\/wp-json\/wp\/v2\/users\/1"}],"replies":[{"embeddable":true,"href":"https:\/\/skssp.eu\/de\/wp-json\/wp\/v2\/comments?post=20620"}],"version-history":[{"count":0,"href":"https:\/\/skssp.eu\/de\/wp-json\/wp\/v2\/pages\/20620\/revisions"}],"wp:attachment":[{"href":"https:\/\/skssp.eu\/de\/wp-json\/wp\/v2\/media?parent=20620"}],"curies":[{"name":"wp","href":"https:\/\/api.w.org\/{rel}","templated":true}]}}