{"id":20630,"date":"2022-12-01T16:35:08","date_gmt":"2022-12-01T15:35:08","guid":{"rendered":"https:\/\/skssp.eu\/entlebucher-sennenhund\/"},"modified":"2023-01-14T18:31:59","modified_gmt":"2023-01-14T17:31:59","slug":"entlebucher-sennenhund","status":"publish","type":"page","link":"https:\/\/skssp.eu\/de\/entlebucher-sennenhund\/","title":{"rendered":"ENTLEBUCHER SENNENHUND"},"content":{"rendered":"\n<h3 class=\"wp-block-heading\">F.C.I. Standard Nr. 47 \/ 28.06.2002\/<\/h3>\n\n<p><br\/><strong>URSPRUNGSLAND:<\/strong> Schweiz<br\/><br\/><strong>DATUM DER VER\u00d6FFENTLICHUNG DES G\u00dcLTIGEN ORIGINALS DER NORM:<\/strong> 28.11.2001<br\/><br\/><strong>VERWENDUNG:<\/strong> H\u00fctehund, Wachhund, Haus- und Hofhund. Heute auch ein vielseitiger Arbeitshund und ein netter Familienhund.<br\/><br\/><strong>FCI-RESERVIERUNG:<\/strong> Gruppe II: Pinscher und Beardies, Molosser, Schweizer Sennenhunde und andere Rassen, Sektion 3 Schweizer Sennenhunde. Ohne einen funktionierenden Test.<br\/><br\/><strong>EINEN KURZEN \u00dcBERBLICK \u00dcBER DIE HERKUNFT:<\/strong><br\/>Der &#8222;Entlebucher&#8220; ist der kleinste der vier Schweizer Sch\u00e4ferhunde. Er stammt aus dem Entlebuch, einem Tal im Kanton Luzern und Bern. Die erste Beschreibung unter dem Namen &#8222;Entlibucher Hund&#8220; stammt aus dem Jahr 1889, doch wurden die Appenzeller und Entlebucher Hirtenhunde lange Zeit nicht voneinander unterschieden. 1913 wurden vier Exemplare dieses kleinen Sch\u00e4ferhundes mit gekielter Rute an einer Hundeausstellung in Langenthal Prof. Heim, einem grossen Bewunderer der Schweizer Sch\u00e4ferhunde, gezeigt. Aufgrund der Bewertungen wurden diese Hunde als vierte Rasse des Schweizer Sal. Hunde, die im Schweizerischen Zuchtbuch des SHSB eingetragen sind. Die erste Norm wurde jedoch erst 1927 fertig gestellt. Nach der 28. Als im August 1926 auf Initiative von Dr. B. Kobler der Schweizerische Klub f\u00fcr Entlebucher Hirtenhunde gegr\u00fcndet wurde, wurde die Rasse gef\u00f6rdert und die Reinzucht weiter betrieben. Wie die geringe Zahl der Eintr\u00e4ge im SHSB zeigt, entwickelte sich die Rasse nur langsam. Der entlebucher sal hat einen neuen Schwung bekommen. Hund, als trotz seiner ererbten Eigenschaften als lebhafter, unerm\u00fcdlicher H\u00fctehund seine au\u00dfergew\u00f6hnliche Eignung als Arbeits- und Begleithund entdeckt wurde. Heute erfreut sich dieser attraktive dreifarbige Hund trotz seines immer noch bescheidenen Zustands immer gr\u00f6\u00dferer Beliebtheit als Familienhund.<br\/><br\/><strong>ALLGEMEINE BESCHREIBUNG:<\/strong><br\/>Nahezu mittelgro\u00dfer, kompakt gebauter Hund von leicht l\u00e4nglichem K\u00f6rperbau. Tricolour wie alle Schweizer Sennenhunde, sehr beweglich und agil. Wacher, kluger und freundlicher Gesichtsausdruck.<br\/><br\/><strong>WICHTIGE EMPFEHLUNGEN:<\/strong>Verh\u00e4ltnis Widerristh\u00f6he : L\u00e4nge des K\u00f6rpers = 8 : 10Verh\u00e4ltnis Fangl\u00e4nge : L\u00e4nge des Sch\u00e4dels = 9 : 10<\/p>\n\n<p><strong>VERHALTEN\/CHARAKTER:<\/strong><br\/>Er ist lebhaft, temperamentvoll, selbstbewusst und furchtlos, gutm\u00fctig und anh\u00e4nglich gegen\u00fcber Menschen, die er kennt, und etwas misstrauisch gegen\u00fcber Fremden. Ein unbestechlicher W\u00e4chter; freundlich, gelehrig.<\/p>\n\n<p><strong>KOPF:<\/strong><br\/>In harmonischem Verh\u00e4ltnis zum K\u00f6rper, leicht keilf\u00f6rmig, trocken; L\u00e4ngsachsen von Nase und Scheitel mehr oder weniger parallel.<\/p>\n\n<p><strong>OBERKOPF:<\/strong>Sch\u00e4del: eher flach, relativ breit, am breitesten an der Stelle des Ohransatzes, sich zur Nase hin leicht verj\u00fcngend. Schwach sichtbare Hinterhauptbeule. Medianfurche schwach ausgepr\u00e4gt Stop: Schlecht entwickelt.<\/p>\n\n<p><strong>ABDECKTEIL:<\/strong>Schnauze: schwarz, vor dem vorderen Lefzenbogen leicht vorspringend: Dick, gut modelliert, deutlich von Stirn und Wangen abgesetzt, gleichm\u00e4\u00dfig spitz zulaufend, aber nicht spitz; etwas k\u00fcrzer als der Abstand vom Stop bis zum Hinterhaupth\u00f6cker. Nasenr\u00fccken ist gerade, Wangen: schwach entwickelt, Lefzen: schwach entwickelt, am Kiefer anliegend, schwarz pigmentiert, Kiefer, Z\u00e4hne: kr\u00e4ftiges, regelm\u00e4\u00dfiges und vollst\u00e4ndiges Scherengebiss. Zungenbiss wird toleriert. Das Fehlen von 1 bis 2 PM1 (Pr\u00e4molaren 1) wird toleriert. M3 (Backenz\u00e4hne 3) wird nicht ber\u00fccksichtigt.Augen: Relativ klein, rund, dunkelbraun bis haselnussbraun. Ausdruck: lebhaft, freundlich, aufmerksam. Augenlider gut geschlossen, Rand schwarz pigmentiert, Ohren: Nicht zu gro\u00df, hoch angesetzt und relativ breit; fester, gut entwickelter Ohrknorpel; Ohrmuscheln h\u00e4ngend, dreieckig, am Ende abgerundet; in Ruhe flach anliegend; im Stand an der Wurzel leicht angehoben und nach vorne gerichtet.<\/p>\n\n<p><strong>KRK:<\/strong><br\/>Mittellang, stark, trocken, flie\u00dft ohne Ver\u00e4nderung in den Rumpf.<\/p>\n\n<p><strong>K\u00d6RPER:<\/strong><br\/>Kr\u00e4ftig, leicht l\u00e4nglich.<\/p>\n\n<p><strong>Zur\u00fcck:<\/strong><br\/>Gerade, fest und breit; ziemlich lang.<\/p>\n\n<p><strong>H\u00fcfte:<\/strong><br\/>Stark, flexibel, nicht zu kurz.<\/p>\n\n<p><strong>Kreuze:<\/strong><br\/>Leicht geschrumpft, relativ lang.<\/p>\n\n<p><strong>Brustkorb:<\/strong><br\/>Weit, tief, bis zu den Ellenbogen reichend. Forethorax deutlich; Rippen leicht gew\u00f6lbt; Thorax l\u00e4ngs, im Querschnitt rund-oval.<\/p>\n\n<p><strong>Untere Zeile und Unterleib:<\/strong><br\/>Leicht eingezogen.<\/p>\n\n<p><strong>RUTE:<\/strong>Die nat\u00fcrliche Rute ist eine Fortsetzung der leicht kontrahierten Kruppe, Zwergschweif<\/p>\n\n<p>Ein nat\u00fcrlich langer Schwanz und ein Stummelschwanz sind gleichwertig.<\/p>\n\n<p><strong>FINALE:<\/strong><br\/><strong>THORAKALE GLIEDMASSEN:<\/strong><br\/>Kr\u00e4ftig bemuskelt, aber nicht zu schwer. Die Gliedma\u00dfen sind weder zu schmal noch zu breit angesetzt; sie sind kurz, st\u00e4mmig, gerade, parallel und gut unter den K\u00f6rper gestellt.<\/p>\n\n<p>Schulter: muskul\u00f6s; Schulterblatt lang, schr\u00e4g und gut am K\u00f6rper anliegend; Schulter: so lang wie das Schulterblatt oder nur wenig k\u00fcrzer als dieses. Der Winkel zum Schulterblatt betr\u00e4gt etwa 110\u00b0-120\u00b0.Schulter: Unterarm: Relativ kurz, gerade, von ausreichender Knochenst\u00e4rke, trocken.Daumen: Bildet von vorne gesehen eine gerade Fortsetzung des Unterarms, von der Seite gesehen nur leicht gewinkelt; relativ kurz.<\/p>\n\n<p><strong>PELVIC LIMBS:<\/strong><br\/>Gut bemuskelt. Von hinten betrachtet sind sie nicht zu schmal, gerade und parallel: Ziemlich lang, bildet am Knie einen ziemlich weiten Winkel mit der Wade.Wade: Fersengelenk: Kr\u00e4ftig, relativ tief angesetzt, gut gewinkelt.Stirn: Relativ kurz, robust, aufrecht und parallel. Wolfskrallen m\u00fcssen entfernt werden, au\u00dfer in den L\u00e4ndern, in denen das Entfernen von Wolfskrallen gesetzlich verboten ist.<\/p>\n\n<p><strong>LABKY:<\/strong><br\/>Rund, mit eng aneinanderliegenden Fingern, die geradeaus zeigen. Krallen kurz und kr\u00e4ftig; Ballen stark und robust.<\/p>\n\n<p><strong>BEWEGUNG:<\/strong><br\/>Territoriale, freie, leichte Bewegung mit starker R\u00fcckw\u00e4rtsbewegung; die Gliedma\u00dfen bewegen sich sowohl von vorne als auch von hinten gesehen in einer geraden Linie.<\/p>\n\n<p><strong>EINRICHTUNG:<\/strong><br\/><strong>ABSCHNITT:<\/strong><br\/>Raues Fell (doppeltes Fell). Deckhaar kurz, eng anliegend, hart und gl\u00e4nzend. Dickes Unterfell. Leicht gewelltes Haar am Widerrist und\/oder R\u00fccken wird toleriert, ist aber unerw\u00fcnscht.<\/p>\n\n<p><strong>SFARBENIE:<\/strong><br\/>Typische Trikolore. Grundfarbe schwarz mit gelben bis r\u00f6tlich-braunen lohfarbenen Abzeichen, die m\u00f6glichst symmetrisch sein sollten. Das Brennen findet sich \u00fcber den Augen, an den Wangen, an der Schnauze und am Hals, an den Seiten der Brust und an allen vier Gliedma\u00dfen. An den Extremit\u00e4ten liegt das Brennen zwischen Schwarz und Wei\u00df.<\/p>\n\n<p><strong>Wei\u00dfe Abzeichen:ein<\/strong>ausgepr\u00e4gter schmaler wei\u00dfer Haaransatz, der sich ohne Unterbrechung vom Oberkopf \u00fcber den Nasenr\u00fccken erstreckt und die Lippen teilweise oder ganz bedecken kann.wei\u00df vom Kinn, das sich ohne Unterbrechung \u00fcber die Kehle bis zur Brust erstreckt.wei\u00df an allen vier Pfoten.an der langen Rute gibt es eine w\u00fcnschenswerte wei\u00dfe Spitze.<\/p>\n\n<p><strong>GROSSARTIGKEIT:<\/strong><br\/>Zapfh\u00f6hePsi: 44 &#8211; 50 cm, Toleranz bis 52 cmSuky: 42 &#8211; 48 cm, Toleranz bis 50 cm.<\/p>\n\n<p><strong>FEHLER:<\/strong><br\/>Jede Abweichung von diesen Punkten wird als Fehler gewertet. Ihr Wert muss im Verh\u00e4ltnis zum Grad der Abweichung und unter Ber\u00fccksichtigung ihrer Schwere stehen.Mangel an typischem Geschlechtsausdruckoffensichtlich unharmonischzu feines oder zu grobes Skelettzu wenig bemuskeltgerundeter Sch\u00e4delzu ausgepr\u00e4gter Stopkurzer, zu langer oder spitzer Fang, unebener Nasenr\u00fcckensehr feines Vorgebissmehrere Z\u00e4hne, mehr als 2 PM1 (Premolar 1)Auge zu hell, zu tiefliegend oder konvexLose Augenliderzu tiefliegend, zu klein oder zu spitz, offener, zu kurz gefalteter R\u00fccken, verbeulter oder karpfenartiger R\u00fccken, zu flache oder tonnenf\u00f6rmige Rute, fehlende Vorbrust, zu flache oder tonnenf\u00f6rmige Rute, zu gebrochene Rute, Schwanz \u00fcber dem R\u00fccken getragenausreichend gewinkelte Gliedma\u00dfengebeugte oder eingezogene Brustgliedma\u00dfenschwache Kruppe oder weiche Kruppeausreichend gewinkelte Beckengliedma\u00dfen, Kuhhaltung, tonnenf\u00f6rmige Haltung, schmale HaltungLabile lange, gestreckte Bewegung: Kurzer Schritt, Begrenzung, Konvergenz, Spreizung.<\/p>\n\n<p><strong>Zeichnungsfehler:<\/strong>unterbrochener Haaransatzwei\u00dfer Fleck am Hals, der gr\u00f6\u00dfer ist als die H\u00e4lfte der Handfl\u00e4chewei\u00dfer Fleck, der weit \u00fcber das Handgelenk hinausgeht (Stiefel)Wei\u00df nicht an allen vier Gliedma\u00dfenzusammenh\u00e4ngender wei\u00dfer Kragen um den gesamten Hals (schwerer Fehler)unterbrochenes Wei\u00df an der Brust (schwerer Fehler)Gliedma\u00dfen : fehlende Br\u00e4unung zwischen Wei\u00df und Schwarz (schwerer Fehler)fehlendes Wei\u00df am Kopf = v\u00f6llig schwarzer Kopf (sehr schwerer Fehler)unsicheres Verhalten, fehlende Lebendigkeit, Aggressivit\u00e4t<\/p>\n\n<p><strong>AUSSCHLIESSENDE M\u00c4NGEL:<\/strong>\u00c4ngstlichkeit oder Aggressivit\u00e4tUnterbiss, ausgepr\u00e4gter \u00dcberbiss oder Kreuzbiss.Entropium , Ektropiumgelbe Raubtieraugen, Birkenaugen, blaue AugenRundschwanzzu lang, weiches Fell (kein doppeltes Fell)Farbfehlerandere als dreifarbige F\u00e4rbungandere als dreifarbige Grundfarbe als schwarzDunkelheit au\u00dferhalb der Toleranz<br\/><strong><br\/>KOMMENTAR:<\/strong><br\/>Hunde m\u00fcssen zwei offensichtlich normal entwickelte Hoden haben, die in den Hodensack herabh\u00e4ngen.<\/p>\n","protected":false},"excerpt":{"rendered":"<p>F.C.I. Standard Nr. 47 \/ 28.06.2002\/ URSPRUNGSLAND: Schweiz DATUM DER VER\u00d6FFENTLICHUNG DES G\u00dcLTIGEN ORIGINALS DER NORM: 28.11.2001 VERWENDUNG: H\u00fctehund, Wachhund, Haus- und Hofhund. Heute auch ein vielseitiger Arbeitshund und ein netter Familienhund. FCI-RESERVIERUNG: Gruppe II: Pinscher und Beardies, Molosser, Schweizer Sennenhunde und andere Rassen, Sektion 3 Schweizer Sennenhunde. Ohne einen funktionierenden Test. EINEN KURZEN \u00dcBERBLICK [&hellip;]<\/p>\n","protected":false},"author":1,"featured_media":0,"parent":0,"menu_order":0,"comment_status":"closed","ping_status":"closed","template":"page-plemena.php","meta":{"_monsterinsights_skip_tracking":false,"_monsterinsights_sitenote_active":false,"_monsterinsights_sitenote_note":"","_monsterinsights_sitenote_category":0,"ngg_post_thumbnail":0,"footnotes":""},"class_list":["post-20630","page","type-page","status-publish","hentry"],"acf":[],"yoast_head":"<!-- This site is optimized with the Yoast SEO plugin v27.3 - https:\/\/yoast.com\/product\/yoast-seo-wordpress\/ -->\n<title>ENTLEBUCHER SENNENHUND | SKSSP<\/title>\n<meta name=\"robots\" content=\"index, follow, max-snippet:-1, max-image-preview:large, max-video-preview:-1\" \/>\n<link rel=\"canonical\" href=\"https:\/\/skssp.eu\/de\/entlebucher-sennenhund\/\" \/>\n<meta property=\"og:locale\" content=\"de_DE\" \/>\n<meta property=\"og:type\" content=\"article\" \/>\n<meta property=\"og:title\" content=\"ENTLEBUCHER SENNENHUND | SKSSP\" \/>\n<meta property=\"og:description\" content=\"F.C.I. Standard Nr. 47 \/ 28.06.2002\/ URSPRUNGSLAND: Schweiz DATUM DER VER\u00d6FFENTLICHUNG DES G\u00dcLTIGEN ORIGINALS DER NORM: 28.11.2001 VERWENDUNG: H\u00fctehund, Wachhund, Haus- und Hofhund. Heute auch ein vielseitiger Arbeitshund und ein netter Familienhund. FCI-RESERVIERUNG: Gruppe II: Pinscher und Beardies, Molosser, Schweizer Sennenhunde und andere Rassen, Sektion 3 Schweizer Sennenhunde. Ohne einen funktionierenden Test. EINEN KURZEN \u00dcBERBLICK [&hellip;]\" \/>\n<meta property=\"og:url\" content=\"https:\/\/skssp.eu\/de\/entlebucher-sennenhund\/\" \/>\n<meta property=\"og:site_name\" content=\"SKSSP\" \/>\n<meta property=\"article:modified_time\" content=\"2023-01-14T17:31:59+00:00\" \/>\n<meta name=\"twitter:card\" content=\"summary_large_image\" \/>\n<meta name=\"twitter:label1\" content=\"Gesch\u00e4tzte Lesezeit\" \/>\n\t<meta name=\"twitter:data1\" content=\"6\u00a0Minuten\" \/>\n<script type=\"application\/ld+json\" class=\"yoast-schema-graph\">{\"@context\":\"https:\\\/\\\/schema.org\",\"@graph\":[{\"@type\":\"WebPage\",\"@id\":\"https:\\\/\\\/skssp.eu\\\/de\\\/entlebucher-sennenhund\\\/\",\"url\":\"https:\\\/\\\/skssp.eu\\\/de\\\/entlebucher-sennenhund\\\/\",\"name\":\"ENTLEBUCHER SENNENHUND | SKSSP\",\"isPartOf\":{\"@id\":\"https:\\\/\\\/skssp.eu\\\/de\\\/#website\"},\"datePublished\":\"2022-12-01T15:35:08+00:00\",\"dateModified\":\"2023-01-14T17:31:59+00:00\",\"breadcrumb\":{\"@id\":\"https:\\\/\\\/skssp.eu\\\/de\\\/entlebucher-sennenhund\\\/#breadcrumb\"},\"inLanguage\":\"de\",\"potentialAction\":[{\"@type\":\"ReadAction\",\"target\":[\"https:\\\/\\\/skssp.eu\\\/de\\\/entlebucher-sennenhund\\\/\"]}]},{\"@type\":\"BreadcrumbList\",\"@id\":\"https:\\\/\\\/skssp.eu\\\/de\\\/entlebucher-sennenhund\\\/#breadcrumb\",\"itemListElement\":[{\"@type\":\"ListItem\",\"position\":1,\"name\":\"Startseite\",\"item\":\"https:\\\/\\\/skssp.eu\\\/de\\\/startseite\\\/\"},{\"@type\":\"ListItem\",\"position\":2,\"name\":\"ENTLEBUCHER SENNENHUND\"}]},{\"@type\":\"WebSite\",\"@id\":\"https:\\\/\\\/skssp.eu\\\/de\\\/#website\",\"url\":\"https:\\\/\\\/skssp.eu\\\/de\\\/\",\"name\":\"SKSSP\",\"description\":\"Slovensk\u00fd klub \u0160vaj\u010diarskych sala\u0161n\u00edckych psov\",\"publisher\":{\"@id\":\"https:\\\/\\\/skssp.eu\\\/de\\\/#organization\"},\"potentialAction\":[{\"@type\":\"SearchAction\",\"target\":{\"@type\":\"EntryPoint\",\"urlTemplate\":\"https:\\\/\\\/skssp.eu\\\/de\\\/?s={search_term_string}\"},\"query-input\":{\"@type\":\"PropertyValueSpecification\",\"valueRequired\":true,\"valueName\":\"search_term_string\"}}],\"inLanguage\":\"de\"},{\"@type\":\"Organization\",\"@id\":\"https:\\\/\\\/skssp.eu\\\/de\\\/#organization\",\"name\":\"SKSSP\",\"url\":\"https:\\\/\\\/skssp.eu\\\/de\\\/\",\"logo\":{\"@type\":\"ImageObject\",\"inLanguage\":\"de\",\"@id\":\"https:\\\/\\\/skssp.eu\\\/de\\\/#\\\/schema\\\/logo\\\/image\\\/\",\"url\":\"https:\\\/\\\/skssp.eu\\\/wp-content\\\/uploads\\\/2022\\\/11\\\/cropped-logo_skssp.png\",\"contentUrl\":\"https:\\\/\\\/skssp.eu\\\/wp-content\\\/uploads\\\/2022\\\/11\\\/cropped-logo_skssp.png\",\"width\":512,\"height\":512,\"caption\":\"SKSSP\"},\"image\":{\"@id\":\"https:\\\/\\\/skssp.eu\\\/de\\\/#\\\/schema\\\/logo\\\/image\\\/\"}}]}<\/script>\n<!-- \/ Yoast SEO plugin. -->","yoast_head_json":{"title":"ENTLEBUCHER SENNENHUND | SKSSP","robots":{"index":"index","follow":"follow","max-snippet":"max-snippet:-1","max-image-preview":"max-image-preview:large","max-video-preview":"max-video-preview:-1"},"canonical":"https:\/\/skssp.eu\/de\/entlebucher-sennenhund\/","og_locale":"de_DE","og_type":"article","og_title":"ENTLEBUCHER SENNENHUND | SKSSP","og_description":"F.C.I. Standard Nr. 47 \/ 28.06.2002\/ URSPRUNGSLAND: Schweiz DATUM DER VER\u00d6FFENTLICHUNG DES G\u00dcLTIGEN ORIGINALS DER NORM: 28.11.2001 VERWENDUNG: H\u00fctehund, Wachhund, Haus- und Hofhund. Heute auch ein vielseitiger Arbeitshund und ein netter Familienhund. FCI-RESERVIERUNG: Gruppe II: Pinscher und Beardies, Molosser, Schweizer Sennenhunde und andere Rassen, Sektion 3 Schweizer Sennenhunde. Ohne einen funktionierenden Test. EINEN KURZEN \u00dcBERBLICK [&hellip;]","og_url":"https:\/\/skssp.eu\/de\/entlebucher-sennenhund\/","og_site_name":"SKSSP","article_modified_time":"2023-01-14T17:31:59+00:00","twitter_card":"summary_large_image","twitter_misc":{"Gesch\u00e4tzte Lesezeit":"6\u00a0Minuten"},"schema":{"@context":"https:\/\/schema.org","@graph":[{"@type":"WebPage","@id":"https:\/\/skssp.eu\/de\/entlebucher-sennenhund\/","url":"https:\/\/skssp.eu\/de\/entlebucher-sennenhund\/","name":"ENTLEBUCHER SENNENHUND | SKSSP","isPartOf":{"@id":"https:\/\/skssp.eu\/de\/#website"},"datePublished":"2022-12-01T15:35:08+00:00","dateModified":"2023-01-14T17:31:59+00:00","breadcrumb":{"@id":"https:\/\/skssp.eu\/de\/entlebucher-sennenhund\/#breadcrumb"},"inLanguage":"de","potentialAction":[{"@type":"ReadAction","target":["https:\/\/skssp.eu\/de\/entlebucher-sennenhund\/"]}]},{"@type":"BreadcrumbList","@id":"https:\/\/skssp.eu\/de\/entlebucher-sennenhund\/#breadcrumb","itemListElement":[{"@type":"ListItem","position":1,"name":"Startseite","item":"https:\/\/skssp.eu\/de\/startseite\/"},{"@type":"ListItem","position":2,"name":"ENTLEBUCHER SENNENHUND"}]},{"@type":"WebSite","@id":"https:\/\/skssp.eu\/de\/#website","url":"https:\/\/skssp.eu\/de\/","name":"SKSSP","description":"Slovensk\u00fd klub \u0160vaj\u010diarskych sala\u0161n\u00edckych psov","publisher":{"@id":"https:\/\/skssp.eu\/de\/#organization"},"potentialAction":[{"@type":"SearchAction","target":{"@type":"EntryPoint","urlTemplate":"https:\/\/skssp.eu\/de\/?s={search_term_string}"},"query-input":{"@type":"PropertyValueSpecification","valueRequired":true,"valueName":"search_term_string"}}],"inLanguage":"de"},{"@type":"Organization","@id":"https:\/\/skssp.eu\/de\/#organization","name":"SKSSP","url":"https:\/\/skssp.eu\/de\/","logo":{"@type":"ImageObject","inLanguage":"de","@id":"https:\/\/skssp.eu\/de\/#\/schema\/logo\/image\/","url":"https:\/\/skssp.eu\/wp-content\/uploads\/2022\/11\/cropped-logo_skssp.png","contentUrl":"https:\/\/skssp.eu\/wp-content\/uploads\/2022\/11\/cropped-logo_skssp.png","width":512,"height":512,"caption":"SKSSP"},"image":{"@id":"https:\/\/skssp.eu\/de\/#\/schema\/logo\/image\/"}}]}},"_links":{"self":[{"href":"https:\/\/skssp.eu\/de\/wp-json\/wp\/v2\/pages\/20630","targetHints":{"allow":["GET"]}}],"collection":[{"href":"https:\/\/skssp.eu\/de\/wp-json\/wp\/v2\/pages"}],"about":[{"href":"https:\/\/skssp.eu\/de\/wp-json\/wp\/v2\/types\/page"}],"author":[{"embeddable":true,"href":"https:\/\/skssp.eu\/de\/wp-json\/wp\/v2\/users\/1"}],"replies":[{"embeddable":true,"href":"https:\/\/skssp.eu\/de\/wp-json\/wp\/v2\/comments?post=20630"}],"version-history":[{"count":0,"href":"https:\/\/skssp.eu\/de\/wp-json\/wp\/v2\/pages\/20630\/revisions"}],"wp:attachment":[{"href":"https:\/\/skssp.eu\/de\/wp-json\/wp\/v2\/media?parent=20630"}],"curies":[{"name":"wp","href":"https:\/\/api.w.org\/{rel}","templated":true}]}}