{"id":20639,"date":"2022-12-01T17:09:19","date_gmt":"2022-12-01T16:09:19","guid":{"rendered":"https:\/\/skssp.eu\/aeussere-bewertung\/"},"modified":"2023-01-14T18:34:31","modified_gmt":"2023-01-14T17:34:31","slug":"aeussere-bewertung","status":"publish","type":"page","link":"https:\/\/skssp.eu\/de\/aeussere-bewertung\/","title":{"rendered":"\u00c4u\u00dfere Bewertung"},"content":{"rendered":"\n<h3 class=\"wp-block-heading\">Bonitierungscode<\/h3>\n\n<p><strong>Sie basiert auf der Bewertung in der Bewertungskarte und charakterisiert die Person unter allen Aspekten. Sie besteht aus den folgenden vier Teilen in der Form AAA B CC DD<\/strong><\/p>\n\n<ul class=\"wp-block-list\">\n<li>AAA-Gr\u00f6\u00dfe &#8211; Augenfarbe &#8211; Biss<\/li>\n\n\n\n<li>B \u00c4u\u00dfere M\u00e4ngel<\/li>\n\n\n\n<li>CC F\u00e4rbung &#8211; Natur<\/li>\n\n\n\n<li>DD DBK &#8211; DLK<\/li>\n<\/ul>\n\n<h3 class=\"wp-block-heading\">Bewertungsergebnis<\/h3>\n\n<p><strong>Nach einer Gesamtbewertung der vorgestellten Person vergibt der Ausschuss die Endnote:<\/strong><\/p>\n\n<ul class=\"wp-block-list\">\n<li>Zucht &#8211; ein Individuum, das die Anforderungen des Standards erf\u00fcllt, kann einige M\u00e4ngel haben, ist aber ohne schwerwiegende Defekte, hat den Charaktertest bestanden und hat eine akzeptable Bewertung f\u00fcr Dysplasie der H\u00fcfte, Ellenbogen (im Falle der VSP und Schulter) Gelenke, d.h. DBK: A, B, C, DLK: 0 und 1, OCD &#8211; negativ.<\/li>\n\n\n\n<li>Ungesund &#8211; ein Individuum, das grobe Defekte aufweist, die \u00fcber den Standard hinausgehen; das signifikante Farbfehler hat; das eine Gr\u00f6\u00dfe hat, die nicht dem Standard entspricht; das fehlende Z\u00e4hne hat, au\u00dfer denen, die vom Standard toleriert werden; das kryptorchid ist; das aggressiv oder \u00e4ngstlich ist; mit einem DBK-Score schlechter als C, DLK-Score schlechter als 1, mit OCD &#8211; positivem Befund; mit einem Charaktertestergebnis von &#8222;nicht bestanden&#8220;. Auch ein Individuum, bei dem die Anh\u00e4ufung von \u00e4u\u00dferen und\/oder charakterlichen M\u00e4ngeln oder Dysplasie dazu f\u00fchrt, dass das Individuum f\u00fcr die Zucht ungeeignet ist.<\/li>\n\n\n\n<li>Zur\u00fcckgezogen &#8211; wenn der Eigent\u00fcmer w\u00e4hrend der Bewertung beschlie\u00dft, von der Bewertung zur\u00fcckzutreten, bevor die Bewertung abgeschlossen ist und das endg\u00fcltige Urteil gef\u00e4llt wird.<\/li>\n\n\n\n<li>Aufgeschoben &#8211; auf Initiative des Bewertungsausschusses, wenn der Hund Anzeichen einer Krankheit oder Verletzung aufweist, die k\u00f6rperliche oder geistige Entwicklung des Individuums noch nicht abgeschlossen ist oder der Verdacht auf einen Defekt besteht, der zu einer Nichtaufzucht f\u00fchren kann.<\/li>\n<\/ul>\n","protected":false},"excerpt":{"rendered":"<p>Bonitierungscode Sie basiert auf der Bewertung in der Bewertungskarte und charakterisiert die Person unter allen Aspekten. Sie besteht aus den folgenden vier Teilen in der Form AAA B CC DD Bewertungsergebnis Nach einer Gesamtbewertung der vorgestellten Person vergibt der Ausschuss die Endnote:<\/p>\n","protected":false},"author":1,"featured_media":0,"parent":0,"menu_order":0,"comment_status":"closed","ping_status":"closed","template":"page_template-chov.php","meta":{"_monsterinsights_skip_tracking":false,"_monsterinsights_sitenote_active":false,"_monsterinsights_sitenote_note":"","_monsterinsights_sitenote_category":0,"ngg_post_thumbnail":0,"footnotes":""},"class_list":["post-20639","page","type-page","status-publish","hentry"],"acf":[],"yoast_head":"<!-- This site is optimized with the Yoast SEO plugin v27.4 - https:\/\/yoast.com\/product\/yoast-seo-wordpress\/ -->\n<title>\u00c4u\u00dfere Bewertung | SKSSP<\/title>\n<meta name=\"robots\" content=\"index, follow, max-snippet:-1, max-image-preview:large, max-video-preview:-1\" \/>\n<link rel=\"canonical\" href=\"https:\/\/skssp.eu\/de\/aeussere-bewertung\/\" \/>\n<meta property=\"og:locale\" content=\"de_DE\" \/>\n<meta property=\"og:type\" content=\"article\" \/>\n<meta property=\"og:title\" content=\"\u00c4u\u00dfere Bewertung | SKSSP\" \/>\n<meta property=\"og:description\" content=\"Bonitierungscode Sie basiert auf der Bewertung in der Bewertungskarte und charakterisiert die Person unter allen Aspekten. Sie besteht aus den folgenden vier Teilen in der Form AAA B CC DD Bewertungsergebnis Nach einer Gesamtbewertung der vorgestellten Person vergibt der Ausschuss die Endnote:\" \/>\n<meta property=\"og:url\" content=\"https:\/\/skssp.eu\/de\/aeussere-bewertung\/\" \/>\n<meta property=\"og:site_name\" content=\"SKSSP\" \/>\n<meta property=\"article:modified_time\" content=\"2023-01-14T17:34:31+00:00\" \/>\n<meta name=\"twitter:card\" content=\"summary_large_image\" \/>\n<meta name=\"twitter:label1\" content=\"Gesch\u00e4tzte Lesezeit\" \/>\n\t<meta name=\"twitter:data1\" content=\"1\u00a0Minute\" \/>\n<script type=\"application\/ld+json\" class=\"yoast-schema-graph\">{\"@context\":\"https:\\\/\\\/schema.org\",\"@graph\":[{\"@type\":\"WebPage\",\"@id\":\"https:\\\/\\\/skssp.eu\\\/de\\\/aeussere-bewertung\\\/\",\"url\":\"https:\\\/\\\/skssp.eu\\\/de\\\/aeussere-bewertung\\\/\",\"name\":\"\u00c4u\u00dfere Bewertung | SKSSP\",\"isPartOf\":{\"@id\":\"https:\\\/\\\/skssp.eu\\\/de\\\/#website\"},\"datePublished\":\"2022-12-01T16:09:19+00:00\",\"dateModified\":\"2023-01-14T17:34:31+00:00\",\"breadcrumb\":{\"@id\":\"https:\\\/\\\/skssp.eu\\\/de\\\/aeussere-bewertung\\\/#breadcrumb\"},\"inLanguage\":\"de\",\"potentialAction\":[{\"@type\":\"ReadAction\",\"target\":[\"https:\\\/\\\/skssp.eu\\\/de\\\/aeussere-bewertung\\\/\"]}]},{\"@type\":\"BreadcrumbList\",\"@id\":\"https:\\\/\\\/skssp.eu\\\/de\\\/aeussere-bewertung\\\/#breadcrumb\",\"itemListElement\":[{\"@type\":\"ListItem\",\"position\":1,\"name\":\"Startseite\",\"item\":\"https:\\\/\\\/skssp.eu\\\/de\\\/startseite\\\/\"},{\"@type\":\"ListItem\",\"position\":2,\"name\":\"\u00c4u\u00dfere Bewertung\"}]},{\"@type\":\"WebSite\",\"@id\":\"https:\\\/\\\/skssp.eu\\\/de\\\/#website\",\"url\":\"https:\\\/\\\/skssp.eu\\\/de\\\/\",\"name\":\"SKSSP\",\"description\":\"Slovensk\u00fd klub \u0160vaj\u010diarskych sala\u0161n\u00edckych psov\",\"publisher\":{\"@id\":\"https:\\\/\\\/skssp.eu\\\/de\\\/#organization\"},\"potentialAction\":[{\"@type\":\"SearchAction\",\"target\":{\"@type\":\"EntryPoint\",\"urlTemplate\":\"https:\\\/\\\/skssp.eu\\\/de\\\/?s={search_term_string}\"},\"query-input\":{\"@type\":\"PropertyValueSpecification\",\"valueRequired\":true,\"valueName\":\"search_term_string\"}}],\"inLanguage\":\"de\"},{\"@type\":\"Organization\",\"@id\":\"https:\\\/\\\/skssp.eu\\\/de\\\/#organization\",\"name\":\"SKSSP\",\"url\":\"https:\\\/\\\/skssp.eu\\\/de\\\/\",\"logo\":{\"@type\":\"ImageObject\",\"inLanguage\":\"de\",\"@id\":\"https:\\\/\\\/skssp.eu\\\/de\\\/#\\\/schema\\\/logo\\\/image\\\/\",\"url\":\"https:\\\/\\\/skssp.eu\\\/wp-content\\\/uploads\\\/2022\\\/11\\\/cropped-logo_skssp.png\",\"contentUrl\":\"https:\\\/\\\/skssp.eu\\\/wp-content\\\/uploads\\\/2022\\\/11\\\/cropped-logo_skssp.png\",\"width\":512,\"height\":512,\"caption\":\"SKSSP\"},\"image\":{\"@id\":\"https:\\\/\\\/skssp.eu\\\/de\\\/#\\\/schema\\\/logo\\\/image\\\/\"}}]}<\/script>\n<!-- \/ Yoast SEO plugin. -->","yoast_head_json":{"title":"\u00c4u\u00dfere Bewertung | SKSSP","robots":{"index":"index","follow":"follow","max-snippet":"max-snippet:-1","max-image-preview":"max-image-preview:large","max-video-preview":"max-video-preview:-1"},"canonical":"https:\/\/skssp.eu\/de\/aeussere-bewertung\/","og_locale":"de_DE","og_type":"article","og_title":"\u00c4u\u00dfere Bewertung | SKSSP","og_description":"Bonitierungscode Sie basiert auf der Bewertung in der Bewertungskarte und charakterisiert die Person unter allen Aspekten. Sie besteht aus den folgenden vier Teilen in der Form AAA B CC DD Bewertungsergebnis Nach einer Gesamtbewertung der vorgestellten Person vergibt der Ausschuss die Endnote:","og_url":"https:\/\/skssp.eu\/de\/aeussere-bewertung\/","og_site_name":"SKSSP","article_modified_time":"2023-01-14T17:34:31+00:00","twitter_card":"summary_large_image","twitter_misc":{"Gesch\u00e4tzte Lesezeit":"1\u00a0Minute"},"schema":{"@context":"https:\/\/schema.org","@graph":[{"@type":"WebPage","@id":"https:\/\/skssp.eu\/de\/aeussere-bewertung\/","url":"https:\/\/skssp.eu\/de\/aeussere-bewertung\/","name":"\u00c4u\u00dfere Bewertung | SKSSP","isPartOf":{"@id":"https:\/\/skssp.eu\/de\/#website"},"datePublished":"2022-12-01T16:09:19+00:00","dateModified":"2023-01-14T17:34:31+00:00","breadcrumb":{"@id":"https:\/\/skssp.eu\/de\/aeussere-bewertung\/#breadcrumb"},"inLanguage":"de","potentialAction":[{"@type":"ReadAction","target":["https:\/\/skssp.eu\/de\/aeussere-bewertung\/"]}]},{"@type":"BreadcrumbList","@id":"https:\/\/skssp.eu\/de\/aeussere-bewertung\/#breadcrumb","itemListElement":[{"@type":"ListItem","position":1,"name":"Startseite","item":"https:\/\/skssp.eu\/de\/startseite\/"},{"@type":"ListItem","position":2,"name":"\u00c4u\u00dfere Bewertung"}]},{"@type":"WebSite","@id":"https:\/\/skssp.eu\/de\/#website","url":"https:\/\/skssp.eu\/de\/","name":"SKSSP","description":"Slovensk\u00fd klub \u0160vaj\u010diarskych sala\u0161n\u00edckych psov","publisher":{"@id":"https:\/\/skssp.eu\/de\/#organization"},"potentialAction":[{"@type":"SearchAction","target":{"@type":"EntryPoint","urlTemplate":"https:\/\/skssp.eu\/de\/?s={search_term_string}"},"query-input":{"@type":"PropertyValueSpecification","valueRequired":true,"valueName":"search_term_string"}}],"inLanguage":"de"},{"@type":"Organization","@id":"https:\/\/skssp.eu\/de\/#organization","name":"SKSSP","url":"https:\/\/skssp.eu\/de\/","logo":{"@type":"ImageObject","inLanguage":"de","@id":"https:\/\/skssp.eu\/de\/#\/schema\/logo\/image\/","url":"https:\/\/skssp.eu\/wp-content\/uploads\/2022\/11\/cropped-logo_skssp.png","contentUrl":"https:\/\/skssp.eu\/wp-content\/uploads\/2022\/11\/cropped-logo_skssp.png","width":512,"height":512,"caption":"SKSSP"},"image":{"@id":"https:\/\/skssp.eu\/de\/#\/schema\/logo\/image\/"}}]}},"_links":{"self":[{"href":"https:\/\/skssp.eu\/de\/wp-json\/wp\/v2\/pages\/20639","targetHints":{"allow":["GET"]}}],"collection":[{"href":"https:\/\/skssp.eu\/de\/wp-json\/wp\/v2\/pages"}],"about":[{"href":"https:\/\/skssp.eu\/de\/wp-json\/wp\/v2\/types\/page"}],"author":[{"embeddable":true,"href":"https:\/\/skssp.eu\/de\/wp-json\/wp\/v2\/users\/1"}],"replies":[{"embeddable":true,"href":"https:\/\/skssp.eu\/de\/wp-json\/wp\/v2\/comments?post=20639"}],"version-history":[{"count":0,"href":"https:\/\/skssp.eu\/de\/wp-json\/wp\/v2\/pages\/20639\/revisions"}],"wp:attachment":[{"href":"https:\/\/skssp.eu\/de\/wp-json\/wp\/v2\/media?parent=20639"}],"curies":[{"name":"wp","href":"https:\/\/api.w.org\/{rel}","templated":true}]}}