{"id":20647,"date":"2022-11-08T07:10:31","date_gmt":"2022-11-08T06:10:31","guid":{"rendered":"https:\/\/skssp.eu\/infos\/"},"modified":"2023-10-04T23:29:48","modified_gmt":"2023-10-04T21:29:48","slug":"infos","status":"publish","type":"page","link":"https:\/\/skssp.eu\/de\/infos\/","title":{"rendered":"Infos"},"content":{"rendered":"\n<p><a href=\"https:\/\/skssp.eu\/wp-content\/uploads\/2023\/01\/dedicne_choroby_obliciek_bsp.pdf\">Heredit\u00e4re Nierenerkrankung bei Berner Sennenhunden<\/a><\/p>\n\n<p><a href=\"https:\/\/skssp.eu\/wp-content\/uploads\/2023\/03\/OCD-osteochondroza-2.pdf\">Osteochondrose &#8211; OCD<\/a><\/p>\n\n<ul class=\"wp-block-list\">\n<li><a href=\"https:\/\/skssp.eu\/wp-content\/uploads\/2023\/03\/OCD-obr-1.pdf\">OCD &#8211; Abb. 1<\/a><\/li>\n\n\n\n<li><a href=\"https:\/\/skssp.eu\/wp-content\/uploads\/2023\/03\/OCD-obr-2.pdf\">OCD &#8211; Abb. 2<\/a><\/li>\n\n\n\n<li><a href=\"https:\/\/skssp.eu\/wp-content\/uploads\/2023\/03\/OCD-obr-3.pdf\">OCD &#8211; Abb. 3<\/a><\/li>\n<\/ul>\n\n<h2 class=\"wp-block-heading\">Bald aktualisiert  <\/h2>\n\n<p>Von-Willebrand-Krankheit  <br\/>Tabelle zur Unterscheidung der DBK-Kennzeichnung im In- und Ausland  <br\/>Herpes-Virusinfektion  <br\/>Progressive Netzhautatrophie  <br\/>Osteochondrose des Schultergelenks  <br\/>Erblich bedingte Anomalien des Kopfes und der Z\u00e4hne<\/p>\n","protected":false},"excerpt":{"rendered":"<p>Heredit\u00e4re Nierenerkrankung bei Berner Sennenhunden Osteochondrose &#8211; OCD Bald aktualisiert Von-Willebrand-Krankheit Tabelle zur Unterscheidung der DBK-Kennzeichnung im In- und Ausland Herpes-Virusinfektion Progressive Netzhautatrophie Osteochondrose des Schultergelenks Erblich bedingte Anomalien des Kopfes und der Z\u00e4hne<\/p>\n","protected":false},"author":1,"featured_media":0,"parent":0,"menu_order":0,"comment_status":"closed","ping_status":"closed","template":"page-info.php","meta":{"_monsterinsights_skip_tracking":false,"_monsterinsights_sitenote_active":false,"_monsterinsights_sitenote_note":"","_monsterinsights_sitenote_category":0,"ngg_post_thumbnail":0,"footnotes":""},"class_list":["post-20647","page","type-page","status-publish","hentry"],"acf":[],"yoast_head":"<!-- This site is optimized with the Yoast SEO plugin v27.3 - https:\/\/yoast.com\/product\/yoast-seo-wordpress\/ -->\n<title>Infos | SKSSP<\/title>\n<meta name=\"robots\" content=\"index, follow, max-snippet:-1, max-image-preview:large, max-video-preview:-1\" \/>\n<link rel=\"canonical\" href=\"https:\/\/skssp.eu\/de\/infos\/\" \/>\n<meta property=\"og:locale\" content=\"de_DE\" \/>\n<meta property=\"og:type\" content=\"article\" \/>\n<meta property=\"og:title\" content=\"Infos | SKSSP\" \/>\n<meta property=\"og:description\" content=\"Heredit\u00e4re Nierenerkrankung bei Berner Sennenhunden Osteochondrose &#8211; OCD Bald aktualisiert Von-Willebrand-Krankheit Tabelle zur Unterscheidung der DBK-Kennzeichnung im In- und Ausland Herpes-Virusinfektion Progressive Netzhautatrophie Osteochondrose des Schultergelenks Erblich bedingte Anomalien des Kopfes und der Z\u00e4hne\" \/>\n<meta property=\"og:url\" content=\"https:\/\/skssp.eu\/de\/infos\/\" \/>\n<meta property=\"og:site_name\" content=\"SKSSP\" \/>\n<meta property=\"article:modified_time\" content=\"2023-10-04T21:29:48+00:00\" \/>\n<meta name=\"twitter:card\" content=\"summary_large_image\" \/>\n<script type=\"application\/ld+json\" class=\"yoast-schema-graph\">{\"@context\":\"https:\\\/\\\/schema.org\",\"@graph\":[{\"@type\":\"WebPage\",\"@id\":\"https:\\\/\\\/skssp.eu\\\/de\\\/infos\\\/\",\"url\":\"https:\\\/\\\/skssp.eu\\\/de\\\/infos\\\/\",\"name\":\"Infos | SKSSP\",\"isPartOf\":{\"@id\":\"https:\\\/\\\/skssp.eu\\\/de\\\/#website\"},\"datePublished\":\"2022-11-08T06:10:31+00:00\",\"dateModified\":\"2023-10-04T21:29:48+00:00\",\"breadcrumb\":{\"@id\":\"https:\\\/\\\/skssp.eu\\\/de\\\/infos\\\/#breadcrumb\"},\"inLanguage\":\"de\",\"potentialAction\":[{\"@type\":\"ReadAction\",\"target\":[\"https:\\\/\\\/skssp.eu\\\/de\\\/infos\\\/\"]}]},{\"@type\":\"BreadcrumbList\",\"@id\":\"https:\\\/\\\/skssp.eu\\\/de\\\/infos\\\/#breadcrumb\",\"itemListElement\":[{\"@type\":\"ListItem\",\"position\":1,\"name\":\"Startseite\",\"item\":\"https:\\\/\\\/skssp.eu\\\/de\\\/startseite\\\/\"},{\"@type\":\"ListItem\",\"position\":2,\"name\":\"Infos\"}]},{\"@type\":\"WebSite\",\"@id\":\"https:\\\/\\\/skssp.eu\\\/de\\\/#website\",\"url\":\"https:\\\/\\\/skssp.eu\\\/de\\\/\",\"name\":\"SKSSP\",\"description\":\"Slovensk\u00fd klub \u0160vaj\u010diarskych sala\u0161n\u00edckych psov\",\"publisher\":{\"@id\":\"https:\\\/\\\/skssp.eu\\\/de\\\/#organization\"},\"potentialAction\":[{\"@type\":\"SearchAction\",\"target\":{\"@type\":\"EntryPoint\",\"urlTemplate\":\"https:\\\/\\\/skssp.eu\\\/de\\\/?s={search_term_string}\"},\"query-input\":{\"@type\":\"PropertyValueSpecification\",\"valueRequired\":true,\"valueName\":\"search_term_string\"}}],\"inLanguage\":\"de\"},{\"@type\":\"Organization\",\"@id\":\"https:\\\/\\\/skssp.eu\\\/de\\\/#organization\",\"name\":\"SKSSP\",\"url\":\"https:\\\/\\\/skssp.eu\\\/de\\\/\",\"logo\":{\"@type\":\"ImageObject\",\"inLanguage\":\"de\",\"@id\":\"https:\\\/\\\/skssp.eu\\\/de\\\/#\\\/schema\\\/logo\\\/image\\\/\",\"url\":\"https:\\\/\\\/skssp.eu\\\/wp-content\\\/uploads\\\/2022\\\/11\\\/cropped-logo_skssp.png\",\"contentUrl\":\"https:\\\/\\\/skssp.eu\\\/wp-content\\\/uploads\\\/2022\\\/11\\\/cropped-logo_skssp.png\",\"width\":512,\"height\":512,\"caption\":\"SKSSP\"},\"image\":{\"@id\":\"https:\\\/\\\/skssp.eu\\\/de\\\/#\\\/schema\\\/logo\\\/image\\\/\"}}]}<\/script>\n<!-- \/ Yoast SEO plugin. -->","yoast_head_json":{"title":"Infos | SKSSP","robots":{"index":"index","follow":"follow","max-snippet":"max-snippet:-1","max-image-preview":"max-image-preview:large","max-video-preview":"max-video-preview:-1"},"canonical":"https:\/\/skssp.eu\/de\/infos\/","og_locale":"de_DE","og_type":"article","og_title":"Infos | SKSSP","og_description":"Heredit\u00e4re Nierenerkrankung bei Berner Sennenhunden Osteochondrose &#8211; OCD Bald aktualisiert Von-Willebrand-Krankheit Tabelle zur Unterscheidung der DBK-Kennzeichnung im In- und Ausland Herpes-Virusinfektion Progressive Netzhautatrophie Osteochondrose des Schultergelenks Erblich bedingte Anomalien des Kopfes und der Z\u00e4hne","og_url":"https:\/\/skssp.eu\/de\/infos\/","og_site_name":"SKSSP","article_modified_time":"2023-10-04T21:29:48+00:00","twitter_card":"summary_large_image","schema":{"@context":"https:\/\/schema.org","@graph":[{"@type":"WebPage","@id":"https:\/\/skssp.eu\/de\/infos\/","url":"https:\/\/skssp.eu\/de\/infos\/","name":"Infos | SKSSP","isPartOf":{"@id":"https:\/\/skssp.eu\/de\/#website"},"datePublished":"2022-11-08T06:10:31+00:00","dateModified":"2023-10-04T21:29:48+00:00","breadcrumb":{"@id":"https:\/\/skssp.eu\/de\/infos\/#breadcrumb"},"inLanguage":"de","potentialAction":[{"@type":"ReadAction","target":["https:\/\/skssp.eu\/de\/infos\/"]}]},{"@type":"BreadcrumbList","@id":"https:\/\/skssp.eu\/de\/infos\/#breadcrumb","itemListElement":[{"@type":"ListItem","position":1,"name":"Startseite","item":"https:\/\/skssp.eu\/de\/startseite\/"},{"@type":"ListItem","position":2,"name":"Infos"}]},{"@type":"WebSite","@id":"https:\/\/skssp.eu\/de\/#website","url":"https:\/\/skssp.eu\/de\/","name":"SKSSP","description":"Slovensk\u00fd klub \u0160vaj\u010diarskych sala\u0161n\u00edckych psov","publisher":{"@id":"https:\/\/skssp.eu\/de\/#organization"},"potentialAction":[{"@type":"SearchAction","target":{"@type":"EntryPoint","urlTemplate":"https:\/\/skssp.eu\/de\/?s={search_term_string}"},"query-input":{"@type":"PropertyValueSpecification","valueRequired":true,"valueName":"search_term_string"}}],"inLanguage":"de"},{"@type":"Organization","@id":"https:\/\/skssp.eu\/de\/#organization","name":"SKSSP","url":"https:\/\/skssp.eu\/de\/","logo":{"@type":"ImageObject","inLanguage":"de","@id":"https:\/\/skssp.eu\/de\/#\/schema\/logo\/image\/","url":"https:\/\/skssp.eu\/wp-content\/uploads\/2022\/11\/cropped-logo_skssp.png","contentUrl":"https:\/\/skssp.eu\/wp-content\/uploads\/2022\/11\/cropped-logo_skssp.png","width":512,"height":512,"caption":"SKSSP"},"image":{"@id":"https:\/\/skssp.eu\/de\/#\/schema\/logo\/image\/"}}]}},"_links":{"self":[{"href":"https:\/\/skssp.eu\/de\/wp-json\/wp\/v2\/pages\/20647","targetHints":{"allow":["GET"]}}],"collection":[{"href":"https:\/\/skssp.eu\/de\/wp-json\/wp\/v2\/pages"}],"about":[{"href":"https:\/\/skssp.eu\/de\/wp-json\/wp\/v2\/types\/page"}],"author":[{"embeddable":true,"href":"https:\/\/skssp.eu\/de\/wp-json\/wp\/v2\/users\/1"}],"replies":[{"embeddable":true,"href":"https:\/\/skssp.eu\/de\/wp-json\/wp\/v2\/comments?post=20647"}],"version-history":[{"count":3,"href":"https:\/\/skssp.eu\/de\/wp-json\/wp\/v2\/pages\/20647\/revisions"}],"predecessor-version":[{"id":42427,"href":"https:\/\/skssp.eu\/de\/wp-json\/wp\/v2\/pages\/20647\/revisions\/42427"}],"wp:attachment":[{"href":"https:\/\/skssp.eu\/de\/wp-json\/wp\/v2\/media?parent=20647"}],"curies":[{"name":"wp","href":"https:\/\/api.w.org\/{rel}","templated":true}]}}