{"id":20659,"date":"2022-12-01T13:53:54","date_gmt":"2022-12-01T12:53:54","guid":{"rendered":"https:\/\/skssp.eu\/links\/"},"modified":"2023-01-14T18:38:16","modified_gmt":"2023-01-14T17:38:16","slug":"links","status":"publish","type":"page","link":"https:\/\/skssp.eu\/de\/links\/","title":{"rendered":"Links"},"content":{"rendered":"\n<h3 class=\"wp-block-heading\">Website des Clubs<\/h3>\n\n<p><a href=\"https:\/\/www.bkzs.net\/\">BKZS &#8211; BE<\/a><br\/><a href=\"https:\/\/www.bmd.org\/\">BMDCA &#8211; USA<\/a><br\/><a href=\"https:\/\/www.bernese.co.uk\/\">BMDCGB &#8211; UK<\/a><br\/><a href=\"https:\/\/www.bshc.fw.hu\/\">BSC &#8211; H<\/a><br\/><a href=\"https:\/\/www.ciabs.it\/\">CIABS &#8211; ITA<\/a><br\/><a href=\"https:\/\/www.berner-sennen.dk\/\">DBSK &#8211; DK<\/a><br\/><a href=\"https:\/\/www.dcbs.de\/\">DCBS &#8211; D<\/a><br\/><a href=\"https:\/\/www.kssp.cz\/\">KSSP &#8211; CZ<\/a><br\/><a href=\"https:\/\/www.berner-sennen.no\/\">NBSK &#8211; NEIN<\/a><br\/><a href=\"https:\/\/www.bernersennenhond.nl\/\">NBSV &#8211; NL<\/a><br\/><a href=\"https:\/\/shkme.org\/\">SHKME- H<\/a><br\/><a href=\"https:\/\/www.sibb.net\/\">SIBB &#8211; ITA<\/a><br\/><a href=\"https:\/\/www.bernersennenhund.ch\/\">SKBS &#8211; CH<\/a><br\/><a href=\"https:\/\/www.sennenkoirat.net\/\">SSFS &#8211; FIN<\/a><br\/><a href=\"https:\/\/www.sshk.a.se\/\">SSHK &#8211; SE<\/a><br\/><a href=\"https:\/\/www.ssv-ev.de\/\">SSV &#8211; D<\/a><br\/><a href=\"https:\/\/www.bernersennen.nl\/\">VBSH &#8211; NL<\/a><br\/><a href=\"https:\/\/www.sennenhunde.org\/at\">VSS\u00d6 &#8211; A<\/a><\/p>\n","protected":false},"excerpt":{"rendered":"<p>Website des Clubs BKZS &#8211; BEBMDCA &#8211; USABMDCGB &#8211; UKBSC &#8211; HCIABS &#8211; ITADBSK &#8211; DKDCBS &#8211; DKSSP &#8211; CZNBSK &#8211; NEINNBSV &#8211; NLSHKME- HSIBB &#8211; ITASKBS &#8211; CHSSFS &#8211; FINSSHK &#8211; SESSV &#8211; DVBSH &#8211; NLVSS\u00d6 &#8211; A<\/p>\n","protected":false},"author":1,"featured_media":0,"parent":0,"menu_order":0,"comment_status":"closed","ping_status":"closed","template":"","meta":{"_monsterinsights_skip_tracking":false,"_monsterinsights_sitenote_active":false,"_monsterinsights_sitenote_note":"","_monsterinsights_sitenote_category":0,"ngg_post_thumbnail":0,"footnotes":""},"class_list":["post-20659","page","type-page","status-publish","hentry"],"acf":[],"yoast_head":"<!-- This site is optimized with the Yoast SEO plugin v27.4 - https:\/\/yoast.com\/product\/yoast-seo-wordpress\/ -->\n<title>Links | SKSSP<\/title>\n<meta name=\"robots\" content=\"index, follow, max-snippet:-1, max-image-preview:large, max-video-preview:-1\" \/>\n<link rel=\"canonical\" href=\"https:\/\/skssp.eu\/de\/links\/\" \/>\n<meta property=\"og:locale\" content=\"de_DE\" \/>\n<meta property=\"og:type\" content=\"article\" \/>\n<meta property=\"og:title\" content=\"Links | SKSSP\" \/>\n<meta property=\"og:description\" content=\"Website des Clubs BKZS &#8211; BEBMDCA &#8211; USABMDCGB &#8211; UKBSC &#8211; HCIABS &#8211; ITADBSK &#8211; DKDCBS &#8211; DKSSP &#8211; CZNBSK &#8211; NEINNBSV &#8211; NLSHKME- HSIBB &#8211; ITASKBS &#8211; CHSSFS &#8211; FINSSHK &#8211; SESSV &#8211; DVBSH &#8211; NLVSS\u00d6 &#8211; A\" \/>\n<meta property=\"og:url\" content=\"https:\/\/skssp.eu\/de\/links\/\" \/>\n<meta property=\"og:site_name\" content=\"SKSSP\" \/>\n<meta property=\"article:modified_time\" content=\"2023-01-14T17:38:16+00:00\" \/>\n<meta name=\"twitter:card\" content=\"summary_large_image\" \/>\n<script type=\"application\/ld+json\" class=\"yoast-schema-graph\">{\"@context\":\"https:\\\/\\\/schema.org\",\"@graph\":[{\"@type\":\"WebPage\",\"@id\":\"https:\\\/\\\/skssp.eu\\\/de\\\/links\\\/\",\"url\":\"https:\\\/\\\/skssp.eu\\\/de\\\/links\\\/\",\"name\":\"Links | SKSSP\",\"isPartOf\":{\"@id\":\"https:\\\/\\\/skssp.eu\\\/de\\\/#website\"},\"datePublished\":\"2022-12-01T12:53:54+00:00\",\"dateModified\":\"2023-01-14T17:38:16+00:00\",\"breadcrumb\":{\"@id\":\"https:\\\/\\\/skssp.eu\\\/de\\\/links\\\/#breadcrumb\"},\"inLanguage\":\"de\",\"potentialAction\":[{\"@type\":\"ReadAction\",\"target\":[\"https:\\\/\\\/skssp.eu\\\/de\\\/links\\\/\"]}]},{\"@type\":\"BreadcrumbList\",\"@id\":\"https:\\\/\\\/skssp.eu\\\/de\\\/links\\\/#breadcrumb\",\"itemListElement\":[{\"@type\":\"ListItem\",\"position\":1,\"name\":\"Startseite\",\"item\":\"https:\\\/\\\/skssp.eu\\\/de\\\/startseite\\\/\"},{\"@type\":\"ListItem\",\"position\":2,\"name\":\"Links\"}]},{\"@type\":\"WebSite\",\"@id\":\"https:\\\/\\\/skssp.eu\\\/de\\\/#website\",\"url\":\"https:\\\/\\\/skssp.eu\\\/de\\\/\",\"name\":\"SKSSP\",\"description\":\"Slovensk\u00fd klub \u0160vaj\u010diarskych sala\u0161n\u00edckych psov\",\"publisher\":{\"@id\":\"https:\\\/\\\/skssp.eu\\\/de\\\/#organization\"},\"potentialAction\":[{\"@type\":\"SearchAction\",\"target\":{\"@type\":\"EntryPoint\",\"urlTemplate\":\"https:\\\/\\\/skssp.eu\\\/de\\\/?s={search_term_string}\"},\"query-input\":{\"@type\":\"PropertyValueSpecification\",\"valueRequired\":true,\"valueName\":\"search_term_string\"}}],\"inLanguage\":\"de\"},{\"@type\":\"Organization\",\"@id\":\"https:\\\/\\\/skssp.eu\\\/de\\\/#organization\",\"name\":\"SKSSP\",\"url\":\"https:\\\/\\\/skssp.eu\\\/de\\\/\",\"logo\":{\"@type\":\"ImageObject\",\"inLanguage\":\"de\",\"@id\":\"https:\\\/\\\/skssp.eu\\\/de\\\/#\\\/schema\\\/logo\\\/image\\\/\",\"url\":\"https:\\\/\\\/skssp.eu\\\/wp-content\\\/uploads\\\/2022\\\/11\\\/cropped-logo_skssp.png\",\"contentUrl\":\"https:\\\/\\\/skssp.eu\\\/wp-content\\\/uploads\\\/2022\\\/11\\\/cropped-logo_skssp.png\",\"width\":512,\"height\":512,\"caption\":\"SKSSP\"},\"image\":{\"@id\":\"https:\\\/\\\/skssp.eu\\\/de\\\/#\\\/schema\\\/logo\\\/image\\\/\"}}]}<\/script>\n<!-- \/ Yoast SEO plugin. -->","yoast_head_json":{"title":"Links | SKSSP","robots":{"index":"index","follow":"follow","max-snippet":"max-snippet:-1","max-image-preview":"max-image-preview:large","max-video-preview":"max-video-preview:-1"},"canonical":"https:\/\/skssp.eu\/de\/links\/","og_locale":"de_DE","og_type":"article","og_title":"Links | SKSSP","og_description":"Website des Clubs BKZS &#8211; BEBMDCA &#8211; USABMDCGB &#8211; UKBSC &#8211; HCIABS &#8211; ITADBSK &#8211; DKDCBS &#8211; DKSSP &#8211; CZNBSK &#8211; NEINNBSV &#8211; NLSHKME- HSIBB &#8211; ITASKBS &#8211; CHSSFS &#8211; FINSSHK &#8211; SESSV &#8211; DVBSH &#8211; NLVSS\u00d6 &#8211; A","og_url":"https:\/\/skssp.eu\/de\/links\/","og_site_name":"SKSSP","article_modified_time":"2023-01-14T17:38:16+00:00","twitter_card":"summary_large_image","schema":{"@context":"https:\/\/schema.org","@graph":[{"@type":"WebPage","@id":"https:\/\/skssp.eu\/de\/links\/","url":"https:\/\/skssp.eu\/de\/links\/","name":"Links | SKSSP","isPartOf":{"@id":"https:\/\/skssp.eu\/de\/#website"},"datePublished":"2022-12-01T12:53:54+00:00","dateModified":"2023-01-14T17:38:16+00:00","breadcrumb":{"@id":"https:\/\/skssp.eu\/de\/links\/#breadcrumb"},"inLanguage":"de","potentialAction":[{"@type":"ReadAction","target":["https:\/\/skssp.eu\/de\/links\/"]}]},{"@type":"BreadcrumbList","@id":"https:\/\/skssp.eu\/de\/links\/#breadcrumb","itemListElement":[{"@type":"ListItem","position":1,"name":"Startseite","item":"https:\/\/skssp.eu\/de\/startseite\/"},{"@type":"ListItem","position":2,"name":"Links"}]},{"@type":"WebSite","@id":"https:\/\/skssp.eu\/de\/#website","url":"https:\/\/skssp.eu\/de\/","name":"SKSSP","description":"Slovensk\u00fd klub \u0160vaj\u010diarskych sala\u0161n\u00edckych psov","publisher":{"@id":"https:\/\/skssp.eu\/de\/#organization"},"potentialAction":[{"@type":"SearchAction","target":{"@type":"EntryPoint","urlTemplate":"https:\/\/skssp.eu\/de\/?s={search_term_string}"},"query-input":{"@type":"PropertyValueSpecification","valueRequired":true,"valueName":"search_term_string"}}],"inLanguage":"de"},{"@type":"Organization","@id":"https:\/\/skssp.eu\/de\/#organization","name":"SKSSP","url":"https:\/\/skssp.eu\/de\/","logo":{"@type":"ImageObject","inLanguage":"de","@id":"https:\/\/skssp.eu\/de\/#\/schema\/logo\/image\/","url":"https:\/\/skssp.eu\/wp-content\/uploads\/2022\/11\/cropped-logo_skssp.png","contentUrl":"https:\/\/skssp.eu\/wp-content\/uploads\/2022\/11\/cropped-logo_skssp.png","width":512,"height":512,"caption":"SKSSP"},"image":{"@id":"https:\/\/skssp.eu\/de\/#\/schema\/logo\/image\/"}}]}},"_links":{"self":[{"href":"https:\/\/skssp.eu\/de\/wp-json\/wp\/v2\/pages\/20659","targetHints":{"allow":["GET"]}}],"collection":[{"href":"https:\/\/skssp.eu\/de\/wp-json\/wp\/v2\/pages"}],"about":[{"href":"https:\/\/skssp.eu\/de\/wp-json\/wp\/v2\/types\/page"}],"author":[{"embeddable":true,"href":"https:\/\/skssp.eu\/de\/wp-json\/wp\/v2\/users\/1"}],"replies":[{"embeddable":true,"href":"https:\/\/skssp.eu\/de\/wp-json\/wp\/v2\/comments?post=20659"}],"version-history":[{"count":0,"href":"https:\/\/skssp.eu\/de\/wp-json\/wp\/v2\/pages\/20659\/revisions"}],"wp:attachment":[{"href":"https:\/\/skssp.eu\/de\/wp-json\/wp\/v2\/media?parent=20659"}],"curies":[{"name":"wp","href":"https:\/\/api.w.org\/{rel}","templated":true}]}}