{"id":20667,"date":"2022-12-19T14:52:53","date_gmt":"2022-12-19T13:52:53","guid":{"rendered":"https:\/\/skssp.eu\/aktivster-zuechter-bedingungen\/"},"modified":"2023-01-14T18:39:59","modified_gmt":"2023-01-14T17:39:59","slug":"aktivster-zuechter-bedingungen","status":"publish","type":"page","link":"https:\/\/skssp.eu\/de\/aktivster-zuechter-bedingungen\/","title":{"rendered":"Aktivster Z\u00fcchter &#8211; Bedingungen"},"content":{"rendered":"\n<p><strong>Der Slowakische Klub f\u00fcr Schweizer Sennenhunde erstellt jedes Jahr eine Rangliste der aktivsten Z\u00fcchter, die Mitglieder des \u0160K\u0160SP sind. Bewertet wird die T\u00e4tigkeit des Z\u00fcchters in der Slowakei gegen\u00fcber den Besitzern seiner Nachkommen.<\/strong><\/p>\n\n<ul class=\"wp-block-list\">\n<li>Das Ranking wird f\u00fcr jedes Kalenderjahr erstellt, die Punkte werden f\u00fcr den Zeitraum vom 1.1. bis 31.12. Der Wettbewerb wird vom SK\u0160SP-Ausschuss auf der Grundlage der dem Verein vorliegenden Daten bewertet.<\/li>\n\n\n\n<li>Die Rangliste umfasst Z\u00fcchter \/Zwingerbesitzer\/, die Mitglieder von SK\u0160SP sind und W\u00fcrfe gem\u00e4\u00df den Zuchtbedingungen von SK\u0160SP und \u00daKK z\u00fcchten.<\/li>\n\n\n\n<li>Aus der Vereinskasse werden Sachpreise f\u00fcr erfolgreiche Z\u00fcchter im Wert von &#8211; f\u00fcr jeden vergebenen Punkt 0,50 Euro &#8211; angeschafft.<\/li>\n<\/ul>\n\n<p>Punktetabelle:<\/p>\n\n<figure class=\"wp-block-table\"><table><tbody><tr><td><strong>A. f\u00fcr eine registrierte Person aus der Zucht. Stationen auf der Ausstellung in der Slowakei<\/strong><br\/>  (Shows mit mindestens CAC SR Eintrag)<\/td><td>+ 1 Punkt<\/td><\/tr><tr><td><strong>B. f\u00fcr die Teilnahme einer Person aus dem Zwinger an einer Club- oder Spezialausstellung<br\/>  JCSP<\/strong><\/td><td>+ 5 Punkte<\/td><\/tr><tr><td><strong>C. f\u00fcr die Teilnahme einer Person aus dem Zwinger an der SK\u0160SP<\/strong><\/td><td>+ 10 Punkte<\/td><\/tr><tr><td><strong>D. f\u00fcr die Bewertung eines in einem Zwinger gez\u00fcchteten Individuums auf Dysplasie  <\/strong><br\/>  das Datum der Bewertung ist entscheidend<\/td><td>+ 5 Punkte<\/td><\/tr><tr><td><strong>E. f\u00fcr die Teilnahme einer Person aus dem Zwinger am SK\u0160SP-Klublager<\/strong><\/td><td>+ 5 Punkte<\/td><\/tr><tr><td><strong>F. f\u00fcr die Aufnahme eines neuen Mitglieds in den Club (Besitzer eines Hundes, der aus einem Zwinger kommt)<br\/> <\/strong>ist das Datum der \u00dcbersendung des Antragsformulars an den Club entscheidend  <\/td><td>+ 5 Punkte<\/td><\/tr><\/tbody><\/table><\/figure>\n","protected":false},"excerpt":{"rendered":"<p>Der Slowakische Klub f\u00fcr Schweizer Sennenhunde erstellt jedes Jahr eine Rangliste der aktivsten Z\u00fcchter, die Mitglieder des \u0160K\u0160SP sind. Bewertet wird die T\u00e4tigkeit des Z\u00fcchters in der Slowakei gegen\u00fcber den Besitzern seiner Nachkommen. Punktetabelle: A. f\u00fcr eine registrierte Person aus der Zucht. Stationen auf der Ausstellung in der Slowakei (Shows mit mindestens CAC SR Eintrag) [&hellip;]<\/p>\n","protected":false},"author":1,"featured_media":0,"parent":0,"menu_order":0,"comment_status":"closed","ping_status":"closed","template":"page_template-akcie.php","meta":{"_monsterinsights_skip_tracking":false,"_monsterinsights_sitenote_active":false,"_monsterinsights_sitenote_note":"","_monsterinsights_sitenote_category":0,"ngg_post_thumbnail":0,"footnotes":""},"class_list":["post-20667","page","type-page","status-publish","hentry"],"acf":[],"yoast_head":"<!-- This site is optimized with the Yoast SEO plugin v27.4 - https:\/\/yoast.com\/product\/yoast-seo-wordpress\/ -->\n<title>Aktivster Z\u00fcchter - Bedingungen | SKSSP<\/title>\n<meta name=\"robots\" content=\"index, follow, max-snippet:-1, max-image-preview:large, max-video-preview:-1\" \/>\n<link rel=\"canonical\" href=\"https:\/\/skssp.eu\/de\/aktivster-zuechter-bedingungen\/\" \/>\n<meta property=\"og:locale\" content=\"de_DE\" \/>\n<meta property=\"og:type\" content=\"article\" \/>\n<meta property=\"og:title\" content=\"Aktivster Z\u00fcchter - Bedingungen | SKSSP\" \/>\n<meta property=\"og:description\" content=\"Der Slowakische Klub f\u00fcr Schweizer Sennenhunde erstellt jedes Jahr eine Rangliste der aktivsten Z\u00fcchter, die Mitglieder des \u0160K\u0160SP sind. Bewertet wird die T\u00e4tigkeit des Z\u00fcchters in der Slowakei gegen\u00fcber den Besitzern seiner Nachkommen. Punktetabelle: A. f\u00fcr eine registrierte Person aus der Zucht. Stationen auf der Ausstellung in der Slowakei (Shows mit mindestens CAC SR Eintrag) [&hellip;]\" \/>\n<meta property=\"og:url\" content=\"https:\/\/skssp.eu\/de\/aktivster-zuechter-bedingungen\/\" \/>\n<meta property=\"og:site_name\" content=\"SKSSP\" \/>\n<meta property=\"article:modified_time\" content=\"2023-01-14T17:39:59+00:00\" \/>\n<meta name=\"twitter:card\" content=\"summary_large_image\" \/>\n<meta name=\"twitter:label1\" content=\"Gesch\u00e4tzte Lesezeit\" \/>\n\t<meta name=\"twitter:data1\" content=\"1\u00a0Minute\" \/>\n<script type=\"application\/ld+json\" class=\"yoast-schema-graph\">{\"@context\":\"https:\\\/\\\/schema.org\",\"@graph\":[{\"@type\":\"WebPage\",\"@id\":\"https:\\\/\\\/skssp.eu\\\/de\\\/aktivster-zuechter-bedingungen\\\/\",\"url\":\"https:\\\/\\\/skssp.eu\\\/de\\\/aktivster-zuechter-bedingungen\\\/\",\"name\":\"Aktivster Z\u00fcchter - Bedingungen | SKSSP\",\"isPartOf\":{\"@id\":\"https:\\\/\\\/skssp.eu\\\/de\\\/#website\"},\"datePublished\":\"2022-12-19T13:52:53+00:00\",\"dateModified\":\"2023-01-14T17:39:59+00:00\",\"breadcrumb\":{\"@id\":\"https:\\\/\\\/skssp.eu\\\/de\\\/aktivster-zuechter-bedingungen\\\/#breadcrumb\"},\"inLanguage\":\"de\",\"potentialAction\":[{\"@type\":\"ReadAction\",\"target\":[\"https:\\\/\\\/skssp.eu\\\/de\\\/aktivster-zuechter-bedingungen\\\/\"]}]},{\"@type\":\"BreadcrumbList\",\"@id\":\"https:\\\/\\\/skssp.eu\\\/de\\\/aktivster-zuechter-bedingungen\\\/#breadcrumb\",\"itemListElement\":[{\"@type\":\"ListItem\",\"position\":1,\"name\":\"Startseite\",\"item\":\"https:\\\/\\\/skssp.eu\\\/de\\\/startseite\\\/\"},{\"@type\":\"ListItem\",\"position\":2,\"name\":\"Aktivster Z\u00fcchter &#8211; Bedingungen\"}]},{\"@type\":\"WebSite\",\"@id\":\"https:\\\/\\\/skssp.eu\\\/de\\\/#website\",\"url\":\"https:\\\/\\\/skssp.eu\\\/de\\\/\",\"name\":\"SKSSP\",\"description\":\"Slovensk\u00fd klub \u0160vaj\u010diarskych sala\u0161n\u00edckych psov\",\"publisher\":{\"@id\":\"https:\\\/\\\/skssp.eu\\\/de\\\/#organization\"},\"potentialAction\":[{\"@type\":\"SearchAction\",\"target\":{\"@type\":\"EntryPoint\",\"urlTemplate\":\"https:\\\/\\\/skssp.eu\\\/de\\\/?s={search_term_string}\"},\"query-input\":{\"@type\":\"PropertyValueSpecification\",\"valueRequired\":true,\"valueName\":\"search_term_string\"}}],\"inLanguage\":\"de\"},{\"@type\":\"Organization\",\"@id\":\"https:\\\/\\\/skssp.eu\\\/de\\\/#organization\",\"name\":\"SKSSP\",\"url\":\"https:\\\/\\\/skssp.eu\\\/de\\\/\",\"logo\":{\"@type\":\"ImageObject\",\"inLanguage\":\"de\",\"@id\":\"https:\\\/\\\/skssp.eu\\\/de\\\/#\\\/schema\\\/logo\\\/image\\\/\",\"url\":\"https:\\\/\\\/skssp.eu\\\/wp-content\\\/uploads\\\/2022\\\/11\\\/cropped-logo_skssp.png\",\"contentUrl\":\"https:\\\/\\\/skssp.eu\\\/wp-content\\\/uploads\\\/2022\\\/11\\\/cropped-logo_skssp.png\",\"width\":512,\"height\":512,\"caption\":\"SKSSP\"},\"image\":{\"@id\":\"https:\\\/\\\/skssp.eu\\\/de\\\/#\\\/schema\\\/logo\\\/image\\\/\"}}]}<\/script>\n<!-- \/ Yoast SEO plugin. -->","yoast_head_json":{"title":"Aktivster Z\u00fcchter - Bedingungen | SKSSP","robots":{"index":"index","follow":"follow","max-snippet":"max-snippet:-1","max-image-preview":"max-image-preview:large","max-video-preview":"max-video-preview:-1"},"canonical":"https:\/\/skssp.eu\/de\/aktivster-zuechter-bedingungen\/","og_locale":"de_DE","og_type":"article","og_title":"Aktivster Z\u00fcchter - Bedingungen | SKSSP","og_description":"Der Slowakische Klub f\u00fcr Schweizer Sennenhunde erstellt jedes Jahr eine Rangliste der aktivsten Z\u00fcchter, die Mitglieder des \u0160K\u0160SP sind. Bewertet wird die T\u00e4tigkeit des Z\u00fcchters in der Slowakei gegen\u00fcber den Besitzern seiner Nachkommen. Punktetabelle: A. f\u00fcr eine registrierte Person aus der Zucht. Stationen auf der Ausstellung in der Slowakei (Shows mit mindestens CAC SR Eintrag) [&hellip;]","og_url":"https:\/\/skssp.eu\/de\/aktivster-zuechter-bedingungen\/","og_site_name":"SKSSP","article_modified_time":"2023-01-14T17:39:59+00:00","twitter_card":"summary_large_image","twitter_misc":{"Gesch\u00e4tzte Lesezeit":"1\u00a0Minute"},"schema":{"@context":"https:\/\/schema.org","@graph":[{"@type":"WebPage","@id":"https:\/\/skssp.eu\/de\/aktivster-zuechter-bedingungen\/","url":"https:\/\/skssp.eu\/de\/aktivster-zuechter-bedingungen\/","name":"Aktivster Z\u00fcchter - Bedingungen | SKSSP","isPartOf":{"@id":"https:\/\/skssp.eu\/de\/#website"},"datePublished":"2022-12-19T13:52:53+00:00","dateModified":"2023-01-14T17:39:59+00:00","breadcrumb":{"@id":"https:\/\/skssp.eu\/de\/aktivster-zuechter-bedingungen\/#breadcrumb"},"inLanguage":"de","potentialAction":[{"@type":"ReadAction","target":["https:\/\/skssp.eu\/de\/aktivster-zuechter-bedingungen\/"]}]},{"@type":"BreadcrumbList","@id":"https:\/\/skssp.eu\/de\/aktivster-zuechter-bedingungen\/#breadcrumb","itemListElement":[{"@type":"ListItem","position":1,"name":"Startseite","item":"https:\/\/skssp.eu\/de\/startseite\/"},{"@type":"ListItem","position":2,"name":"Aktivster Z\u00fcchter &#8211; Bedingungen"}]},{"@type":"WebSite","@id":"https:\/\/skssp.eu\/de\/#website","url":"https:\/\/skssp.eu\/de\/","name":"SKSSP","description":"Slovensk\u00fd klub \u0160vaj\u010diarskych sala\u0161n\u00edckych psov","publisher":{"@id":"https:\/\/skssp.eu\/de\/#organization"},"potentialAction":[{"@type":"SearchAction","target":{"@type":"EntryPoint","urlTemplate":"https:\/\/skssp.eu\/de\/?s={search_term_string}"},"query-input":{"@type":"PropertyValueSpecification","valueRequired":true,"valueName":"search_term_string"}}],"inLanguage":"de"},{"@type":"Organization","@id":"https:\/\/skssp.eu\/de\/#organization","name":"SKSSP","url":"https:\/\/skssp.eu\/de\/","logo":{"@type":"ImageObject","inLanguage":"de","@id":"https:\/\/skssp.eu\/de\/#\/schema\/logo\/image\/","url":"https:\/\/skssp.eu\/wp-content\/uploads\/2022\/11\/cropped-logo_skssp.png","contentUrl":"https:\/\/skssp.eu\/wp-content\/uploads\/2022\/11\/cropped-logo_skssp.png","width":512,"height":512,"caption":"SKSSP"},"image":{"@id":"https:\/\/skssp.eu\/de\/#\/schema\/logo\/image\/"}}]}},"_links":{"self":[{"href":"https:\/\/skssp.eu\/de\/wp-json\/wp\/v2\/pages\/20667","targetHints":{"allow":["GET"]}}],"collection":[{"href":"https:\/\/skssp.eu\/de\/wp-json\/wp\/v2\/pages"}],"about":[{"href":"https:\/\/skssp.eu\/de\/wp-json\/wp\/v2\/types\/page"}],"author":[{"embeddable":true,"href":"https:\/\/skssp.eu\/de\/wp-json\/wp\/v2\/users\/1"}],"replies":[{"embeddable":true,"href":"https:\/\/skssp.eu\/de\/wp-json\/wp\/v2\/comments?post=20667"}],"version-history":[{"count":0,"href":"https:\/\/skssp.eu\/de\/wp-json\/wp\/v2\/pages\/20667\/revisions"}],"wp:attachment":[{"href":"https:\/\/skssp.eu\/de\/wp-json\/wp\/v2\/media?parent=20667"}],"curies":[{"name":"wp","href":"https:\/\/api.w.org\/{rel}","templated":true}]}}