{"id":20671,"date":"2022-12-19T14:53:06","date_gmt":"2022-12-19T13:53:06","guid":{"rendered":"https:\/\/skssp.eu\/aktivster-zuechter-ergebnisse\/"},"modified":"2023-01-14T18:40:52","modified_gmt":"2023-01-14T17:40:52","slug":"aktivster-zuechter-ergebnisse","status":"publish","type":"page","link":"https:\/\/skssp.eu\/de\/aktivster-zuechter-ergebnisse\/","title":{"rendered":"Aktivster Z\u00fcchter &#8211; Ergebnisse"},"content":{"rendered":"\n<p><a href=\"https:\/\/skssp.eu\/wp-content\/uploads\/2023\/01\/chovatel_2016.xls\">Der aktivste Z\u00fcchter f\u00fcr 2016 &#8211; Ergebnisse<\/a><br\/><a href=\"https:\/\/skssp.eu\/wp-content\/uploads\/2023\/01\/chovatel2015.xls\">Der aktivste Z\u00fcchter f\u00fcr 2015 &#8211; Ergebnisse<\/a><br\/><a href=\"https:\/\/skssp.eu\/wp-content\/uploads\/2023\/01\/chovatel2014.xls\">Aktivster Z\u00fcchter f\u00fcr 2014 &#8211; Ergebnisse<\/a><\/p>\n","protected":false},"excerpt":{"rendered":"<p>Der aktivste Z\u00fcchter f\u00fcr 2016 &#8211; ErgebnisseDer aktivste Z\u00fcchter f\u00fcr 2015 &#8211; ErgebnisseAktivster Z\u00fcchter f\u00fcr 2014 &#8211; Ergebnisse<\/p>\n","protected":false},"author":1,"featured_media":0,"parent":0,"menu_order":0,"comment_status":"closed","ping_status":"closed","template":"page_template-akcie.php","meta":{"_monsterinsights_skip_tracking":false,"_monsterinsights_sitenote_active":false,"_monsterinsights_sitenote_note":"","_monsterinsights_sitenote_category":0,"ngg_post_thumbnail":0,"footnotes":""},"class_list":["post-20671","page","type-page","status-publish","hentry"],"acf":[],"yoast_head":"<!-- This site is optimized with the Yoast SEO plugin v27.4 - https:\/\/yoast.com\/product\/yoast-seo-wordpress\/ -->\n<title>Aktivster Z\u00fcchter - Ergebnisse | SKSSP<\/title>\n<meta name=\"robots\" content=\"index, follow, max-snippet:-1, max-image-preview:large, max-video-preview:-1\" \/>\n<link rel=\"canonical\" href=\"https:\/\/skssp.eu\/de\/aktivster-zuechter-ergebnisse\/\" \/>\n<meta property=\"og:locale\" content=\"de_DE\" \/>\n<meta property=\"og:type\" content=\"article\" \/>\n<meta property=\"og:title\" content=\"Aktivster Z\u00fcchter - Ergebnisse | SKSSP\" \/>\n<meta property=\"og:description\" content=\"Der aktivste Z\u00fcchter f\u00fcr 2016 &#8211; ErgebnisseDer aktivste Z\u00fcchter f\u00fcr 2015 &#8211; ErgebnisseAktivster Z\u00fcchter f\u00fcr 2014 &#8211; Ergebnisse\" \/>\n<meta property=\"og:url\" content=\"https:\/\/skssp.eu\/de\/aktivster-zuechter-ergebnisse\/\" \/>\n<meta property=\"og:site_name\" content=\"SKSSP\" \/>\n<meta property=\"article:modified_time\" content=\"2023-01-14T17:40:52+00:00\" \/>\n<meta name=\"twitter:card\" content=\"summary_large_image\" \/>\n<script type=\"application\/ld+json\" class=\"yoast-schema-graph\">{\"@context\":\"https:\\\/\\\/schema.org\",\"@graph\":[{\"@type\":\"WebPage\",\"@id\":\"https:\\\/\\\/skssp.eu\\\/de\\\/aktivster-zuechter-ergebnisse\\\/\",\"url\":\"https:\\\/\\\/skssp.eu\\\/de\\\/aktivster-zuechter-ergebnisse\\\/\",\"name\":\"Aktivster Z\u00fcchter - Ergebnisse | SKSSP\",\"isPartOf\":{\"@id\":\"https:\\\/\\\/skssp.eu\\\/de\\\/#website\"},\"datePublished\":\"2022-12-19T13:53:06+00:00\",\"dateModified\":\"2023-01-14T17:40:52+00:00\",\"breadcrumb\":{\"@id\":\"https:\\\/\\\/skssp.eu\\\/de\\\/aktivster-zuechter-ergebnisse\\\/#breadcrumb\"},\"inLanguage\":\"de\",\"potentialAction\":[{\"@type\":\"ReadAction\",\"target\":[\"https:\\\/\\\/skssp.eu\\\/de\\\/aktivster-zuechter-ergebnisse\\\/\"]}]},{\"@type\":\"BreadcrumbList\",\"@id\":\"https:\\\/\\\/skssp.eu\\\/de\\\/aktivster-zuechter-ergebnisse\\\/#breadcrumb\",\"itemListElement\":[{\"@type\":\"ListItem\",\"position\":1,\"name\":\"Startseite\",\"item\":\"https:\\\/\\\/skssp.eu\\\/de\\\/startseite\\\/\"},{\"@type\":\"ListItem\",\"position\":2,\"name\":\"Aktivster Z\u00fcchter &#8211; Ergebnisse\"}]},{\"@type\":\"WebSite\",\"@id\":\"https:\\\/\\\/skssp.eu\\\/de\\\/#website\",\"url\":\"https:\\\/\\\/skssp.eu\\\/de\\\/\",\"name\":\"SKSSP\",\"description\":\"Slovensk\u00fd klub \u0160vaj\u010diarskych sala\u0161n\u00edckych psov\",\"publisher\":{\"@id\":\"https:\\\/\\\/skssp.eu\\\/de\\\/#organization\"},\"potentialAction\":[{\"@type\":\"SearchAction\",\"target\":{\"@type\":\"EntryPoint\",\"urlTemplate\":\"https:\\\/\\\/skssp.eu\\\/de\\\/?s={search_term_string}\"},\"query-input\":{\"@type\":\"PropertyValueSpecification\",\"valueRequired\":true,\"valueName\":\"search_term_string\"}}],\"inLanguage\":\"de\"},{\"@type\":\"Organization\",\"@id\":\"https:\\\/\\\/skssp.eu\\\/de\\\/#organization\",\"name\":\"SKSSP\",\"url\":\"https:\\\/\\\/skssp.eu\\\/de\\\/\",\"logo\":{\"@type\":\"ImageObject\",\"inLanguage\":\"de\",\"@id\":\"https:\\\/\\\/skssp.eu\\\/de\\\/#\\\/schema\\\/logo\\\/image\\\/\",\"url\":\"https:\\\/\\\/skssp.eu\\\/wp-content\\\/uploads\\\/2022\\\/11\\\/cropped-logo_skssp.png\",\"contentUrl\":\"https:\\\/\\\/skssp.eu\\\/wp-content\\\/uploads\\\/2022\\\/11\\\/cropped-logo_skssp.png\",\"width\":512,\"height\":512,\"caption\":\"SKSSP\"},\"image\":{\"@id\":\"https:\\\/\\\/skssp.eu\\\/de\\\/#\\\/schema\\\/logo\\\/image\\\/\"}}]}<\/script>\n<!-- \/ Yoast SEO plugin. -->","yoast_head_json":{"title":"Aktivster Z\u00fcchter - Ergebnisse | SKSSP","robots":{"index":"index","follow":"follow","max-snippet":"max-snippet:-1","max-image-preview":"max-image-preview:large","max-video-preview":"max-video-preview:-1"},"canonical":"https:\/\/skssp.eu\/de\/aktivster-zuechter-ergebnisse\/","og_locale":"de_DE","og_type":"article","og_title":"Aktivster Z\u00fcchter - Ergebnisse | SKSSP","og_description":"Der aktivste Z\u00fcchter f\u00fcr 2016 &#8211; ErgebnisseDer aktivste Z\u00fcchter f\u00fcr 2015 &#8211; ErgebnisseAktivster Z\u00fcchter f\u00fcr 2014 &#8211; Ergebnisse","og_url":"https:\/\/skssp.eu\/de\/aktivster-zuechter-ergebnisse\/","og_site_name":"SKSSP","article_modified_time":"2023-01-14T17:40:52+00:00","twitter_card":"summary_large_image","schema":{"@context":"https:\/\/schema.org","@graph":[{"@type":"WebPage","@id":"https:\/\/skssp.eu\/de\/aktivster-zuechter-ergebnisse\/","url":"https:\/\/skssp.eu\/de\/aktivster-zuechter-ergebnisse\/","name":"Aktivster Z\u00fcchter - Ergebnisse | SKSSP","isPartOf":{"@id":"https:\/\/skssp.eu\/de\/#website"},"datePublished":"2022-12-19T13:53:06+00:00","dateModified":"2023-01-14T17:40:52+00:00","breadcrumb":{"@id":"https:\/\/skssp.eu\/de\/aktivster-zuechter-ergebnisse\/#breadcrumb"},"inLanguage":"de","potentialAction":[{"@type":"ReadAction","target":["https:\/\/skssp.eu\/de\/aktivster-zuechter-ergebnisse\/"]}]},{"@type":"BreadcrumbList","@id":"https:\/\/skssp.eu\/de\/aktivster-zuechter-ergebnisse\/#breadcrumb","itemListElement":[{"@type":"ListItem","position":1,"name":"Startseite","item":"https:\/\/skssp.eu\/de\/startseite\/"},{"@type":"ListItem","position":2,"name":"Aktivster Z\u00fcchter &#8211; Ergebnisse"}]},{"@type":"WebSite","@id":"https:\/\/skssp.eu\/de\/#website","url":"https:\/\/skssp.eu\/de\/","name":"SKSSP","description":"Slovensk\u00fd klub \u0160vaj\u010diarskych sala\u0161n\u00edckych psov","publisher":{"@id":"https:\/\/skssp.eu\/de\/#organization"},"potentialAction":[{"@type":"SearchAction","target":{"@type":"EntryPoint","urlTemplate":"https:\/\/skssp.eu\/de\/?s={search_term_string}"},"query-input":{"@type":"PropertyValueSpecification","valueRequired":true,"valueName":"search_term_string"}}],"inLanguage":"de"},{"@type":"Organization","@id":"https:\/\/skssp.eu\/de\/#organization","name":"SKSSP","url":"https:\/\/skssp.eu\/de\/","logo":{"@type":"ImageObject","inLanguage":"de","@id":"https:\/\/skssp.eu\/de\/#\/schema\/logo\/image\/","url":"https:\/\/skssp.eu\/wp-content\/uploads\/2022\/11\/cropped-logo_skssp.png","contentUrl":"https:\/\/skssp.eu\/wp-content\/uploads\/2022\/11\/cropped-logo_skssp.png","width":512,"height":512,"caption":"SKSSP"},"image":{"@id":"https:\/\/skssp.eu\/de\/#\/schema\/logo\/image\/"}}]}},"_links":{"self":[{"href":"https:\/\/skssp.eu\/de\/wp-json\/wp\/v2\/pages\/20671","targetHints":{"allow":["GET"]}}],"collection":[{"href":"https:\/\/skssp.eu\/de\/wp-json\/wp\/v2\/pages"}],"about":[{"href":"https:\/\/skssp.eu\/de\/wp-json\/wp\/v2\/types\/page"}],"author":[{"embeddable":true,"href":"https:\/\/skssp.eu\/de\/wp-json\/wp\/v2\/users\/1"}],"replies":[{"embeddable":true,"href":"https:\/\/skssp.eu\/de\/wp-json\/wp\/v2\/comments?post=20671"}],"version-history":[{"count":0,"href":"https:\/\/skssp.eu\/de\/wp-json\/wp\/v2\/pages\/20671\/revisions"}],"wp:attachment":[{"href":"https:\/\/skssp.eu\/de\/wp-json\/wp\/v2\/media?parent=20671"}],"curies":[{"name":"wp","href":"https:\/\/api.w.org\/{rel}","templated":true}]}}