{"id":20675,"date":"2022-12-01T12:42:33","date_gmt":"2022-12-01T11:42:33","guid":{"rendered":"https:\/\/skssp.eu\/ueber-uns\/"},"modified":"2023-01-14T18:41:27","modified_gmt":"2023-01-14T17:41:27","slug":"ueber-uns","status":"publish","type":"page","link":"https:\/\/skssp.eu\/de\/ueber-uns\/","title":{"rendered":"\u00dcber uns"},"content":{"rendered":"\n<p>Der Slowakische Klub f\u00fcr Schweizer Sennenhunde arbeitet als b\u00fcrgerlicher Verein, der beim Innenministerium der Slowakischen Republik eingetragen ist. Ihre Mitglieder halten sich an die genehmigten Statuten, Zucht- und Bewertungsvorschriften und im weiteren Rahmen auch an die Statuten der Dachverb\u00e4nde UKK, SKJ und FCI.<br\/>Sie wurde als Interessengemeinschaft von Menschen gegr\u00fcndet, die sich f\u00fcr vier Rassen von Schweizer Sch\u00e4ferhunden interessieren &#8211; den Appenzeller Sch\u00e4ferhund, den Berner Sennenhund, den Entlebucher Sch\u00e4ferhund und den Gro\u00dfen Schweizer Sch\u00e4ferhund.<br\/><br\/>Das Ziel des Klubs ist die Entwicklung der gedeckten Rassen durch die F\u00f6rderung der Zucht von reinrassigen Hunden, die im Zuchtbuch des SKJ eingetragen sind, sowie durch die Organisation von Ausstellungen und Bewertungen. Ein kompletter Zuchtservice wird f\u00fcr die kontrollierte Zucht durch den Hauptberater und die Zuchtberater in \u00dcbereinstimmung mit den Statuten des Clubs angeboten.<br\/><br\/>Die Information der Mitglieder erfolgt durch die Aktualisierung der Website, der Jahrb\u00fccher und nicht zuletzt durch die Organisation verschiedener gemeinsamer Veranstaltungen &#8211; Ausstellungen, Trainingslager und andere Treffen zur St\u00e4rkung der Beziehungen zwischen den Liebhabern dieser Rassen.<br\/><br\/>Wir freuen uns \u00fcber jeden, der unsere Bestrebungen teilt, sei es als Besitzer eines Sch\u00e4ferhundes oder einfach nur als Bewunderer des Hundes, im Club.<\/p>\n\n<p>SK\u0160SP<\/p>\n","protected":false},"excerpt":{"rendered":"<p>Der Slowakische Klub f\u00fcr Schweizer Sennenhunde arbeitet als b\u00fcrgerlicher Verein, der beim Innenministerium der Slowakischen Republik eingetragen ist. Ihre Mitglieder halten sich an die genehmigten Statuten, Zucht- und Bewertungsvorschriften und im weiteren Rahmen auch an die Statuten der Dachverb\u00e4nde UKK, SKJ und FCI.Sie wurde als Interessengemeinschaft von Menschen gegr\u00fcndet, die sich f\u00fcr vier Rassen von [&hellip;]<\/p>\n","protected":false},"author":1,"featured_media":0,"parent":0,"menu_order":0,"comment_status":"closed","ping_status":"closed","template":"","meta":{"_monsterinsights_skip_tracking":false,"_monsterinsights_sitenote_active":false,"_monsterinsights_sitenote_note":"","_monsterinsights_sitenote_category":0,"ngg_post_thumbnail":0,"footnotes":""},"class_list":["post-20675","page","type-page","status-publish","hentry"],"acf":[],"yoast_head":"<!-- This site is optimized with the Yoast SEO plugin v27.4 - https:\/\/yoast.com\/product\/yoast-seo-wordpress\/ -->\n<title>\u00dcber uns | SKSSP<\/title>\n<meta name=\"robots\" content=\"index, follow, max-snippet:-1, max-image-preview:large, max-video-preview:-1\" \/>\n<link rel=\"canonical\" href=\"https:\/\/skssp.eu\/de\/ueber-uns\/\" \/>\n<meta property=\"og:locale\" content=\"de_DE\" \/>\n<meta property=\"og:type\" content=\"article\" \/>\n<meta property=\"og:title\" content=\"\u00dcber uns | SKSSP\" \/>\n<meta property=\"og:description\" content=\"Der Slowakische Klub f\u00fcr Schweizer Sennenhunde arbeitet als b\u00fcrgerlicher Verein, der beim Innenministerium der Slowakischen Republik eingetragen ist. Ihre Mitglieder halten sich an die genehmigten Statuten, Zucht- und Bewertungsvorschriften und im weiteren Rahmen auch an die Statuten der Dachverb\u00e4nde UKK, SKJ und FCI.Sie wurde als Interessengemeinschaft von Menschen gegr\u00fcndet, die sich f\u00fcr vier Rassen von [&hellip;]\" \/>\n<meta property=\"og:url\" content=\"https:\/\/skssp.eu\/de\/ueber-uns\/\" \/>\n<meta property=\"og:site_name\" content=\"SKSSP\" \/>\n<meta property=\"article:modified_time\" content=\"2023-01-14T17:41:27+00:00\" \/>\n<meta name=\"twitter:card\" content=\"summary_large_image\" \/>\n<meta name=\"twitter:label1\" content=\"Gesch\u00e4tzte Lesezeit\" \/>\n\t<meta name=\"twitter:data1\" content=\"1\u00a0Minute\" \/>\n<script type=\"application\/ld+json\" class=\"yoast-schema-graph\">{\"@context\":\"https:\\\/\\\/schema.org\",\"@graph\":[{\"@type\":\"WebPage\",\"@id\":\"https:\\\/\\\/skssp.eu\\\/de\\\/ueber-uns\\\/\",\"url\":\"https:\\\/\\\/skssp.eu\\\/de\\\/ueber-uns\\\/\",\"name\":\"\u00dcber uns | SKSSP\",\"isPartOf\":{\"@id\":\"https:\\\/\\\/skssp.eu\\\/de\\\/#website\"},\"datePublished\":\"2022-12-01T11:42:33+00:00\",\"dateModified\":\"2023-01-14T17:41:27+00:00\",\"breadcrumb\":{\"@id\":\"https:\\\/\\\/skssp.eu\\\/de\\\/ueber-uns\\\/#breadcrumb\"},\"inLanguage\":\"de\",\"potentialAction\":[{\"@type\":\"ReadAction\",\"target\":[\"https:\\\/\\\/skssp.eu\\\/de\\\/ueber-uns\\\/\"]}]},{\"@type\":\"BreadcrumbList\",\"@id\":\"https:\\\/\\\/skssp.eu\\\/de\\\/ueber-uns\\\/#breadcrumb\",\"itemListElement\":[{\"@type\":\"ListItem\",\"position\":1,\"name\":\"Startseite\",\"item\":\"https:\\\/\\\/skssp.eu\\\/de\\\/startseite\\\/\"},{\"@type\":\"ListItem\",\"position\":2,\"name\":\"\u00dcber uns\"}]},{\"@type\":\"WebSite\",\"@id\":\"https:\\\/\\\/skssp.eu\\\/de\\\/#website\",\"url\":\"https:\\\/\\\/skssp.eu\\\/de\\\/\",\"name\":\"SKSSP\",\"description\":\"Slovensk\u00fd klub \u0160vaj\u010diarskych sala\u0161n\u00edckych psov\",\"publisher\":{\"@id\":\"https:\\\/\\\/skssp.eu\\\/de\\\/#organization\"},\"potentialAction\":[{\"@type\":\"SearchAction\",\"target\":{\"@type\":\"EntryPoint\",\"urlTemplate\":\"https:\\\/\\\/skssp.eu\\\/de\\\/?s={search_term_string}\"},\"query-input\":{\"@type\":\"PropertyValueSpecification\",\"valueRequired\":true,\"valueName\":\"search_term_string\"}}],\"inLanguage\":\"de\"},{\"@type\":\"Organization\",\"@id\":\"https:\\\/\\\/skssp.eu\\\/de\\\/#organization\",\"name\":\"SKSSP\",\"url\":\"https:\\\/\\\/skssp.eu\\\/de\\\/\",\"logo\":{\"@type\":\"ImageObject\",\"inLanguage\":\"de\",\"@id\":\"https:\\\/\\\/skssp.eu\\\/de\\\/#\\\/schema\\\/logo\\\/image\\\/\",\"url\":\"https:\\\/\\\/skssp.eu\\\/wp-content\\\/uploads\\\/2022\\\/11\\\/cropped-logo_skssp.png\",\"contentUrl\":\"https:\\\/\\\/skssp.eu\\\/wp-content\\\/uploads\\\/2022\\\/11\\\/cropped-logo_skssp.png\",\"width\":512,\"height\":512,\"caption\":\"SKSSP\"},\"image\":{\"@id\":\"https:\\\/\\\/skssp.eu\\\/de\\\/#\\\/schema\\\/logo\\\/image\\\/\"}}]}<\/script>\n<!-- \/ Yoast SEO plugin. -->","yoast_head_json":{"title":"\u00dcber uns | SKSSP","robots":{"index":"index","follow":"follow","max-snippet":"max-snippet:-1","max-image-preview":"max-image-preview:large","max-video-preview":"max-video-preview:-1"},"canonical":"https:\/\/skssp.eu\/de\/ueber-uns\/","og_locale":"de_DE","og_type":"article","og_title":"\u00dcber uns | SKSSP","og_description":"Der Slowakische Klub f\u00fcr Schweizer Sennenhunde arbeitet als b\u00fcrgerlicher Verein, der beim Innenministerium der Slowakischen Republik eingetragen ist. Ihre Mitglieder halten sich an die genehmigten Statuten, Zucht- und Bewertungsvorschriften und im weiteren Rahmen auch an die Statuten der Dachverb\u00e4nde UKK, SKJ und FCI.Sie wurde als Interessengemeinschaft von Menschen gegr\u00fcndet, die sich f\u00fcr vier Rassen von [&hellip;]","og_url":"https:\/\/skssp.eu\/de\/ueber-uns\/","og_site_name":"SKSSP","article_modified_time":"2023-01-14T17:41:27+00:00","twitter_card":"summary_large_image","twitter_misc":{"Gesch\u00e4tzte Lesezeit":"1\u00a0Minute"},"schema":{"@context":"https:\/\/schema.org","@graph":[{"@type":"WebPage","@id":"https:\/\/skssp.eu\/de\/ueber-uns\/","url":"https:\/\/skssp.eu\/de\/ueber-uns\/","name":"\u00dcber uns | SKSSP","isPartOf":{"@id":"https:\/\/skssp.eu\/de\/#website"},"datePublished":"2022-12-01T11:42:33+00:00","dateModified":"2023-01-14T17:41:27+00:00","breadcrumb":{"@id":"https:\/\/skssp.eu\/de\/ueber-uns\/#breadcrumb"},"inLanguage":"de","potentialAction":[{"@type":"ReadAction","target":["https:\/\/skssp.eu\/de\/ueber-uns\/"]}]},{"@type":"BreadcrumbList","@id":"https:\/\/skssp.eu\/de\/ueber-uns\/#breadcrumb","itemListElement":[{"@type":"ListItem","position":1,"name":"Startseite","item":"https:\/\/skssp.eu\/de\/startseite\/"},{"@type":"ListItem","position":2,"name":"\u00dcber uns"}]},{"@type":"WebSite","@id":"https:\/\/skssp.eu\/de\/#website","url":"https:\/\/skssp.eu\/de\/","name":"SKSSP","description":"Slovensk\u00fd klub \u0160vaj\u010diarskych sala\u0161n\u00edckych psov","publisher":{"@id":"https:\/\/skssp.eu\/de\/#organization"},"potentialAction":[{"@type":"SearchAction","target":{"@type":"EntryPoint","urlTemplate":"https:\/\/skssp.eu\/de\/?s={search_term_string}"},"query-input":{"@type":"PropertyValueSpecification","valueRequired":true,"valueName":"search_term_string"}}],"inLanguage":"de"},{"@type":"Organization","@id":"https:\/\/skssp.eu\/de\/#organization","name":"SKSSP","url":"https:\/\/skssp.eu\/de\/","logo":{"@type":"ImageObject","inLanguage":"de","@id":"https:\/\/skssp.eu\/de\/#\/schema\/logo\/image\/","url":"https:\/\/skssp.eu\/wp-content\/uploads\/2022\/11\/cropped-logo_skssp.png","contentUrl":"https:\/\/skssp.eu\/wp-content\/uploads\/2022\/11\/cropped-logo_skssp.png","width":512,"height":512,"caption":"SKSSP"},"image":{"@id":"https:\/\/skssp.eu\/de\/#\/schema\/logo\/image\/"}}]}},"_links":{"self":[{"href":"https:\/\/skssp.eu\/de\/wp-json\/wp\/v2\/pages\/20675","targetHints":{"allow":["GET"]}}],"collection":[{"href":"https:\/\/skssp.eu\/de\/wp-json\/wp\/v2\/pages"}],"about":[{"href":"https:\/\/skssp.eu\/de\/wp-json\/wp\/v2\/types\/page"}],"author":[{"embeddable":true,"href":"https:\/\/skssp.eu\/de\/wp-json\/wp\/v2\/users\/1"}],"replies":[{"embeddable":true,"href":"https:\/\/skssp.eu\/de\/wp-json\/wp\/v2\/comments?post=20675"}],"version-history":[{"count":0,"href":"https:\/\/skssp.eu\/de\/wp-json\/wp\/v2\/pages\/20675\/revisions"}],"wp:attachment":[{"href":"https:\/\/skssp.eu\/de\/wp-json\/wp\/v2\/media?parent=20675"}],"curies":[{"name":"wp","href":"https:\/\/api.w.org\/{rel}","templated":true}]}}