{"id":20687,"date":"2022-12-19T14:47:53","date_gmt":"2022-12-19T13:47:53","guid":{"rendered":"https:\/\/skssp.eu\/hund-des-jahres-ergebnisse\/"},"modified":"2023-10-04T23:32:53","modified_gmt":"2023-10-04T21:32:53","slug":"hund-des-jahres-ergebnisse","status":"publish","type":"page","link":"https:\/\/skssp.eu\/de\/hund-des-jahres-ergebnisse\/","title":{"rendered":"Hund des Jahres &#8211; Ergebnisse"},"content":{"rendered":"\n<figure class=\"wp-block-image size-full\"><img loading=\"lazy\" decoding=\"async\" width=\"1280\" height=\"854\" src=\"https:\/\/skssp.eu\/wp-content\/uploads\/2023\/01\/x-2-1.jpg\" alt=\"\" class=\"wp-image-14141\" srcset=\"https:\/\/skssp.eu\/wp-content\/uploads\/2023\/01\/x-2-1.jpg 1280w, https:\/\/skssp.eu\/wp-content\/uploads\/2023\/01\/x-2-1-300x200.jpg 300w, https:\/\/skssp.eu\/wp-content\/uploads\/2023\/01\/x-2-1-1024x683.jpg 1024w, https:\/\/skssp.eu\/wp-content\/uploads\/2023\/01\/x-2-1-768x512.jpg 768w, https:\/\/skssp.eu\/wp-content\/uploads\/2023\/01\/x-2-1-1080x721.jpg 1080w, https:\/\/skssp.eu\/wp-content\/uploads\/2023\/01\/x-2-1-980x654.jpg 980w, https:\/\/skssp.eu\/wp-content\/uploads\/2023\/01\/x-2-1-480x320.jpg 480w\" sizes=\"auto, (max-width: 1280px) 100vw, 1280px\" \/><\/figure>\n\n<p><a href=\"https:\/\/skssp.eu\/wp-content\/uploads\/2023\/03\/pes-roka-2022.pdf\">Hund des Jahres 2022 &#8211; Ergebnisse<\/a><br\/><a href=\"https:\/\/skssp.eu\/wp-content\/uploads\/2023\/01\/pes_roka_2021.pdf\">Hund des Jahres 2021 &#8211; Ergebnisse<\/a> <br\/><a href=\"https:\/\/skssp.eu\/wp-content\/uploads\/2023\/01\/pes_roka_2020_vysledky.pdf\">Hund des Jahres 2020 &#8211; Ergebnisse<\/a><br\/><a href=\"https:\/\/skssp.eu\/wp-content\/uploads\/2023\/01\/pes-roka-2019.pdf\">Hund des Jahres 2019 &#8211; Ergebnisse<\/a><br\/><a href=\"https:\/\/skssp.eu\/wp-content\/uploads\/2023\/01\/pes-roka-2018.pdf\">Hund des Jahres 2018 &#8211; Ergebnisse<\/a><br\/><a href=\"https:\/\/skssp.eu\/wp-content\/uploads\/2023\/01\/Pes_Roka_2017.pdf\">Hund des Jahres 2017 &#8211; Ergebnisse<\/a><br\/><a href=\"https:\/\/skssp.eu\/wp-content\/uploads\/2023\/01\/pesroka2016.pdf\">Hund des Jahres 2016 &#8211; Ergebnisse<\/a><br\/><a href=\"https:\/\/skssp.eu\/wp-content\/uploads\/2023\/01\/pesroka2015.pdf\">Hund des Jahres 2015 &#8211; Ergebnisse<\/a><br\/><a href=\"https:\/\/skssp.eu\/wp-content\/uploads\/2023\/01\/pesroka2014.pdf\">Hund des Jahres 2014 &#8211; Ergebnisse<\/a><br\/><a href=\"https:\/\/skssp.eu\/wp-content\/uploads\/2023\/01\/PES-ROKA-2013.pdf\">Hund des Jahres 2013 &#8211; Ergebnisse<\/a><br\/><a href=\"https:\/\/skssp.eu\/wp-content\/uploads\/2023\/01\/PESROKA2012.pdf\">Hund des Jahres 2012 &#8211; Ergebnisse<br\/><\/a><a href=\"https:\/\/skssp.eu\/wp-content\/uploads\/2023\/01\/reklamaciaPESROKA2012.pdf\">Hund des Jahres 2012 &#8211; Anspr\u00fcche<\/a><br\/><a href=\"https:\/\/skssp.eu\/wp-content\/uploads\/2023\/01\/PESROKA2011.pdf\">Hund des Jahres 2011 &#8211; Ergebnisse<\/a><br\/><a href=\"https:\/\/skssp.eu\/wp-content\/uploads\/2023\/01\/pesroka2010.pdf\">Hund des Jahres 2010 &#8211; Ergebnisse<\/a><br\/><a href=\"https:\/\/skssp.eu\/wp-content\/uploads\/2023\/01\/pesroka2007.pdf\">Hund des Jahres 2007 &#8211; Ergebnisse<\/a> <br\/><a href=\"https:\/\/skssp.eu\/wp-content\/uploads\/2023\/01\/vylucenieharry2007.pdf\">Hund des Jahres 2007 &#8211; Ausschluss von der Wahl<\/a><\/p>\n","protected":false},"excerpt":{"rendered":"<p>Hund des Jahres 2022 &#8211; ErgebnisseHund des Jahres 2021 &#8211; Ergebnisse Hund des Jahres 2020 &#8211; ErgebnisseHund des Jahres 2019 &#8211; ErgebnisseHund des Jahres 2018 &#8211; ErgebnisseHund des Jahres 2017 &#8211; ErgebnisseHund des Jahres 2016 &#8211; ErgebnisseHund des Jahres 2015 &#8211; ErgebnisseHund des Jahres 2014 &#8211; ErgebnisseHund des Jahres 2013 &#8211; ErgebnisseHund des Jahres 2012 [&hellip;]<\/p>\n","protected":false},"author":1,"featured_media":0,"parent":0,"menu_order":0,"comment_status":"closed","ping_status":"closed","template":"page_template-akcie.php","meta":{"_monsterinsights_skip_tracking":false,"_monsterinsights_sitenote_active":false,"_monsterinsights_sitenote_note":"","_monsterinsights_sitenote_category":0,"ngg_post_thumbnail":0,"footnotes":""},"class_list":["post-20687","page","type-page","status-publish","hentry"],"acf":[],"yoast_head":"<!-- This site is optimized with the Yoast SEO plugin v27.4 - https:\/\/yoast.com\/product\/yoast-seo-wordpress\/ -->\n<title>Hund des Jahres - Ergebnisse | SKSSP<\/title>\n<meta name=\"robots\" content=\"index, follow, max-snippet:-1, max-image-preview:large, max-video-preview:-1\" \/>\n<link rel=\"canonical\" href=\"https:\/\/skssp.eu\/de\/hund-des-jahres-ergebnisse\/\" \/>\n<meta property=\"og:locale\" content=\"de_DE\" \/>\n<meta property=\"og:type\" content=\"article\" \/>\n<meta property=\"og:title\" content=\"Hund des Jahres - Ergebnisse | SKSSP\" \/>\n<meta property=\"og:description\" content=\"Hund des Jahres 2022 &#8211; ErgebnisseHund des Jahres 2021 &#8211; Ergebnisse Hund des Jahres 2020 &#8211; ErgebnisseHund des Jahres 2019 &#8211; ErgebnisseHund des Jahres 2018 &#8211; ErgebnisseHund des Jahres 2017 &#8211; ErgebnisseHund des Jahres 2016 &#8211; ErgebnisseHund des Jahres 2015 &#8211; ErgebnisseHund des Jahres 2014 &#8211; ErgebnisseHund des Jahres 2013 &#8211; ErgebnisseHund des Jahres 2012 [&hellip;]\" \/>\n<meta property=\"og:url\" content=\"https:\/\/skssp.eu\/de\/hund-des-jahres-ergebnisse\/\" \/>\n<meta property=\"og:site_name\" content=\"SKSSP\" \/>\n<meta property=\"article:modified_time\" content=\"2023-10-04T21:32:53+00:00\" \/>\n<meta property=\"og:image\" content=\"https:\/\/skssp.eu\/wp-content\/uploads\/2023\/01\/x-2-1.jpg\" \/>\n<meta name=\"twitter:card\" content=\"summary_large_image\" \/>\n<meta name=\"twitter:label1\" content=\"Gesch\u00e4tzte Lesezeit\" \/>\n\t<meta name=\"twitter:data1\" content=\"1\u00a0Minute\" \/>\n<script type=\"application\/ld+json\" class=\"yoast-schema-graph\">{\"@context\":\"https:\\\/\\\/schema.org\",\"@graph\":[{\"@type\":\"WebPage\",\"@id\":\"https:\\\/\\\/skssp.eu\\\/de\\\/hund-des-jahres-ergebnisse\\\/\",\"url\":\"https:\\\/\\\/skssp.eu\\\/de\\\/hund-des-jahres-ergebnisse\\\/\",\"name\":\"Hund des Jahres - Ergebnisse | SKSSP\",\"isPartOf\":{\"@id\":\"https:\\\/\\\/skssp.eu\\\/de\\\/#website\"},\"primaryImageOfPage\":{\"@id\":\"https:\\\/\\\/skssp.eu\\\/de\\\/hund-des-jahres-ergebnisse\\\/#primaryimage\"},\"image\":{\"@id\":\"https:\\\/\\\/skssp.eu\\\/de\\\/hund-des-jahres-ergebnisse\\\/#primaryimage\"},\"thumbnailUrl\":\"https:\\\/\\\/skssp.eu\\\/wp-content\\\/uploads\\\/2023\\\/01\\\/x-2-1.jpg\",\"datePublished\":\"2022-12-19T13:47:53+00:00\",\"dateModified\":\"2023-10-04T21:32:53+00:00\",\"breadcrumb\":{\"@id\":\"https:\\\/\\\/skssp.eu\\\/de\\\/hund-des-jahres-ergebnisse\\\/#breadcrumb\"},\"inLanguage\":\"de\",\"potentialAction\":[{\"@type\":\"ReadAction\",\"target\":[\"https:\\\/\\\/skssp.eu\\\/de\\\/hund-des-jahres-ergebnisse\\\/\"]}]},{\"@type\":\"ImageObject\",\"inLanguage\":\"de\",\"@id\":\"https:\\\/\\\/skssp.eu\\\/de\\\/hund-des-jahres-ergebnisse\\\/#primaryimage\",\"url\":\"https:\\\/\\\/skssp.eu\\\/wp-content\\\/uploads\\\/2023\\\/01\\\/x-2-1.jpg\",\"contentUrl\":\"https:\\\/\\\/skssp.eu\\\/wp-content\\\/uploads\\\/2023\\\/01\\\/x-2-1.jpg\"},{\"@type\":\"BreadcrumbList\",\"@id\":\"https:\\\/\\\/skssp.eu\\\/de\\\/hund-des-jahres-ergebnisse\\\/#breadcrumb\",\"itemListElement\":[{\"@type\":\"ListItem\",\"position\":1,\"name\":\"Startseite\",\"item\":\"https:\\\/\\\/skssp.eu\\\/de\\\/startseite\\\/\"},{\"@type\":\"ListItem\",\"position\":2,\"name\":\"Hund des Jahres &#8211; Ergebnisse\"}]},{\"@type\":\"WebSite\",\"@id\":\"https:\\\/\\\/skssp.eu\\\/de\\\/#website\",\"url\":\"https:\\\/\\\/skssp.eu\\\/de\\\/\",\"name\":\"SKSSP\",\"description\":\"Slovensk\u00fd klub \u0160vaj\u010diarskych sala\u0161n\u00edckych psov\",\"publisher\":{\"@id\":\"https:\\\/\\\/skssp.eu\\\/de\\\/#organization\"},\"potentialAction\":[{\"@type\":\"SearchAction\",\"target\":{\"@type\":\"EntryPoint\",\"urlTemplate\":\"https:\\\/\\\/skssp.eu\\\/de\\\/?s={search_term_string}\"},\"query-input\":{\"@type\":\"PropertyValueSpecification\",\"valueRequired\":true,\"valueName\":\"search_term_string\"}}],\"inLanguage\":\"de\"},{\"@type\":\"Organization\",\"@id\":\"https:\\\/\\\/skssp.eu\\\/de\\\/#organization\",\"name\":\"SKSSP\",\"url\":\"https:\\\/\\\/skssp.eu\\\/de\\\/\",\"logo\":{\"@type\":\"ImageObject\",\"inLanguage\":\"de\",\"@id\":\"https:\\\/\\\/skssp.eu\\\/de\\\/#\\\/schema\\\/logo\\\/image\\\/\",\"url\":\"https:\\\/\\\/skssp.eu\\\/wp-content\\\/uploads\\\/2022\\\/11\\\/cropped-logo_skssp.png\",\"contentUrl\":\"https:\\\/\\\/skssp.eu\\\/wp-content\\\/uploads\\\/2022\\\/11\\\/cropped-logo_skssp.png\",\"width\":512,\"height\":512,\"caption\":\"SKSSP\"},\"image\":{\"@id\":\"https:\\\/\\\/skssp.eu\\\/de\\\/#\\\/schema\\\/logo\\\/image\\\/\"}}]}<\/script>\n<!-- \/ Yoast SEO plugin. -->","yoast_head_json":{"title":"Hund des Jahres - Ergebnisse | SKSSP","robots":{"index":"index","follow":"follow","max-snippet":"max-snippet:-1","max-image-preview":"max-image-preview:large","max-video-preview":"max-video-preview:-1"},"canonical":"https:\/\/skssp.eu\/de\/hund-des-jahres-ergebnisse\/","og_locale":"de_DE","og_type":"article","og_title":"Hund des Jahres - Ergebnisse | SKSSP","og_description":"Hund des Jahres 2022 &#8211; ErgebnisseHund des Jahres 2021 &#8211; Ergebnisse Hund des Jahres 2020 &#8211; ErgebnisseHund des Jahres 2019 &#8211; ErgebnisseHund des Jahres 2018 &#8211; ErgebnisseHund des Jahres 2017 &#8211; ErgebnisseHund des Jahres 2016 &#8211; ErgebnisseHund des Jahres 2015 &#8211; ErgebnisseHund des Jahres 2014 &#8211; ErgebnisseHund des Jahres 2013 &#8211; ErgebnisseHund des Jahres 2012 [&hellip;]","og_url":"https:\/\/skssp.eu\/de\/hund-des-jahres-ergebnisse\/","og_site_name":"SKSSP","article_modified_time":"2023-10-04T21:32:53+00:00","og_image":[{"url":"https:\/\/skssp.eu\/wp-content\/uploads\/2023\/01\/x-2-1.jpg","type":"","width":"","height":""}],"twitter_card":"summary_large_image","twitter_misc":{"Gesch\u00e4tzte Lesezeit":"1\u00a0Minute"},"schema":{"@context":"https:\/\/schema.org","@graph":[{"@type":"WebPage","@id":"https:\/\/skssp.eu\/de\/hund-des-jahres-ergebnisse\/","url":"https:\/\/skssp.eu\/de\/hund-des-jahres-ergebnisse\/","name":"Hund des Jahres - Ergebnisse | SKSSP","isPartOf":{"@id":"https:\/\/skssp.eu\/de\/#website"},"primaryImageOfPage":{"@id":"https:\/\/skssp.eu\/de\/hund-des-jahres-ergebnisse\/#primaryimage"},"image":{"@id":"https:\/\/skssp.eu\/de\/hund-des-jahres-ergebnisse\/#primaryimage"},"thumbnailUrl":"https:\/\/skssp.eu\/wp-content\/uploads\/2023\/01\/x-2-1.jpg","datePublished":"2022-12-19T13:47:53+00:00","dateModified":"2023-10-04T21:32:53+00:00","breadcrumb":{"@id":"https:\/\/skssp.eu\/de\/hund-des-jahres-ergebnisse\/#breadcrumb"},"inLanguage":"de","potentialAction":[{"@type":"ReadAction","target":["https:\/\/skssp.eu\/de\/hund-des-jahres-ergebnisse\/"]}]},{"@type":"ImageObject","inLanguage":"de","@id":"https:\/\/skssp.eu\/de\/hund-des-jahres-ergebnisse\/#primaryimage","url":"https:\/\/skssp.eu\/wp-content\/uploads\/2023\/01\/x-2-1.jpg","contentUrl":"https:\/\/skssp.eu\/wp-content\/uploads\/2023\/01\/x-2-1.jpg"},{"@type":"BreadcrumbList","@id":"https:\/\/skssp.eu\/de\/hund-des-jahres-ergebnisse\/#breadcrumb","itemListElement":[{"@type":"ListItem","position":1,"name":"Startseite","item":"https:\/\/skssp.eu\/de\/startseite\/"},{"@type":"ListItem","position":2,"name":"Hund des Jahres &#8211; Ergebnisse"}]},{"@type":"WebSite","@id":"https:\/\/skssp.eu\/de\/#website","url":"https:\/\/skssp.eu\/de\/","name":"SKSSP","description":"Slovensk\u00fd klub \u0160vaj\u010diarskych sala\u0161n\u00edckych psov","publisher":{"@id":"https:\/\/skssp.eu\/de\/#organization"},"potentialAction":[{"@type":"SearchAction","target":{"@type":"EntryPoint","urlTemplate":"https:\/\/skssp.eu\/de\/?s={search_term_string}"},"query-input":{"@type":"PropertyValueSpecification","valueRequired":true,"valueName":"search_term_string"}}],"inLanguage":"de"},{"@type":"Organization","@id":"https:\/\/skssp.eu\/de\/#organization","name":"SKSSP","url":"https:\/\/skssp.eu\/de\/","logo":{"@type":"ImageObject","inLanguage":"de","@id":"https:\/\/skssp.eu\/de\/#\/schema\/logo\/image\/","url":"https:\/\/skssp.eu\/wp-content\/uploads\/2022\/11\/cropped-logo_skssp.png","contentUrl":"https:\/\/skssp.eu\/wp-content\/uploads\/2022\/11\/cropped-logo_skssp.png","width":512,"height":512,"caption":"SKSSP"},"image":{"@id":"https:\/\/skssp.eu\/de\/#\/schema\/logo\/image\/"}}]}},"_links":{"self":[{"href":"https:\/\/skssp.eu\/de\/wp-json\/wp\/v2\/pages\/20687","targetHints":{"allow":["GET"]}}],"collection":[{"href":"https:\/\/skssp.eu\/de\/wp-json\/wp\/v2\/pages"}],"about":[{"href":"https:\/\/skssp.eu\/de\/wp-json\/wp\/v2\/types\/page"}],"author":[{"embeddable":true,"href":"https:\/\/skssp.eu\/de\/wp-json\/wp\/v2\/users\/1"}],"replies":[{"embeddable":true,"href":"https:\/\/skssp.eu\/de\/wp-json\/wp\/v2\/comments?post=20687"}],"version-history":[{"count":2,"href":"https:\/\/skssp.eu\/de\/wp-json\/wp\/v2\/pages\/20687\/revisions"}],"predecessor-version":[{"id":42437,"href":"https:\/\/skssp.eu\/de\/wp-json\/wp\/v2\/pages\/20687\/revisions\/42437"}],"wp:attachment":[{"href":"https:\/\/skssp.eu\/de\/wp-json\/wp\/v2\/media?parent=20687"}],"curies":[{"name":"wp","href":"https:\/\/api.w.org\/{rel}","templated":true}]}}