{"id":20703,"date":"2022-12-01T17:04:53","date_gmt":"2022-12-01T16:04:53","guid":{"rendered":"https:\/\/skssp.eu\/bedingungen-fuer-die-teilnahme-an-dem-rating\/"},"modified":"2023-01-14T18:47:55","modified_gmt":"2023-01-14T17:47:55","slug":"bedingungen-fuer-die-teilnahme-an-dem-rating","status":"publish","type":"page","link":"https:\/\/skssp.eu\/de\/bedingungen-fuer-die-teilnahme-an-dem-rating\/","title":{"rendered":"Bedingungen f\u00fcr die Teilnahme an dem Rating"},"content":{"rendered":"\n<ul class=\"wp-block-list\">\n<li>G\u00fcltige Abstammungskarte, die gem\u00e4\u00df den FCI- und SKJ-Vorschriften ausgestellt wurde.<\/li>\n\n\n\n<li>Am Tag der Bewertung betr\u00e4gt das Mindestalter 18 Monate f\u00fcr M\u00e4nnchen und 15 Monate f\u00fcr Weibchen.<\/li>\n\n\n\n<li>Der Ort und das Datum der Bewertung werden vom SK\u0160SP-Ausschuss festgelegt. <strong>Wenn der Hund mit Ausnahme des Alters alle Bedingungen f\u00fcr die Zucht erf\u00fcllt hat, kann er fr\u00fcher an der Bewertung teilnehmen, wird aber erst am Tag des Erreichens des erforderlichen Alters zum Zuchthund.<\/strong><\/li>\n\n\n\n<li><strong>R\u00f6ntgenuntersuchung<\/strong> auf H\u00fcft- und Ellbogendysplasie. F\u00fcr die Rassen BSP und VSP ist au\u00dferdem eine OCD-Pr\u00fcfung erforderlich.<\/li>\n\n\n\n<li><strong>F\u00fcr die ESP-Rasse ist ein Gentest auf PRA obligatorisch.<\/strong><\/li>\n\n\n\n<li>f\u00fcr die ESP-Rasse ist die <strong>Untersuchung auf ektopischen Ureter<\/strong> obligatorisch &#8211; diese Art der Beurteilung gilt im Falle einer Untersuchung an der Veterin\u00e4rmedizinischen Universit\u00e4t Wien mit Beurteilung an der Veterin\u00e4rmedizinischen Universit\u00e4t in Z\u00fcrich. Wenn die Untersuchung in der Slowakei durchgef\u00fchrt wird und das Ergebnis entweder positiv oder negativ ist, wird nur die Person mit einem negativen Ergebnis in die Zucht aufgenommen. Wenn das Individuum als positiv bewertet wird, wird die endg\u00fcltige Entscheidung \u00fcber die Aufnahme in die Zucht durch eine Untersuchung an der Veterin\u00e4rmedizinischen Universit\u00e4t Wien getroffen, andernfalls wird das Individuum mit einem positiven Ergebnis nicht behalten.  <br\/><strong>Update am 19.11.2022 &#8211; <\/strong> derzeit ist die Untersuchung von ektopischen Harnleitern nur in der Slowakei m\u00f6glich. Der einzige Gutachter f\u00fcr ektopische Harnr\u00f6hre in der Slowakei f\u00fcr die Rasse ESP ist MVDr. Martin Hr\u010dka von der Zvieracia klinika Pa\u0161ek s.r.o., Ore\u0161ianska 8881\/1A, 917 01 Trnava, Tel.: 0911 825 148<\/li>\n\n\n\n<li><strong>Teilnahme an zwei obligatorischen Ausstellungen.<\/strong> Die Ausstellungen m\u00fcssen unter der Schirmherrschaft der FCI mit CAC stehen, eine davon muss eine Klub- oder Spezialausstellung sein (kann auch ohne CAJC und CAC sein), die von SK\u0160SP organisiert wird und in den Klassen Junior, Medium, Open, Working oder Champion stattfindet. Mindestens eine der obligatorischen Ausstellungen muss \u00fcber 15 Monate alt sein. Jugend-, Junioren- und Nicht-Wettkampfklassen z\u00e4hlen nicht f\u00fcr die Bewertung.<\/li>\n\n\n\n<li><strong>Das Individuum muss im Besitz eines Mitglieds des SK\u0160SP sein, andernfalls, wenn der Besitzer des Hundes ein Nichtmitglied des Klubs ist, muss vor dem Absenden des Antragsformulars ein Vertrag \u00fcber die Erbringung von Zuchtdienstleistungen f\u00fcr Nichtmitglieder des SK\u0160SP abgeschlossen werden.<\/strong><\/li>\n<\/ul>\n\n<p>  Aktualisiert am 19.11.2022<\/p>\n","protected":false},"excerpt":{"rendered":"<p>Aktualisiert am 19.11.2022<\/p>\n","protected":false},"author":1,"featured_media":0,"parent":0,"menu_order":0,"comment_status":"closed","ping_status":"closed","template":"page_template-chov.php","meta":{"_monsterinsights_skip_tracking":false,"_monsterinsights_sitenote_active":false,"_monsterinsights_sitenote_note":"","_monsterinsights_sitenote_category":0,"ngg_post_thumbnail":0,"footnotes":""},"class_list":["post-20703","page","type-page","status-publish","hentry"],"acf":[],"yoast_head":"<!-- This site is optimized with the Yoast SEO plugin v27.4 - https:\/\/yoast.com\/product\/yoast-seo-wordpress\/ -->\n<title>Bedingungen f\u00fcr die Teilnahme an dem Rating | SKSSP<\/title>\n<meta name=\"robots\" content=\"index, follow, max-snippet:-1, max-image-preview:large, max-video-preview:-1\" \/>\n<link rel=\"canonical\" href=\"https:\/\/skssp.eu\/de\/bedingungen-fuer-die-teilnahme-an-dem-rating\/\" \/>\n<meta property=\"og:locale\" content=\"de_DE\" \/>\n<meta property=\"og:type\" content=\"article\" \/>\n<meta property=\"og:title\" content=\"Bedingungen f\u00fcr die Teilnahme an dem Rating | SKSSP\" \/>\n<meta property=\"og:description\" content=\"Aktualisiert am 19.11.2022\" \/>\n<meta property=\"og:url\" content=\"https:\/\/skssp.eu\/de\/bedingungen-fuer-die-teilnahme-an-dem-rating\/\" \/>\n<meta property=\"og:site_name\" content=\"SKSSP\" \/>\n<meta property=\"article:modified_time\" content=\"2023-01-14T17:47:55+00:00\" \/>\n<meta name=\"twitter:card\" content=\"summary_large_image\" \/>\n<meta name=\"twitter:label1\" content=\"Gesch\u00e4tzte Lesezeit\" \/>\n\t<meta name=\"twitter:data1\" content=\"2\u00a0Minuten\" \/>\n<script type=\"application\/ld+json\" class=\"yoast-schema-graph\">{\"@context\":\"https:\\\/\\\/schema.org\",\"@graph\":[{\"@type\":\"WebPage\",\"@id\":\"https:\\\/\\\/skssp.eu\\\/de\\\/bedingungen-fuer-die-teilnahme-an-dem-rating\\\/\",\"url\":\"https:\\\/\\\/skssp.eu\\\/de\\\/bedingungen-fuer-die-teilnahme-an-dem-rating\\\/\",\"name\":\"Bedingungen f\u00fcr die Teilnahme an dem Rating | SKSSP\",\"isPartOf\":{\"@id\":\"https:\\\/\\\/skssp.eu\\\/de\\\/#website\"},\"datePublished\":\"2022-12-01T16:04:53+00:00\",\"dateModified\":\"2023-01-14T17:47:55+00:00\",\"breadcrumb\":{\"@id\":\"https:\\\/\\\/skssp.eu\\\/de\\\/bedingungen-fuer-die-teilnahme-an-dem-rating\\\/#breadcrumb\"},\"inLanguage\":\"de\",\"potentialAction\":[{\"@type\":\"ReadAction\",\"target\":[\"https:\\\/\\\/skssp.eu\\\/de\\\/bedingungen-fuer-die-teilnahme-an-dem-rating\\\/\"]}]},{\"@type\":\"BreadcrumbList\",\"@id\":\"https:\\\/\\\/skssp.eu\\\/de\\\/bedingungen-fuer-die-teilnahme-an-dem-rating\\\/#breadcrumb\",\"itemListElement\":[{\"@type\":\"ListItem\",\"position\":1,\"name\":\"Startseite\",\"item\":\"https:\\\/\\\/skssp.eu\\\/de\\\/startseite\\\/\"},{\"@type\":\"ListItem\",\"position\":2,\"name\":\"Bedingungen f\u00fcr die Teilnahme an dem Rating\"}]},{\"@type\":\"WebSite\",\"@id\":\"https:\\\/\\\/skssp.eu\\\/de\\\/#website\",\"url\":\"https:\\\/\\\/skssp.eu\\\/de\\\/\",\"name\":\"SKSSP\",\"description\":\"Slovensk\u00fd klub \u0160vaj\u010diarskych sala\u0161n\u00edckych psov\",\"publisher\":{\"@id\":\"https:\\\/\\\/skssp.eu\\\/de\\\/#organization\"},\"potentialAction\":[{\"@type\":\"SearchAction\",\"target\":{\"@type\":\"EntryPoint\",\"urlTemplate\":\"https:\\\/\\\/skssp.eu\\\/de\\\/?s={search_term_string}\"},\"query-input\":{\"@type\":\"PropertyValueSpecification\",\"valueRequired\":true,\"valueName\":\"search_term_string\"}}],\"inLanguage\":\"de\"},{\"@type\":\"Organization\",\"@id\":\"https:\\\/\\\/skssp.eu\\\/de\\\/#organization\",\"name\":\"SKSSP\",\"url\":\"https:\\\/\\\/skssp.eu\\\/de\\\/\",\"logo\":{\"@type\":\"ImageObject\",\"inLanguage\":\"de\",\"@id\":\"https:\\\/\\\/skssp.eu\\\/de\\\/#\\\/schema\\\/logo\\\/image\\\/\",\"url\":\"https:\\\/\\\/skssp.eu\\\/wp-content\\\/uploads\\\/2022\\\/11\\\/cropped-logo_skssp.png\",\"contentUrl\":\"https:\\\/\\\/skssp.eu\\\/wp-content\\\/uploads\\\/2022\\\/11\\\/cropped-logo_skssp.png\",\"width\":512,\"height\":512,\"caption\":\"SKSSP\"},\"image\":{\"@id\":\"https:\\\/\\\/skssp.eu\\\/de\\\/#\\\/schema\\\/logo\\\/image\\\/\"}}]}<\/script>\n<!-- \/ Yoast SEO plugin. -->","yoast_head_json":{"title":"Bedingungen f\u00fcr die Teilnahme an dem Rating | SKSSP","robots":{"index":"index","follow":"follow","max-snippet":"max-snippet:-1","max-image-preview":"max-image-preview:large","max-video-preview":"max-video-preview:-1"},"canonical":"https:\/\/skssp.eu\/de\/bedingungen-fuer-die-teilnahme-an-dem-rating\/","og_locale":"de_DE","og_type":"article","og_title":"Bedingungen f\u00fcr die Teilnahme an dem Rating | SKSSP","og_description":"Aktualisiert am 19.11.2022","og_url":"https:\/\/skssp.eu\/de\/bedingungen-fuer-die-teilnahme-an-dem-rating\/","og_site_name":"SKSSP","article_modified_time":"2023-01-14T17:47:55+00:00","twitter_card":"summary_large_image","twitter_misc":{"Gesch\u00e4tzte Lesezeit":"2\u00a0Minuten"},"schema":{"@context":"https:\/\/schema.org","@graph":[{"@type":"WebPage","@id":"https:\/\/skssp.eu\/de\/bedingungen-fuer-die-teilnahme-an-dem-rating\/","url":"https:\/\/skssp.eu\/de\/bedingungen-fuer-die-teilnahme-an-dem-rating\/","name":"Bedingungen f\u00fcr die Teilnahme an dem Rating | SKSSP","isPartOf":{"@id":"https:\/\/skssp.eu\/de\/#website"},"datePublished":"2022-12-01T16:04:53+00:00","dateModified":"2023-01-14T17:47:55+00:00","breadcrumb":{"@id":"https:\/\/skssp.eu\/de\/bedingungen-fuer-die-teilnahme-an-dem-rating\/#breadcrumb"},"inLanguage":"de","potentialAction":[{"@type":"ReadAction","target":["https:\/\/skssp.eu\/de\/bedingungen-fuer-die-teilnahme-an-dem-rating\/"]}]},{"@type":"BreadcrumbList","@id":"https:\/\/skssp.eu\/de\/bedingungen-fuer-die-teilnahme-an-dem-rating\/#breadcrumb","itemListElement":[{"@type":"ListItem","position":1,"name":"Startseite","item":"https:\/\/skssp.eu\/de\/startseite\/"},{"@type":"ListItem","position":2,"name":"Bedingungen f\u00fcr die Teilnahme an dem Rating"}]},{"@type":"WebSite","@id":"https:\/\/skssp.eu\/de\/#website","url":"https:\/\/skssp.eu\/de\/","name":"SKSSP","description":"Slovensk\u00fd klub \u0160vaj\u010diarskych sala\u0161n\u00edckych psov","publisher":{"@id":"https:\/\/skssp.eu\/de\/#organization"},"potentialAction":[{"@type":"SearchAction","target":{"@type":"EntryPoint","urlTemplate":"https:\/\/skssp.eu\/de\/?s={search_term_string}"},"query-input":{"@type":"PropertyValueSpecification","valueRequired":true,"valueName":"search_term_string"}}],"inLanguage":"de"},{"@type":"Organization","@id":"https:\/\/skssp.eu\/de\/#organization","name":"SKSSP","url":"https:\/\/skssp.eu\/de\/","logo":{"@type":"ImageObject","inLanguage":"de","@id":"https:\/\/skssp.eu\/de\/#\/schema\/logo\/image\/","url":"https:\/\/skssp.eu\/wp-content\/uploads\/2022\/11\/cropped-logo_skssp.png","contentUrl":"https:\/\/skssp.eu\/wp-content\/uploads\/2022\/11\/cropped-logo_skssp.png","width":512,"height":512,"caption":"SKSSP"},"image":{"@id":"https:\/\/skssp.eu\/de\/#\/schema\/logo\/image\/"}}]}},"_links":{"self":[{"href":"https:\/\/skssp.eu\/de\/wp-json\/wp\/v2\/pages\/20703","targetHints":{"allow":["GET"]}}],"collection":[{"href":"https:\/\/skssp.eu\/de\/wp-json\/wp\/v2\/pages"}],"about":[{"href":"https:\/\/skssp.eu\/de\/wp-json\/wp\/v2\/types\/page"}],"author":[{"embeddable":true,"href":"https:\/\/skssp.eu\/de\/wp-json\/wp\/v2\/users\/1"}],"replies":[{"embeddable":true,"href":"https:\/\/skssp.eu\/de\/wp-json\/wp\/v2\/comments?post=20703"}],"version-history":[{"count":0,"href":"https:\/\/skssp.eu\/de\/wp-json\/wp\/v2\/pages\/20703\/revisions"}],"wp:attachment":[{"href":"https:\/\/skssp.eu\/de\/wp-json\/wp\/v2\/media?parent=20703"}],"curies":[{"name":"wp","href":"https:\/\/api.w.org\/{rel}","templated":true}]}}