{"id":20707,"date":"2022-12-19T14:34:25","date_gmt":"2022-12-19T13:34:25","guid":{"rendered":"https:\/\/skssp.eu\/bedingungen-fuer-die-vergabe-von-meisterschaften\/"},"modified":"2023-10-04T23:33:44","modified_gmt":"2023-10-04T21:33:44","slug":"bedingungen-fuer-die-vergabe-von-meisterschaften","status":"publish","type":"page","link":"https:\/\/skssp.eu\/de\/bedingungen-fuer-die-vergabe-von-meisterschaften\/","title":{"rendered":"Bedingungen f\u00fcr die Vergabe von Meisterschaften"},"content":{"rendered":"\n<h2 class=\"wp-block-heading\"><strong>BEDINGUNGEN F\u00dcR DIE VERGABE VON CLUBTITELN<\/strong><\/h2>\n\n<ul class=\"wp-block-list\">\n<li><strong>Jugendclub-Champion<\/strong><\/li>\n<\/ul>\n\n<p>Dieser Titel kann einem Hund oder einer H\u00fcndin der Rassen Appenzeller Sennenhund, Berner Sennenhund, Entlebucher Sennenhund und Gro\u00dfer Schweizer Sennenhund verliehen werden, die im Besitz eines Mitglieds des Slowakischen Schweizer Sennenhundklubs sind, sofern die folgenden Bedingungen erf\u00fcllt sind:  <\/p>\n\n<p>&#8211; den Titel Slowakischer Jugendsch\u00f6nheitschampion erlangen und 1 CAJC auf einer Klub- oder Spezialausstellung SK\u0160SP erhalten (kann auf die Slowakische Jugendsch\u00f6nheitschampionat angerechnet werden)<\/p>\n\n<p><a href=\"https:\/\/skssp.eu\/wp-content\/uploads\/2022\/12\/Ziadost_KLUBOVY_SAMPION_MLADYCH.doc\" target=\"_blank\" rel=\"noreferrer noopener\">Bewerbung um den Titel Club Junior Champion<\/a><\/p>\n\n<ul class=\"wp-block-list\">\n<li><strong>Clubmeister<\/strong><\/li>\n<\/ul>\n\n<p>  Dieser Titel kann einem Hund oder einer H\u00fcndin der Rassen Appenzeller Sennenhund, Berner Sennenhund, Entlebucher Sennenhund und Gro\u00dfer Schweizer Sennenhund verliehen werden, die im Besitz eines Mitglieds des Slowakischen Schweizer Sennenhundklubs sind, sofern die folgenden Bedingungen erf\u00fcllt sind:  <\/p>\n\n<p>&#8211; drei CAC auf von SK\u0160SP organisierten Ausstellungen (Klub- oder Sonderausstellung),<\/p>\n\n<p>&#8211; Gewinn des Titels &#8222;Club Winner&#8220; bei einer Clubausstellung oder Gewinn des Titels &#8222;Specialty Winner&#8220; bei einer Specialty-Ausstellung<\/p>\n\n<p>Der Klubsiegertitel berechtigt nicht zur Teilnahme an der Championklasse.<\/p>\n\n<p><a href=\"https:\/\/skssp.eu\/wp-content\/uploads\/2023\/01\/Ziadost_KLUBOVY_SAMPION-1.doc\" target=\"_blank\" rel=\"noreferrer noopener\">Bewerbung um den Titel Club Champion<\/a><\/p>\n\n<ul class=\"wp-block-list\">\n<li><strong>Club-Veteranen-Champion<\/strong><\/li>\n<\/ul>\n\n<p>Dieser Titel kann einem Hund oder einer H\u00fcndin der Rassen Appenzeller Sennenhund, Berner Sennenhund, Entlebucher Sennenhund und Gro\u00dfer Schweizer Sennenhund verliehen werden, die im Besitz eines Mitglieds des Slowakischen Schweizer Sennenhundklubs sind, sofern die folgenden Bedingungen erf\u00fcllt sind:<\/p>\n\n<p>&#8211; drei Vorz\u00fcglich 1 auf Ausstellungen in der Slowakei, wovon ein Vorz\u00fcglich 1 auf einer Klub- oder SK\u0160SP-Sonderausstellung erzielt werden muss.<\/p>\n\n<p>Der Titel Club-Veteranen-Champion berechtigt nicht zur Teilnahme an der Championklasse.<\/p>\n\n<p><em>Nach Erf\u00fcllung der oben genannten Bedingungen schickt der Besitzer des Hundes den Antrag auf den Titel zusammen mit einer Fotokopie der PP und der Bescheinigungen der oben genannten Ausstellungen an die Adresse des Pr\u00e4sidenten der SK\u0160SP.<\/em><\/p>\n\n<p><a href=\"https:\/\/skssp.eu\/wp-content\/uploads\/2022\/12\/Ziadost_KLUBOVY_VETERAN_SAMPION.doc\" target=\"_blank\" rel=\"noreferrer noopener\">Bewerbung um den Titel Club Veteran Champion<\/a><\/p>\n","protected":false},"excerpt":{"rendered":"<p>BEDINGUNGEN F\u00dcR DIE VERGABE VON CLUBTITELN Dieser Titel kann einem Hund oder einer H\u00fcndin der Rassen Appenzeller Sennenhund, Berner Sennenhund, Entlebucher Sennenhund und Gro\u00dfer Schweizer Sennenhund verliehen werden, die im Besitz eines Mitglieds des Slowakischen Schweizer Sennenhundklubs sind, sofern die folgenden Bedingungen erf\u00fcllt sind: &#8211; den Titel Slowakischer Jugendsch\u00f6nheitschampion erlangen und 1 CAJC auf einer [&hellip;]<\/p>\n","protected":false},"author":1,"featured_media":0,"parent":0,"menu_order":0,"comment_status":"closed","ping_status":"closed","template":"page_template-akcie.php","meta":{"_monsterinsights_skip_tracking":false,"_monsterinsights_sitenote_active":false,"_monsterinsights_sitenote_note":"","_monsterinsights_sitenote_category":0,"ngg_post_thumbnail":0,"footnotes":""},"class_list":["post-20707","page","type-page","status-publish","hentry"],"acf":[],"yoast_head":"<!-- This site is optimized with the Yoast SEO plugin v27.3 - https:\/\/yoast.com\/product\/yoast-seo-wordpress\/ -->\n<title>Bedingungen f\u00fcr die Vergabe von Meisterschaften | SKSSP<\/title>\n<meta name=\"robots\" content=\"index, follow, max-snippet:-1, max-image-preview:large, max-video-preview:-1\" \/>\n<link rel=\"canonical\" href=\"https:\/\/skssp.eu\/de\/bedingungen-fuer-die-vergabe-von-meisterschaften\/\" \/>\n<meta property=\"og:locale\" content=\"de_DE\" \/>\n<meta property=\"og:type\" content=\"article\" \/>\n<meta property=\"og:title\" content=\"Bedingungen f\u00fcr die Vergabe von Meisterschaften | SKSSP\" \/>\n<meta property=\"og:description\" content=\"BEDINGUNGEN F\u00dcR DIE VERGABE VON CLUBTITELN Dieser Titel kann einem Hund oder einer H\u00fcndin der Rassen Appenzeller Sennenhund, Berner Sennenhund, Entlebucher Sennenhund und Gro\u00dfer Schweizer Sennenhund verliehen werden, die im Besitz eines Mitglieds des Slowakischen Schweizer Sennenhundklubs sind, sofern die folgenden Bedingungen erf\u00fcllt sind: &#8211; den Titel Slowakischer Jugendsch\u00f6nheitschampion erlangen und 1 CAJC auf einer [&hellip;]\" \/>\n<meta property=\"og:url\" content=\"https:\/\/skssp.eu\/de\/bedingungen-fuer-die-vergabe-von-meisterschaften\/\" \/>\n<meta property=\"og:site_name\" content=\"SKSSP\" \/>\n<meta property=\"article:modified_time\" content=\"2023-10-04T21:33:44+00:00\" \/>\n<meta name=\"twitter:card\" content=\"summary_large_image\" \/>\n<meta name=\"twitter:label1\" content=\"Gesch\u00e4tzte Lesezeit\" \/>\n\t<meta name=\"twitter:data1\" content=\"1\u00a0Minute\" \/>\n<script type=\"application\/ld+json\" class=\"yoast-schema-graph\">{\"@context\":\"https:\\\/\\\/schema.org\",\"@graph\":[{\"@type\":\"WebPage\",\"@id\":\"https:\\\/\\\/skssp.eu\\\/de\\\/bedingungen-fuer-die-vergabe-von-meisterschaften\\\/\",\"url\":\"https:\\\/\\\/skssp.eu\\\/de\\\/bedingungen-fuer-die-vergabe-von-meisterschaften\\\/\",\"name\":\"Bedingungen f\u00fcr die Vergabe von Meisterschaften | SKSSP\",\"isPartOf\":{\"@id\":\"https:\\\/\\\/skssp.eu\\\/de\\\/#website\"},\"datePublished\":\"2022-12-19T13:34:25+00:00\",\"dateModified\":\"2023-10-04T21:33:44+00:00\",\"breadcrumb\":{\"@id\":\"https:\\\/\\\/skssp.eu\\\/de\\\/bedingungen-fuer-die-vergabe-von-meisterschaften\\\/#breadcrumb\"},\"inLanguage\":\"de\",\"potentialAction\":[{\"@type\":\"ReadAction\",\"target\":[\"https:\\\/\\\/skssp.eu\\\/de\\\/bedingungen-fuer-die-vergabe-von-meisterschaften\\\/\"]}]},{\"@type\":\"BreadcrumbList\",\"@id\":\"https:\\\/\\\/skssp.eu\\\/de\\\/bedingungen-fuer-die-vergabe-von-meisterschaften\\\/#breadcrumb\",\"itemListElement\":[{\"@type\":\"ListItem\",\"position\":1,\"name\":\"Startseite\",\"item\":\"https:\\\/\\\/skssp.eu\\\/de\\\/startseite\\\/\"},{\"@type\":\"ListItem\",\"position\":2,\"name\":\"Bedingungen f\u00fcr die Vergabe von Meisterschaften\"}]},{\"@type\":\"WebSite\",\"@id\":\"https:\\\/\\\/skssp.eu\\\/de\\\/#website\",\"url\":\"https:\\\/\\\/skssp.eu\\\/de\\\/\",\"name\":\"SKSSP\",\"description\":\"Slovensk\u00fd klub \u0160vaj\u010diarskych sala\u0161n\u00edckych psov\",\"publisher\":{\"@id\":\"https:\\\/\\\/skssp.eu\\\/de\\\/#organization\"},\"potentialAction\":[{\"@type\":\"SearchAction\",\"target\":{\"@type\":\"EntryPoint\",\"urlTemplate\":\"https:\\\/\\\/skssp.eu\\\/de\\\/?s={search_term_string}\"},\"query-input\":{\"@type\":\"PropertyValueSpecification\",\"valueRequired\":true,\"valueName\":\"search_term_string\"}}],\"inLanguage\":\"de\"},{\"@type\":\"Organization\",\"@id\":\"https:\\\/\\\/skssp.eu\\\/de\\\/#organization\",\"name\":\"SKSSP\",\"url\":\"https:\\\/\\\/skssp.eu\\\/de\\\/\",\"logo\":{\"@type\":\"ImageObject\",\"inLanguage\":\"de\",\"@id\":\"https:\\\/\\\/skssp.eu\\\/de\\\/#\\\/schema\\\/logo\\\/image\\\/\",\"url\":\"https:\\\/\\\/skssp.eu\\\/wp-content\\\/uploads\\\/2022\\\/11\\\/cropped-logo_skssp.png\",\"contentUrl\":\"https:\\\/\\\/skssp.eu\\\/wp-content\\\/uploads\\\/2022\\\/11\\\/cropped-logo_skssp.png\",\"width\":512,\"height\":512,\"caption\":\"SKSSP\"},\"image\":{\"@id\":\"https:\\\/\\\/skssp.eu\\\/de\\\/#\\\/schema\\\/logo\\\/image\\\/\"}}]}<\/script>\n<!-- \/ Yoast SEO plugin. -->","yoast_head_json":{"title":"Bedingungen f\u00fcr die Vergabe von Meisterschaften | SKSSP","robots":{"index":"index","follow":"follow","max-snippet":"max-snippet:-1","max-image-preview":"max-image-preview:large","max-video-preview":"max-video-preview:-1"},"canonical":"https:\/\/skssp.eu\/de\/bedingungen-fuer-die-vergabe-von-meisterschaften\/","og_locale":"de_DE","og_type":"article","og_title":"Bedingungen f\u00fcr die Vergabe von Meisterschaften | SKSSP","og_description":"BEDINGUNGEN F\u00dcR DIE VERGABE VON CLUBTITELN Dieser Titel kann einem Hund oder einer H\u00fcndin der Rassen Appenzeller Sennenhund, Berner Sennenhund, Entlebucher Sennenhund und Gro\u00dfer Schweizer Sennenhund verliehen werden, die im Besitz eines Mitglieds des Slowakischen Schweizer Sennenhundklubs sind, sofern die folgenden Bedingungen erf\u00fcllt sind: &#8211; den Titel Slowakischer Jugendsch\u00f6nheitschampion erlangen und 1 CAJC auf einer [&hellip;]","og_url":"https:\/\/skssp.eu\/de\/bedingungen-fuer-die-vergabe-von-meisterschaften\/","og_site_name":"SKSSP","article_modified_time":"2023-10-04T21:33:44+00:00","twitter_card":"summary_large_image","twitter_misc":{"Gesch\u00e4tzte Lesezeit":"1\u00a0Minute"},"schema":{"@context":"https:\/\/schema.org","@graph":[{"@type":"WebPage","@id":"https:\/\/skssp.eu\/de\/bedingungen-fuer-die-vergabe-von-meisterschaften\/","url":"https:\/\/skssp.eu\/de\/bedingungen-fuer-die-vergabe-von-meisterschaften\/","name":"Bedingungen f\u00fcr die Vergabe von Meisterschaften | SKSSP","isPartOf":{"@id":"https:\/\/skssp.eu\/de\/#website"},"datePublished":"2022-12-19T13:34:25+00:00","dateModified":"2023-10-04T21:33:44+00:00","breadcrumb":{"@id":"https:\/\/skssp.eu\/de\/bedingungen-fuer-die-vergabe-von-meisterschaften\/#breadcrumb"},"inLanguage":"de","potentialAction":[{"@type":"ReadAction","target":["https:\/\/skssp.eu\/de\/bedingungen-fuer-die-vergabe-von-meisterschaften\/"]}]},{"@type":"BreadcrumbList","@id":"https:\/\/skssp.eu\/de\/bedingungen-fuer-die-vergabe-von-meisterschaften\/#breadcrumb","itemListElement":[{"@type":"ListItem","position":1,"name":"Startseite","item":"https:\/\/skssp.eu\/de\/startseite\/"},{"@type":"ListItem","position":2,"name":"Bedingungen f\u00fcr die Vergabe von Meisterschaften"}]},{"@type":"WebSite","@id":"https:\/\/skssp.eu\/de\/#website","url":"https:\/\/skssp.eu\/de\/","name":"SKSSP","description":"Slovensk\u00fd klub \u0160vaj\u010diarskych sala\u0161n\u00edckych psov","publisher":{"@id":"https:\/\/skssp.eu\/de\/#organization"},"potentialAction":[{"@type":"SearchAction","target":{"@type":"EntryPoint","urlTemplate":"https:\/\/skssp.eu\/de\/?s={search_term_string}"},"query-input":{"@type":"PropertyValueSpecification","valueRequired":true,"valueName":"search_term_string"}}],"inLanguage":"de"},{"@type":"Organization","@id":"https:\/\/skssp.eu\/de\/#organization","name":"SKSSP","url":"https:\/\/skssp.eu\/de\/","logo":{"@type":"ImageObject","inLanguage":"de","@id":"https:\/\/skssp.eu\/de\/#\/schema\/logo\/image\/","url":"https:\/\/skssp.eu\/wp-content\/uploads\/2022\/11\/cropped-logo_skssp.png","contentUrl":"https:\/\/skssp.eu\/wp-content\/uploads\/2022\/11\/cropped-logo_skssp.png","width":512,"height":512,"caption":"SKSSP"},"image":{"@id":"https:\/\/skssp.eu\/de\/#\/schema\/logo\/image\/"}}]}},"_links":{"self":[{"href":"https:\/\/skssp.eu\/de\/wp-json\/wp\/v2\/pages\/20707","targetHints":{"allow":["GET"]}}],"collection":[{"href":"https:\/\/skssp.eu\/de\/wp-json\/wp\/v2\/pages"}],"about":[{"href":"https:\/\/skssp.eu\/de\/wp-json\/wp\/v2\/types\/page"}],"author":[{"embeddable":true,"href":"https:\/\/skssp.eu\/de\/wp-json\/wp\/v2\/users\/1"}],"replies":[{"embeddable":true,"href":"https:\/\/skssp.eu\/de\/wp-json\/wp\/v2\/comments?post=20707"}],"version-history":[{"count":2,"href":"https:\/\/skssp.eu\/de\/wp-json\/wp\/v2\/pages\/20707\/revisions"}],"predecessor-version":[{"id":42441,"href":"https:\/\/skssp.eu\/de\/wp-json\/wp\/v2\/pages\/20707\/revisions\/42441"}],"wp:attachment":[{"href":"https:\/\/skssp.eu\/de\/wp-json\/wp\/v2\/media?parent=20707"}],"curies":[{"name":"wp","href":"https:\/\/api.w.org\/{rel}","templated":true}]}}