{"id":20711,"date":"2022-12-01T13:51:47","date_gmt":"2022-12-01T12:51:47","guid":{"rendered":"https:\/\/skssp.eu\/gebuehren\/"},"modified":"2024-09-16T20:19:54","modified_gmt":"2024-09-16T18:19:54","slug":"gebuehren","status":"publish","type":"page","link":"https:\/\/skssp.eu\/de\/gebuehren\/","title":{"rendered":"Geb\u00fchren"},"content":{"rendered":"\n<p><strong>EINSCHREIBE- UND GEB\u00dcHRENORDNUNG<\/strong><\/p>\n\n\n\n<p><strong>SLOWAKISCHER CLUB DER SCH\u00dcTZENDEN HUNDE (aktualisiert am 16.9.2024)<\/strong><\/p>\n\n\n\n<ol class=\"wp-block-list\">\n<li><strong>Einschreibegeb\u00fchren<\/strong><\/li>\n<\/ol>\n\n\n\n<figure class=\"wp-block-table no-border\"><table><tbody><tr><td>Clubbeitr\u00e4ge:  <\/td><td>20,- \u20ac<\/td><\/tr><tr><td>J\u00e4hrliche Mitgliedschaft f\u00fcr Einzelmitglieder:<\/td><td>25,- \u20ac<\/td><\/tr><tr><td>Jahresmitgliedschaft f\u00fcr Familienmitgliedschaft:<br>  + f\u00fcr jedes weitere Mitglied<\/td><td>25,- \u20ac + 10,- \u20ac<\/td><\/tr><\/tbody><\/table><\/figure>\n\n\n\n<ol start=\"2\" class=\"wp-block-list\">\n<li><strong>Geb\u00fchren f\u00fcr die Zucht<\/strong><\/li>\n<\/ol>\n\n\n\n<figure class=\"wp-block-table no-border\"><table><tbody><tr><td>&nbsp;<\/td><td><strong>Mitglied der SK\u0160SP<\/strong><\/td><td><strong>Nicht-Mitglied der SK\u0160SP<\/strong><\/td><\/tr><tr><td>Bewertungsgeb\u00fchr:<\/td><td>30,- \u20ac<\/td><td>40,- \u20ac<\/td><\/tr><tr><td>Geb\u00fchr f\u00fcr die Wurfkontrolle:<br>  &#8211; Reisekosten<br>  &#8211; obere Steuerung<\/td><td>0,35 \u20ac \/ km<br>50,- \u20ac<\/td><td>0,35 \u20ac \/ km<br>100,- \u20ac<\/td><\/tr><tr><td>Geb\u00fchr f\u00fcr den Abschluss des Zuchtdienstleistungsvertrags:<\/td><td>&nbsp;<\/td><td>  15,- \u20ac<\/td><\/tr><\/tbody><\/table><\/figure>\n\n\n\n<ol start=\"3\" class=\"wp-block-list\">\n<li><strong>Ausstellungsgeb\u00fchren<\/strong>                           <\/li>\n<\/ol>\n\n\n\n<figure class=\"wp-block-table no-border\"><table><tbody><tr><td>&nbsp;<\/td><td><strong>Mitglied der SK\u0160SP<\/strong><\/td><td><strong>Nicht-Mitglied der SK\u0160SP  <\/strong><\/td><\/tr><tr><td>1.Hund  <\/td><td>30,- \u20ac<\/td><td>50,- \u20ac<\/td><\/tr><tr><td>2.Hund und andere<\/td><td>25,- \u20ac<\/td><td>45,- \u20ac<\/td><\/tr><tr><td>Trotz der Konkurrenz<\/td><td>5,- \u20ac<\/td><td>10,- \u20ac<\/td><\/tr><tr><td>Ehrenklasse<\/td><td>10,- \u20ac<\/td><td>20,- \u20ac<\/td><\/tr><tr><td>J\u00fcngere Dorast, Dorast<\/td><td>5,- \u20ac<\/td><td>10,- \u20ac<\/td><\/tr><tr><td>Veteranen<\/td><td>0,- \u20ac<\/td><td>0,- \u20ac<\/td><\/tr><tr><td>Wettbewerbe<\/td><td>10,- \u20ac<\/td><td>20,- \u20ac<\/td><\/tr><tr><td>Bewerbungen nach Ablauf der Bewerbungsfrist<\/td><td>5,- \u20ac<\/td><td>10,- \u20ac<\/td><\/tr><\/tbody><\/table><\/figure>\n\n\n\n<h2 class=\"wp-block-heading\"><strong>Bankkonto des Clubs<\/strong><\/h2>\n\n\n\n<figure class=\"wp-block-table no-border\"><table><tbody><tr><td><strong>Name des Kontos<\/strong><\/td><td>  Slowakischer Klub f\u00fcr Schweizer Sennenhunde Fu\u010d\u00edkova 1554\/2, 932 01 Ve\u013ek\u00fd Meder<\/td><\/tr><tr><td> <strong>Kontonummer<\/strong><strong>IBAN-Code:<\/strong><strong>SWIFT \/BIC\/ Code: <\/strong><strong>Name der Bank:<\/strong><strong>Hauptsitz der Bank: <\/strong> <\/td><td>  <strong>2921861031\/1100 <\/strong><strong>\n  <em>(SK19 1100 0000 0029 2186 1031)<\/em>\n<\/strong><strong>\n  <em>TATRSKBX<\/em>\n<\/strong><strong>\n  <em>Tatra banka a.s.<\/em>\n<\/strong><strong><em>Hod\u017eovo n\u00e1m. 3, POB 42 850 05 Bratislava<\/em><\/strong><\/td><\/tr><\/tbody><\/table><\/figure>\n","protected":false},"excerpt":{"rendered":"<p>EINSCHREIBE- UND GEB\u00dcHRENORDNUNG SLOWAKISCHER CLUB DER SCH\u00dcTZENDEN HUNDE (aktualisiert am 16.9.2024) Clubbeitr\u00e4ge: 20,- \u20ac J\u00e4hrliche Mitgliedschaft f\u00fcr Einzelmitglieder: 25,- \u20ac Jahresmitgliedschaft f\u00fcr Familienmitgliedschaft: + f\u00fcr jedes weitere Mitglied 25,- \u20ac + 10,- \u20ac &nbsp; Mitglied der SK\u0160SP Nicht-Mitglied der SK\u0160SP Bewertungsgeb\u00fchr: 30,- \u20ac 40,- \u20ac Geb\u00fchr f\u00fcr die Wurfkontrolle: &#8211; Reisekosten &#8211; obere Steuerung 0,35 [&hellip;]<\/p>\n","protected":false},"author":1,"featured_media":0,"parent":0,"menu_order":0,"comment_status":"closed","ping_status":"closed","template":"","meta":{"_monsterinsights_skip_tracking":false,"_monsterinsights_sitenote_active":false,"_monsterinsights_sitenote_note":"","_monsterinsights_sitenote_category":0,"ngg_post_thumbnail":0,"footnotes":""},"class_list":["post-20711","page","type-page","status-publish","hentry"],"acf":[],"yoast_head":"<!-- This site is optimized with the Yoast SEO plugin v27.5 - https:\/\/yoast.com\/product\/yoast-seo-wordpress\/ -->\n<title>Geb\u00fchren | SKSSP<\/title>\n<meta name=\"robots\" content=\"index, follow, max-snippet:-1, max-image-preview:large, max-video-preview:-1\" \/>\n<link rel=\"canonical\" href=\"https:\/\/skssp.eu\/de\/gebuehren\/\" \/>\n<meta property=\"og:locale\" content=\"de_DE\" \/>\n<meta property=\"og:type\" content=\"article\" \/>\n<meta property=\"og:title\" content=\"Geb\u00fchren | SKSSP\" \/>\n<meta property=\"og:description\" content=\"EINSCHREIBE- UND GEB\u00dcHRENORDNUNG SLOWAKISCHER CLUB DER SCH\u00dcTZENDEN HUNDE (aktualisiert am 16.9.2024) Clubbeitr\u00e4ge: 20,- \u20ac J\u00e4hrliche Mitgliedschaft f\u00fcr Einzelmitglieder: 25,- \u20ac Jahresmitgliedschaft f\u00fcr Familienmitgliedschaft: + f\u00fcr jedes weitere Mitglied 25,- \u20ac + 10,- \u20ac &nbsp; Mitglied der SK\u0160SP Nicht-Mitglied der SK\u0160SP Bewertungsgeb\u00fchr: 30,- \u20ac 40,- \u20ac Geb\u00fchr f\u00fcr die Wurfkontrolle: &#8211; Reisekosten &#8211; obere Steuerung 0,35 [&hellip;]\" \/>\n<meta property=\"og:url\" content=\"https:\/\/skssp.eu\/de\/gebuehren\/\" \/>\n<meta property=\"og:site_name\" content=\"SKSSP\" \/>\n<meta property=\"article:modified_time\" content=\"2024-09-16T18:19:54+00:00\" \/>\n<meta name=\"twitter:card\" content=\"summary_large_image\" \/>\n<meta name=\"twitter:label1\" content=\"Gesch\u00e4tzte Lesezeit\" \/>\n\t<meta name=\"twitter:data1\" content=\"1\u00a0Minute\" \/>\n<script type=\"application\/ld+json\" class=\"yoast-schema-graph\">{\"@context\":\"https:\\\/\\\/schema.org\",\"@graph\":[{\"@type\":\"WebPage\",\"@id\":\"https:\\\/\\\/skssp.eu\\\/de\\\/gebuehren\\\/\",\"url\":\"https:\\\/\\\/skssp.eu\\\/de\\\/gebuehren\\\/\",\"name\":\"Geb\u00fchren | SKSSP\",\"isPartOf\":{\"@id\":\"https:\\\/\\\/skssp.eu\\\/de\\\/#website\"},\"datePublished\":\"2022-12-01T12:51:47+00:00\",\"dateModified\":\"2024-09-16T18:19:54+00:00\",\"breadcrumb\":{\"@id\":\"https:\\\/\\\/skssp.eu\\\/de\\\/gebuehren\\\/#breadcrumb\"},\"inLanguage\":\"de\",\"potentialAction\":[{\"@type\":\"ReadAction\",\"target\":[\"https:\\\/\\\/skssp.eu\\\/de\\\/gebuehren\\\/\"]}]},{\"@type\":\"BreadcrumbList\",\"@id\":\"https:\\\/\\\/skssp.eu\\\/de\\\/gebuehren\\\/#breadcrumb\",\"itemListElement\":[{\"@type\":\"ListItem\",\"position\":1,\"name\":\"Startseite\",\"item\":\"https:\\\/\\\/skssp.eu\\\/de\\\/startseite\\\/\"},{\"@type\":\"ListItem\",\"position\":2,\"name\":\"Geb\u00fchren\"}]},{\"@type\":\"WebSite\",\"@id\":\"https:\\\/\\\/skssp.eu\\\/de\\\/#website\",\"url\":\"https:\\\/\\\/skssp.eu\\\/de\\\/\",\"name\":\"SKSSP\",\"description\":\"Slovensk\u00fd klub \u0160vaj\u010diarskych sala\u0161n\u00edckych psov\",\"publisher\":{\"@id\":\"https:\\\/\\\/skssp.eu\\\/de\\\/#organization\"},\"potentialAction\":[{\"@type\":\"SearchAction\",\"target\":{\"@type\":\"EntryPoint\",\"urlTemplate\":\"https:\\\/\\\/skssp.eu\\\/de\\\/?s={search_term_string}\"},\"query-input\":{\"@type\":\"PropertyValueSpecification\",\"valueRequired\":true,\"valueName\":\"search_term_string\"}}],\"inLanguage\":\"de\"},{\"@type\":\"Organization\",\"@id\":\"https:\\\/\\\/skssp.eu\\\/de\\\/#organization\",\"name\":\"SKSSP\",\"url\":\"https:\\\/\\\/skssp.eu\\\/de\\\/\",\"logo\":{\"@type\":\"ImageObject\",\"inLanguage\":\"de\",\"@id\":\"https:\\\/\\\/skssp.eu\\\/de\\\/#\\\/schema\\\/logo\\\/image\\\/\",\"url\":\"https:\\\/\\\/skssp.eu\\\/wp-content\\\/uploads\\\/2022\\\/11\\\/cropped-logo_skssp.png\",\"contentUrl\":\"https:\\\/\\\/skssp.eu\\\/wp-content\\\/uploads\\\/2022\\\/11\\\/cropped-logo_skssp.png\",\"width\":512,\"height\":512,\"caption\":\"SKSSP\"},\"image\":{\"@id\":\"https:\\\/\\\/skssp.eu\\\/de\\\/#\\\/schema\\\/logo\\\/image\\\/\"}}]}<\/script>\n<!-- \/ Yoast SEO plugin. -->","yoast_head_json":{"title":"Geb\u00fchren | SKSSP","robots":{"index":"index","follow":"follow","max-snippet":"max-snippet:-1","max-image-preview":"max-image-preview:large","max-video-preview":"max-video-preview:-1"},"canonical":"https:\/\/skssp.eu\/de\/gebuehren\/","og_locale":"de_DE","og_type":"article","og_title":"Geb\u00fchren | SKSSP","og_description":"EINSCHREIBE- UND GEB\u00dcHRENORDNUNG SLOWAKISCHER CLUB DER SCH\u00dcTZENDEN HUNDE (aktualisiert am 16.9.2024) Clubbeitr\u00e4ge: 20,- \u20ac J\u00e4hrliche Mitgliedschaft f\u00fcr Einzelmitglieder: 25,- \u20ac Jahresmitgliedschaft f\u00fcr Familienmitgliedschaft: + f\u00fcr jedes weitere Mitglied 25,- \u20ac + 10,- \u20ac &nbsp; Mitglied der SK\u0160SP Nicht-Mitglied der SK\u0160SP Bewertungsgeb\u00fchr: 30,- \u20ac 40,- \u20ac Geb\u00fchr f\u00fcr die Wurfkontrolle: &#8211; Reisekosten &#8211; obere Steuerung 0,35 [&hellip;]","og_url":"https:\/\/skssp.eu\/de\/gebuehren\/","og_site_name":"SKSSP","article_modified_time":"2024-09-16T18:19:54+00:00","twitter_card":"summary_large_image","twitter_misc":{"Gesch\u00e4tzte Lesezeit":"1\u00a0Minute"},"schema":{"@context":"https:\/\/schema.org","@graph":[{"@type":"WebPage","@id":"https:\/\/skssp.eu\/de\/gebuehren\/","url":"https:\/\/skssp.eu\/de\/gebuehren\/","name":"Geb\u00fchren | SKSSP","isPartOf":{"@id":"https:\/\/skssp.eu\/de\/#website"},"datePublished":"2022-12-01T12:51:47+00:00","dateModified":"2024-09-16T18:19:54+00:00","breadcrumb":{"@id":"https:\/\/skssp.eu\/de\/gebuehren\/#breadcrumb"},"inLanguage":"de","potentialAction":[{"@type":"ReadAction","target":["https:\/\/skssp.eu\/de\/gebuehren\/"]}]},{"@type":"BreadcrumbList","@id":"https:\/\/skssp.eu\/de\/gebuehren\/#breadcrumb","itemListElement":[{"@type":"ListItem","position":1,"name":"Startseite","item":"https:\/\/skssp.eu\/de\/startseite\/"},{"@type":"ListItem","position":2,"name":"Geb\u00fchren"}]},{"@type":"WebSite","@id":"https:\/\/skssp.eu\/de\/#website","url":"https:\/\/skssp.eu\/de\/","name":"SKSSP","description":"Slovensk\u00fd klub \u0160vaj\u010diarskych sala\u0161n\u00edckych psov","publisher":{"@id":"https:\/\/skssp.eu\/de\/#organization"},"potentialAction":[{"@type":"SearchAction","target":{"@type":"EntryPoint","urlTemplate":"https:\/\/skssp.eu\/de\/?s={search_term_string}"},"query-input":{"@type":"PropertyValueSpecification","valueRequired":true,"valueName":"search_term_string"}}],"inLanguage":"de"},{"@type":"Organization","@id":"https:\/\/skssp.eu\/de\/#organization","name":"SKSSP","url":"https:\/\/skssp.eu\/de\/","logo":{"@type":"ImageObject","inLanguage":"de","@id":"https:\/\/skssp.eu\/de\/#\/schema\/logo\/image\/","url":"https:\/\/skssp.eu\/wp-content\/uploads\/2022\/11\/cropped-logo_skssp.png","contentUrl":"https:\/\/skssp.eu\/wp-content\/uploads\/2022\/11\/cropped-logo_skssp.png","width":512,"height":512,"caption":"SKSSP"},"image":{"@id":"https:\/\/skssp.eu\/de\/#\/schema\/logo\/image\/"}}]}},"_links":{"self":[{"href":"https:\/\/skssp.eu\/de\/wp-json\/wp\/v2\/pages\/20711","targetHints":{"allow":["GET"]}}],"collection":[{"href":"https:\/\/skssp.eu\/de\/wp-json\/wp\/v2\/pages"}],"about":[{"href":"https:\/\/skssp.eu\/de\/wp-json\/wp\/v2\/types\/page"}],"author":[{"embeddable":true,"href":"https:\/\/skssp.eu\/de\/wp-json\/wp\/v2\/users\/1"}],"replies":[{"embeddable":true,"href":"https:\/\/skssp.eu\/de\/wp-json\/wp\/v2\/comments?post=20711"}],"version-history":[{"count":3,"href":"https:\/\/skssp.eu\/de\/wp-json\/wp\/v2\/pages\/20711\/revisions"}],"predecessor-version":[{"id":44259,"href":"https:\/\/skssp.eu\/de\/wp-json\/wp\/v2\/pages\/20711\/revisions\/44259"}],"wp:attachment":[{"href":"https:\/\/skssp.eu\/de\/wp-json\/wp\/v2\/media?parent=20711"}],"curies":[{"name":"wp","href":"https:\/\/api.w.org\/{rel}","templated":true}]}}