{"id":20715,"date":"2022-12-01T17:06:50","date_gmt":"2022-12-01T16:06:50","guid":{"rendered":"https:\/\/skssp.eu\/verfahren-fuer-roentgenaufnahmen\/"},"modified":"2024-08-04T11:49:46","modified_gmt":"2024-08-04T09:49:46","slug":"verfahren-fuer-roentgenaufnahmen","status":"publish","type":"page","link":"https:\/\/skssp.eu\/de\/verfahren-fuer-roentgenaufnahmen\/","title":{"rendered":"Verfahren f\u00fcr R\u00f6ntgenaufnahmen"},"content":{"rendered":"\n<p>Fordern Sie beim Hauptzuchtberater ein Formular zur Beurteilung von H\u00fcft- und Ellbogendysplasie an.<\/p>\n\n\n\n<p>Vereinbaren Sie im Voraus einen Termin in der n\u00e4chstgelegenen Tierarztpraxis, die f\u00fcr die Durchf\u00fchrung von R\u00f6ntgenaufnahmen der Kn\u00f6chel qualifiziert ist.<\/p>\n\n\n\n<p>Bilder der H\u00fcft- und Ellbogengelenke (Schultergelenke f\u00fcr BSP und VSSP) sind zusammen mit einer Kopie des PP, dem Nachweis \u00fcber die Zahlung der Geb\u00fchr und dem ausgef\u00fcllten Formular an eine der genannten Adressen zu senden:<\/p>\n\n\n\n<p><strong>1.<\/strong><br><strong>Prof. MVDr. Valent Ledeck\u00fd, CSc<\/strong><br>044 42 Kosice O\u013e\u0161any 262<br>Orthopet-LED<br>Tel.: 0915 \/ 984 574<br>E-Mail: vlldck@gmail.com<\/p>\n\n\n\n<p>Den Bildern muss eine Kopie der Quittung f\u00fcr die Zahlung der Bewertungsgeb\u00fchr beigef\u00fcgt werden, und Name und Vorname m\u00fcssen in der Zahlung enthalten sein, damit die Zahlungen abgeglichen werden k\u00f6nnen und Prof. Ledecky eine Quittung ausstellen kann.<\/p>\n\n\n\n<p>F\u00fcr die Auswertung von R\u00f6ntgenbildern (HD+ED) betr\u00e4gt die Geb\u00fchr EUR 20,-. Handelt es sich auch um eine Auswertung von OCD-Bildern, erh\u00f6ht sich der Betrag um 10,- EUR.<\/p>\n\n\n\n<p>Kontonummer: 0109154804\/0900. Das Konto wird bei der Slowakischen Sparkasse gef\u00fchrt.<br>IBAN: SK85 0900 0000 0001 0915 4804<\/p>\n\n\n\n<p><strong>2.<\/strong><br><strong>Tierklinik PASEK, s. r. o.<\/strong><br>MVDr. Ivan Pasek<br>Ore\u0161ianska 8881\/1A<br>917 01 Trnava<br>Tel.: 0948 \/ 388 388<\/p>\n\n\n\n<p>Preise f\u00fcr Auswertungsscans, die von einem anderen Tierarzt erstellt wurden:  <br>DBK 10\u20ac\/1 Hund<br>DLK 10\u20ac\/1 Hund<br>OCD 5\u20ac \/1 Hund  <br>Versand- und Bearbeitungskosten 5\u20ac<\/p>\n\n\n\n<p>Bewertungen werden nur per Nachnahme versandt.<\/p>\n\n\n\n<p>Preisliste der DBK, DLK und OCD von MVDr. Paszek (Preise beinhalten Sedierung, Aufwachen, Bildgebung &#8211; 6 Bilder und Auswertung):<br>Berner Sennenhund\/1 R\u00fcde: 120\u20ac (DBK, DLK, OCD)<br>Gro\u00dfer Schweizer Sennenhund\/1 R\u00fcde: 130\u20ac (DBK, DLK, OCD)<br>Appenzeller Hirtenhund\/1 R\u00fcde: 110\u20ac (DBK, DLK, OCD)<br>Entlebucher Hirtenhund \/1 R\u00fcde: 110\u20ac (DBK, DLK, OCD)<\/p>\n\n\n\n<p><strong>3.<\/strong><br>M\u00f6glichkeit der R\u00f6ntgenauswertung in Deutschland:<br><strong>SSV &#8211; HD ZENTRAL<\/strong><br>DR. Silke Wurster<br>Bunsenstra\u00dfe 20<br>59 229 Ahlen<br>Deutschland<\/p>\n\n\n\n<p>Die Geb\u00fchr f\u00fcr die Auswertung von R\u00f6ntgenbildern betr\u00e4gt HD 50 Euro, HD + ED 75 Euro und HD + ED + OCD 90 Euro.<\/p>\n\n\n\n<p>Auf dem Umschlag sollte stehen: SKSSP Privat Gutachten &#8211; Dr. Silke Wurster. Es sollte jedoch ber\u00fccksichtigt werden, dass die Bewertung l\u00e4nger dauert (bis zu drei Monate).<\/p>\n","protected":false},"excerpt":{"rendered":"<p>Fordern Sie beim Hauptzuchtberater ein Formular zur Beurteilung von H\u00fcft- und Ellbogendysplasie an. Vereinbaren Sie im Voraus einen Termin in der n\u00e4chstgelegenen Tierarztpraxis, die f\u00fcr die Durchf\u00fchrung von R\u00f6ntgenaufnahmen der Kn\u00f6chel qualifiziert ist. Bilder der H\u00fcft- und Ellbogengelenke (Schultergelenke f\u00fcr BSP und VSSP) sind zusammen mit einer Kopie des PP, dem Nachweis \u00fcber die Zahlung [&hellip;]<\/p>\n","protected":false},"author":1,"featured_media":0,"parent":0,"menu_order":0,"comment_status":"closed","ping_status":"closed","template":"page_template-chov.php","meta":{"_monsterinsights_skip_tracking":false,"_monsterinsights_sitenote_active":false,"_monsterinsights_sitenote_note":"","_monsterinsights_sitenote_category":0,"ngg_post_thumbnail":0,"footnotes":""},"class_list":["post-20715","page","type-page","status-publish","hentry"],"acf":[],"yoast_head":"<!-- This site is optimized with the Yoast SEO plugin v27.5 - https:\/\/yoast.com\/product\/yoast-seo-wordpress\/ -->\n<title>Verfahren f\u00fcr R\u00f6ntgenaufnahmen | SKSSP<\/title>\n<meta name=\"robots\" content=\"index, follow, max-snippet:-1, max-image-preview:large, max-video-preview:-1\" \/>\n<link rel=\"canonical\" href=\"https:\/\/skssp.eu\/de\/verfahren-fuer-roentgenaufnahmen\/\" \/>\n<meta property=\"og:locale\" content=\"de_DE\" \/>\n<meta property=\"og:type\" content=\"article\" \/>\n<meta property=\"og:title\" content=\"Verfahren f\u00fcr R\u00f6ntgenaufnahmen | SKSSP\" \/>\n<meta property=\"og:description\" content=\"Fordern Sie beim Hauptzuchtberater ein Formular zur Beurteilung von H\u00fcft- und Ellbogendysplasie an. Vereinbaren Sie im Voraus einen Termin in der n\u00e4chstgelegenen Tierarztpraxis, die f\u00fcr die Durchf\u00fchrung von R\u00f6ntgenaufnahmen der Kn\u00f6chel qualifiziert ist. Bilder der H\u00fcft- und Ellbogengelenke (Schultergelenke f\u00fcr BSP und VSSP) sind zusammen mit einer Kopie des PP, dem Nachweis \u00fcber die Zahlung [&hellip;]\" \/>\n<meta property=\"og:url\" content=\"https:\/\/skssp.eu\/de\/verfahren-fuer-roentgenaufnahmen\/\" \/>\n<meta property=\"og:site_name\" content=\"SKSSP\" \/>\n<meta property=\"article:modified_time\" content=\"2024-08-04T09:49:46+00:00\" \/>\n<meta name=\"twitter:card\" content=\"summary_large_image\" \/>\n<meta name=\"twitter:label1\" content=\"Gesch\u00e4tzte Lesezeit\" \/>\n\t<meta name=\"twitter:data1\" content=\"2\u00a0Minuten\" \/>\n<script type=\"application\/ld+json\" class=\"yoast-schema-graph\">{\"@context\":\"https:\\\/\\\/schema.org\",\"@graph\":[{\"@type\":\"WebPage\",\"@id\":\"https:\\\/\\\/skssp.eu\\\/de\\\/verfahren-fuer-roentgenaufnahmen\\\/\",\"url\":\"https:\\\/\\\/skssp.eu\\\/de\\\/verfahren-fuer-roentgenaufnahmen\\\/\",\"name\":\"Verfahren f\u00fcr R\u00f6ntgenaufnahmen | SKSSP\",\"isPartOf\":{\"@id\":\"https:\\\/\\\/skssp.eu\\\/de\\\/#website\"},\"datePublished\":\"2022-12-01T16:06:50+00:00\",\"dateModified\":\"2024-08-04T09:49:46+00:00\",\"breadcrumb\":{\"@id\":\"https:\\\/\\\/skssp.eu\\\/de\\\/verfahren-fuer-roentgenaufnahmen\\\/#breadcrumb\"},\"inLanguage\":\"de\",\"potentialAction\":[{\"@type\":\"ReadAction\",\"target\":[\"https:\\\/\\\/skssp.eu\\\/de\\\/verfahren-fuer-roentgenaufnahmen\\\/\"]}]},{\"@type\":\"BreadcrumbList\",\"@id\":\"https:\\\/\\\/skssp.eu\\\/de\\\/verfahren-fuer-roentgenaufnahmen\\\/#breadcrumb\",\"itemListElement\":[{\"@type\":\"ListItem\",\"position\":1,\"name\":\"Startseite\",\"item\":\"https:\\\/\\\/skssp.eu\\\/de\\\/startseite\\\/\"},{\"@type\":\"ListItem\",\"position\":2,\"name\":\"Verfahren f\u00fcr R\u00f6ntgenaufnahmen\"}]},{\"@type\":\"WebSite\",\"@id\":\"https:\\\/\\\/skssp.eu\\\/de\\\/#website\",\"url\":\"https:\\\/\\\/skssp.eu\\\/de\\\/\",\"name\":\"SKSSP\",\"description\":\"Slovensk\u00fd klub \u0160vaj\u010diarskych sala\u0161n\u00edckych psov\",\"publisher\":{\"@id\":\"https:\\\/\\\/skssp.eu\\\/de\\\/#organization\"},\"potentialAction\":[{\"@type\":\"SearchAction\",\"target\":{\"@type\":\"EntryPoint\",\"urlTemplate\":\"https:\\\/\\\/skssp.eu\\\/de\\\/?s={search_term_string}\"},\"query-input\":{\"@type\":\"PropertyValueSpecification\",\"valueRequired\":true,\"valueName\":\"search_term_string\"}}],\"inLanguage\":\"de\"},{\"@type\":\"Organization\",\"@id\":\"https:\\\/\\\/skssp.eu\\\/de\\\/#organization\",\"name\":\"SKSSP\",\"url\":\"https:\\\/\\\/skssp.eu\\\/de\\\/\",\"logo\":{\"@type\":\"ImageObject\",\"inLanguage\":\"de\",\"@id\":\"https:\\\/\\\/skssp.eu\\\/de\\\/#\\\/schema\\\/logo\\\/image\\\/\",\"url\":\"https:\\\/\\\/skssp.eu\\\/wp-content\\\/uploads\\\/2022\\\/11\\\/cropped-logo_skssp.png\",\"contentUrl\":\"https:\\\/\\\/skssp.eu\\\/wp-content\\\/uploads\\\/2022\\\/11\\\/cropped-logo_skssp.png\",\"width\":512,\"height\":512,\"caption\":\"SKSSP\"},\"image\":{\"@id\":\"https:\\\/\\\/skssp.eu\\\/de\\\/#\\\/schema\\\/logo\\\/image\\\/\"}}]}<\/script>\n<!-- \/ Yoast SEO plugin. -->","yoast_head_json":{"title":"Verfahren f\u00fcr R\u00f6ntgenaufnahmen | SKSSP","robots":{"index":"index","follow":"follow","max-snippet":"max-snippet:-1","max-image-preview":"max-image-preview:large","max-video-preview":"max-video-preview:-1"},"canonical":"https:\/\/skssp.eu\/de\/verfahren-fuer-roentgenaufnahmen\/","og_locale":"de_DE","og_type":"article","og_title":"Verfahren f\u00fcr R\u00f6ntgenaufnahmen | SKSSP","og_description":"Fordern Sie beim Hauptzuchtberater ein Formular zur Beurteilung von H\u00fcft- und Ellbogendysplasie an. Vereinbaren Sie im Voraus einen Termin in der n\u00e4chstgelegenen Tierarztpraxis, die f\u00fcr die Durchf\u00fchrung von R\u00f6ntgenaufnahmen der Kn\u00f6chel qualifiziert ist. Bilder der H\u00fcft- und Ellbogengelenke (Schultergelenke f\u00fcr BSP und VSSP) sind zusammen mit einer Kopie des PP, dem Nachweis \u00fcber die Zahlung [&hellip;]","og_url":"https:\/\/skssp.eu\/de\/verfahren-fuer-roentgenaufnahmen\/","og_site_name":"SKSSP","article_modified_time":"2024-08-04T09:49:46+00:00","twitter_card":"summary_large_image","twitter_misc":{"Gesch\u00e4tzte Lesezeit":"2\u00a0Minuten"},"schema":{"@context":"https:\/\/schema.org","@graph":[{"@type":"WebPage","@id":"https:\/\/skssp.eu\/de\/verfahren-fuer-roentgenaufnahmen\/","url":"https:\/\/skssp.eu\/de\/verfahren-fuer-roentgenaufnahmen\/","name":"Verfahren f\u00fcr R\u00f6ntgenaufnahmen | SKSSP","isPartOf":{"@id":"https:\/\/skssp.eu\/de\/#website"},"datePublished":"2022-12-01T16:06:50+00:00","dateModified":"2024-08-04T09:49:46+00:00","breadcrumb":{"@id":"https:\/\/skssp.eu\/de\/verfahren-fuer-roentgenaufnahmen\/#breadcrumb"},"inLanguage":"de","potentialAction":[{"@type":"ReadAction","target":["https:\/\/skssp.eu\/de\/verfahren-fuer-roentgenaufnahmen\/"]}]},{"@type":"BreadcrumbList","@id":"https:\/\/skssp.eu\/de\/verfahren-fuer-roentgenaufnahmen\/#breadcrumb","itemListElement":[{"@type":"ListItem","position":1,"name":"Startseite","item":"https:\/\/skssp.eu\/de\/startseite\/"},{"@type":"ListItem","position":2,"name":"Verfahren f\u00fcr R\u00f6ntgenaufnahmen"}]},{"@type":"WebSite","@id":"https:\/\/skssp.eu\/de\/#website","url":"https:\/\/skssp.eu\/de\/","name":"SKSSP","description":"Slovensk\u00fd klub \u0160vaj\u010diarskych sala\u0161n\u00edckych psov","publisher":{"@id":"https:\/\/skssp.eu\/de\/#organization"},"potentialAction":[{"@type":"SearchAction","target":{"@type":"EntryPoint","urlTemplate":"https:\/\/skssp.eu\/de\/?s={search_term_string}"},"query-input":{"@type":"PropertyValueSpecification","valueRequired":true,"valueName":"search_term_string"}}],"inLanguage":"de"},{"@type":"Organization","@id":"https:\/\/skssp.eu\/de\/#organization","name":"SKSSP","url":"https:\/\/skssp.eu\/de\/","logo":{"@type":"ImageObject","inLanguage":"de","@id":"https:\/\/skssp.eu\/de\/#\/schema\/logo\/image\/","url":"https:\/\/skssp.eu\/wp-content\/uploads\/2022\/11\/cropped-logo_skssp.png","contentUrl":"https:\/\/skssp.eu\/wp-content\/uploads\/2022\/11\/cropped-logo_skssp.png","width":512,"height":512,"caption":"SKSSP"},"image":{"@id":"https:\/\/skssp.eu\/de\/#\/schema\/logo\/image\/"}}]}},"_links":{"self":[{"href":"https:\/\/skssp.eu\/de\/wp-json\/wp\/v2\/pages\/20715","targetHints":{"allow":["GET"]}}],"collection":[{"href":"https:\/\/skssp.eu\/de\/wp-json\/wp\/v2\/pages"}],"about":[{"href":"https:\/\/skssp.eu\/de\/wp-json\/wp\/v2\/types\/page"}],"author":[{"embeddable":true,"href":"https:\/\/skssp.eu\/de\/wp-json\/wp\/v2\/users\/1"}],"replies":[{"embeddable":true,"href":"https:\/\/skssp.eu\/de\/wp-json\/wp\/v2\/comments?post=20715"}],"version-history":[{"count":1,"href":"https:\/\/skssp.eu\/de\/wp-json\/wp\/v2\/pages\/20715\/revisions"}],"predecessor-version":[{"id":44046,"href":"https:\/\/skssp.eu\/de\/wp-json\/wp\/v2\/pages\/20715\/revisions\/44046"}],"wp:attachment":[{"href":"https:\/\/skssp.eu\/de\/wp-json\/wp\/v2\/media?parent=20715"}],"curies":[{"name":"wp","href":"https:\/\/api.w.org\/{rel}","templated":true}]}}