{"id":20719,"date":"2022-12-01T17:14:53","date_gmt":"2022-12-01T16:14:53","guid":{"rendered":"https:\/\/skssp.eu\/die-pruefung-des-charakters\/"},"modified":"2023-01-14T18:51:02","modified_gmt":"2023-01-14T17:51:02","slug":"die-pruefung-des-charakters","status":"publish","type":"page","link":"https:\/\/skssp.eu\/de\/die-pruefung-des-charakters\/","title":{"rendered":"Die Pr\u00fcfung des Charakters"},"content":{"rendered":"\n<h3 class=\"wp-block-heading\">Der Hund l\u00e4uft an der Leine neben dem Besitzer<\/h3>\n\n<p><strong>Der Hundehalter geht mit seinem Hund auf dem markierten Weg, der Hund ist angeleint. Der Besitzer gibt das Kommando, sich zu setzen, und sie setzen ihren Weg fort. Der Befehl wird 3 Mal wiederholt.<\/strong><\/p>\n\n<ul class=\"wp-block-list\">\n<li><strong>ausgezeichnet<\/strong> &#8211; der Hund geht ruhig am Bein, reagiert freudig auf das Kommando des Besitzers, die K\u00f6rperhaltung ist ruhig, ohne Spannung.<\/li>\n\n\n\n<li><strong>ausreichend<\/strong> &#8211; der Hund spannt die Leine an, neigt dazu, spontan zu gehen, respektiert die Anweisungen des Besitzers nicht, das Kommando wird nur nach Wiederholung oder gar nicht befolgt, die K\u00f6rperhaltung ist angespannt, zeigt aber keine Anzeichen von Aggression oder \u00c4ngstlichkeit.<\/li>\n\n\n\n<li><strong>nicht genug<\/strong> &#8211; der Hund ruckt an der Leine, weigert sich, Befehle zu befolgen, die K\u00f6rperhaltung deutet auf Angst (eingezogene Rute, gespitzte Ohren, geduckt) oder Aggression (Z\u00e4hneklappern, verfilztes Fell usw.) hin<\/li>\n<\/ul>\n\n<h3 class=\"wp-block-heading\">Der Hund wird von einer fremden Person gef\u00fchrt<\/h3>\n\n<p><strong>Der Hund wird von einer fremden Person an der Leine \u00fcber eine markierte Strecke gef\u00fchrt, der Hund wird von seinem Besitzer beaufsichtigt, der die Person begleitet und mit ihr spricht.<\/strong><\/p>\n\n<ul class=\"wp-block-list\">\n<li><strong>hervorragend<\/strong> &#8211; der Hund begleitet die Person ruhig, bei Unruhe kann der Halter den Hund zurechtweisen, der Hund geht nach einer kurzen Ermahnung oder Schelte ruhig in der markierten Route weiter.<\/li>\n\n\n\n<li><strong>genug<\/strong> &#8211; ein Hund an der Leine folgt einem Menschen nur nach wiederholter Ermahnung, folgt st\u00e4ndig dem Besitzer, ist beherrschbar.<\/li>\n\n\n\n<li><strong>unzureichend<\/strong> &#8211; ein angeleinter Hund weigert sich, einem Fremden zu folgen, da hilft auch das Schimpfen des Besitzers nicht. Reagiert aggressiv oder \u00e4ngstlich.<\/li>\n<\/ul>\n\n<h3 class=\"wp-block-heading\">Der Besitzer f\u00fchrt den Hund gegen\u00fcber einer fremden Person<\/h3>\n\n<p><strong>Der Besitzer f\u00fchrt den Hund direkt gegen\u00fcber dem Fremden, sie geben sich die Hand, der Besitzer gibt das Kommando &#8222;Sitz&#8220;, sie beginnen ein Gespr\u00e4ch, der Fremde streichelt den Hund sanft hinter den Ohren.<\/strong><\/p>\n\n<ul class=\"wp-block-list\">\n<li><strong>ausgezeichnet<\/strong> &#8211; der Hund folgt dem Gespr\u00e4ch aufmerksam, reagiert freundlich bei Begegnungen, genie\u00dft die Aufmerksamkeit eines Fremden. Auf Kommando setzt er sich ruhig hin.<\/li>\n\n\n\n<li><strong>genug<\/strong> &#8211; der Hund geht nur ungern zum Menschen, das Kommando &#8222;Sitz&#8220; wird nur auf wiederholtes Kommando befolgt, in der Sitzposition zeigt er Unruhe, er neigt dazu, sich zu entfernen, er will nicht gestreichelt werden.<\/li>\n\n\n\n<li><strong>unzureichend<\/strong> &#8211; der Hund weigert sich, zur Person zu gehen, gehorcht dem Kommando nicht, verweigert den Kontakt, will weglaufen. Reagiert aggressiv oder \u00e4ngstlich.<\/li>\n<\/ul>\n\n<h3 class=\"wp-block-heading\">Ein Hund und eine Gruppe von Menschen im Gespr\u00e4ch<\/h3>\n\n<p><strong><strong><strong><strong>Der Besitzer f\u00fchrt den Hund zu einer Gruppe von Menschen, die sich unterhalten. Sie werden sich bei ihrer Ankunft gegenseitig gr\u00fc\u00dfen. Der Besitzer geht mit dem Hund mehrmals zwischen den Menschen hin und her (Slalom), manche Menschen streicheln den Hund auf dem R\u00fccken, hinter den Ohren, am Kopf. Die Ber\u00fchrungen sind kurz und nicht gewaltt\u00e4tig.<\/strong><\/strong><\/strong><\/strong><\/p>\n\n<ul class=\"wp-block-list\">\n<li><strong>ausgezeichnet<\/strong> &#8211; der Hund ist fr\u00f6hlich, ruhig, beobachtet seinen Besitzer aufmerksam, ist leicht zu f\u00fchren. Er reagiert auf Kontakte fr\u00f6hlich, ruhig und aufmerksam.<\/li>\n\n\n\n<li><strong>genug<\/strong> &#8211; der Hund ist nur nach wiederholten Ermahnungen des Besitzers beherrschbar, aber die Befehle werden befolgt, er zappelt und dreht sich bei Ber\u00fchrung, sie sind ihm unangenehm.<\/li>\n\n\n\n<li><strong>unzureichend<\/strong> &#8211; der Hund weigert sich, zur Gruppe zu gehen, bei Ber\u00fchrung rei\u00dft er an der Leine, ist aggressiv oder \u00e4ngstlich.<\/li>\n<\/ul>\n\n<h3 class=\"wp-block-heading\">Hund trifft anderen Hund<\/h3>\n\n<p><strong>Der Hund wird vom Besitzer an der Leine gef\u00fchrt, eine andere Person mit einem angeleinten Hund geht ihnen gegen\u00fcber. Wenn sie sich treffen, gr\u00fc\u00dfen sie sich und gehen weiter. Nachdem sie 20 Meter gelaufen sind, drehen sich beide um, gehen aufeinander zu, begr\u00fc\u00dfen sich, geben sich die Hand und streicheln den anderen Hund, wenn sie sich begegnen.<\/strong><\/p>\n\n<ul class=\"wp-block-list\">\n<li><strong>Ausgezeichnet<\/strong> &#8211; der Hund folgt dem Besitzer eng, wenn er begr\u00fc\u00dft wird, l\u00e4sst er sich leicht durch einen sanften Verweis kontrollieren. Bei der Wiederbegegnung begr\u00fc\u00dft er den anderen Hund. Er zeigt keine Anzeichen von Aggression oder Sch\u00fcchternheit. Er ist nicht phlegmatisch.<\/li>\n\n\n\n<li><strong>ausreichend<\/strong> &#8211; der Hund folgt dem Besitzer nur nach wiederholter Ermahnung, verweigert den Kontakt mit dem anderen Hund, ist phlegmatisch oder knurrt im Gegenteil, greift aber nicht an.<\/li>\n\n\n\n<li><strong>unzureichend<\/strong> &#8211; der Hund weigert sich, dem Besitzer zu folgen und zu gehorchen, ist aggressiv oder \u00e4ngstlich, wenn er einem anderen Hund begegnet. Er zeigt kein Interesse an einem Kontakt.<\/li>\n<\/ul>\n\n<h3 class=\"wp-block-heading\">Ein Fremder mit einem Hund n\u00e4hert sich dem verlassenen Hund<\/h3>\n\n<p><strong>Der Halter l\u00e4sst den Hund unangeleint und mit einem Clip oder einer Stange gesichert zur\u00fcck, geht weg, und eine andere Person n\u00e4hert sich dem Hund. Es wird keinen Kontakt geben. Die Person mit dem Hund geht ruhig vor dem aufgeschobenen Hund her, ohne ein Zeichen des Anhaltens. Die Person dreht sich nach ein paar Metern um und geht zur\u00fcck. Als er sich dem Hund n\u00e4hert, bleibt er stehen und spricht mit ihm, dann geht er weiter.<\/strong><\/p>\n\n<ul class=\"wp-block-list\">\n<li><strong>ausgezeichnet<\/strong> &#8211; der Hund liegt ruhig, er ist freundlich. Er kann aufstehen, er will sich kennenlernen oder spielen.<\/li>\n\n\n\n<li><strong>genug<\/strong> &#8211; nach dem Einschl\u00e4fern ist der Hund unruhig, winselt, will den Besitzer suchen. Nach wiederholtem Aufschieben beruhigt sich der Hund. Auf die Ankunft eines Fremden reagiert er stumpf oder abweisend.<\/li>\n\n\n\n<li><strong>unzureichend<\/strong> &#8211; der Hund ist nach dem Hinlegen sehr unruhig und weigert sich, sich zu beruhigen, auch nach wiederholtem Hinlegen. Er reagiert \u00e4ngstlich auf die Ankunft eines Fremden, will weglaufen, oder im Gegenteil, er ist aggressiv, will mit dem Hund k\u00e4mpfen.<\/li>\n<\/ul>\n\n<h3 class=\"wp-block-heading\">Reaktion auf visuelle oder auditive Reize<\/h3>\n\n<p><strong>Reaktion auf ungew\u00f6hnliche visuelle oder auditive Reize. Der Besitzer geht mit dem angeleinten Hund \u00fcber ein vorher vorbereitetes unangenehmes Terrain (unter der Decke liegen zerkn\u00fcllte Plastikflaschen, Donuts oder eine Matte, ein Gummibaum oder eine andere unangenehme Unterlage), aus dem Radio ert\u00f6nt laute Musik, aus der Ferne ist ein Schuss (oder ein fallengelassener Topf, Eimer usw.) zu h\u00f6ren.<\/strong><\/p>\n\n<ul class=\"wp-block-list\">\n<li><strong>ausgezeichnet<\/strong> &#8211; der Hund geht ruhig mit dem Besitzer \u00fcber die Fl\u00e4che, kann ihn beschn\u00fcffeln, reagiert ruhig auf Stimmreize, bei Aufregung beruhigt er sich schnell, nachdem der Besitzer mit ihm gesprochen hat.<\/li>\n\n\n\n<li><strong>genug<\/strong> &#8211; der Hund geht erst nach wiederholten Versuchen auf der Oberfl\u00e4che, er reagiert unruhig auf Stimmreize, er muss l\u00e4nger ermahnt werden.<\/li>\n\n\n\n<li><strong>unzureichend<\/strong> &#8211; der Hund weigert sich, \u00fcber die Oberfl\u00e4che zu gehen, reagiert sehr unruhig auf Stimmreize, will weglaufen, kann sich nicht beruhigen.<\/li>\n<\/ul>\n\n<h3 class=\"wp-block-heading\">Punktevergabe und Ergebnis<\/h3>\n\n<p><strong>Punktevergabe<\/strong><\/p>\n\n<ul class=\"wp-block-list\">\n<li>ausgezeichnet &#8211; 2 Punkte<\/li>\n\n\n\n<li>ausreichend &#8211; 1 Punkt<\/li>\n\n\n\n<li>unzureichend &#8211; 0 Punkte<\/li>\n<\/ul>\n\n<p><\/p>\n\n<p><strong>Ergebnis<\/strong><\/p>\n\n<ul class=\"wp-block-list\">\n<li>ausgezeichnet &#8211; mindestens 11 Punkte<\/li>\n\n\n\n<li>bestanden &#8211; von 6 bis 10 Punkten<\/li>\n\n\n\n<li>nicht bestanden &#8211; weniger als 6 Punkte<\/li>\n<\/ul>\n","protected":false},"excerpt":{"rendered":"<p>Der Hund l\u00e4uft an der Leine neben dem Besitzer Der Hundehalter geht mit seinem Hund auf dem markierten Weg, der Hund ist angeleint. Der Besitzer gibt das Kommando, sich zu setzen, und sie setzen ihren Weg fort. Der Befehl wird 3 Mal wiederholt. Der Hund wird von einer fremden Person gef\u00fchrt Der Hund wird von [&hellip;]<\/p>\n","protected":false},"author":1,"featured_media":0,"parent":0,"menu_order":0,"comment_status":"closed","ping_status":"closed","template":"page_template-chov.php","meta":{"_monsterinsights_skip_tracking":false,"_monsterinsights_sitenote_active":false,"_monsterinsights_sitenote_note":"","_monsterinsights_sitenote_category":0,"ngg_post_thumbnail":0,"footnotes":""},"class_list":["post-20719","page","type-page","status-publish","hentry"],"acf":[],"yoast_head":"<!-- This site is optimized with the Yoast SEO plugin v27.3 - https:\/\/yoast.com\/product\/yoast-seo-wordpress\/ -->\n<title>Die Pr\u00fcfung des Charakters | SKSSP<\/title>\n<meta name=\"robots\" content=\"index, follow, max-snippet:-1, max-image-preview:large, max-video-preview:-1\" \/>\n<link rel=\"canonical\" href=\"https:\/\/skssp.eu\/de\/die-pruefung-des-charakters\/\" \/>\n<meta property=\"og:locale\" content=\"de_DE\" \/>\n<meta property=\"og:type\" content=\"article\" \/>\n<meta property=\"og:title\" content=\"Die Pr\u00fcfung des Charakters | SKSSP\" \/>\n<meta property=\"og:description\" content=\"Der Hund l\u00e4uft an der Leine neben dem Besitzer Der Hundehalter geht mit seinem Hund auf dem markierten Weg, der Hund ist angeleint. Der Besitzer gibt das Kommando, sich zu setzen, und sie setzen ihren Weg fort. Der Befehl wird 3 Mal wiederholt. Der Hund wird von einer fremden Person gef\u00fchrt Der Hund wird von [&hellip;]\" \/>\n<meta property=\"og:url\" content=\"https:\/\/skssp.eu\/de\/die-pruefung-des-charakters\/\" \/>\n<meta property=\"og:site_name\" content=\"SKSSP\" \/>\n<meta property=\"article:modified_time\" content=\"2023-01-14T17:51:02+00:00\" \/>\n<meta name=\"twitter:card\" content=\"summary_large_image\" \/>\n<meta name=\"twitter:label1\" content=\"Gesch\u00e4tzte Lesezeit\" \/>\n\t<meta name=\"twitter:data1\" content=\"5\u00a0Minuten\" \/>\n<script type=\"application\/ld+json\" class=\"yoast-schema-graph\">{\"@context\":\"https:\\\/\\\/schema.org\",\"@graph\":[{\"@type\":\"WebPage\",\"@id\":\"https:\\\/\\\/skssp.eu\\\/de\\\/die-pruefung-des-charakters\\\/\",\"url\":\"https:\\\/\\\/skssp.eu\\\/de\\\/die-pruefung-des-charakters\\\/\",\"name\":\"Die Pr\u00fcfung des Charakters | SKSSP\",\"isPartOf\":{\"@id\":\"https:\\\/\\\/skssp.eu\\\/de\\\/#website\"},\"datePublished\":\"2022-12-01T16:14:53+00:00\",\"dateModified\":\"2023-01-14T17:51:02+00:00\",\"breadcrumb\":{\"@id\":\"https:\\\/\\\/skssp.eu\\\/de\\\/die-pruefung-des-charakters\\\/#breadcrumb\"},\"inLanguage\":\"de\",\"potentialAction\":[{\"@type\":\"ReadAction\",\"target\":[\"https:\\\/\\\/skssp.eu\\\/de\\\/die-pruefung-des-charakters\\\/\"]}]},{\"@type\":\"BreadcrumbList\",\"@id\":\"https:\\\/\\\/skssp.eu\\\/de\\\/die-pruefung-des-charakters\\\/#breadcrumb\",\"itemListElement\":[{\"@type\":\"ListItem\",\"position\":1,\"name\":\"Startseite\",\"item\":\"https:\\\/\\\/skssp.eu\\\/de\\\/startseite\\\/\"},{\"@type\":\"ListItem\",\"position\":2,\"name\":\"Die Pr\u00fcfung des Charakters\"}]},{\"@type\":\"WebSite\",\"@id\":\"https:\\\/\\\/skssp.eu\\\/de\\\/#website\",\"url\":\"https:\\\/\\\/skssp.eu\\\/de\\\/\",\"name\":\"SKSSP\",\"description\":\"Slovensk\u00fd klub \u0160vaj\u010diarskych sala\u0161n\u00edckych psov\",\"publisher\":{\"@id\":\"https:\\\/\\\/skssp.eu\\\/de\\\/#organization\"},\"potentialAction\":[{\"@type\":\"SearchAction\",\"target\":{\"@type\":\"EntryPoint\",\"urlTemplate\":\"https:\\\/\\\/skssp.eu\\\/de\\\/?s={search_term_string}\"},\"query-input\":{\"@type\":\"PropertyValueSpecification\",\"valueRequired\":true,\"valueName\":\"search_term_string\"}}],\"inLanguage\":\"de\"},{\"@type\":\"Organization\",\"@id\":\"https:\\\/\\\/skssp.eu\\\/de\\\/#organization\",\"name\":\"SKSSP\",\"url\":\"https:\\\/\\\/skssp.eu\\\/de\\\/\",\"logo\":{\"@type\":\"ImageObject\",\"inLanguage\":\"de\",\"@id\":\"https:\\\/\\\/skssp.eu\\\/de\\\/#\\\/schema\\\/logo\\\/image\\\/\",\"url\":\"https:\\\/\\\/skssp.eu\\\/wp-content\\\/uploads\\\/2022\\\/11\\\/cropped-logo_skssp.png\",\"contentUrl\":\"https:\\\/\\\/skssp.eu\\\/wp-content\\\/uploads\\\/2022\\\/11\\\/cropped-logo_skssp.png\",\"width\":512,\"height\":512,\"caption\":\"SKSSP\"},\"image\":{\"@id\":\"https:\\\/\\\/skssp.eu\\\/de\\\/#\\\/schema\\\/logo\\\/image\\\/\"}}]}<\/script>\n<!-- \/ Yoast SEO plugin. -->","yoast_head_json":{"title":"Die Pr\u00fcfung des Charakters | SKSSP","robots":{"index":"index","follow":"follow","max-snippet":"max-snippet:-1","max-image-preview":"max-image-preview:large","max-video-preview":"max-video-preview:-1"},"canonical":"https:\/\/skssp.eu\/de\/die-pruefung-des-charakters\/","og_locale":"de_DE","og_type":"article","og_title":"Die Pr\u00fcfung des Charakters | SKSSP","og_description":"Der Hund l\u00e4uft an der Leine neben dem Besitzer Der Hundehalter geht mit seinem Hund auf dem markierten Weg, der Hund ist angeleint. Der Besitzer gibt das Kommando, sich zu setzen, und sie setzen ihren Weg fort. Der Befehl wird 3 Mal wiederholt. Der Hund wird von einer fremden Person gef\u00fchrt Der Hund wird von [&hellip;]","og_url":"https:\/\/skssp.eu\/de\/die-pruefung-des-charakters\/","og_site_name":"SKSSP","article_modified_time":"2023-01-14T17:51:02+00:00","twitter_card":"summary_large_image","twitter_misc":{"Gesch\u00e4tzte Lesezeit":"5\u00a0Minuten"},"schema":{"@context":"https:\/\/schema.org","@graph":[{"@type":"WebPage","@id":"https:\/\/skssp.eu\/de\/die-pruefung-des-charakters\/","url":"https:\/\/skssp.eu\/de\/die-pruefung-des-charakters\/","name":"Die Pr\u00fcfung des Charakters | SKSSP","isPartOf":{"@id":"https:\/\/skssp.eu\/de\/#website"},"datePublished":"2022-12-01T16:14:53+00:00","dateModified":"2023-01-14T17:51:02+00:00","breadcrumb":{"@id":"https:\/\/skssp.eu\/de\/die-pruefung-des-charakters\/#breadcrumb"},"inLanguage":"de","potentialAction":[{"@type":"ReadAction","target":["https:\/\/skssp.eu\/de\/die-pruefung-des-charakters\/"]}]},{"@type":"BreadcrumbList","@id":"https:\/\/skssp.eu\/de\/die-pruefung-des-charakters\/#breadcrumb","itemListElement":[{"@type":"ListItem","position":1,"name":"Startseite","item":"https:\/\/skssp.eu\/de\/startseite\/"},{"@type":"ListItem","position":2,"name":"Die Pr\u00fcfung des Charakters"}]},{"@type":"WebSite","@id":"https:\/\/skssp.eu\/de\/#website","url":"https:\/\/skssp.eu\/de\/","name":"SKSSP","description":"Slovensk\u00fd klub \u0160vaj\u010diarskych sala\u0161n\u00edckych psov","publisher":{"@id":"https:\/\/skssp.eu\/de\/#organization"},"potentialAction":[{"@type":"SearchAction","target":{"@type":"EntryPoint","urlTemplate":"https:\/\/skssp.eu\/de\/?s={search_term_string}"},"query-input":{"@type":"PropertyValueSpecification","valueRequired":true,"valueName":"search_term_string"}}],"inLanguage":"de"},{"@type":"Organization","@id":"https:\/\/skssp.eu\/de\/#organization","name":"SKSSP","url":"https:\/\/skssp.eu\/de\/","logo":{"@type":"ImageObject","inLanguage":"de","@id":"https:\/\/skssp.eu\/de\/#\/schema\/logo\/image\/","url":"https:\/\/skssp.eu\/wp-content\/uploads\/2022\/11\/cropped-logo_skssp.png","contentUrl":"https:\/\/skssp.eu\/wp-content\/uploads\/2022\/11\/cropped-logo_skssp.png","width":512,"height":512,"caption":"SKSSP"},"image":{"@id":"https:\/\/skssp.eu\/de\/#\/schema\/logo\/image\/"}}]}},"_links":{"self":[{"href":"https:\/\/skssp.eu\/de\/wp-json\/wp\/v2\/pages\/20719","targetHints":{"allow":["GET"]}}],"collection":[{"href":"https:\/\/skssp.eu\/de\/wp-json\/wp\/v2\/pages"}],"about":[{"href":"https:\/\/skssp.eu\/de\/wp-json\/wp\/v2\/types\/page"}],"author":[{"embeddable":true,"href":"https:\/\/skssp.eu\/de\/wp-json\/wp\/v2\/users\/1"}],"replies":[{"embeddable":true,"href":"https:\/\/skssp.eu\/de\/wp-json\/wp\/v2\/comments?post=20719"}],"version-history":[{"count":0,"href":"https:\/\/skssp.eu\/de\/wp-json\/wp\/v2\/pages\/20719\/revisions"}],"wp:attachment":[{"href":"https:\/\/skssp.eu\/de\/wp-json\/wp\/v2\/media?parent=20719"}],"curies":[{"name":"wp","href":"https:\/\/api.w.org\/{rel}","templated":true}]}}