{"id":20727,"date":"2022-12-01T13:46:59","date_gmt":"2022-12-01T12:46:59","guid":{"rendered":"https:\/\/skssp.eu\/formulare-dokumente-zum-herunterladen\/"},"modified":"2026-01-04T18:41:12","modified_gmt":"2026-01-04T17:41:12","slug":"formulare-dokumente-zum-herunterladen","status":"publish","type":"page","link":"https:\/\/skssp.eu\/de\/formulare-dokumente-zum-herunterladen\/","title":{"rendered":"Formulare\/Dokumente zum Herunterladen"},"content":{"rendered":"\n<div class=\"wp-block-file\"><a id=\"wp-block-file--media-3b4020f8-01c5-49a6-8781-927076097e00\" href=\"https:\/\/skssp.eu\/wp-content\/uploads\/2026\/01\/prihlaska-do-klubu-2024.docx\">Vereinsantrag<\/a><\/div>\n\n\n\n<div class=\"wp-block-file\"><a id=\"wp-block-file--media-fda684cc-392c-49c7-905e-08482c81f521\" href=\"https:\/\/skssp.eu\/de\/oboznamenie_dotknutych_osob-2\/\">Unterrichtung der betroffenen Personen \u00fcber die Bedingungen f\u00fcr die Verarbeitung personenbezogener Daten<\/a><\/div>\n\n\n\n<div class=\"wp-block-file\"><a id=\"wp-block-file--media-93ae50b3-66b6-4077-9d98-1ca54cf226a8\" href=\"https:\/\/skssp.eu\/de\/organizacna_smernica_k_spracovaniu_ou-2\/\">Organisatorische Richtlinie \u00fcber die Verarbeitung personenbezogener Daten<\/a><\/div>\n\n\n\n<div class=\"wp-block-file\"><a id=\"wp-block-file--media-a657758b-e548-43a4-87dd-e7096a71e80a\" href=\"https:\/\/skssp.eu\/tlaciva-dokumenty-na-stiahnutie\/hlasenieoumrti\/\">Meldung des Todes eines Hundes<\/a><\/div>\n\n\n\n<div class=\"wp-block-file\"><a id=\"wp-block-file--media-984eb3d5-0dfa-418d-bd6d-d5741e1a936a\" href=\"https:\/\/skssp.eu\/de\/aktualizacia-2\/\">Formular &#8211; Datenaktualisierung<\/a><\/div>\n\n\n\n<div class=\"wp-block-file\"><a id=\"wp-block-file--media-569c2844-55fb-407b-b5bc-2db65344b6e8\" href=\"https:\/\/skssp.eu\/de\/tlacivo-rtg-2015-2\/\">Antrag auf R\u00f6ntgenbeurteilung<\/a><\/div>\n\n\n\n<div class=\"wp-block-file\"><a id=\"wp-block-file--media-26c88dc3-c513-4241-9685-3b3958068f82\" href=\"https:\/\/skssp.eu\/de\/ziadost-o-kl-2\/\">Bewerbung f\u00fcr ein Anschreiben<\/a><\/div>\n\n\n\n<p><a href=\"https:\/\/www.unkk.sk\/phpmenu.php?s=16\">Antrag auf Ausstellung einer Hundestammbaumkarte f\u00fcr die Ausfuhr<\/a><\/p>\n\n\n\n<p><a href=\"https:\/\/unkk.sk\/phpmenu.php?s=186\">Antrag auf einen gesch\u00fctzten Namen f\u00fcr eine eingetragene Rasse &#8211; Link zu UKK<\/a><\/p>\n\n\n\n<p><a href=\"https:\/\/www.svps.sk\/zvierata\/spolocenske.php\"><\/a><a href=\"https:\/\/www.svps.sk\/zvierata\/spolocenske.php\">Registrierung einer Zuchtanlage f\u00fcr Heimtiere &#8211; Link zur SVPS SR<\/a><\/p>\n\n\n\n<div class=\"wp-block-file\"><a id=\"wp-block-file--media-fbdc7d4b-f18a-4fe7-9ca3-1c6cc7434794\" href=\"https:\/\/skssp.eu\/de\/hlasenie-o-kryti-2\/\">Erfassungsbereich<\/a><\/div>\n\n\n\n<div class=\"wp-block-file\"><a id=\"wp-block-file--media-fbdc7d4b-f18a-4fe7-9ca3-1c6cc7434794\" href=\"https:\/\/skssp.eu\/de\/hlasenie-o-vrhu-2-2\/\">Wurfbericht<\/a><\/div>\n\n\n\n<p><a href=\"https:\/\/www.unkk.sk\/phpmenu.php?s=16\">Bescheinigung \u00fcber die Identit\u00e4tspr\u00fcfung des Hundes<\/a><\/p>\n\n\n\n<div class=\"wp-block-file\"><a id=\"wp-block-file--media-f4a7721d-6e67-4c71-bd17-bc54ee49d956\" href=\"https:\/\/skssp.eu\/de\/prihlaskapesroka-3\/\">Anmeldeformular f\u00fcr den Wettbewerb &#8222;Hund des Jahres<\/a><\/div>\n\n\n\n<p><a href=\"https:\/\/skj.sk\/sampionaty\/sampion-prace\/\">Bewerbung um den Titel des Labour Champion<\/a><\/p>\n\n\n\n<p><a href=\"https:\/\/skj.sk\/sampionaty\/grand-sampion\/\">Bewerbung um den Titel Slowakischer Gro\u00dfmeister<\/a><\/p>\n\n\n\n<p><a href=\"https:\/\/skj.sk\/sampionaty\/sampion-mladych\/\">Bewerbung um den Titel Slowakischer Jugendsch\u00f6nheitschampion<\/a><\/p>\n\n\n\n<p><a href=\"https:\/\/skj.sk\/sampionaty\/sampion-sr\/\">Bewerbung um den Titel Slowakischer Sch\u00f6nheitschampion<\/a><\/p>\n\n\n\n<p><a href=\"https:\/\/skj.sk\/sampionaty\/sampion-veteran\/\">Bewerbung um den Titel Slowakischer Veteranen-Sch\u00f6nheitschampion<\/a><\/p>\n\n\n\n<p><a href=\"https:\/\/www.unkk.sk\/phpmenu.php?s=16\">Antrag auf Wiedereintragung der Zuchttauglichkeit<\/a><\/p>\n\n\n\n<p><a href=\"https:\/\/www.unkk.sk\/phpmenu.php?s=16\">Antrag auf einen Anhang zur Ahnentafel des Hundes<\/a><\/p>\n\n\n\n<p><a href=\"https:\/\/www.unkk.sk\/phpmenu.php?s=16\">Antrag auf ein Duplikat der Ahnentafel des Hundes<\/a><\/p>\n\n\n\n<div class=\"wp-block-file\"><a id=\"wp-block-file--media-d7865c3b-6543-4276-be31-33eb0d3c0db8\" href=\"https:\/\/skssp.eu\/de\/ziadost_klubovy_veteran_sampion-2\/\">Bewerbung um den Titel Club Veteran Champion<\/a><\/div>\n\n\n\n<div class=\"wp-block-file\"><a id=\"wp-block-file--media-d7865c3b-6543-4276-be31-33eb0d3c0db8\" href=\"https:\/\/skssp.eu\/de\/ziadost_klubovy_sampion-2\/\">Bewerbung um den Titel Club Champion<\/a><\/div>\n\n\n\n<div class=\"wp-block-file\"><a id=\"wp-block-file--media-d7865c3b-6543-4276-be31-33eb0d3c0db8\" href=\"https:\/\/skssp.eu\/de\/ziadost_klubovy_sampion_mladych-2\/\">Bewerbung um den Titel Club Junior Champion<\/a><\/div>\n\n\n\n<div style=\"height:40px\" aria-hidden=\"true\" class=\"wp-block-spacer\"><\/div>\n\n\n\n<p><strong>Wenn Sie daran interessiert sind, eine Anzeige oder einen Link auf der Club-Website zu ver\u00f6ffentlichen; bzw. Werbung oder Werbung im Ausstellungskatalog w\u00fcnschen und Ihren Mitgliedsbeitrag bezahlt haben, k\u00f6nnen Sie sich an folgende Adresse wenden<\/strong> <a href=\"mailto:skwebskssp@gmail.com\">skwebskssp@gmail.com<\/a><strong>! Dieser Service ist f\u00fcr alle Mitglieder kostenlos.<\/strong><\/p>\n","protected":false},"excerpt":{"rendered":"<p>Antrag auf Ausstellung einer Hundestammbaumkarte f\u00fcr die Ausfuhr Antrag auf einen gesch\u00fctzten Namen f\u00fcr eine eingetragene Rasse &#8211; Link zu UKK Registrierung einer Zuchtanlage f\u00fcr Heimtiere &#8211; Link zur SVPS SR Bescheinigung \u00fcber die Identit\u00e4tspr\u00fcfung des Hundes Bewerbung um den Titel des Labour Champion Bewerbung um den Titel Slowakischer Gro\u00dfmeister Bewerbung um den Titel Slowakischer [&hellip;]<\/p>\n","protected":false},"author":1,"featured_media":0,"parent":0,"menu_order":0,"comment_status":"closed","ping_status":"closed","template":"","meta":{"_monsterinsights_skip_tracking":false,"_monsterinsights_sitenote_active":false,"_monsterinsights_sitenote_note":"","_monsterinsights_sitenote_category":0,"ngg_post_thumbnail":0,"footnotes":""},"class_list":["post-20727","page","type-page","status-publish","hentry"],"acf":[],"yoast_head":"<!-- This site is optimized with the Yoast SEO plugin v27.4 - https:\/\/yoast.com\/product\/yoast-seo-wordpress\/ -->\n<title>Formulare\/Dokumente zum Herunterladen | SKSSP<\/title>\n<meta name=\"robots\" content=\"index, follow, max-snippet:-1, max-image-preview:large, max-video-preview:-1\" \/>\n<link rel=\"canonical\" href=\"https:\/\/skssp.eu\/de\/formulare-dokumente-zum-herunterladen\/\" \/>\n<meta property=\"og:locale\" content=\"de_DE\" \/>\n<meta property=\"og:type\" content=\"article\" \/>\n<meta property=\"og:title\" content=\"Formulare\/Dokumente zum Herunterladen | SKSSP\" \/>\n<meta property=\"og:description\" content=\"Antrag auf Ausstellung einer Hundestammbaumkarte f\u00fcr die Ausfuhr Antrag auf einen gesch\u00fctzten Namen f\u00fcr eine eingetragene Rasse &#8211; Link zu UKK Registrierung einer Zuchtanlage f\u00fcr Heimtiere &#8211; Link zur SVPS SR Bescheinigung \u00fcber die Identit\u00e4tspr\u00fcfung des Hundes Bewerbung um den Titel des Labour Champion Bewerbung um den Titel Slowakischer Gro\u00dfmeister Bewerbung um den Titel Slowakischer [&hellip;]\" \/>\n<meta property=\"og:url\" content=\"https:\/\/skssp.eu\/de\/formulare-dokumente-zum-herunterladen\/\" \/>\n<meta property=\"og:site_name\" content=\"SKSSP\" \/>\n<meta property=\"article:modified_time\" content=\"2026-01-04T17:41:12+00:00\" \/>\n<meta name=\"twitter:card\" content=\"summary_large_image\" \/>\n<meta name=\"twitter:label1\" content=\"Gesch\u00e4tzte Lesezeit\" \/>\n\t<meta name=\"twitter:data1\" content=\"2\u00a0Minuten\" \/>\n<script type=\"application\/ld+json\" class=\"yoast-schema-graph\">{\"@context\":\"https:\\\/\\\/schema.org\",\"@graph\":[{\"@type\":\"WebPage\",\"@id\":\"https:\\\/\\\/skssp.eu\\\/de\\\/formulare-dokumente-zum-herunterladen\\\/\",\"url\":\"https:\\\/\\\/skssp.eu\\\/de\\\/formulare-dokumente-zum-herunterladen\\\/\",\"name\":\"Formulare\\\/Dokumente zum Herunterladen | SKSSP\",\"isPartOf\":{\"@id\":\"https:\\\/\\\/skssp.eu\\\/de\\\/#website\"},\"datePublished\":\"2022-12-01T12:46:59+00:00\",\"dateModified\":\"2026-01-04T17:41:12+00:00\",\"breadcrumb\":{\"@id\":\"https:\\\/\\\/skssp.eu\\\/de\\\/formulare-dokumente-zum-herunterladen\\\/#breadcrumb\"},\"inLanguage\":\"de\",\"potentialAction\":[{\"@type\":\"ReadAction\",\"target\":[\"https:\\\/\\\/skssp.eu\\\/de\\\/formulare-dokumente-zum-herunterladen\\\/\"]}]},{\"@type\":\"BreadcrumbList\",\"@id\":\"https:\\\/\\\/skssp.eu\\\/de\\\/formulare-dokumente-zum-herunterladen\\\/#breadcrumb\",\"itemListElement\":[{\"@type\":\"ListItem\",\"position\":1,\"name\":\"Startseite\",\"item\":\"https:\\\/\\\/skssp.eu\\\/de\\\/startseite\\\/\"},{\"@type\":\"ListItem\",\"position\":2,\"name\":\"Formulare\\\/Dokumente zum Herunterladen\"}]},{\"@type\":\"WebSite\",\"@id\":\"https:\\\/\\\/skssp.eu\\\/de\\\/#website\",\"url\":\"https:\\\/\\\/skssp.eu\\\/de\\\/\",\"name\":\"SKSSP\",\"description\":\"Slovensk\u00fd klub \u0160vaj\u010diarskych sala\u0161n\u00edckych psov\",\"publisher\":{\"@id\":\"https:\\\/\\\/skssp.eu\\\/de\\\/#organization\"},\"potentialAction\":[{\"@type\":\"SearchAction\",\"target\":{\"@type\":\"EntryPoint\",\"urlTemplate\":\"https:\\\/\\\/skssp.eu\\\/de\\\/?s={search_term_string}\"},\"query-input\":{\"@type\":\"PropertyValueSpecification\",\"valueRequired\":true,\"valueName\":\"search_term_string\"}}],\"inLanguage\":\"de\"},{\"@type\":\"Organization\",\"@id\":\"https:\\\/\\\/skssp.eu\\\/de\\\/#organization\",\"name\":\"SKSSP\",\"url\":\"https:\\\/\\\/skssp.eu\\\/de\\\/\",\"logo\":{\"@type\":\"ImageObject\",\"inLanguage\":\"de\",\"@id\":\"https:\\\/\\\/skssp.eu\\\/de\\\/#\\\/schema\\\/logo\\\/image\\\/\",\"url\":\"https:\\\/\\\/skssp.eu\\\/wp-content\\\/uploads\\\/2022\\\/11\\\/cropped-logo_skssp.png\",\"contentUrl\":\"https:\\\/\\\/skssp.eu\\\/wp-content\\\/uploads\\\/2022\\\/11\\\/cropped-logo_skssp.png\",\"width\":512,\"height\":512,\"caption\":\"SKSSP\"},\"image\":{\"@id\":\"https:\\\/\\\/skssp.eu\\\/de\\\/#\\\/schema\\\/logo\\\/image\\\/\"}}]}<\/script>\n<!-- \/ Yoast SEO plugin. -->","yoast_head_json":{"title":"Formulare\/Dokumente zum Herunterladen | SKSSP","robots":{"index":"index","follow":"follow","max-snippet":"max-snippet:-1","max-image-preview":"max-image-preview:large","max-video-preview":"max-video-preview:-1"},"canonical":"https:\/\/skssp.eu\/de\/formulare-dokumente-zum-herunterladen\/","og_locale":"de_DE","og_type":"article","og_title":"Formulare\/Dokumente zum Herunterladen | SKSSP","og_description":"Antrag auf Ausstellung einer Hundestammbaumkarte f\u00fcr die Ausfuhr Antrag auf einen gesch\u00fctzten Namen f\u00fcr eine eingetragene Rasse &#8211; Link zu UKK Registrierung einer Zuchtanlage f\u00fcr Heimtiere &#8211; Link zur SVPS SR Bescheinigung \u00fcber die Identit\u00e4tspr\u00fcfung des Hundes Bewerbung um den Titel des Labour Champion Bewerbung um den Titel Slowakischer Gro\u00dfmeister Bewerbung um den Titel Slowakischer [&hellip;]","og_url":"https:\/\/skssp.eu\/de\/formulare-dokumente-zum-herunterladen\/","og_site_name":"SKSSP","article_modified_time":"2026-01-04T17:41:12+00:00","twitter_card":"summary_large_image","twitter_misc":{"Gesch\u00e4tzte Lesezeit":"2\u00a0Minuten"},"schema":{"@context":"https:\/\/schema.org","@graph":[{"@type":"WebPage","@id":"https:\/\/skssp.eu\/de\/formulare-dokumente-zum-herunterladen\/","url":"https:\/\/skssp.eu\/de\/formulare-dokumente-zum-herunterladen\/","name":"Formulare\/Dokumente zum Herunterladen | SKSSP","isPartOf":{"@id":"https:\/\/skssp.eu\/de\/#website"},"datePublished":"2022-12-01T12:46:59+00:00","dateModified":"2026-01-04T17:41:12+00:00","breadcrumb":{"@id":"https:\/\/skssp.eu\/de\/formulare-dokumente-zum-herunterladen\/#breadcrumb"},"inLanguage":"de","potentialAction":[{"@type":"ReadAction","target":["https:\/\/skssp.eu\/de\/formulare-dokumente-zum-herunterladen\/"]}]},{"@type":"BreadcrumbList","@id":"https:\/\/skssp.eu\/de\/formulare-dokumente-zum-herunterladen\/#breadcrumb","itemListElement":[{"@type":"ListItem","position":1,"name":"Startseite","item":"https:\/\/skssp.eu\/de\/startseite\/"},{"@type":"ListItem","position":2,"name":"Formulare\/Dokumente zum Herunterladen"}]},{"@type":"WebSite","@id":"https:\/\/skssp.eu\/de\/#website","url":"https:\/\/skssp.eu\/de\/","name":"SKSSP","description":"Slovensk\u00fd klub \u0160vaj\u010diarskych sala\u0161n\u00edckych psov","publisher":{"@id":"https:\/\/skssp.eu\/de\/#organization"},"potentialAction":[{"@type":"SearchAction","target":{"@type":"EntryPoint","urlTemplate":"https:\/\/skssp.eu\/de\/?s={search_term_string}"},"query-input":{"@type":"PropertyValueSpecification","valueRequired":true,"valueName":"search_term_string"}}],"inLanguage":"de"},{"@type":"Organization","@id":"https:\/\/skssp.eu\/de\/#organization","name":"SKSSP","url":"https:\/\/skssp.eu\/de\/","logo":{"@type":"ImageObject","inLanguage":"de","@id":"https:\/\/skssp.eu\/de\/#\/schema\/logo\/image\/","url":"https:\/\/skssp.eu\/wp-content\/uploads\/2022\/11\/cropped-logo_skssp.png","contentUrl":"https:\/\/skssp.eu\/wp-content\/uploads\/2022\/11\/cropped-logo_skssp.png","width":512,"height":512,"caption":"SKSSP"},"image":{"@id":"https:\/\/skssp.eu\/de\/#\/schema\/logo\/image\/"}}]}},"_links":{"self":[{"href":"https:\/\/skssp.eu\/de\/wp-json\/wp\/v2\/pages\/20727","targetHints":{"allow":["GET"]}}],"collection":[{"href":"https:\/\/skssp.eu\/de\/wp-json\/wp\/v2\/pages"}],"about":[{"href":"https:\/\/skssp.eu\/de\/wp-json\/wp\/v2\/types\/page"}],"author":[{"embeddable":true,"href":"https:\/\/skssp.eu\/de\/wp-json\/wp\/v2\/users\/1"}],"replies":[{"embeddable":true,"href":"https:\/\/skssp.eu\/de\/wp-json\/wp\/v2\/comments?post=20727"}],"version-history":[{"count":8,"href":"https:\/\/skssp.eu\/de\/wp-json\/wp\/v2\/pages\/20727\/revisions"}],"predecessor-version":[{"id":45552,"href":"https:\/\/skssp.eu\/de\/wp-json\/wp\/v2\/pages\/20727\/revisions\/45552"}],"wp:attachment":[{"href":"https:\/\/skssp.eu\/de\/wp-json\/wp\/v2\/media?parent=20727"}],"curies":[{"name":"wp","href":"https:\/\/api.w.org\/{rel}","templated":true}]}}