{"id":20737,"date":"2022-12-01T16:44:01","date_gmt":"2022-12-01T15:44:01","guid":{"rendered":"https:\/\/skssp.eu\/grosser-schweizer-sennenhund\/"},"modified":"2023-01-14T18:56:45","modified_gmt":"2023-01-14T17:56:45","slug":"grosser-schweizer-sennenhund","status":"publish","type":"page","link":"https:\/\/skssp.eu\/de\/grosser-schweizer-sennenhund\/","title":{"rendered":"GROSSER SCHWEIZER SENNENHUND"},"content":{"rendered":"\n<h3 class=\"wp-block-heading\">F.C.I. Standard Nr. 58 \/05.05.2003\/<\/h3>\n\n<p><br\/><strong>URSPRUNGSLAND:<\/strong> Schweiz<br\/><br\/><strong>DATUM DER VER\u00d6FFENTLICHUNG DES G\u00dcLTIGEN ORIGINALS DER NORM:<\/strong> 25.03.2003<br\/><br\/><strong>VERWENDUNG:<\/strong> Urspr\u00fcnglich ein Wach- und Zughund, heute auch ein Begleithund, Besch\u00fctzer und Familienhund.<br\/><br\/><strong>FCI-RESERVIERUNG:<\/strong> Gruppe II: Pinscher und Beardies, Molosser, Schweizer Sennenhunde und andere Rassen, Sektion 3 Schweizer Sennenhunde. Ohne einen funktionierenden Test.<br\/><br\/><strong>EINEN KURZEN \u00dcBERBLICK \u00dcBER DIE HERKUNFT:<\/strong><br\/>Im Jahr 1908, anl\u00e4sslich der Jubil\u00e4umsausstellung zum 25. Anl\u00e4sslich des Jubil\u00e4ums der Schweizerischen Kynologischen Gesellschaft (SKG) wurden dem grossen Verfechter des Schweizer Sennenhundes, Prof. Albert Heim, zwei kurzhaarige Berner Sennenhunde zur Beurteilung vorgelegt. Er erkannte in ihnen eine alte, fast ausgestorbene Rasse &#8211; den gro\u00dfen Sch\u00e4fer- oder Metzgerhund, dessen Vorfahren in Mitteleuropa als Metzger, Wachhunde und Zughunde gez\u00fcchtet worden waren. Im Jahr 1909 erkannte die SKG die Rasse als eigenst\u00e4ndige Rasse an und trug sie in das Schweizerische Hundestammbuch (Band 12) ein. 1912 wurde der &#8222;Klub der Grossen Schweizerischen Sch\u00e4ferhunde&#8220; zum Zweck der Weiterentwicklung und Reinzucht der Rasse gegr\u00fcndet. Bis zu 5. Im Februar 1939 wurde der Rassestandard zum ersten Mal durch die FCI ver\u00f6ffentlicht. Heute wird der Gro\u00dfe Schweizer Sch\u00e4ferhund dank seines ruhigen und zuverl\u00e4ssigen Wesens auch in anderen europ\u00e4ischen L\u00e4ndern als Familienhund gez\u00fcchtet und gehalten.<br\/><br\/><strong>ALLGEMEINE BESCHREIBUNG:<\/strong><br\/>Dreifarbiger, st\u00e4mmiger Hund mit kr\u00e4ftigen Knochen und gut bemuskelt. Trotz seiner Gr\u00f6\u00dfe und seines Gewichts zeichnet er sich durch Ausdauer und Beweglichkeit aus. Die Geschlechtsmerkmale von R\u00fcde und H\u00fcndin sind unterschiedlich.<br\/><br\/><strong>WICHTIGE PROPORTIONEN:Rumpfl\u00e4nge<\/strong>(gemessen von der Spitze des Brustbeins bis zum Sitzbeinh\u00f6cker) : Widerristh\u00f6he = 10 : 9Brusttiefe : Widerristh\u00f6he = 1 : 2L\u00e4nge des Oberkopfes : L\u00e4nge des Fangs = 1 : 1Breite des Sch\u00e4dels : Breite des Fangs = 2 : 1<\/p>\n\n<p><strong>VERHALTEN\/CHARAKTER:<\/strong><br\/>Selbstbewusst, aufmerksam, wachsam und furchtlos in allt\u00e4glichen Situationen, gutm\u00fctig und loyal gegen\u00fcber vertrauten Personen, selbstbewusst gegen\u00fcber Fremden, von mittlerem Temperament.<\/p>\n\n<p><strong>KOPF:<\/strong><br\/>Dem K\u00f6rper entsprechend kr\u00e4ftig, aber nicht schwer. Der Kopf des Hundes ist dicker als der Kopf der H\u00fcndin.<\/p>\n\n<p><strong>OBERKOPF:<\/strong>Sch\u00e4del: flach und breit. Vom Beginn der Stirn verl\u00e4uft die Medianfurche bis zum Ende des Sch\u00e4dels; Stopp: Nicht sehr ausgepr\u00e4gt.<\/p>\n\n<p><strong>ABDECKTEIL:<\/strong>Schwarz.Pantoffel: Dick, eher l\u00e4nger als tief, oben und an den Seiten nicht spitz. Nasenr\u00fccken gerade, ohne Mittelfurche Lefzen: Leicht geformt, eng anliegend, schwarz pigmentiert. Kiefer, Z\u00e4hne: Starker Kiefer. Vollst\u00e4ndiges, kr\u00e4ftiges und regelm\u00e4\u00dfiges Scherengebiss. Das Fehlen von zwei Z\u00e4hnen (Pr\u00e4molar 1 und\/oder Pr\u00e4molar 2) wird toleriert. M3 (Backenz\u00e4hne 3) nicht ber\u00fccksichtigt Augen: Mittelgro\u00df, mandelf\u00f6rmig, nicht tiefliegend oder konvex, haselnussbraun bis kastanienbraun. Heller, freundlicher Ausdruck. Augenlider gut anliegend, dunkel pigmentiert, Ohren: Mittelgro\u00df, dreieckig und ziemlich hoch angesetzt. Im Ruhezustand flach anliegend, bei Aufmerksamkeit nach vorne aufgerichtet. Au\u00dfen und innen \u00fcppig behaart.<\/p>\n\n<p><strong>KRK:<\/strong><br\/>Stark, muskul\u00f6s, eher st\u00e4mmig. Kein Lappen.<\/p>\n\n<p><strong>K\u00d6RPER:<\/strong><br\/>Etwas l\u00e4nger als die Armaturenh\u00f6he, R\u00fccken: Lenden: Breit und stark bemuskelt, Kruppe: Lang und breit, in leichtem Bogen fallend. Brust: Kr\u00e4ftig, breit, bis zu den Ellenbogengelenken reichend. Brustkorb im Querschnitt rund-oval, weder flach noch tonnenf\u00f6rmig. Vorbrust gut entwickelt, Unterlinie und Bauch: Bauch und Leiste leicht eingezogen.<\/p>\n\n<p><strong>CHVOST:<\/strong><br\/>In harmonischer Fortsetzung der Kreuze angesetzt, ziemlich schwer, bis zum Fersengelenk reichend; in der Ruhe h\u00e4ngend, in der Dehnung und Bewegung h\u00f6her und leicht gerundet getragen, aber niemals gebogen oder \u00fcberdreht nach hinten getragen.<\/p>\n\n<p><strong>FINALE:<\/strong><br\/><strong>SCHULTER:<\/strong>Schulterblatt lang, kr\u00e4ftig, schr\u00e4g, eng anliegend und gut bemuskelt, mit der Schulter einen nicht zu stumpfen Winkel bildend.Unterarm: Kr\u00e4ftig, gerade.Daumen: Kr\u00e4ftig, in der Vorderansicht eine direkte Fortsetzung des Unterarms, in der Seitenansicht fast senkrecht stehend.<\/p>\n\n<p><strong>PELVIC LIMBS:<\/strong>Allgemeines: gerade und nicht zu eng gestellte Gliedma\u00dfen, Stirn und Pfoten sind nicht eingezogen oder nach au\u00dfen gedreht, wenn man sie von hinten betrachtet. Wolfskrallen m\u00fcssen entfernt werden, au\u00dfer in L\u00e4ndern, in denen das Entfernen von Wolfskrallen strengstens verboten ist.Oberschenkel: Ziemlich lang, Oberschenkel breit und gut bemuskelt.Kniegelenk: Deutlich stumpf gewinkelt.Wade: Relativ langes Fersengelenk: Kr\u00e4ftig und gut gewinkelt.<\/p>\n\n<p><strong>LABKY:<\/strong><br\/>Kr\u00e4ftig, gerader Kopf, mit eng anliegenden, gut gebogenen Zehen und kr\u00e4ftigen Krallen.<\/p>\n\n<p><strong>BEWEGUNG:<\/strong><br\/>Gro\u00dfz\u00fcgig, gleichm\u00e4\u00dfig in allen Bewegungsarten, ausgepr\u00e4gte freie Vorw\u00e4rtsbewegung mit ausgepr\u00e4gtem Schwung der Hinterhand, im Trab von vorne und hinten gesehen, sichtbar gerade Gliedma\u00dfenlinie.<\/p>\n\n<p><strong>EINRICHTUNG:<\/strong><br\/><strong>ABSCHNITT:<\/strong><br\/>Hartes, dichtes, mittellanges Fell mit einer dichten, dunkelgrauen bis schwarzen Unterwolle. Das kurze Deckhaar \u00fcberwiegt gegen\u00fcber der Unterwolle.<\/p>\n\n<p><strong>SFARBENIE:<\/strong><br\/>Typische Trikolore. Grundfarbe schwarz mit symmetrischer rotbrauner und wei\u00dfer Zeichnung. Das Rotbraun befindet sich zwischen den schwarz-wei\u00dfen Abzeichen auf den Wangen, \u00fcber den Augen, auf der Innenseite des Ohrs, an den Seiten der Brust, auf allen vier Beinen und auf der Unterseite des Schwanzes. Wei\u00dfe Abzeichen finden sich am Kopf (Maul und Schnauze), an der Kehle und an der Brust (ungebrochen), an den Pfoten und an der Schwanzspitze. Zwischen dem Haaransatz und den r\u00f6tlich-braunen Abzeichen \u00fcber den Augen muss ein schwarzer Streifen verbleiben. Ein wei\u00dfer Fleck am Hals (Nacken) oder ein wei\u00dfer Kragen werden toleriert.<\/p>\n\n<p><strong>H\u00d6HE:<\/strong><br\/>Wasserhahnh\u00f6hePsi: 65 &#8211; 72 cmH\u00fcfte: 60 &#8211; 68 cm<\/p>\n\n<p><strong>FEHLER:<\/strong><br\/>Jede Abweichung von diesen Punkten wird als Fehler gewertet. Ihr Wert muss im Verh\u00e4ltnis zum Grad der Abweichung und unter Ber\u00fccksichtigung ihrer Schwere stehen.<\/p>\n\n<ul class=\"wp-block-list\">\n<li>unsicheres Verhalten<\/li>\n\n\n\n<li>fehlende Z\u00e4hne, mehr als 2 Pr\u00e4molaren (PM1 und\/oder PM2). M3 wird nicht ber\u00fccksichtigt. Zeckenbiss.<\/li>\n\n\n\n<li>helle Augen, unzureichend geschlossene Augenlider<\/li>\n\n\n\n<li>Frisur\n<ul class=\"wp-block-list\">\n<li>eine durchscheinende gelblich braune oder hellgraue Unterwolle<\/li>\n\n\n\n<li>unreine Farbe<\/li>\n<\/ul>\n<\/li>\n\n\n\n<li>Zeichnungsfehler:\n<ul class=\"wp-block-list\">\n<li>fehlende Kopfzeichnung, zu breiter Haaransatz<\/li>\n\n\n\n<li>wei\u00dfe Zeichnung auf der Schnauze, die deutlich \u00fcber die Lefzenwinkel hinausgeht<\/li>\n\n\n\n<li>ein wei\u00dfer Stiefel, der h\u00f6her als das Handgelenk oder das Fersengelenk reicht.<\/li>\n\n\n\n<li>auffallend asymmetrische Zeichnung<\/li>\n<\/ul>\n<\/li>\n<\/ul>\n\n<p><strong>AUSSCHLIE\u00dfENDE DEFEKTE:<\/strong>schwere Charakterfehler (\u00c4ngstlichkeit oder Aggressivit\u00e4t)Unterbiss, \u00dcberbiss, Kreuzbiss, Entropium oder beide blaue Augen (Eisauge)kurzes Fell mit fehlender Unterwollelanges FellFehlen von Dreifarbigkeitandere Grundfarbe als Schwarz<\/p>\n\n<p>Hunde, die offensichtliche physische oder Verhaltensanomalien aufweisen, werden disqualifiziert.<\/p>\n\n<p><strong>KOMMENTAR:<\/strong><br\/>Hunde m\u00fcssen zwei offensichtlich normal entwickelte Hoden haben, die in den Hodensack herabh\u00e4ngen.<\/p>\n","protected":false},"excerpt":{"rendered":"<p>F.C.I. Standard Nr. 58 \/05.05.2003\/ URSPRUNGSLAND: Schweiz DATUM DER VER\u00d6FFENTLICHUNG DES G\u00dcLTIGEN ORIGINALS DER NORM: 25.03.2003 VERWENDUNG: Urspr\u00fcnglich ein Wach- und Zughund, heute auch ein Begleithund, Besch\u00fctzer und Familienhund. FCI-RESERVIERUNG: Gruppe II: Pinscher und Beardies, Molosser, Schweizer Sennenhunde und andere Rassen, Sektion 3 Schweizer Sennenhunde. Ohne einen funktionierenden Test. EINEN KURZEN \u00dcBERBLICK \u00dcBER DIE HERKUNFT:Im [&hellip;]<\/p>\n","protected":false},"author":1,"featured_media":0,"parent":0,"menu_order":0,"comment_status":"closed","ping_status":"closed","template":"page-plemena.php","meta":{"_monsterinsights_skip_tracking":false,"_monsterinsights_sitenote_active":false,"_monsterinsights_sitenote_note":"","_monsterinsights_sitenote_category":0,"ngg_post_thumbnail":0,"footnotes":""},"class_list":["post-20737","page","type-page","status-publish","hentry"],"acf":[],"yoast_head":"<!-- This site is optimized with the Yoast SEO plugin v27.2 - https:\/\/yoast.com\/product\/yoast-seo-wordpress\/ -->\n<title>GROSSER SCHWEIZER SENNENHUND | SKSSP<\/title>\n<meta name=\"robots\" content=\"index, follow, max-snippet:-1, max-image-preview:large, max-video-preview:-1\" \/>\n<link rel=\"canonical\" href=\"https:\/\/skssp.eu\/de\/grosser-schweizer-sennenhund\/\" \/>\n<meta property=\"og:locale\" content=\"de_DE\" \/>\n<meta property=\"og:type\" content=\"article\" \/>\n<meta property=\"og:title\" content=\"GROSSER SCHWEIZER SENNENHUND | SKSSP\" \/>\n<meta property=\"og:description\" content=\"F.C.I. Standard Nr. 58 \/05.05.2003\/ URSPRUNGSLAND: Schweiz DATUM DER VER\u00d6FFENTLICHUNG DES G\u00dcLTIGEN ORIGINALS DER NORM: 25.03.2003 VERWENDUNG: Urspr\u00fcnglich ein Wach- und Zughund, heute auch ein Begleithund, Besch\u00fctzer und Familienhund. FCI-RESERVIERUNG: Gruppe II: Pinscher und Beardies, Molosser, Schweizer Sennenhunde und andere Rassen, Sektion 3 Schweizer Sennenhunde. Ohne einen funktionierenden Test. EINEN KURZEN \u00dcBERBLICK \u00dcBER DIE HERKUNFT:Im [&hellip;]\" \/>\n<meta property=\"og:url\" content=\"https:\/\/skssp.eu\/de\/grosser-schweizer-sennenhund\/\" \/>\n<meta property=\"og:site_name\" content=\"SKSSP\" \/>\n<meta property=\"article:modified_time\" content=\"2023-01-14T17:56:45+00:00\" \/>\n<meta name=\"twitter:card\" content=\"summary_large_image\" \/>\n<meta name=\"twitter:label1\" content=\"Gesch\u00e4tzte Lesezeit\" \/>\n\t<meta name=\"twitter:data1\" content=\"5\u00a0Minuten\" \/>\n<script type=\"application\/ld+json\" class=\"yoast-schema-graph\">{\"@context\":\"https:\/\/schema.org\",\"@graph\":[{\"@type\":\"WebPage\",\"@id\":\"https:\/\/skssp.eu\/de\/grosser-schweizer-sennenhund\/\",\"url\":\"https:\/\/skssp.eu\/de\/grosser-schweizer-sennenhund\/\",\"name\":\"GROSSER SCHWEIZER SENNENHUND | SKSSP\",\"isPartOf\":{\"@id\":\"https:\/\/skssp.eu\/de\/#website\"},\"datePublished\":\"2022-12-01T15:44:01+00:00\",\"dateModified\":\"2023-01-14T17:56:45+00:00\",\"breadcrumb\":{\"@id\":\"https:\/\/skssp.eu\/de\/grosser-schweizer-sennenhund\/#breadcrumb\"},\"inLanguage\":\"de\",\"potentialAction\":[{\"@type\":\"ReadAction\",\"target\":[\"https:\/\/skssp.eu\/de\/grosser-schweizer-sennenhund\/\"]}]},{\"@type\":\"BreadcrumbList\",\"@id\":\"https:\/\/skssp.eu\/de\/grosser-schweizer-sennenhund\/#breadcrumb\",\"itemListElement\":[{\"@type\":\"ListItem\",\"position\":1,\"name\":\"Startseite\",\"item\":\"https:\/\/skssp.eu\/de\/startseite\/\"},{\"@type\":\"ListItem\",\"position\":2,\"name\":\"GROSSER SCHWEIZER SENNENHUND\"}]},{\"@type\":\"WebSite\",\"@id\":\"https:\/\/skssp.eu\/de\/#website\",\"url\":\"https:\/\/skssp.eu\/de\/\",\"name\":\"SKSSP\",\"description\":\"Slovensk\u00fd klub \u0160vaj\u010diarskych sala\u0161n\u00edckych psov\",\"publisher\":{\"@id\":\"https:\/\/skssp.eu\/de\/#organization\"},\"potentialAction\":[{\"@type\":\"SearchAction\",\"target\":{\"@type\":\"EntryPoint\",\"urlTemplate\":\"https:\/\/skssp.eu\/de\/?s={search_term_string}\"},\"query-input\":{\"@type\":\"PropertyValueSpecification\",\"valueRequired\":true,\"valueName\":\"search_term_string\"}}],\"inLanguage\":\"de\"},{\"@type\":\"Organization\",\"@id\":\"https:\/\/skssp.eu\/de\/#organization\",\"name\":\"SKSSP\",\"url\":\"https:\/\/skssp.eu\/de\/\",\"logo\":{\"@type\":\"ImageObject\",\"inLanguage\":\"de\",\"@id\":\"https:\/\/skssp.eu\/de\/#\/schema\/logo\/image\/\",\"url\":\"https:\/\/skssp.eu\/wp-content\/uploads\/2022\/11\/cropped-logo_skssp.png\",\"contentUrl\":\"https:\/\/skssp.eu\/wp-content\/uploads\/2022\/11\/cropped-logo_skssp.png\",\"width\":512,\"height\":512,\"caption\":\"SKSSP\"},\"image\":{\"@id\":\"https:\/\/skssp.eu\/de\/#\/schema\/logo\/image\/\"}}]}<\/script>\n<!-- \/ Yoast SEO plugin. -->","yoast_head_json":{"title":"GROSSER SCHWEIZER SENNENHUND | SKSSP","robots":{"index":"index","follow":"follow","max-snippet":"max-snippet:-1","max-image-preview":"max-image-preview:large","max-video-preview":"max-video-preview:-1"},"canonical":"https:\/\/skssp.eu\/de\/grosser-schweizer-sennenhund\/","og_locale":"de_DE","og_type":"article","og_title":"GROSSER SCHWEIZER SENNENHUND | SKSSP","og_description":"F.C.I. Standard Nr. 58 \/05.05.2003\/ URSPRUNGSLAND: Schweiz DATUM DER VER\u00d6FFENTLICHUNG DES G\u00dcLTIGEN ORIGINALS DER NORM: 25.03.2003 VERWENDUNG: Urspr\u00fcnglich ein Wach- und Zughund, heute auch ein Begleithund, Besch\u00fctzer und Familienhund. FCI-RESERVIERUNG: Gruppe II: Pinscher und Beardies, Molosser, Schweizer Sennenhunde und andere Rassen, Sektion 3 Schweizer Sennenhunde. Ohne einen funktionierenden Test. EINEN KURZEN \u00dcBERBLICK \u00dcBER DIE HERKUNFT:Im [&hellip;]","og_url":"https:\/\/skssp.eu\/de\/grosser-schweizer-sennenhund\/","og_site_name":"SKSSP","article_modified_time":"2023-01-14T17:56:45+00:00","twitter_card":"summary_large_image","twitter_misc":{"Gesch\u00e4tzte Lesezeit":"5\u00a0Minuten"},"schema":{"@context":"https:\/\/schema.org","@graph":[{"@type":"WebPage","@id":"https:\/\/skssp.eu\/de\/grosser-schweizer-sennenhund\/","url":"https:\/\/skssp.eu\/de\/grosser-schweizer-sennenhund\/","name":"GROSSER SCHWEIZER SENNENHUND | SKSSP","isPartOf":{"@id":"https:\/\/skssp.eu\/de\/#website"},"datePublished":"2022-12-01T15:44:01+00:00","dateModified":"2023-01-14T17:56:45+00:00","breadcrumb":{"@id":"https:\/\/skssp.eu\/de\/grosser-schweizer-sennenhund\/#breadcrumb"},"inLanguage":"de","potentialAction":[{"@type":"ReadAction","target":["https:\/\/skssp.eu\/de\/grosser-schweizer-sennenhund\/"]}]},{"@type":"BreadcrumbList","@id":"https:\/\/skssp.eu\/de\/grosser-schweizer-sennenhund\/#breadcrumb","itemListElement":[{"@type":"ListItem","position":1,"name":"Startseite","item":"https:\/\/skssp.eu\/de\/startseite\/"},{"@type":"ListItem","position":2,"name":"GROSSER SCHWEIZER SENNENHUND"}]},{"@type":"WebSite","@id":"https:\/\/skssp.eu\/de\/#website","url":"https:\/\/skssp.eu\/de\/","name":"SKSSP","description":"Slovensk\u00fd klub \u0160vaj\u010diarskych sala\u0161n\u00edckych psov","publisher":{"@id":"https:\/\/skssp.eu\/de\/#organization"},"potentialAction":[{"@type":"SearchAction","target":{"@type":"EntryPoint","urlTemplate":"https:\/\/skssp.eu\/de\/?s={search_term_string}"},"query-input":{"@type":"PropertyValueSpecification","valueRequired":true,"valueName":"search_term_string"}}],"inLanguage":"de"},{"@type":"Organization","@id":"https:\/\/skssp.eu\/de\/#organization","name":"SKSSP","url":"https:\/\/skssp.eu\/de\/","logo":{"@type":"ImageObject","inLanguage":"de","@id":"https:\/\/skssp.eu\/de\/#\/schema\/logo\/image\/","url":"https:\/\/skssp.eu\/wp-content\/uploads\/2022\/11\/cropped-logo_skssp.png","contentUrl":"https:\/\/skssp.eu\/wp-content\/uploads\/2022\/11\/cropped-logo_skssp.png","width":512,"height":512,"caption":"SKSSP"},"image":{"@id":"https:\/\/skssp.eu\/de\/#\/schema\/logo\/image\/"}}]}},"_links":{"self":[{"href":"https:\/\/skssp.eu\/de\/wp-json\/wp\/v2\/pages\/20737","targetHints":{"allow":["GET"]}}],"collection":[{"href":"https:\/\/skssp.eu\/de\/wp-json\/wp\/v2\/pages"}],"about":[{"href":"https:\/\/skssp.eu\/de\/wp-json\/wp\/v2\/types\/page"}],"author":[{"embeddable":true,"href":"https:\/\/skssp.eu\/de\/wp-json\/wp\/v2\/users\/1"}],"replies":[{"embeddable":true,"href":"https:\/\/skssp.eu\/de\/wp-json\/wp\/v2\/comments?post=20737"}],"version-history":[{"count":0,"href":"https:\/\/skssp.eu\/de\/wp-json\/wp\/v2\/pages\/20737\/revisions"}],"wp:attachment":[{"href":"https:\/\/skssp.eu\/de\/wp-json\/wp\/v2\/media?parent=20737"}],"curies":[{"name":"wp","href":"https:\/\/api.w.org\/{rel}","templated":true}]}}