{"id":20749,"date":"2022-12-19T14:41:32","date_gmt":"2022-12-19T13:41:32","guid":{"rendered":"https:\/\/skssp.eu\/ergebnisse-der-bewertungen\/"},"modified":"2025-08-31T21:11:39","modified_gmt":"2025-08-31T19:11:39","slug":"ergebnisse-der-bewertungen","status":"publish","type":"page","link":"https:\/\/skssp.eu\/de\/ergebnisse-der-bewertungen\/","title":{"rendered":"Ergebnisse der Bewertungen"},"content":{"rendered":"\n<p>Der Club organisiert zweimal im Jahr ein Rating. In der Regel findet sie immer am zweiten Tag nach einer Club- oder Sonderausstellung statt. Die Clubmitglieder werden \u00fcber das genaue Datum und den Veranstaltungsort \u00fcber den Newsletter informiert. Der Hauptzuchtberater sendet auf Anfrage ein Antragsformular f\u00fcr die Bewertung zu. Die Geb\u00fchr f\u00fcr die Bewertung betr\u00e4gt 20 EUR f\u00fcr ein Clubmitglied und 30 EUR f\u00fcr ein Nichtmitglied. Das ausgef\u00fcllte Antragsformular muss zusammen mit einer doppelseitigen Fotokopie der PP des Hundes, einer Kopie des Gutachtens \u00fcber H\u00fcft- und Ellbogendysplasie und einer Kopie des Nachweises \u00fcber die Zahlung der Pr\u00fcfungsgeb\u00fchr an den Zuchtleiter geschickt werden.<\/p>\n\n\n\n<p>Interessenten f\u00fcr die Bonit\u00e4tspr\u00fcfung k\u00f6nnen das Anmeldeformular bei Frau Mgr. Ivana Ondrejovi\u010dov\u00e1 per E-Mail unter <a href=\"mailto:ondrejovicova.ivana@azet.sk\">ondrejovicova.ivana@azet.sk<\/a> anfordern, wo sie auch weitere Informationen erhalten.<\/p>\n\n\n\n<p><a href=\"https:\/\/skssp.eu\/wp-content\/uploads\/2025\/08\/Bonitacia_Velky_Meder_01062025.pdf\">K\u00f6rung &#8211; Ve\u013ek\u00fd Meder 2025 &#8211; Juni<\/a><br><a href=\"https:\/\/skssp.eu\/wp-content\/uploads\/2025\/08\/Bonitacia_Velky_Meder_29092024.pdf\">K\u00f6rung &#8211; Ve\u013ek\u00fd Meder 2024 &#8211; September<br><\/a><a href=\"https:\/\/skssp.eu\/wp-content\/uploads\/2024\/10\/Bonitacia-2024-05-26-Velky-Meder.pdf\">K\u00f6rung &#8211; Ve\u013ek\u00fd Meder 2024 &#8211; Mai<br><\/a><a href=\"https:\/\/skssp.eu\/wp-content\/uploads\/2024\/01\/Bonitacia-2023-09-10-Velky-Meder.pdf\">K\u00f6rung &#8211; Ve\u013ek\u00fd Meder 2023 &#8211; September<\/a> <br><a href=\"https:\/\/skssp.eu\/wp-content\/uploads\/2023\/10\/Bonitacia-2023-05-28-Velky-Meder.pdf\">K\u00f6rung &#8211; Ve\u013ek\u00fd Meder 2023 &#8211; Mai<\/a><br><a href=\"https:\/\/skssp.eu\/wp-content\/uploads\/2023\/03\/Bonitacia_2022-11-19_Pohronska_Polhora.pdf\">K\u00f6rung &#8211; Pohronsk\u00e1 Polhora 2022 &#8211; November<\/a><br><a href=\"https:\/\/skssp.eu\/wp-content\/uploads\/2023\/01\/Bonitacia_Velky_Meder_11092022.pdf\">K\u00f6rung &#8211; Ve\u013ek\u00fd Meder 2022 &#8211; September<\/a><br><a href=\"https:\/\/skssp.eu\/wp-content\/uploads\/2023\/01\/Bonitacia_Velky_Meder_29052022.pdf\">K\u00f6rung &#8211; Ve\u013ek\u00fd Meder 2022 &#8211; Mai<\/a><br><a href=\"https:\/\/skssp.eu\/wp-content\/uploads\/2023\/01\/Bonitacia_Velky_Meder_09102021.pdf\">K\u00f6rung &#8211; Ve\u013ek\u00fd Meder 2021 &#8211; Oktober<\/a><br><a href=\"https:\/\/skssp.eu\/wp-content\/uploads\/2023\/01\/Bonitacia_Velky_Meder_04092021.pdf\">K\u00f6rung &#8211; Ve\u013ek\u00fd Meder 2021 &#8211; September<\/a><br><a href=\"https:\/\/skssp.eu\/wp-content\/uploads\/2023\/01\/Bonitacia_Velky_Meder_29052021.pdf\">K\u00f6rung &#8211; Ve\u013ek\u00fd Meder 2021 &#8211; Mai<\/a><br><a href=\"https:\/\/skssp.eu\/wp-content\/uploads\/2023\/01\/Chvojnica_04102020.pdf\">K\u00f6rung &#8211; Chvojnica 2020 &#8211; Oktober<\/a><br><a href=\"https:\/\/skssp.eu\/wp-content\/uploads\/2023\/01\/Meder_25072020.pdf\">K\u00f6rung &#8211; Ve\u013ek\u00fd Meder 2020 &#8211; Juli<\/a><br><a href=\"https:\/\/skssp.eu\/wp-content\/uploads\/2023\/01\/Chvojnica-29092019.pdf\">K\u00f6rung &#8211; Chvojnica 2019 &#8211; September<\/a><br><a href=\"https:\/\/skssp.eu\/wp-content\/uploads\/2023\/01\/Bonitacia_Bela_Dulice_24082019.pdf\">K\u00f6rung &#8211; Bel\u00e1 Dulice 2019 &#8211; August<\/a><br><a href=\"https:\/\/skssp.eu\/wp-content\/uploads\/2023\/01\/Bonitacia_Velky_Meder_26052019.pdf\">K\u00f6rung &#8211; Ve\u013ek\u00fd Meder 2019 &#8211; Mai<\/a><br><a href=\"https:\/\/skssp.eu\/wp-content\/uploads\/2023\/01\/Chvojnica-30092018.pdf\">K\u00f6rung &#8211; Chvojnica 2018 &#8211; September<\/a><br><a href=\"https:\/\/skssp.eu\/wp-content\/uploads\/2023\/01\/Bonitacia_Bela_Dulice_25082018.pdf\">K\u00f6rung &#8211; Bel\u00e1 Dulice 2018 &#8211; August<\/a><br><a href=\"https:\/\/skssp.eu\/wp-content\/uploads\/2023\/01\/Bonitacia_Velky_Meder_27052018.pdf\">K\u00f6rung &#8211; Ve\u013ek\u00fd Meder 2018 &#8211; Mai<\/a><br><a href=\"https:\/\/skssp.eu\/wp-content\/uploads\/2023\/01\/Chvojnica_01102017.pdf\">K\u00f6rung &#8211; Chvojnica 2017 &#8211; Oktober<\/a><br><a href=\"https:\/\/skssp.eu\/wp-content\/uploads\/2023\/01\/bonitacia_krpacovo_26082017.pdf\">K\u00f6rung &#8211; Krp\u00e1\u010dovo 2017 &#8211; August<\/a><br><a href=\"https:\/\/skssp.eu\/wp-content\/uploads\/2023\/01\/meder_bonitacia_28052017.pdf\">K\u00f6rung &#8211; Ve\u013ek\u00fd Meder 2017 &#8211; Mai<\/a><br><a href=\"https:\/\/skssp.eu\/wp-content\/uploads\/2023\/01\/chvojnica_02102016_bonitacia.pdf\">K\u00f6rung &#8211; Chvojnica 2016 &#8211; Oktober<\/a><br><a href=\"https:\/\/skssp.eu\/wp-content\/uploads\/2023\/01\/Bonitacia_2016_Krpacovo.pdf\">K\u00f6rung &#8211; Krp\u00e1\u010dovo 2016 &#8211; August<\/a><br><a href=\"https:\/\/skssp.eu\/wp-content\/uploads\/2023\/01\/Bonitacia_2016-05-29_Velky_Meder.pdf\">K\u00f6rung &#8211; Ve\u013ek\u00fd Meder 2016 &#8211; Mai<\/a><br><a href=\"https:\/\/skssp.eu\/wp-content\/uploads\/2023\/01\/Bonitacia_2015-10-04_Chvojnica.pdf\">K\u00f6rung &#8211; Chvojnica 2015 &#8211; Oktober<\/a><br><a href=\"https:\/\/skssp.eu\/wp-content\/uploads\/2023\/01\/Bonitacia_2015-08-29_Chvojnica.pdf\">K\u00f6rung &#8211; Chvojnica 2015 &#8211; August<\/a><br><a href=\"https:\/\/skssp.eu\/wp-content\/uploads\/2023\/01\/Bonitacia_2015-05-24_Velky_Meder.pdf\">K\u00f6rung &#8211; Ve\u013ek\u00fd Meder 2015 &#8211; Mai<\/a><br><a href=\"https:\/\/skssp.eu\/wp-content\/uploads\/2023\/01\/Bonitacia_2014-10-12_Piatrova.pdf\">K\u00f6rung &#8211; Piatrov\u00e1 2014 &#8211; Oktober<\/a><br><a href=\"https:\/\/skssp.eu\/wp-content\/uploads\/2023\/01\/Bonitacia_2014-05-25_Velky_Meder.pdf\">K\u00f6rung &#8211; Ve\u013ek\u00fd Meder 2014 &#8211; Mai<\/a><br><a href=\"https:\/\/skssp.eu\/wp-content\/uploads\/2023\/01\/Bonitacia_2014-03-01_Velky_Meder.pdf\">K\u00f6rung &#8211; Ve\u013ek\u00fd Meder 2014 &#8211; M\u00e4rz<\/a><br><a href=\"https:\/\/skssp.eu\/wp-content\/uploads\/2023\/01\/Bonitacia_2013-10-13_Martin-Vrutky.pdf\">K\u00f6rung &#8211; Martin-Vr\u00fatky 2013 &#8211; Oktober<\/a><br><a href=\"https:\/\/skssp.eu\/wp-content\/uploads\/2023\/01\/Bonitacia_2013-05-26_Velky_Meder.pdf\">K\u00f6rung &#8211; Ve\u013ek\u00fd Meder 2013 &#8211; Mai<\/a><br><a href=\"https:\/\/skssp.eu\/wp-content\/uploads\/2023\/01\/Bonitacia_2012-10-07_Varin.pdf\">K\u00f6rung &#8211; Var\u00edn 2012 &#8211; Oktober<\/a><br><a href=\"https:\/\/skssp.eu\/wp-content\/uploads\/2023\/01\/Bonitacia_2012-05-27_Kamenny_mlyn.pdf\">K\u00f6rung &#8211; Kamenn\u00fd mlyn 2012 &#8211; Mai<\/a><\/p>\n\n\n\n<p><\/p>\n","protected":false},"excerpt":{"rendered":"<p>Der Club organisiert zweimal im Jahr ein Rating. In der Regel findet sie immer am zweiten Tag nach einer Club- oder Sonderausstellung statt. Die Clubmitglieder werden \u00fcber das genaue Datum und den Veranstaltungsort \u00fcber den Newsletter informiert. Der Hauptzuchtberater sendet auf Anfrage ein Antragsformular f\u00fcr die Bewertung zu. Die Geb\u00fchr f\u00fcr die Bewertung betr\u00e4gt 20 [&hellip;]<\/p>\n","protected":false},"author":1,"featured_media":0,"parent":0,"menu_order":0,"comment_status":"closed","ping_status":"closed","template":"page_template-chov.php","meta":{"_monsterinsights_skip_tracking":false,"_monsterinsights_sitenote_active":false,"_monsterinsights_sitenote_note":"","_monsterinsights_sitenote_category":0,"ngg_post_thumbnail":0,"footnotes":""},"class_list":["post-20749","page","type-page","status-publish","hentry"],"acf":[],"yoast_head":"<!-- This site is optimized with the Yoast SEO plugin v27.4 - https:\/\/yoast.com\/product\/yoast-seo-wordpress\/ -->\n<title>Ergebnisse der Bewertungen | SKSSP<\/title>\n<meta name=\"robots\" content=\"index, follow, max-snippet:-1, max-image-preview:large, max-video-preview:-1\" \/>\n<link rel=\"canonical\" href=\"https:\/\/skssp.eu\/de\/ergebnisse-der-bewertungen\/\" \/>\n<meta property=\"og:locale\" content=\"de_DE\" \/>\n<meta property=\"og:type\" content=\"article\" \/>\n<meta property=\"og:title\" content=\"Ergebnisse der Bewertungen | SKSSP\" \/>\n<meta property=\"og:description\" content=\"Der Club organisiert zweimal im Jahr ein Rating. In der Regel findet sie immer am zweiten Tag nach einer Club- oder Sonderausstellung statt. Die Clubmitglieder werden \u00fcber das genaue Datum und den Veranstaltungsort \u00fcber den Newsletter informiert. Der Hauptzuchtberater sendet auf Anfrage ein Antragsformular f\u00fcr die Bewertung zu. Die Geb\u00fchr f\u00fcr die Bewertung betr\u00e4gt 20 [&hellip;]\" \/>\n<meta property=\"og:url\" content=\"https:\/\/skssp.eu\/de\/ergebnisse-der-bewertungen\/\" \/>\n<meta property=\"og:site_name\" content=\"SKSSP\" \/>\n<meta property=\"article:modified_time\" content=\"2025-08-31T19:11:39+00:00\" \/>\n<meta name=\"twitter:card\" content=\"summary_large_image\" \/>\n<meta name=\"twitter:label1\" content=\"Gesch\u00e4tzte Lesezeit\" \/>\n\t<meta name=\"twitter:data1\" content=\"2\u00a0Minuten\" \/>\n<script type=\"application\/ld+json\" class=\"yoast-schema-graph\">{\"@context\":\"https:\\\/\\\/schema.org\",\"@graph\":[{\"@type\":\"WebPage\",\"@id\":\"https:\\\/\\\/skssp.eu\\\/de\\\/ergebnisse-der-bewertungen\\\/\",\"url\":\"https:\\\/\\\/skssp.eu\\\/de\\\/ergebnisse-der-bewertungen\\\/\",\"name\":\"Ergebnisse der Bewertungen | SKSSP\",\"isPartOf\":{\"@id\":\"https:\\\/\\\/skssp.eu\\\/de\\\/#website\"},\"datePublished\":\"2022-12-19T13:41:32+00:00\",\"dateModified\":\"2025-08-31T19:11:39+00:00\",\"breadcrumb\":{\"@id\":\"https:\\\/\\\/skssp.eu\\\/de\\\/ergebnisse-der-bewertungen\\\/#breadcrumb\"},\"inLanguage\":\"de\",\"potentialAction\":[{\"@type\":\"ReadAction\",\"target\":[\"https:\\\/\\\/skssp.eu\\\/de\\\/ergebnisse-der-bewertungen\\\/\"]}]},{\"@type\":\"BreadcrumbList\",\"@id\":\"https:\\\/\\\/skssp.eu\\\/de\\\/ergebnisse-der-bewertungen\\\/#breadcrumb\",\"itemListElement\":[{\"@type\":\"ListItem\",\"position\":1,\"name\":\"Startseite\",\"item\":\"https:\\\/\\\/skssp.eu\\\/de\\\/startseite\\\/\"},{\"@type\":\"ListItem\",\"position\":2,\"name\":\"Ergebnisse der Bewertungen\"}]},{\"@type\":\"WebSite\",\"@id\":\"https:\\\/\\\/skssp.eu\\\/de\\\/#website\",\"url\":\"https:\\\/\\\/skssp.eu\\\/de\\\/\",\"name\":\"SKSSP\",\"description\":\"Slovensk\u00fd klub \u0160vaj\u010diarskych sala\u0161n\u00edckych psov\",\"publisher\":{\"@id\":\"https:\\\/\\\/skssp.eu\\\/de\\\/#organization\"},\"potentialAction\":[{\"@type\":\"SearchAction\",\"target\":{\"@type\":\"EntryPoint\",\"urlTemplate\":\"https:\\\/\\\/skssp.eu\\\/de\\\/?s={search_term_string}\"},\"query-input\":{\"@type\":\"PropertyValueSpecification\",\"valueRequired\":true,\"valueName\":\"search_term_string\"}}],\"inLanguage\":\"de\"},{\"@type\":\"Organization\",\"@id\":\"https:\\\/\\\/skssp.eu\\\/de\\\/#organization\",\"name\":\"SKSSP\",\"url\":\"https:\\\/\\\/skssp.eu\\\/de\\\/\",\"logo\":{\"@type\":\"ImageObject\",\"inLanguage\":\"de\",\"@id\":\"https:\\\/\\\/skssp.eu\\\/de\\\/#\\\/schema\\\/logo\\\/image\\\/\",\"url\":\"https:\\\/\\\/skssp.eu\\\/wp-content\\\/uploads\\\/2022\\\/11\\\/cropped-logo_skssp.png\",\"contentUrl\":\"https:\\\/\\\/skssp.eu\\\/wp-content\\\/uploads\\\/2022\\\/11\\\/cropped-logo_skssp.png\",\"width\":512,\"height\":512,\"caption\":\"SKSSP\"},\"image\":{\"@id\":\"https:\\\/\\\/skssp.eu\\\/de\\\/#\\\/schema\\\/logo\\\/image\\\/\"}}]}<\/script>\n<!-- \/ Yoast SEO plugin. -->","yoast_head_json":{"title":"Ergebnisse der Bewertungen | SKSSP","robots":{"index":"index","follow":"follow","max-snippet":"max-snippet:-1","max-image-preview":"max-image-preview:large","max-video-preview":"max-video-preview:-1"},"canonical":"https:\/\/skssp.eu\/de\/ergebnisse-der-bewertungen\/","og_locale":"de_DE","og_type":"article","og_title":"Ergebnisse der Bewertungen | SKSSP","og_description":"Der Club organisiert zweimal im Jahr ein Rating. In der Regel findet sie immer am zweiten Tag nach einer Club- oder Sonderausstellung statt. Die Clubmitglieder werden \u00fcber das genaue Datum und den Veranstaltungsort \u00fcber den Newsletter informiert. Der Hauptzuchtberater sendet auf Anfrage ein Antragsformular f\u00fcr die Bewertung zu. Die Geb\u00fchr f\u00fcr die Bewertung betr\u00e4gt 20 [&hellip;]","og_url":"https:\/\/skssp.eu\/de\/ergebnisse-der-bewertungen\/","og_site_name":"SKSSP","article_modified_time":"2025-08-31T19:11:39+00:00","twitter_card":"summary_large_image","twitter_misc":{"Gesch\u00e4tzte Lesezeit":"2\u00a0Minuten"},"schema":{"@context":"https:\/\/schema.org","@graph":[{"@type":"WebPage","@id":"https:\/\/skssp.eu\/de\/ergebnisse-der-bewertungen\/","url":"https:\/\/skssp.eu\/de\/ergebnisse-der-bewertungen\/","name":"Ergebnisse der Bewertungen | SKSSP","isPartOf":{"@id":"https:\/\/skssp.eu\/de\/#website"},"datePublished":"2022-12-19T13:41:32+00:00","dateModified":"2025-08-31T19:11:39+00:00","breadcrumb":{"@id":"https:\/\/skssp.eu\/de\/ergebnisse-der-bewertungen\/#breadcrumb"},"inLanguage":"de","potentialAction":[{"@type":"ReadAction","target":["https:\/\/skssp.eu\/de\/ergebnisse-der-bewertungen\/"]}]},{"@type":"BreadcrumbList","@id":"https:\/\/skssp.eu\/de\/ergebnisse-der-bewertungen\/#breadcrumb","itemListElement":[{"@type":"ListItem","position":1,"name":"Startseite","item":"https:\/\/skssp.eu\/de\/startseite\/"},{"@type":"ListItem","position":2,"name":"Ergebnisse der Bewertungen"}]},{"@type":"WebSite","@id":"https:\/\/skssp.eu\/de\/#website","url":"https:\/\/skssp.eu\/de\/","name":"SKSSP","description":"Slovensk\u00fd klub \u0160vaj\u010diarskych sala\u0161n\u00edckych psov","publisher":{"@id":"https:\/\/skssp.eu\/de\/#organization"},"potentialAction":[{"@type":"SearchAction","target":{"@type":"EntryPoint","urlTemplate":"https:\/\/skssp.eu\/de\/?s={search_term_string}"},"query-input":{"@type":"PropertyValueSpecification","valueRequired":true,"valueName":"search_term_string"}}],"inLanguage":"de"},{"@type":"Organization","@id":"https:\/\/skssp.eu\/de\/#organization","name":"SKSSP","url":"https:\/\/skssp.eu\/de\/","logo":{"@type":"ImageObject","inLanguage":"de","@id":"https:\/\/skssp.eu\/de\/#\/schema\/logo\/image\/","url":"https:\/\/skssp.eu\/wp-content\/uploads\/2022\/11\/cropped-logo_skssp.png","contentUrl":"https:\/\/skssp.eu\/wp-content\/uploads\/2022\/11\/cropped-logo_skssp.png","width":512,"height":512,"caption":"SKSSP"},"image":{"@id":"https:\/\/skssp.eu\/de\/#\/schema\/logo\/image\/"}}]}},"_links":{"self":[{"href":"https:\/\/skssp.eu\/de\/wp-json\/wp\/v2\/pages\/20749","targetHints":{"allow":["GET"]}}],"collection":[{"href":"https:\/\/skssp.eu\/de\/wp-json\/wp\/v2\/pages"}],"about":[{"href":"https:\/\/skssp.eu\/de\/wp-json\/wp\/v2\/types\/page"}],"author":[{"embeddable":true,"href":"https:\/\/skssp.eu\/de\/wp-json\/wp\/v2\/users\/1"}],"replies":[{"embeddable":true,"href":"https:\/\/skssp.eu\/de\/wp-json\/wp\/v2\/comments?post=20749"}],"version-history":[{"count":10,"href":"https:\/\/skssp.eu\/de\/wp-json\/wp\/v2\/pages\/20749\/revisions"}],"predecessor-version":[{"id":45193,"href":"https:\/\/skssp.eu\/de\/wp-json\/wp\/v2\/pages\/20749\/revisions\/45193"}],"wp:attachment":[{"href":"https:\/\/skssp.eu\/de\/wp-json\/wp\/v2\/media?parent=20749"}],"curies":[{"name":"wp","href":"https:\/\/api.w.org\/{rel}","templated":true}]}}