{"id":20763,"date":"2022-12-01T17:20:28","date_gmt":"2022-12-01T16:20:28","guid":{"rendered":"https:\/\/skssp.eu\/erklaerungen-zum-ratingcode\/"},"modified":"2023-01-14T19:09:00","modified_gmt":"2023-01-14T18:09:00","slug":"erklaerungen-zum-ratingcode","status":"publish","type":"page","link":"https:\/\/skssp.eu\/de\/erklaerungen-zum-ratingcode\/","title":{"rendered":"Erkl\u00e4rungen zum Ratingcode"},"content":{"rendered":"\n<h3 class=\"wp-block-heading\"><strong>I. Allgemeines Erscheinungsbild:<\/strong><\/h3>\n\n<p><strong>0<\/strong> v\u00f6llig untypisch<br\/><strong>1<\/strong> zu leicht (Setzer-Typ)<br\/><strong>2<\/strong> zu klein<br\/><strong>3<\/strong> Standardh\u00f6he, aber leicht<br\/><strong>4<\/strong> ein korrektes Erscheinungsbild in Bezug auf die Festigkeit und Harmonie der K\u00f6rperstruktur,<\/p>\n\n<ul class=\"wp-block-list\">\n<li>m\u00e4nnlich BSP 64-66 cm, ASP 50-52 cm, ESP 44-46 cm, VSP 65-67 cm<\/li>\n\n\n\n<li>weiblich BSP 58-60 cm, ASP 48-50 cm, ESP 42-44 cm, VSP 60-62 cm<\/li>\n<\/ul>\n\n<p><br\/><strong>5<\/strong> ein korrektes Erscheinungsbild in Bezug auf die Festigkeit und Harmonie des K\u00f6rpers,<\/p>\n\n<ul class=\"wp-block-list\">\n<li>m\u00e4nnlich BSP 66-68 cm, ASP 52-56 cm, ESP 46-50 cm, VSP 67-70 cm<\/li>\n\n\n\n<li>weiblich BSP 60-63 cm, ASP 50-54 cm, ESP 44-48 cm, VSP 62-66 cm<\/li>\n<\/ul>\n\n<p><br\/><strong>6<\/strong> korrektes Aussehen in Bezug auf die Festigkeit und Harmonie des K\u00f6rpers,<\/p>\n\n<ul class=\"wp-block-list\">\n<li>m\u00e4nnlich BSP 68-70 cm, ASP 56-58 cm, ESP 50-52 cm, VSP 70-72 cm<\/li>\n\n\n\n<li>weiblich BSP 63-66 cm, ASP 54-56 cm, ESP 48-50 cm, VSP 66-68 cm<\/li>\n<\/ul>\n\n<p><br\/><strong>7<\/strong> Standardh\u00f6he, aber rau und wenig harmonisch<br\/><strong>8<\/strong> zu gro\u00df<br\/><strong>9<\/strong> zu gro\u00df, lymphatisch<br\/><\/p>\n\n<h2 class=\"wp-block-heading\">II. Augenfarbe:<\/h2>\n\n<p><strong>0<\/strong> schwarz<br\/><strong>1<\/strong> schwarz und braun<br\/><strong>2<\/strong> dunkelbraun<br\/><strong>3<\/strong> mittelbraun<br\/><strong>4<\/strong> r\u00f6tlich braun<br\/><strong>5<\/strong> hellbraun<br\/><strong>6<\/strong> gelb-braun<br\/><strong>7<\/strong> gelb<br\/><strong>8<\/strong> gelb und wei\u00df<br\/><strong>9<\/strong> unpigmentierte Iris oder andere Augenfarbe<br\/><\/p>\n\n<h3 class=\"wp-block-heading\">III. Zahn:<\/h3>\n\n<p><br\/><strong>Zahryz:<\/strong><br\/><strong>0<\/strong> enger, dreieckiger oder starker Bogen, Fehlstellung der Speichen<br\/><strong>1<\/strong> schr\u00e4ge Kiefer, schr\u00e4g oder sehr unregelm\u00e4\u00dfig stehende Schneidez\u00e4hne<br\/><strong>2<\/strong> Unterbiss<br\/><strong>3<\/strong> leichter Unterbiss (leicht)<br\/><strong>4<\/strong> freie Scherenbisse<br\/><strong>5<\/strong> korrekter Scherenbiss<br\/><strong>6<\/strong> fester Scherenbiss<br\/><strong>7<\/strong> Zeckenbiss<br\/><strong>8<\/strong> leichter \u00dcberbiss (leicht)<br\/><strong>9<\/strong> \u00dcberbiss<br\/><br\/><br\/><strong>Fehlende Z\u00e4hne:<\/strong><br\/>Symbole f\u00fcr fehlende Z\u00e4hne f\u00fcr den Bewertungscode:<br\/><strong>i<\/strong> &#8211; incisivi &#8211; Schneidez\u00e4hne<br\/><strong>c<\/strong> &#8211; canini &#8211; Zahnstocher<br\/><strong>p<\/strong> &#8211; Pr\u00e4molaren 1 (P1)<br\/><strong>r<\/strong> &#8211; Pr\u00e4molaren 2 (P2)<br\/><strong>s<\/strong> &#8211; Pr\u00e4molaren 3 (P3)<br\/><strong>t<\/strong> &#8211; Pr\u00e4molaren 4 (P4)<br\/><strong>m<\/strong> &#8211; Backenz\u00e4hne<br\/><br\/>Fehlt nur einer dieser Z\u00e4hne, wird nur sein Symbol angegeben,<br\/>also nur ein Buchstabe. Sind nicht mehrere Z\u00e4hne der gleichen Art vorhanden, ist die<br\/>listet zuerst das Symbol und dann die Anzahl der fehlenden Exemplare dieser Art auf<br\/>(Beispiele: 2 fehlende Schneidez\u00e4hne &#8211; i2, 3 fehlende P1 &#8211; p3)<br\/><\/p>\n\n<h3 class=\"wp-block-heading\">IV. K\u00f6rperbau<\/h3>\n\n<p><strong>Und<\/strong> in allen Positionen, die vollst\u00e4ndig der Norm oder dem Zeichen entsprechen<br\/>des unten erw\u00e4hnten Defekts zur Milderung, so dass die Verwendung f\u00fcr die Zucht<br\/><strong>B<\/strong> langer, schmaler Kopf, zu leichte oder konische Schnauze<br\/><strong>C<\/strong> kurze, unverh\u00e4ltnism\u00e4\u00dfig gro\u00dfe, schwere Schnauze<br\/><strong>D<\/strong> flacher, nicht sehr ausgepr\u00e4gter Stop, flacher Teil des Sch\u00e4dels<br\/><strong>E<\/strong> zu tiefer oder steiler Anschlag<br\/><strong>F<\/strong> zu gew\u00f6lbte Sch\u00e4delpartie, vorspringende, gew\u00f6lbte Wangen<br\/><strong>G<\/strong> Lymphknoten, schlaffe Haut unter dem Nacken, offene Schamlippen<br\/><strong>H<\/strong> mangelhafte Form und Ausdruck des Auges<br\/><strong>I<\/strong> Ektropium<br\/><strong>J<\/strong> Entropie<br\/><strong>K<\/strong> langes, tief angesetztes Ohr<br\/><strong>L<\/strong> leicht oder kurz, hoch angesetztes Ohr<br\/><strong>M<\/strong> zu kurzer Hals<br\/><strong>N-Fehlstellung<\/strong> und Abwinkelung der thorakalen Gliedma\u00dfen<br\/><strong>O<\/strong> wenige feste, offene oder Hasenpfoten<br\/><strong>P<\/strong> unzureichende Brustproportionen, wenig Vorbrust<br\/><strong>Q<\/strong> zu lang, weicher R\u00fccken<br\/><strong>R<\/strong> gew\u00f6lbte R\u00fccken- oder Lendengegend, wiederhergestellt<br\/>Ein kurzes oder abfallendes Ges\u00e4\u00df <strong>haben<\/strong> <br\/><strong>T<\/strong> kurzer oder deformierter Schwanz<br\/><strong>U<\/strong> Fehlgeburt Schwanz<br\/><strong>Die<\/strong> Fehlstellung der Beckenschaufeln<br\/><strong>W<\/strong> starke Verkohlung der Beckengliedma\u00dfen<br\/><strong>X<\/strong> mangelhafte Grundf\u00e4rbung &#8211; schwarze Farbe gr\u00e4ulich oder mit rostiger T\u00f6nung<br\/><strong>xX<\/strong> zu leicht brennend<br\/><strong>Xx<\/strong> geschw\u00e4rzt, ru\u00dfig brennend<br\/><strong>Y<\/strong> Fellfehler<br\/><strong>yY<\/strong> zu kurzes Haar oder fehlende Einbuchtungen<br\/><strong>Yy<\/strong> \u00fcberm\u00e4\u00dfig gewelltes oder gelocktes Fell<br\/><strong>Von<\/strong> falschen Bewegungen<\/p>\n\n<h3 class=\"wp-block-heading\">V. Layout der wei\u00dfen Zeichen<\/h3>\n\n<p><strong>0<\/strong> schwarz und lohfarben, keine wei\u00dfen Abzeichen<br\/><strong>1<\/strong> fehlende wei\u00dfe Markierung \u00fcber die Norm hinaus, Unterbrechungen im Latz<br\/><strong>2<\/strong> einige wei\u00dfe Abzeichen fehlen (an Beinen, Schwanz, Stirn nur angedeutet)<br\/><strong>3<\/strong> Die meisten Merkmale sind weniger ausgepr\u00e4gt (nur wei\u00dfe Finger, schmaler Stirnhaaransatz, weniger auf Nase, Schwanz, schmaler Brustpanzer)<br\/><strong>4<\/strong> typische Verteilung der wei\u00dfen Zeichen, einige Zeichen weniger stark ausgepr\u00e4gt oder leicht asymmetrisch (nur wei\u00dfe Finger),<br\/>schmalerer Haaransatz, weniger auf der Nase, schmaler Latz)<br\/><strong>5<\/strong> typisches Layout wei\u00dfer Schriftzeichen<br\/><strong>6<\/strong> typische Verteilung der wei\u00dfen Markierungen, einige Markierungen st\u00e4rker ausgepr\u00e4gt oder leicht asymmetrisch (Socke, breiter<br\/>Haaransatz, mehr an der Nase, wei\u00df an den Ecken, breiter Latz, mehr an der Rute, wei\u00df unter der Rute, kleiner Fleck am Hals)<br\/><strong>7<\/strong> die meisten Merkmale st\u00e4rker ausgepr\u00e4gt, mehr Asymmetrie, mehr wei\u00dfer Fleck am Hals, wei\u00df in den Ecken<br\/><strong>8<\/strong> gro\u00dfe wei\u00dfe Flecken, die das allgemeine Erscheinungsbild st\u00f6ren, Kragen, halber Kragen, gro\u00dfer Fleck am Hals, Stiefel<br\/><strong>9<\/strong> fehlende Verbrennung, wei\u00dfe Flecken an den Gliedma\u00dfen und der M\u00fcndung gehen direkt in Schwarz \u00fcber<br\/><strong>Indizes:p<\/strong>&#8211; wei\u00df bl\u00fchte sporadisch mit kleinem Pigm. gefleckt &#8211; wei\u00df gebl\u00fcht mit zahlreicherem Pigm. Spotting<\/p>\n\n<h3 class=\"wp-block-heading\">VI. Natur<\/h3>\n\n<p><strong>1<\/strong> \u00e4ngstlich, sch\u00fcchtern<br\/><strong>2<\/strong> verunsichert, nerv\u00f6s<br\/><strong>3<\/strong> cholerisch, aggressiv<br\/><strong>4<\/strong> temperamentvoll, leicht erregbar<br\/><strong>5<\/strong> souver\u00e4n, selbstbewusst<br\/><strong>6<\/strong> ruhig, aber aufmerksam<br\/><strong>7<\/strong> wenig temperamentvoll<br\/><strong>8<\/strong> phlegmatisch<br\/><strong>9<\/strong> v\u00f6llig phlegmatisch (dumpf)<\/p>\n\n<h3 class=\"wp-block-heading\">VII. Ergebnis der DBK-R\u00f6ntgenuntersuchung<\/h3>\n\n<p><strong>A<\/strong> 0\/0<br\/><strong>B<\/strong> 0\/1, 1\/1<br\/><strong>C<\/strong> 0\/2, 1\/2, 2\/2<br\/><strong>D<\/strong> 0\/3, 1\/3, 2\/3, 3\/3<br\/><strong>E<\/strong> 0\/4, 1\/4, 2\/4, 3\/4, 4\/4<\/p>\n\n<h3 class=\"wp-block-heading\">VIII. Ergebnis der R\u00f6ntgen-DLK-Untersuchung<\/h3>\n\n<p><strong>0<\/strong> 0\/0<br\/><strong>1<\/strong> 0\/1, 1\/1<br\/><strong>2<\/strong> 0\/2, 1\/2, 2\/2<br\/><strong>3<\/strong> 0\/3, 1\/3, 2\/3, 3\/3<\/p>\n","protected":false},"excerpt":{"rendered":"<p>I. Allgemeines Erscheinungsbild: 0 v\u00f6llig untypisch1 zu leicht (Setzer-Typ)2 zu klein3 Standardh\u00f6he, aber leicht4 ein korrektes Erscheinungsbild in Bezug auf die Festigkeit und Harmonie der K\u00f6rperstruktur, 5 ein korrektes Erscheinungsbild in Bezug auf die Festigkeit und Harmonie des K\u00f6rpers, 6 korrektes Aussehen in Bezug auf die Festigkeit und Harmonie des K\u00f6rpers, 7 Standardh\u00f6he, aber rau [&hellip;]<\/p>\n","protected":false},"author":1,"featured_media":0,"parent":0,"menu_order":0,"comment_status":"closed","ping_status":"closed","template":"page_template-chov.php","meta":{"_monsterinsights_skip_tracking":false,"_monsterinsights_sitenote_active":false,"_monsterinsights_sitenote_note":"","_monsterinsights_sitenote_category":0,"ngg_post_thumbnail":0,"footnotes":""},"class_list":["post-20763","page","type-page","status-publish","hentry"],"acf":[],"yoast_head":"<!-- This site is optimized with the Yoast SEO plugin v27.4 - https:\/\/yoast.com\/product\/yoast-seo-wordpress\/ -->\n<title>Erkl\u00e4rungen zum Ratingcode | SKSSP<\/title>\n<meta name=\"robots\" content=\"index, follow, max-snippet:-1, max-image-preview:large, max-video-preview:-1\" \/>\n<link rel=\"canonical\" href=\"https:\/\/skssp.eu\/de\/erklaerungen-zum-ratingcode\/\" \/>\n<meta property=\"og:locale\" content=\"de_DE\" \/>\n<meta property=\"og:type\" content=\"article\" \/>\n<meta property=\"og:title\" content=\"Erkl\u00e4rungen zum Ratingcode | SKSSP\" \/>\n<meta property=\"og:description\" content=\"I. Allgemeines Erscheinungsbild: 0 v\u00f6llig untypisch1 zu leicht (Setzer-Typ)2 zu klein3 Standardh\u00f6he, aber leicht4 ein korrektes Erscheinungsbild in Bezug auf die Festigkeit und Harmonie der K\u00f6rperstruktur, 5 ein korrektes Erscheinungsbild in Bezug auf die Festigkeit und Harmonie des K\u00f6rpers, 6 korrektes Aussehen in Bezug auf die Festigkeit und Harmonie des K\u00f6rpers, 7 Standardh\u00f6he, aber rau [&hellip;]\" \/>\n<meta property=\"og:url\" content=\"https:\/\/skssp.eu\/de\/erklaerungen-zum-ratingcode\/\" \/>\n<meta property=\"og:site_name\" content=\"SKSSP\" \/>\n<meta property=\"article:modified_time\" content=\"2023-01-14T18:09:00+00:00\" \/>\n<meta name=\"twitter:card\" content=\"summary_large_image\" \/>\n<meta name=\"twitter:label1\" content=\"Gesch\u00e4tzte Lesezeit\" \/>\n\t<meta name=\"twitter:data1\" content=\"4\u00a0Minuten\" \/>\n<script type=\"application\/ld+json\" class=\"yoast-schema-graph\">{\"@context\":\"https:\\\/\\\/schema.org\",\"@graph\":[{\"@type\":\"WebPage\",\"@id\":\"https:\\\/\\\/skssp.eu\\\/de\\\/erklaerungen-zum-ratingcode\\\/\",\"url\":\"https:\\\/\\\/skssp.eu\\\/de\\\/erklaerungen-zum-ratingcode\\\/\",\"name\":\"Erkl\u00e4rungen zum Ratingcode | SKSSP\",\"isPartOf\":{\"@id\":\"https:\\\/\\\/skssp.eu\\\/de\\\/#website\"},\"datePublished\":\"2022-12-01T16:20:28+00:00\",\"dateModified\":\"2023-01-14T18:09:00+00:00\",\"breadcrumb\":{\"@id\":\"https:\\\/\\\/skssp.eu\\\/de\\\/erklaerungen-zum-ratingcode\\\/#breadcrumb\"},\"inLanguage\":\"de\",\"potentialAction\":[{\"@type\":\"ReadAction\",\"target\":[\"https:\\\/\\\/skssp.eu\\\/de\\\/erklaerungen-zum-ratingcode\\\/\"]}]},{\"@type\":\"BreadcrumbList\",\"@id\":\"https:\\\/\\\/skssp.eu\\\/de\\\/erklaerungen-zum-ratingcode\\\/#breadcrumb\",\"itemListElement\":[{\"@type\":\"ListItem\",\"position\":1,\"name\":\"Startseite\",\"item\":\"https:\\\/\\\/skssp.eu\\\/de\\\/startseite\\\/\"},{\"@type\":\"ListItem\",\"position\":2,\"name\":\"Erkl\u00e4rungen zum Ratingcode\"}]},{\"@type\":\"WebSite\",\"@id\":\"https:\\\/\\\/skssp.eu\\\/de\\\/#website\",\"url\":\"https:\\\/\\\/skssp.eu\\\/de\\\/\",\"name\":\"SKSSP\",\"description\":\"Slovensk\u00fd klub \u0160vaj\u010diarskych sala\u0161n\u00edckych psov\",\"publisher\":{\"@id\":\"https:\\\/\\\/skssp.eu\\\/de\\\/#organization\"},\"potentialAction\":[{\"@type\":\"SearchAction\",\"target\":{\"@type\":\"EntryPoint\",\"urlTemplate\":\"https:\\\/\\\/skssp.eu\\\/de\\\/?s={search_term_string}\"},\"query-input\":{\"@type\":\"PropertyValueSpecification\",\"valueRequired\":true,\"valueName\":\"search_term_string\"}}],\"inLanguage\":\"de\"},{\"@type\":\"Organization\",\"@id\":\"https:\\\/\\\/skssp.eu\\\/de\\\/#organization\",\"name\":\"SKSSP\",\"url\":\"https:\\\/\\\/skssp.eu\\\/de\\\/\",\"logo\":{\"@type\":\"ImageObject\",\"inLanguage\":\"de\",\"@id\":\"https:\\\/\\\/skssp.eu\\\/de\\\/#\\\/schema\\\/logo\\\/image\\\/\",\"url\":\"https:\\\/\\\/skssp.eu\\\/wp-content\\\/uploads\\\/2022\\\/11\\\/cropped-logo_skssp.png\",\"contentUrl\":\"https:\\\/\\\/skssp.eu\\\/wp-content\\\/uploads\\\/2022\\\/11\\\/cropped-logo_skssp.png\",\"width\":512,\"height\":512,\"caption\":\"SKSSP\"},\"image\":{\"@id\":\"https:\\\/\\\/skssp.eu\\\/de\\\/#\\\/schema\\\/logo\\\/image\\\/\"}}]}<\/script>\n<!-- \/ Yoast SEO plugin. -->","yoast_head_json":{"title":"Erkl\u00e4rungen zum Ratingcode | SKSSP","robots":{"index":"index","follow":"follow","max-snippet":"max-snippet:-1","max-image-preview":"max-image-preview:large","max-video-preview":"max-video-preview:-1"},"canonical":"https:\/\/skssp.eu\/de\/erklaerungen-zum-ratingcode\/","og_locale":"de_DE","og_type":"article","og_title":"Erkl\u00e4rungen zum Ratingcode | SKSSP","og_description":"I. Allgemeines Erscheinungsbild: 0 v\u00f6llig untypisch1 zu leicht (Setzer-Typ)2 zu klein3 Standardh\u00f6he, aber leicht4 ein korrektes Erscheinungsbild in Bezug auf die Festigkeit und Harmonie der K\u00f6rperstruktur, 5 ein korrektes Erscheinungsbild in Bezug auf die Festigkeit und Harmonie des K\u00f6rpers, 6 korrektes Aussehen in Bezug auf die Festigkeit und Harmonie des K\u00f6rpers, 7 Standardh\u00f6he, aber rau [&hellip;]","og_url":"https:\/\/skssp.eu\/de\/erklaerungen-zum-ratingcode\/","og_site_name":"SKSSP","article_modified_time":"2023-01-14T18:09:00+00:00","twitter_card":"summary_large_image","twitter_misc":{"Gesch\u00e4tzte Lesezeit":"4\u00a0Minuten"},"schema":{"@context":"https:\/\/schema.org","@graph":[{"@type":"WebPage","@id":"https:\/\/skssp.eu\/de\/erklaerungen-zum-ratingcode\/","url":"https:\/\/skssp.eu\/de\/erklaerungen-zum-ratingcode\/","name":"Erkl\u00e4rungen zum Ratingcode | SKSSP","isPartOf":{"@id":"https:\/\/skssp.eu\/de\/#website"},"datePublished":"2022-12-01T16:20:28+00:00","dateModified":"2023-01-14T18:09:00+00:00","breadcrumb":{"@id":"https:\/\/skssp.eu\/de\/erklaerungen-zum-ratingcode\/#breadcrumb"},"inLanguage":"de","potentialAction":[{"@type":"ReadAction","target":["https:\/\/skssp.eu\/de\/erklaerungen-zum-ratingcode\/"]}]},{"@type":"BreadcrumbList","@id":"https:\/\/skssp.eu\/de\/erklaerungen-zum-ratingcode\/#breadcrumb","itemListElement":[{"@type":"ListItem","position":1,"name":"Startseite","item":"https:\/\/skssp.eu\/de\/startseite\/"},{"@type":"ListItem","position":2,"name":"Erkl\u00e4rungen zum Ratingcode"}]},{"@type":"WebSite","@id":"https:\/\/skssp.eu\/de\/#website","url":"https:\/\/skssp.eu\/de\/","name":"SKSSP","description":"Slovensk\u00fd klub \u0160vaj\u010diarskych sala\u0161n\u00edckych psov","publisher":{"@id":"https:\/\/skssp.eu\/de\/#organization"},"potentialAction":[{"@type":"SearchAction","target":{"@type":"EntryPoint","urlTemplate":"https:\/\/skssp.eu\/de\/?s={search_term_string}"},"query-input":{"@type":"PropertyValueSpecification","valueRequired":true,"valueName":"search_term_string"}}],"inLanguage":"de"},{"@type":"Organization","@id":"https:\/\/skssp.eu\/de\/#organization","name":"SKSSP","url":"https:\/\/skssp.eu\/de\/","logo":{"@type":"ImageObject","inLanguage":"de","@id":"https:\/\/skssp.eu\/de\/#\/schema\/logo\/image\/","url":"https:\/\/skssp.eu\/wp-content\/uploads\/2022\/11\/cropped-logo_skssp.png","contentUrl":"https:\/\/skssp.eu\/wp-content\/uploads\/2022\/11\/cropped-logo_skssp.png","width":512,"height":512,"caption":"SKSSP"},"image":{"@id":"https:\/\/skssp.eu\/de\/#\/schema\/logo\/image\/"}}]}},"_links":{"self":[{"href":"https:\/\/skssp.eu\/de\/wp-json\/wp\/v2\/pages\/20763","targetHints":{"allow":["GET"]}}],"collection":[{"href":"https:\/\/skssp.eu\/de\/wp-json\/wp\/v2\/pages"}],"about":[{"href":"https:\/\/skssp.eu\/de\/wp-json\/wp\/v2\/types\/page"}],"author":[{"embeddable":true,"href":"https:\/\/skssp.eu\/de\/wp-json\/wp\/v2\/users\/1"}],"replies":[{"embeddable":true,"href":"https:\/\/skssp.eu\/de\/wp-json\/wp\/v2\/comments?post=20763"}],"version-history":[{"count":0,"href":"https:\/\/skssp.eu\/de\/wp-json\/wp\/v2\/pages\/20763\/revisions"}],"wp:attachment":[{"href":"https:\/\/skssp.eu\/de\/wp-json\/wp\/v2\/media?parent=20763"}],"curies":[{"name":"wp","href":"https:\/\/api.w.org\/{rel}","templated":true}]}}