{"id":45201,"date":"2025-07-03T09:52:50","date_gmt":"2025-07-03T07:52:50","guid":{"rendered":"https:\/\/skssp.eu\/prihlasenie\/"},"modified":"2025-09-10T18:00:32","modified_gmt":"2025-09-10T16:00:32","slug":"login","status":"publish","type":"page","link":"https:\/\/skssp.eu\/de\/login\/","title":{"rendered":"Login"},"content":{"rendered":"\n<p>Einige Unterseiten sind nur f\u00fcr Vereinsmitglieder bestimmt. Wenn Sie Vereinsmitglied sind, k\u00f6nnen Sie sich auf der jeweiligen Seite \u00fcber den Link \u201eHier k\u00f6nnen Sie sich anmelden\u201c anmelden.<\/p>\n\n\n\n<figure class=\"wp-block-image size-large\"><img loading=\"lazy\" decoding=\"async\" width=\"1024\" height=\"539\" src=\"https:\/\/skssp.eu\/wp-content\/uploads\/2025\/07\/Screenshot-2025-07-03-at-09.46.45-1024x539.png\" alt=\"\" class=\"wp-image-45074\" srcset=\"https:\/\/skssp.eu\/wp-content\/uploads\/2025\/07\/Screenshot-2025-07-03-at-09.46.45-1024x539.png 1024w, https:\/\/skssp.eu\/wp-content\/uploads\/2025\/07\/Screenshot-2025-07-03-at-09.46.45-300x158.png 300w, https:\/\/skssp.eu\/wp-content\/uploads\/2025\/07\/Screenshot-2025-07-03-at-09.46.45-768x404.png 768w, https:\/\/skssp.eu\/wp-content\/uploads\/2025\/07\/Screenshot-2025-07-03-at-09.46.45-1536x809.png 1536w, https:\/\/skssp.eu\/wp-content\/uploads\/2025\/07\/Screenshot-2025-07-03-at-09.46.45-2048x1079.png 2048w\" sizes=\"auto, (max-width: 1024px) 100vw, 1024px\" \/><\/figure>\n\n\n\n<p>Alternativ k\u00f6nnen Sie sich auch \u00fcber den roten \u201eAnmelden\u201c-Button oben auf dieser Seite anmelden.<\/p>\n\n\n\n<p>Sie werden auf eine Seite weitergeleitet, auf der Sie nach Ihren vom Verein erhaltenen Anmeldedaten gefragt werden. Klicken Sie anschlie\u00dfend auf \u201eHier anmelden\u201c.<\/p>\n\n\n\n<figure class=\"wp-block-image size-large\"><img loading=\"lazy\" decoding=\"async\" width=\"1024\" height=\"539\" src=\"https:\/\/skssp.eu\/wp-content\/uploads\/2025\/07\/Screenshot-2025-07-03-at-09.48.58-1024x539.png\" alt=\"\" class=\"wp-image-45078\" srcset=\"https:\/\/skssp.eu\/wp-content\/uploads\/2025\/07\/Screenshot-2025-07-03-at-09.48.58-1024x539.png 1024w, https:\/\/skssp.eu\/wp-content\/uploads\/2025\/07\/Screenshot-2025-07-03-at-09.48.58-300x158.png 300w, https:\/\/skssp.eu\/wp-content\/uploads\/2025\/07\/Screenshot-2025-07-03-at-09.48.58-768x404.png 768w, https:\/\/skssp.eu\/wp-content\/uploads\/2025\/07\/Screenshot-2025-07-03-at-09.48.58-1536x809.png 1536w, https:\/\/skssp.eu\/wp-content\/uploads\/2025\/07\/Screenshot-2025-07-03-at-09.48.58-2048x1079.png 2048w\" sizes=\"auto, (max-width: 1024px) 100vw, 1024px\" \/><\/figure>\n\n\n\n<p>Nach dem Einloggen werden Sie auf Ihre Profilseite weitergeleitet. Um den Inhalt der Seite anzuzeigen, m\u00fcssen Sie oben links auf \u201eSKSSP\u201c klicken \u2013 im Bild rot hervorgehoben.<\/p>\n\n\n\n<figure class=\"wp-block-image size-large\"><img loading=\"lazy\" decoding=\"async\" width=\"1024\" height=\"536\" src=\"https:\/\/skssp.eu\/wp-content\/uploads\/2025\/07\/Screenshot-2025-07-03-at-09.50.44-1024x536.png\" alt=\"\" class=\"wp-image-45081\" srcset=\"https:\/\/skssp.eu\/wp-content\/uploads\/2025\/07\/Screenshot-2025-07-03-at-09.50.44-1024x536.png 1024w, https:\/\/skssp.eu\/wp-content\/uploads\/2025\/07\/Screenshot-2025-07-03-at-09.50.44-300x157.png 300w, https:\/\/skssp.eu\/wp-content\/uploads\/2025\/07\/Screenshot-2025-07-03-at-09.50.44-768x402.png 768w, https:\/\/skssp.eu\/wp-content\/uploads\/2025\/07\/Screenshot-2025-07-03-at-09.50.44-1536x803.png 1536w, https:\/\/skssp.eu\/wp-content\/uploads\/2025\/07\/Screenshot-2025-07-03-at-09.50.44-2048x1071.png 2048w\" sizes=\"auto, (max-width: 1024px) 100vw, 1024px\" \/><\/figure>\n\n\n\n<p>W\u00e4hlen Sie anschlie\u00dfend im Men\u00fc die gew\u00fcnschte Seite aus. Die f\u00fcr Clubmitglieder vorgesehenen Seiten werden automatisch angezeigt.<\/p>\n\n\n\n<figure class=\"wp-block-image size-large\"><img loading=\"lazy\" decoding=\"async\" width=\"1024\" height=\"536\" src=\"https:\/\/skssp.eu\/wp-content\/uploads\/2025\/07\/Screenshot-2025-07-03-at-09.51.59-1024x536.png\" alt=\"\" class=\"wp-image-45084\" srcset=\"https:\/\/skssp.eu\/wp-content\/uploads\/2025\/07\/Screenshot-2025-07-03-at-09.51.59-1024x536.png 1024w, https:\/\/skssp.eu\/wp-content\/uploads\/2025\/07\/Screenshot-2025-07-03-at-09.51.59-300x157.png 300w, https:\/\/skssp.eu\/wp-content\/uploads\/2025\/07\/Screenshot-2025-07-03-at-09.51.59-768x402.png 768w, https:\/\/skssp.eu\/wp-content\/uploads\/2025\/07\/Screenshot-2025-07-03-at-09.51.59-1536x803.png 1536w, https:\/\/skssp.eu\/wp-content\/uploads\/2025\/07\/Screenshot-2025-07-03-at-09.51.59-2048x1071.png 2048w\" sizes=\"auto, (max-width: 1024px) 100vw, 1024px\" \/><\/figure>\n","protected":false},"excerpt":{"rendered":"<p>Einige Unterseiten sind nur f\u00fcr Vereinsmitglieder bestimmt. Wenn Sie Vereinsmitglied sind, k\u00f6nnen Sie sich auf der jeweiligen Seite \u00fcber den Link \u201eHier k\u00f6nnen Sie sich anmelden\u201c anmelden. Alternativ k\u00f6nnen Sie sich auch \u00fcber den roten \u201eAnmelden\u201c-Button oben auf dieser Seite anmelden. Sie werden auf eine Seite weitergeleitet, auf der Sie nach Ihren vom Verein erhaltenen [&hellip;]<\/p>\n","protected":false},"author":1,"featured_media":0,"parent":0,"menu_order":0,"comment_status":"closed","ping_status":"closed","template":"page_template-prihlasenie.php","meta":{"_monsterinsights_skip_tracking":false,"_monsterinsights_sitenote_active":false,"_monsterinsights_sitenote_note":"","_monsterinsights_sitenote_category":0,"ngg_post_thumbnail":0,"footnotes":""},"class_list":["post-45201","page","type-page","status-publish","hentry"],"acf":[],"yoast_head":"<!-- This site is optimized with the Yoast SEO plugin v27.4 - https:\/\/yoast.com\/product\/yoast-seo-wordpress\/ -->\n<title>Login | SKSSP<\/title>\n<meta name=\"robots\" content=\"index, follow, max-snippet:-1, max-image-preview:large, max-video-preview:-1\" \/>\n<link rel=\"canonical\" href=\"https:\/\/skssp.eu\/de\/login\/\" \/>\n<meta property=\"og:locale\" content=\"de_DE\" \/>\n<meta property=\"og:type\" content=\"article\" \/>\n<meta property=\"og:title\" content=\"Login | SKSSP\" \/>\n<meta property=\"og:description\" content=\"Einige Unterseiten sind nur f\u00fcr Vereinsmitglieder bestimmt. Wenn Sie Vereinsmitglied sind, k\u00f6nnen Sie sich auf der jeweiligen Seite \u00fcber den Link \u201eHier k\u00f6nnen Sie sich anmelden\u201c anmelden. Alternativ k\u00f6nnen Sie sich auch \u00fcber den roten \u201eAnmelden\u201c-Button oben auf dieser Seite anmelden. Sie werden auf eine Seite weitergeleitet, auf der Sie nach Ihren vom Verein erhaltenen [&hellip;]\" \/>\n<meta property=\"og:url\" content=\"https:\/\/skssp.eu\/de\/login\/\" \/>\n<meta property=\"og:site_name\" content=\"SKSSP\" \/>\n<meta property=\"article:modified_time\" content=\"2025-09-10T16:00:32+00:00\" \/>\n<meta property=\"og:image\" content=\"https:\/\/skssp.eu\/wp-content\/uploads\/2025\/07\/Screenshot-2025-07-03-at-09.46.45-scaled.png\" \/>\n\t<meta property=\"og:image:width\" content=\"2560\" \/>\n\t<meta property=\"og:image:height\" content=\"1348\" \/>\n\t<meta property=\"og:image:type\" content=\"image\/png\" \/>\n<meta name=\"twitter:card\" content=\"summary_large_image\" \/>\n<meta name=\"twitter:label1\" content=\"Gesch\u00e4tzte Lesezeit\" \/>\n\t<meta name=\"twitter:data1\" content=\"2\u00a0Minuten\" \/>\n<script type=\"application\/ld+json\" class=\"yoast-schema-graph\">{\"@context\":\"https:\\\/\\\/schema.org\",\"@graph\":[{\"@type\":\"WebPage\",\"@id\":\"https:\\\/\\\/skssp.eu\\\/de\\\/login\\\/\",\"url\":\"https:\\\/\\\/skssp.eu\\\/de\\\/login\\\/\",\"name\":\"Login | SKSSP\",\"isPartOf\":{\"@id\":\"https:\\\/\\\/skssp.eu\\\/de\\\/#website\"},\"primaryImageOfPage\":{\"@id\":\"https:\\\/\\\/skssp.eu\\\/de\\\/login\\\/#primaryimage\"},\"image\":{\"@id\":\"https:\\\/\\\/skssp.eu\\\/de\\\/login\\\/#primaryimage\"},\"thumbnailUrl\":\"https:\\\/\\\/skssp.eu\\\/wp-content\\\/uploads\\\/2025\\\/07\\\/Screenshot-2025-07-03-at-09.46.45-1024x539.png\",\"datePublished\":\"2025-07-03T07:52:50+00:00\",\"dateModified\":\"2025-09-10T16:00:32+00:00\",\"breadcrumb\":{\"@id\":\"https:\\\/\\\/skssp.eu\\\/de\\\/login\\\/#breadcrumb\"},\"inLanguage\":\"de\",\"potentialAction\":[{\"@type\":\"ReadAction\",\"target\":[\"https:\\\/\\\/skssp.eu\\\/de\\\/login\\\/\"]}]},{\"@type\":\"ImageObject\",\"inLanguage\":\"de\",\"@id\":\"https:\\\/\\\/skssp.eu\\\/de\\\/login\\\/#primaryimage\",\"url\":\"https:\\\/\\\/skssp.eu\\\/wp-content\\\/uploads\\\/2025\\\/07\\\/Screenshot-2025-07-03-at-09.46.45-1024x539.png\",\"contentUrl\":\"https:\\\/\\\/skssp.eu\\\/wp-content\\\/uploads\\\/2025\\\/07\\\/Screenshot-2025-07-03-at-09.46.45-1024x539.png\"},{\"@type\":\"BreadcrumbList\",\"@id\":\"https:\\\/\\\/skssp.eu\\\/de\\\/login\\\/#breadcrumb\",\"itemListElement\":[{\"@type\":\"ListItem\",\"position\":1,\"name\":\"Startseite\",\"item\":\"https:\\\/\\\/skssp.eu\\\/de\\\/startseite\\\/\"},{\"@type\":\"ListItem\",\"position\":2,\"name\":\"Login\"}]},{\"@type\":\"WebSite\",\"@id\":\"https:\\\/\\\/skssp.eu\\\/de\\\/#website\",\"url\":\"https:\\\/\\\/skssp.eu\\\/de\\\/\",\"name\":\"SKSSP\",\"description\":\"Slovensk\u00fd klub \u0160vaj\u010diarskych sala\u0161n\u00edckych psov\",\"publisher\":{\"@id\":\"https:\\\/\\\/skssp.eu\\\/de\\\/#organization\"},\"potentialAction\":[{\"@type\":\"SearchAction\",\"target\":{\"@type\":\"EntryPoint\",\"urlTemplate\":\"https:\\\/\\\/skssp.eu\\\/de\\\/?s={search_term_string}\"},\"query-input\":{\"@type\":\"PropertyValueSpecification\",\"valueRequired\":true,\"valueName\":\"search_term_string\"}}],\"inLanguage\":\"de\"},{\"@type\":\"Organization\",\"@id\":\"https:\\\/\\\/skssp.eu\\\/de\\\/#organization\",\"name\":\"SKSSP\",\"url\":\"https:\\\/\\\/skssp.eu\\\/de\\\/\",\"logo\":{\"@type\":\"ImageObject\",\"inLanguage\":\"de\",\"@id\":\"https:\\\/\\\/skssp.eu\\\/de\\\/#\\\/schema\\\/logo\\\/image\\\/\",\"url\":\"https:\\\/\\\/skssp.eu\\\/wp-content\\\/uploads\\\/2022\\\/11\\\/cropped-logo_skssp.png\",\"contentUrl\":\"https:\\\/\\\/skssp.eu\\\/wp-content\\\/uploads\\\/2022\\\/11\\\/cropped-logo_skssp.png\",\"width\":512,\"height\":512,\"caption\":\"SKSSP\"},\"image\":{\"@id\":\"https:\\\/\\\/skssp.eu\\\/de\\\/#\\\/schema\\\/logo\\\/image\\\/\"}}]}<\/script>\n<!-- \/ Yoast SEO plugin. -->","yoast_head_json":{"title":"Login | SKSSP","robots":{"index":"index","follow":"follow","max-snippet":"max-snippet:-1","max-image-preview":"max-image-preview:large","max-video-preview":"max-video-preview:-1"},"canonical":"https:\/\/skssp.eu\/de\/login\/","og_locale":"de_DE","og_type":"article","og_title":"Login | SKSSP","og_description":"Einige Unterseiten sind nur f\u00fcr Vereinsmitglieder bestimmt. Wenn Sie Vereinsmitglied sind, k\u00f6nnen Sie sich auf der jeweiligen Seite \u00fcber den Link \u201eHier k\u00f6nnen Sie sich anmelden\u201c anmelden. Alternativ k\u00f6nnen Sie sich auch \u00fcber den roten \u201eAnmelden\u201c-Button oben auf dieser Seite anmelden. Sie werden auf eine Seite weitergeleitet, auf der Sie nach Ihren vom Verein erhaltenen [&hellip;]","og_url":"https:\/\/skssp.eu\/de\/login\/","og_site_name":"SKSSP","article_modified_time":"2025-09-10T16:00:32+00:00","og_image":[{"width":2560,"height":1348,"url":"https:\/\/skssp.eu\/wp-content\/uploads\/2025\/07\/Screenshot-2025-07-03-at-09.46.45-scaled.png","type":"image\/png"}],"twitter_card":"summary_large_image","twitter_misc":{"Gesch\u00e4tzte Lesezeit":"2\u00a0Minuten"},"schema":{"@context":"https:\/\/schema.org","@graph":[{"@type":"WebPage","@id":"https:\/\/skssp.eu\/de\/login\/","url":"https:\/\/skssp.eu\/de\/login\/","name":"Login | SKSSP","isPartOf":{"@id":"https:\/\/skssp.eu\/de\/#website"},"primaryImageOfPage":{"@id":"https:\/\/skssp.eu\/de\/login\/#primaryimage"},"image":{"@id":"https:\/\/skssp.eu\/de\/login\/#primaryimage"},"thumbnailUrl":"https:\/\/skssp.eu\/wp-content\/uploads\/2025\/07\/Screenshot-2025-07-03-at-09.46.45-1024x539.png","datePublished":"2025-07-03T07:52:50+00:00","dateModified":"2025-09-10T16:00:32+00:00","breadcrumb":{"@id":"https:\/\/skssp.eu\/de\/login\/#breadcrumb"},"inLanguage":"de","potentialAction":[{"@type":"ReadAction","target":["https:\/\/skssp.eu\/de\/login\/"]}]},{"@type":"ImageObject","inLanguage":"de","@id":"https:\/\/skssp.eu\/de\/login\/#primaryimage","url":"https:\/\/skssp.eu\/wp-content\/uploads\/2025\/07\/Screenshot-2025-07-03-at-09.46.45-1024x539.png","contentUrl":"https:\/\/skssp.eu\/wp-content\/uploads\/2025\/07\/Screenshot-2025-07-03-at-09.46.45-1024x539.png"},{"@type":"BreadcrumbList","@id":"https:\/\/skssp.eu\/de\/login\/#breadcrumb","itemListElement":[{"@type":"ListItem","position":1,"name":"Startseite","item":"https:\/\/skssp.eu\/de\/startseite\/"},{"@type":"ListItem","position":2,"name":"Login"}]},{"@type":"WebSite","@id":"https:\/\/skssp.eu\/de\/#website","url":"https:\/\/skssp.eu\/de\/","name":"SKSSP","description":"Slovensk\u00fd klub \u0160vaj\u010diarskych sala\u0161n\u00edckych psov","publisher":{"@id":"https:\/\/skssp.eu\/de\/#organization"},"potentialAction":[{"@type":"SearchAction","target":{"@type":"EntryPoint","urlTemplate":"https:\/\/skssp.eu\/de\/?s={search_term_string}"},"query-input":{"@type":"PropertyValueSpecification","valueRequired":true,"valueName":"search_term_string"}}],"inLanguage":"de"},{"@type":"Organization","@id":"https:\/\/skssp.eu\/de\/#organization","name":"SKSSP","url":"https:\/\/skssp.eu\/de\/","logo":{"@type":"ImageObject","inLanguage":"de","@id":"https:\/\/skssp.eu\/de\/#\/schema\/logo\/image\/","url":"https:\/\/skssp.eu\/wp-content\/uploads\/2022\/11\/cropped-logo_skssp.png","contentUrl":"https:\/\/skssp.eu\/wp-content\/uploads\/2022\/11\/cropped-logo_skssp.png","width":512,"height":512,"caption":"SKSSP"},"image":{"@id":"https:\/\/skssp.eu\/de\/#\/schema\/logo\/image\/"}}]}},"_links":{"self":[{"href":"https:\/\/skssp.eu\/de\/wp-json\/wp\/v2\/pages\/45201","targetHints":{"allow":["GET"]}}],"collection":[{"href":"https:\/\/skssp.eu\/de\/wp-json\/wp\/v2\/pages"}],"about":[{"href":"https:\/\/skssp.eu\/de\/wp-json\/wp\/v2\/types\/page"}],"author":[{"embeddable":true,"href":"https:\/\/skssp.eu\/de\/wp-json\/wp\/v2\/users\/1"}],"replies":[{"embeddable":true,"href":"https:\/\/skssp.eu\/de\/wp-json\/wp\/v2\/comments?post=45201"}],"version-history":[{"count":1,"href":"https:\/\/skssp.eu\/de\/wp-json\/wp\/v2\/pages\/45201\/revisions"}],"predecessor-version":[{"id":45204,"href":"https:\/\/skssp.eu\/de\/wp-json\/wp\/v2\/pages\/45201\/revisions\/45204"}],"wp:attachment":[{"href":"https:\/\/skssp.eu\/de\/wp-json\/wp\/v2\/media?parent=45201"}],"curies":[{"name":"wp","href":"https:\/\/api.w.org\/{rel}","templated":true}]}}