{"id":20534,"date":"2022-12-01T14:03:34","date_gmt":"2022-12-01T13:03:34","guid":{"rendered":"https:\/\/skssp.eu\/2-of-taxes\/"},"modified":"2023-01-14T18:08:23","modified_gmt":"2023-01-14T17:08:23","slug":"2-of-taxes","status":"publish","type":"page","link":"https:\/\/skssp.eu\/en\/2-of-taxes\/","title":{"rendered":"2% of taxes"},"content":{"rendered":"\n<p class=\"has-text-align-center\">Dear friends of Swiss Mountain Dogs!<\/p>\n\n<p class=\"has-text-align-center\">Every year you have the opportunity to donate 2% to the non-profit organization of your choice.<\/p>\n\n<p class=\"has-text-align-center\">If you decide to support the Slovak Swiss Mountain Dog Club,<\/p>\n\n<p class=\"has-text-align-center\">you will help to improve and enhance the activities of our organisation.  <\/p>\n\n<h2 class=\"has-text-align-center has-vivid-red-color has-text-color wp-block-heading\"><strong>THANK YOU VERY MUCH!<\/strong><\/h2>\n\n<div style=\"height:20px\" aria-hidden=\"true\" class=\"wp-block-spacer\"><\/div>\n\n<div class=\"wp-block-file\"><a id=\"wp-block-file--media-0a7bc3ce-d0e6-4bb4-b126-9c527ab72366\" href=\"https:\/\/skssp.eu\/wp-content\/uploads\/2022\/12\/dve_percenta_dane.pdf\">You can find the steps to pay 2% tax here.<\/a><\/div>\n\n<p><a href=\"https:\/\/www.dvepercenta.sk\/details.php?organizationID=21906\">Forms and more information about donating 2% to us can be found here.<\/a><\/p>\n\n<div class=\"wp-block-file\"><a id=\"wp-block-file--media-f34e631c-4d2e-498a-8465-ca7d56fda39e\" href=\"https:\/\/skssp.eu\/wp-content\/uploads\/2022\/12\/2_percenta_2021.pdf\">Sample form for download<\/a><\/div>\n","protected":false},"excerpt":{"rendered":"<p>Dear friends of Swiss Mountain Dogs! Every year you have the opportunity to donate 2% to the non-profit organization of your choice. If you decide to support the Slovak Swiss Mountain Dog Club, you will help to improve and enhance the activities of our organisation. THANK YOU VERY MUCH! Forms and more information about donating [&hellip;]<\/p>\n","protected":false},"author":1,"featured_media":0,"parent":0,"menu_order":0,"comment_status":"closed","ping_status":"closed","template":"","meta":{"_monsterinsights_skip_tracking":false,"_monsterinsights_sitenote_active":false,"_monsterinsights_sitenote_note":"","_monsterinsights_sitenote_category":0,"ngg_post_thumbnail":0,"footnotes":""},"class_list":["post-20534","page","type-page","status-publish","hentry"],"acf":[],"yoast_head":"<!-- This site is optimized with the Yoast SEO plugin v27.4 - https:\/\/yoast.com\/product\/yoast-seo-wordpress\/ -->\n<title>2% of taxes | SKSSP<\/title>\n<meta name=\"robots\" content=\"index, follow, max-snippet:-1, max-image-preview:large, max-video-preview:-1\" \/>\n<link rel=\"canonical\" href=\"https:\/\/skssp.eu\/en\/2-of-taxes\/\" \/>\n<meta property=\"og:locale\" content=\"en_US\" \/>\n<meta property=\"og:type\" content=\"article\" \/>\n<meta property=\"og:title\" content=\"2% of taxes | SKSSP\" \/>\n<meta property=\"og:description\" content=\"Dear friends of Swiss Mountain Dogs! Every year you have the opportunity to donate 2% to the non-profit organization of your choice. If you decide to support the Slovak Swiss Mountain Dog Club, you will help to improve and enhance the activities of our organisation. THANK YOU VERY MUCH! Forms and more information about donating [&hellip;]\" \/>\n<meta property=\"og:url\" content=\"https:\/\/skssp.eu\/en\/2-of-taxes\/\" \/>\n<meta property=\"og:site_name\" content=\"SKSSP\" \/>\n<meta property=\"article:modified_time\" content=\"2023-01-14T17:08:23+00:00\" \/>\n<meta name=\"twitter:card\" content=\"summary_large_image\" \/>\n<script type=\"application\/ld+json\" class=\"yoast-schema-graph\">{\"@context\":\"https:\\\/\\\/schema.org\",\"@graph\":[{\"@type\":\"WebPage\",\"@id\":\"https:\\\/\\\/skssp.eu\\\/en\\\/2-of-taxes\\\/\",\"url\":\"https:\\\/\\\/skssp.eu\\\/en\\\/2-of-taxes\\\/\",\"name\":\"2% of taxes | SKSSP\",\"isPartOf\":{\"@id\":\"https:\\\/\\\/skssp.eu\\\/en\\\/#website\"},\"datePublished\":\"2022-12-01T13:03:34+00:00\",\"dateModified\":\"2023-01-14T17:08:23+00:00\",\"breadcrumb\":{\"@id\":\"https:\\\/\\\/skssp.eu\\\/en\\\/2-of-taxes\\\/#breadcrumb\"},\"inLanguage\":\"en-US\",\"potentialAction\":[{\"@type\":\"ReadAction\",\"target\":[\"https:\\\/\\\/skssp.eu\\\/en\\\/2-of-taxes\\\/\"]}]},{\"@type\":\"BreadcrumbList\",\"@id\":\"https:\\\/\\\/skssp.eu\\\/en\\\/2-of-taxes\\\/#breadcrumb\",\"itemListElement\":[{\"@type\":\"ListItem\",\"position\":1,\"name\":\"Home\",\"item\":\"https:\\\/\\\/skssp.eu\\\/en\\\/home\\\/\"},{\"@type\":\"ListItem\",\"position\":2,\"name\":\"2% of taxes\"}]},{\"@type\":\"WebSite\",\"@id\":\"https:\\\/\\\/skssp.eu\\\/en\\\/#website\",\"url\":\"https:\\\/\\\/skssp.eu\\\/en\\\/\",\"name\":\"SKSSP\",\"description\":\"Slovensk\u00fd klub \u0160vaj\u010diarskych sala\u0161n\u00edckych psov\",\"publisher\":{\"@id\":\"https:\\\/\\\/skssp.eu\\\/en\\\/#organization\"},\"potentialAction\":[{\"@type\":\"SearchAction\",\"target\":{\"@type\":\"EntryPoint\",\"urlTemplate\":\"https:\\\/\\\/skssp.eu\\\/en\\\/?s={search_term_string}\"},\"query-input\":{\"@type\":\"PropertyValueSpecification\",\"valueRequired\":true,\"valueName\":\"search_term_string\"}}],\"inLanguage\":\"en-US\"},{\"@type\":\"Organization\",\"@id\":\"https:\\\/\\\/skssp.eu\\\/en\\\/#organization\",\"name\":\"SKSSP\",\"url\":\"https:\\\/\\\/skssp.eu\\\/en\\\/\",\"logo\":{\"@type\":\"ImageObject\",\"inLanguage\":\"en-US\",\"@id\":\"https:\\\/\\\/skssp.eu\\\/en\\\/#\\\/schema\\\/logo\\\/image\\\/\",\"url\":\"https:\\\/\\\/skssp.eu\\\/wp-content\\\/uploads\\\/2022\\\/11\\\/cropped-logo_skssp.png\",\"contentUrl\":\"https:\\\/\\\/skssp.eu\\\/wp-content\\\/uploads\\\/2022\\\/11\\\/cropped-logo_skssp.png\",\"width\":512,\"height\":512,\"caption\":\"SKSSP\"},\"image\":{\"@id\":\"https:\\\/\\\/skssp.eu\\\/en\\\/#\\\/schema\\\/logo\\\/image\\\/\"}}]}<\/script>\n<!-- \/ Yoast SEO plugin. -->","yoast_head_json":{"title":"2% of taxes | SKSSP","robots":{"index":"index","follow":"follow","max-snippet":"max-snippet:-1","max-image-preview":"max-image-preview:large","max-video-preview":"max-video-preview:-1"},"canonical":"https:\/\/skssp.eu\/en\/2-of-taxes\/","og_locale":"en_US","og_type":"article","og_title":"2% of taxes | SKSSP","og_description":"Dear friends of Swiss Mountain Dogs! Every year you have the opportunity to donate 2% to the non-profit organization of your choice. If you decide to support the Slovak Swiss Mountain Dog Club, you will help to improve and enhance the activities of our organisation. THANK YOU VERY MUCH! Forms and more information about donating [&hellip;]","og_url":"https:\/\/skssp.eu\/en\/2-of-taxes\/","og_site_name":"SKSSP","article_modified_time":"2023-01-14T17:08:23+00:00","twitter_card":"summary_large_image","schema":{"@context":"https:\/\/schema.org","@graph":[{"@type":"WebPage","@id":"https:\/\/skssp.eu\/en\/2-of-taxes\/","url":"https:\/\/skssp.eu\/en\/2-of-taxes\/","name":"2% of taxes | SKSSP","isPartOf":{"@id":"https:\/\/skssp.eu\/en\/#website"},"datePublished":"2022-12-01T13:03:34+00:00","dateModified":"2023-01-14T17:08:23+00:00","breadcrumb":{"@id":"https:\/\/skssp.eu\/en\/2-of-taxes\/#breadcrumb"},"inLanguage":"en-US","potentialAction":[{"@type":"ReadAction","target":["https:\/\/skssp.eu\/en\/2-of-taxes\/"]}]},{"@type":"BreadcrumbList","@id":"https:\/\/skssp.eu\/en\/2-of-taxes\/#breadcrumb","itemListElement":[{"@type":"ListItem","position":1,"name":"Home","item":"https:\/\/skssp.eu\/en\/home\/"},{"@type":"ListItem","position":2,"name":"2% of taxes"}]},{"@type":"WebSite","@id":"https:\/\/skssp.eu\/en\/#website","url":"https:\/\/skssp.eu\/en\/","name":"SKSSP","description":"Slovensk\u00fd klub \u0160vaj\u010diarskych sala\u0161n\u00edckych psov","publisher":{"@id":"https:\/\/skssp.eu\/en\/#organization"},"potentialAction":[{"@type":"SearchAction","target":{"@type":"EntryPoint","urlTemplate":"https:\/\/skssp.eu\/en\/?s={search_term_string}"},"query-input":{"@type":"PropertyValueSpecification","valueRequired":true,"valueName":"search_term_string"}}],"inLanguage":"en-US"},{"@type":"Organization","@id":"https:\/\/skssp.eu\/en\/#organization","name":"SKSSP","url":"https:\/\/skssp.eu\/en\/","logo":{"@type":"ImageObject","inLanguage":"en-US","@id":"https:\/\/skssp.eu\/en\/#\/schema\/logo\/image\/","url":"https:\/\/skssp.eu\/wp-content\/uploads\/2022\/11\/cropped-logo_skssp.png","contentUrl":"https:\/\/skssp.eu\/wp-content\/uploads\/2022\/11\/cropped-logo_skssp.png","width":512,"height":512,"caption":"SKSSP"},"image":{"@id":"https:\/\/skssp.eu\/en\/#\/schema\/logo\/image\/"}}]}},"_links":{"self":[{"href":"https:\/\/skssp.eu\/en\/wp-json\/wp\/v2\/pages\/20534","targetHints":{"allow":["GET"]}}],"collection":[{"href":"https:\/\/skssp.eu\/en\/wp-json\/wp\/v2\/pages"}],"about":[{"href":"https:\/\/skssp.eu\/en\/wp-json\/wp\/v2\/types\/page"}],"author":[{"embeddable":true,"href":"https:\/\/skssp.eu\/en\/wp-json\/wp\/v2\/users\/1"}],"replies":[{"embeddable":true,"href":"https:\/\/skssp.eu\/en\/wp-json\/wp\/v2\/comments?post=20534"}],"version-history":[{"count":0,"href":"https:\/\/skssp.eu\/en\/wp-json\/wp\/v2\/pages\/20534\/revisions"}],"wp:attachment":[{"href":"https:\/\/skssp.eu\/en\/wp-json\/wp\/v2\/media?parent=20534"}],"curies":[{"name":"wp","href":"https:\/\/api.w.org\/{rel}","templated":true}]}}