{"id":20665,"date":"2022-12-19T14:52:53","date_gmt":"2022-12-19T13:52:53","guid":{"rendered":"https:\/\/skssp.eu\/most-active-breeder-conditions\/"},"modified":"2023-01-14T18:39:20","modified_gmt":"2023-01-14T17:39:20","slug":"most-active-breeder-conditions","status":"publish","type":"page","link":"https:\/\/skssp.eu\/en\/most-active-breeder-conditions\/","title":{"rendered":"Most active breeder &#8211; conditions"},"content":{"rendered":"\n<p><strong>Every year the Slovak Swiss Mountain Dog Club compiles a ranking of the most active breeders, members of \u0160K\u0160SP. The activity of the breeder within Slovakia towards the owners of his offspring is evaluated.<\/strong><\/p>\n\n<ul class=\"wp-block-list\">\n<li>The ranking is compiled for each calendar year, points are calculated for the period from 1.1. until 31.12.. The competition shall be evaluated by the SK\u0160SP Committee based on the data available to the club.<\/li>\n\n\n\n<li>The ranking includes breeders \/owners of kennels\/ who are members of SK\u0160SP and breed litters according to the breeding conditions of SK\u0160SP and \u00daKK.<\/li>\n\n\n\n<li>Material prizes for successful breeders will be purchased from the club&#8217;s funds in the value of &#8211; for each point awarded 0.50 euros.<\/li>\n<\/ul>\n\n<p>Scoring table:<\/p>\n\n<figure class=\"wp-block-table\"><table><tbody><tr><td><strong>A. for a registered individual from breeding. stations at the exhibition held in Slovakia<\/strong><br\/>  (shows with at least CAC SR entry)<\/td><td>+ 1 point<\/td><\/tr><tr><td><strong>B. for entering an individual from the kennel at a club or special show<br\/>  JCSP<\/strong><\/td><td>+ 5 points<\/td><\/tr><tr><td><strong>C. for the participation of an individual from the kennel in the SK\u0160SP<\/strong><\/td><td>+ 10 points<\/td><\/tr><tr><td><strong>D. for the evaluation of a kennel bred individual for dysplasia  <\/strong><br\/>  the date of evaluation is decisive<\/td><td>+ 5 points<\/td><\/tr><tr><td><strong>E. for the participation of a kennel individual at the SK\u0160SP club camp<\/strong><\/td><td>+ 5 points<\/td><\/tr><tr><td><strong>F. for obtaining a new member of the club (owner of a dog, coming from a kennel)<br\/> <\/strong>the date of sending the application form to the club is decisive  <\/td><td>+ 5 points<\/td><\/tr><\/tbody><\/table><\/figure>\n","protected":false},"excerpt":{"rendered":"<p>Every year the Slovak Swiss Mountain Dog Club compiles a ranking of the most active breeders, members of \u0160K\u0160SP. The activity of the breeder within Slovakia towards the owners of his offspring is evaluated. Scoring table: A. for a registered individual from breeding. stations at the exhibition held in Slovakia (shows with at least CAC [&hellip;]<\/p>\n","protected":false},"author":1,"featured_media":0,"parent":0,"menu_order":0,"comment_status":"closed","ping_status":"closed","template":"page_template-akcie.php","meta":{"_monsterinsights_skip_tracking":false,"_monsterinsights_sitenote_active":false,"_monsterinsights_sitenote_note":"","_monsterinsights_sitenote_category":0,"ngg_post_thumbnail":0,"footnotes":""},"class_list":["post-20665","page","type-page","status-publish","hentry"],"acf":[],"yoast_head":"<!-- This site is optimized with the Yoast SEO plugin v27.4 - https:\/\/yoast.com\/product\/yoast-seo-wordpress\/ -->\n<title>Most active breeder - conditions | SKSSP<\/title>\n<meta name=\"robots\" content=\"index, follow, max-snippet:-1, max-image-preview:large, max-video-preview:-1\" \/>\n<link rel=\"canonical\" href=\"https:\/\/skssp.eu\/en\/most-active-breeder-conditions\/\" \/>\n<meta property=\"og:locale\" content=\"en_US\" \/>\n<meta property=\"og:type\" content=\"article\" \/>\n<meta property=\"og:title\" content=\"Most active breeder - conditions | SKSSP\" \/>\n<meta property=\"og:description\" content=\"Every year the Slovak Swiss Mountain Dog Club compiles a ranking of the most active breeders, members of \u0160K\u0160SP. The activity of the breeder within Slovakia towards the owners of his offspring is evaluated. Scoring table: A. for a registered individual from breeding. stations at the exhibition held in Slovakia (shows with at least CAC [&hellip;]\" \/>\n<meta property=\"og:url\" content=\"https:\/\/skssp.eu\/en\/most-active-breeder-conditions\/\" \/>\n<meta property=\"og:site_name\" content=\"SKSSP\" \/>\n<meta property=\"article:modified_time\" content=\"2023-01-14T17:39:20+00:00\" \/>\n<meta name=\"twitter:card\" content=\"summary_large_image\" \/>\n<meta name=\"twitter:label1\" content=\"Est. reading time\" \/>\n\t<meta name=\"twitter:data1\" content=\"1 minute\" \/>\n<script type=\"application\/ld+json\" class=\"yoast-schema-graph\">{\"@context\":\"https:\\\/\\\/schema.org\",\"@graph\":[{\"@type\":\"WebPage\",\"@id\":\"https:\\\/\\\/skssp.eu\\\/en\\\/most-active-breeder-conditions\\\/\",\"url\":\"https:\\\/\\\/skssp.eu\\\/en\\\/most-active-breeder-conditions\\\/\",\"name\":\"Most active breeder - conditions | SKSSP\",\"isPartOf\":{\"@id\":\"https:\\\/\\\/skssp.eu\\\/en\\\/#website\"},\"datePublished\":\"2022-12-19T13:52:53+00:00\",\"dateModified\":\"2023-01-14T17:39:20+00:00\",\"breadcrumb\":{\"@id\":\"https:\\\/\\\/skssp.eu\\\/en\\\/most-active-breeder-conditions\\\/#breadcrumb\"},\"inLanguage\":\"en-US\",\"potentialAction\":[{\"@type\":\"ReadAction\",\"target\":[\"https:\\\/\\\/skssp.eu\\\/en\\\/most-active-breeder-conditions\\\/\"]}]},{\"@type\":\"BreadcrumbList\",\"@id\":\"https:\\\/\\\/skssp.eu\\\/en\\\/most-active-breeder-conditions\\\/#breadcrumb\",\"itemListElement\":[{\"@type\":\"ListItem\",\"position\":1,\"name\":\"Home\",\"item\":\"https:\\\/\\\/skssp.eu\\\/en\\\/home\\\/\"},{\"@type\":\"ListItem\",\"position\":2,\"name\":\"Most active breeder &#8211; conditions\"}]},{\"@type\":\"WebSite\",\"@id\":\"https:\\\/\\\/skssp.eu\\\/en\\\/#website\",\"url\":\"https:\\\/\\\/skssp.eu\\\/en\\\/\",\"name\":\"SKSSP\",\"description\":\"Slovensk\u00fd klub \u0160vaj\u010diarskych sala\u0161n\u00edckych psov\",\"publisher\":{\"@id\":\"https:\\\/\\\/skssp.eu\\\/en\\\/#organization\"},\"potentialAction\":[{\"@type\":\"SearchAction\",\"target\":{\"@type\":\"EntryPoint\",\"urlTemplate\":\"https:\\\/\\\/skssp.eu\\\/en\\\/?s={search_term_string}\"},\"query-input\":{\"@type\":\"PropertyValueSpecification\",\"valueRequired\":true,\"valueName\":\"search_term_string\"}}],\"inLanguage\":\"en-US\"},{\"@type\":\"Organization\",\"@id\":\"https:\\\/\\\/skssp.eu\\\/en\\\/#organization\",\"name\":\"SKSSP\",\"url\":\"https:\\\/\\\/skssp.eu\\\/en\\\/\",\"logo\":{\"@type\":\"ImageObject\",\"inLanguage\":\"en-US\",\"@id\":\"https:\\\/\\\/skssp.eu\\\/en\\\/#\\\/schema\\\/logo\\\/image\\\/\",\"url\":\"https:\\\/\\\/skssp.eu\\\/wp-content\\\/uploads\\\/2022\\\/11\\\/cropped-logo_skssp.png\",\"contentUrl\":\"https:\\\/\\\/skssp.eu\\\/wp-content\\\/uploads\\\/2022\\\/11\\\/cropped-logo_skssp.png\",\"width\":512,\"height\":512,\"caption\":\"SKSSP\"},\"image\":{\"@id\":\"https:\\\/\\\/skssp.eu\\\/en\\\/#\\\/schema\\\/logo\\\/image\\\/\"}}]}<\/script>\n<!-- \/ Yoast SEO plugin. -->","yoast_head_json":{"title":"Most active breeder - conditions | SKSSP","robots":{"index":"index","follow":"follow","max-snippet":"max-snippet:-1","max-image-preview":"max-image-preview:large","max-video-preview":"max-video-preview:-1"},"canonical":"https:\/\/skssp.eu\/en\/most-active-breeder-conditions\/","og_locale":"en_US","og_type":"article","og_title":"Most active breeder - conditions | SKSSP","og_description":"Every year the Slovak Swiss Mountain Dog Club compiles a ranking of the most active breeders, members of \u0160K\u0160SP. The activity of the breeder within Slovakia towards the owners of his offspring is evaluated. Scoring table: A. for a registered individual from breeding. stations at the exhibition held in Slovakia (shows with at least CAC [&hellip;]","og_url":"https:\/\/skssp.eu\/en\/most-active-breeder-conditions\/","og_site_name":"SKSSP","article_modified_time":"2023-01-14T17:39:20+00:00","twitter_card":"summary_large_image","twitter_misc":{"Est. reading time":"1 minute"},"schema":{"@context":"https:\/\/schema.org","@graph":[{"@type":"WebPage","@id":"https:\/\/skssp.eu\/en\/most-active-breeder-conditions\/","url":"https:\/\/skssp.eu\/en\/most-active-breeder-conditions\/","name":"Most active breeder - conditions | SKSSP","isPartOf":{"@id":"https:\/\/skssp.eu\/en\/#website"},"datePublished":"2022-12-19T13:52:53+00:00","dateModified":"2023-01-14T17:39:20+00:00","breadcrumb":{"@id":"https:\/\/skssp.eu\/en\/most-active-breeder-conditions\/#breadcrumb"},"inLanguage":"en-US","potentialAction":[{"@type":"ReadAction","target":["https:\/\/skssp.eu\/en\/most-active-breeder-conditions\/"]}]},{"@type":"BreadcrumbList","@id":"https:\/\/skssp.eu\/en\/most-active-breeder-conditions\/#breadcrumb","itemListElement":[{"@type":"ListItem","position":1,"name":"Home","item":"https:\/\/skssp.eu\/en\/home\/"},{"@type":"ListItem","position":2,"name":"Most active breeder &#8211; conditions"}]},{"@type":"WebSite","@id":"https:\/\/skssp.eu\/en\/#website","url":"https:\/\/skssp.eu\/en\/","name":"SKSSP","description":"Slovensk\u00fd klub \u0160vaj\u010diarskych sala\u0161n\u00edckych psov","publisher":{"@id":"https:\/\/skssp.eu\/en\/#organization"},"potentialAction":[{"@type":"SearchAction","target":{"@type":"EntryPoint","urlTemplate":"https:\/\/skssp.eu\/en\/?s={search_term_string}"},"query-input":{"@type":"PropertyValueSpecification","valueRequired":true,"valueName":"search_term_string"}}],"inLanguage":"en-US"},{"@type":"Organization","@id":"https:\/\/skssp.eu\/en\/#organization","name":"SKSSP","url":"https:\/\/skssp.eu\/en\/","logo":{"@type":"ImageObject","inLanguage":"en-US","@id":"https:\/\/skssp.eu\/en\/#\/schema\/logo\/image\/","url":"https:\/\/skssp.eu\/wp-content\/uploads\/2022\/11\/cropped-logo_skssp.png","contentUrl":"https:\/\/skssp.eu\/wp-content\/uploads\/2022\/11\/cropped-logo_skssp.png","width":512,"height":512,"caption":"SKSSP"},"image":{"@id":"https:\/\/skssp.eu\/en\/#\/schema\/logo\/image\/"}}]}},"_links":{"self":[{"href":"https:\/\/skssp.eu\/en\/wp-json\/wp\/v2\/pages\/20665","targetHints":{"allow":["GET"]}}],"collection":[{"href":"https:\/\/skssp.eu\/en\/wp-json\/wp\/v2\/pages"}],"about":[{"href":"https:\/\/skssp.eu\/en\/wp-json\/wp\/v2\/types\/page"}],"author":[{"embeddable":true,"href":"https:\/\/skssp.eu\/en\/wp-json\/wp\/v2\/users\/1"}],"replies":[{"embeddable":true,"href":"https:\/\/skssp.eu\/en\/wp-json\/wp\/v2\/comments?post=20665"}],"version-history":[{"count":0,"href":"https:\/\/skssp.eu\/en\/wp-json\/wp\/v2\/pages\/20665\/revisions"}],"wp:attachment":[{"href":"https:\/\/skssp.eu\/en\/wp-json\/wp\/v2\/media?parent=20665"}],"curies":[{"name":"wp","href":"https:\/\/api.w.org\/{rel}","templated":true}]}}