{"id":20681,"date":"2022-12-19T14:47:38","date_gmt":"2022-12-19T13:47:38","guid":{"rendered":"https:\/\/skssp.eu\/dog-of-the-year-conditions\/"},"modified":"2023-10-04T23:31:12","modified_gmt":"2023-10-04T21:31:12","slug":"dog-of-the-year-conditions","status":"publish","type":"page","link":"https:\/\/skssp.eu\/en\/dog-of-the-year-conditions\/","title":{"rendered":"Dog of the Year &#8211; conditions"},"content":{"rendered":"\n<p><strong>The Slovak Swiss Mountain Dog Club annually produces a ranking of the most successful dogs owned by a member of the club. Each breed will be evaluated separately for domestic \/DOG OF THE YEAR SK\u0160SP\/ and foreign exhibitors \/BEST DOG OF A FOREIGN MEMBER OF SK\u0160SP\/ according to the following order.<\/strong><\/p>\n\n<p><strong>Conditions of participation:<\/strong><\/p>\n\n<ol class=\"wp-block-list\">\n<li>The competition is announced every calendar year.<\/li>\n\n\n\n<li>It is open to all SK\u0160SP members.<\/li>\n\n\n\n<li>One member of SK\u0160SP can enter any number of dogs.<\/li>\n\n\n\n<li>Dogs entered must be owned by a member of the SK\u0160SP.<\/li>\n\n\n\n<li>Dogs in co-ownership must be in the permanent possession of a member of the SK\u0160SP.<\/li>\n\n\n\n<li>The owner shall enter in the completed application form up to 10 shows attended, at his\/her discretion and with the best possible evaluation.<\/li>\n\n\n\n<li>In order to be entered in the competition, the dog must have attended at least one show held by the club in a given year.An individual may be entered in more than one category if it meets the required conditions.<\/li>\n\n\n\n<li>The number of dogs entered in the class is also taken into account in the scoring of the placings. It is therefore necessary to attach a copy of the catalogue to the attached testimonials. If the number of dogs in the class is not provided, it will be counted according to the basic scheme. For each dog entered in the catalogue over four, the first four in order will be credited with the difference between the number of entries in the class and the base number (four).<\/li>\n\n\n\n<li>In the event of a tie, the ranking at the club-organized show is decisive.<\/li>\n\n\n\n<li>The deadline for applications is 31.1. the following calendar year for which the competition is announced.<\/li>\n<\/ol>\n\n<p><strong><em>Each breed is evaluated separately in the following categories:  <\/em><\/strong><\/p>\n\n<p><strong>YOUNGER JUNIOR OF THE YEAR \/ MOST SUCCESSFUL YOUNGER JUNIOR OF A FOREIGN MEMBER<\/strong><\/p>\n\n<p>&#8211; this category is common for both sexes, only results from the junior class from domestic and foreign shows of all levels, held under the auspices of the FCI, are taken into account.<\/p>\n\n<p><strong>TEENAGER OF THE YEAR \/ MOST SUCCESSFUL TEENAGER OF A FOREIGN MEMBER OF THE SKSSP<\/strong><\/p>\n\n<p>&#8211; this category is common for both sexes, only results from the junior class, from domestic and foreign shows of all levels, held under the auspices of the FCI, are taken into account.<\/p>\n\n<p><strong>YOUNG DOG OF THE YEAR \/ MOST SUCCESSFUL YOUNG DOG OF A FOREIGN MEMBER OF THE EUROPEAN KENNEL CLUB<\/strong><\/p>\n\n<p><strong>YOUNG BITCH OF THE YEAR \/ MOST SUCCESSFUL YOUNG BITCH OF FOREIGN MEMBER OF SKSSP<\/strong><\/p>\n\n<p>&#8211; in these categories only results from the junior class, from domestic and foreign shows of all levels, held under the auspices of the FCI, are taken into account.<\/p>\n\n<p><strong>DOG OF THE YEAR \/ MOST SUCCESSFUL DOG OF A FOREIGN MEMBER OF THE EUROPEAN KENNEL CLUB<\/strong><\/p>\n\n<p><strong>BITCH OF THE YEAR \/ MOST SUCCESSFUL BITCH OF A FOREIGN MEMBER OF THE EUROPEAN KENNEL CLUB<\/strong><\/p>\n\n<p>&#8211; in these categories, the results from the medium, open, working, winners and champions (or even out of competition), from domestic and foreign shows of all levels, held under the auspices of the FCI, are taken into account.<\/p>\n\n<p><strong>VETERAN OF THE YEAR\/ MOST SUCCESSFUL VETERAN OF A FOREIGN MEMBER OF SCSP<\/strong><\/p>\n\n<p>&#8211; this category is common for both sexes, only results from the veteran class, from domestic and foreign shows of all levels, held under the auspices of the FCI, are taken into account.<\/p>\n\n<p><br\/><strong>Scoring table:<\/strong><\/p>\n\n<figure class=\"wp-block-table\"><table><tbody><tr><td>V1, VN1, BIS 1, BOG 1<\/td><td>10 b<\/td><\/tr><tr><td>V2, VN2 , BIS 2, BOG 2<\/td><td>9 b<\/td><\/tr><tr><td>V3, VN3, BIS 3, BOG 3<\/td><td>8 b<\/td><\/tr><tr><td>V4, VN4, BIS 4, BOG 4<\/td><td>7 b<\/td><\/tr><tr><td>V, HV<\/td><td>6 b<\/td><\/tr><tr><td>VD, N<\/td><td>5 b<\/td><\/tr><tr><td>BOB<\/td><td>+ 10 b<\/td><\/tr><tr><td>CAJC,CAC, CACIB, BOS<\/td><td>+ 5 b<\/td><\/tr><tr><td>R-CACIB, R-CAC<\/td><td>+ 3 b<\/td><\/tr><tr><td>EV, EVM, SV, SVM, other titles obtained with CACIB<\/td><td>+ 3 b<\/td><\/tr><tr><td>KV, KVM, NV, NVM, V\u0160V, V\u0160VM, Regional winner<\/td><td>+ 3 b<\/td><\/tr><tr><td>Best veteran, Best junior youth, Best youth<\/td><td>+ 5 b<\/td><\/tr><\/tbody><\/table><\/figure>\n\n<p>Apply for the competition <a href=\"https:\/\/skssp.eu\/wp-content\/uploads\/2023\/01\/PRIHLASKAPESROKA.docx\" target=\"_blank\" rel=\"noreferrer noopener\">here<\/a>.<\/p>\n\n<p>Please send your entries to the following email address: <a href=\"mailto:skwebskssp@gmail.com\">skwebskssp@gmail.com<\/a><\/p>\n","protected":false},"excerpt":{"rendered":"<p>The Slovak Swiss Mountain Dog Club annually produces a ranking of the most successful dogs owned by a member of the club. Each breed will be evaluated separately for domestic \/DOG OF THE YEAR SK\u0160SP\/ and foreign exhibitors \/BEST DOG OF A FOREIGN MEMBER OF SK\u0160SP\/ according to the following order. Conditions of participation: Each [&hellip;]<\/p>\n","protected":false},"author":1,"featured_media":0,"parent":0,"menu_order":0,"comment_status":"closed","ping_status":"closed","template":"page_template-akcie.php","meta":{"_monsterinsights_skip_tracking":false,"_monsterinsights_sitenote_active":false,"_monsterinsights_sitenote_note":"","_monsterinsights_sitenote_category":0,"ngg_post_thumbnail":0,"footnotes":""},"class_list":["post-20681","page","type-page","status-publish","hentry"],"acf":[],"yoast_head":"<!-- This site is optimized with the Yoast SEO plugin v27.3 - https:\/\/yoast.com\/product\/yoast-seo-wordpress\/ -->\n<title>Dog of the Year - conditions | SKSSP<\/title>\n<meta name=\"robots\" content=\"index, follow, max-snippet:-1, max-image-preview:large, max-video-preview:-1\" \/>\n<link rel=\"canonical\" href=\"https:\/\/skssp.eu\/en\/dog-of-the-year-conditions\/\" \/>\n<meta property=\"og:locale\" content=\"en_US\" \/>\n<meta property=\"og:type\" content=\"article\" \/>\n<meta property=\"og:title\" content=\"Dog of the Year - conditions | SKSSP\" \/>\n<meta property=\"og:description\" content=\"The Slovak Swiss Mountain Dog Club annually produces a ranking of the most successful dogs owned by a member of the club. Each breed will be evaluated separately for domestic \/DOG OF THE YEAR SK\u0160SP\/ and foreign exhibitors \/BEST DOG OF A FOREIGN MEMBER OF SK\u0160SP\/ according to the following order. Conditions of participation: Each [&hellip;]\" \/>\n<meta property=\"og:url\" content=\"https:\/\/skssp.eu\/en\/dog-of-the-year-conditions\/\" \/>\n<meta property=\"og:site_name\" content=\"SKSSP\" \/>\n<meta property=\"article:modified_time\" content=\"2023-10-04T21:31:12+00:00\" \/>\n<meta name=\"twitter:card\" content=\"summary_large_image\" \/>\n<meta name=\"twitter:label1\" content=\"Est. reading time\" \/>\n\t<meta name=\"twitter:data1\" content=\"3 minutes\" \/>\n<script type=\"application\/ld+json\" class=\"yoast-schema-graph\">{\"@context\":\"https:\\\/\\\/schema.org\",\"@graph\":[{\"@type\":\"WebPage\",\"@id\":\"https:\\\/\\\/skssp.eu\\\/en\\\/dog-of-the-year-conditions\\\/\",\"url\":\"https:\\\/\\\/skssp.eu\\\/en\\\/dog-of-the-year-conditions\\\/\",\"name\":\"Dog of the Year - conditions | SKSSP\",\"isPartOf\":{\"@id\":\"https:\\\/\\\/skssp.eu\\\/en\\\/#website\"},\"datePublished\":\"2022-12-19T13:47:38+00:00\",\"dateModified\":\"2023-10-04T21:31:12+00:00\",\"breadcrumb\":{\"@id\":\"https:\\\/\\\/skssp.eu\\\/en\\\/dog-of-the-year-conditions\\\/#breadcrumb\"},\"inLanguage\":\"en-US\",\"potentialAction\":[{\"@type\":\"ReadAction\",\"target\":[\"https:\\\/\\\/skssp.eu\\\/en\\\/dog-of-the-year-conditions\\\/\"]}]},{\"@type\":\"BreadcrumbList\",\"@id\":\"https:\\\/\\\/skssp.eu\\\/en\\\/dog-of-the-year-conditions\\\/#breadcrumb\",\"itemListElement\":[{\"@type\":\"ListItem\",\"position\":1,\"name\":\"Home\",\"item\":\"https:\\\/\\\/skssp.eu\\\/en\\\/home\\\/\"},{\"@type\":\"ListItem\",\"position\":2,\"name\":\"Dog of the Year &#8211; conditions\"}]},{\"@type\":\"WebSite\",\"@id\":\"https:\\\/\\\/skssp.eu\\\/en\\\/#website\",\"url\":\"https:\\\/\\\/skssp.eu\\\/en\\\/\",\"name\":\"SKSSP\",\"description\":\"Slovensk\u00fd klub \u0160vaj\u010diarskych sala\u0161n\u00edckych psov\",\"publisher\":{\"@id\":\"https:\\\/\\\/skssp.eu\\\/en\\\/#organization\"},\"potentialAction\":[{\"@type\":\"SearchAction\",\"target\":{\"@type\":\"EntryPoint\",\"urlTemplate\":\"https:\\\/\\\/skssp.eu\\\/en\\\/?s={search_term_string}\"},\"query-input\":{\"@type\":\"PropertyValueSpecification\",\"valueRequired\":true,\"valueName\":\"search_term_string\"}}],\"inLanguage\":\"en-US\"},{\"@type\":\"Organization\",\"@id\":\"https:\\\/\\\/skssp.eu\\\/en\\\/#organization\",\"name\":\"SKSSP\",\"url\":\"https:\\\/\\\/skssp.eu\\\/en\\\/\",\"logo\":{\"@type\":\"ImageObject\",\"inLanguage\":\"en-US\",\"@id\":\"https:\\\/\\\/skssp.eu\\\/en\\\/#\\\/schema\\\/logo\\\/image\\\/\",\"url\":\"https:\\\/\\\/skssp.eu\\\/wp-content\\\/uploads\\\/2022\\\/11\\\/cropped-logo_skssp.png\",\"contentUrl\":\"https:\\\/\\\/skssp.eu\\\/wp-content\\\/uploads\\\/2022\\\/11\\\/cropped-logo_skssp.png\",\"width\":512,\"height\":512,\"caption\":\"SKSSP\"},\"image\":{\"@id\":\"https:\\\/\\\/skssp.eu\\\/en\\\/#\\\/schema\\\/logo\\\/image\\\/\"}}]}<\/script>\n<!-- \/ Yoast SEO plugin. -->","yoast_head_json":{"title":"Dog of the Year - conditions | SKSSP","robots":{"index":"index","follow":"follow","max-snippet":"max-snippet:-1","max-image-preview":"max-image-preview:large","max-video-preview":"max-video-preview:-1"},"canonical":"https:\/\/skssp.eu\/en\/dog-of-the-year-conditions\/","og_locale":"en_US","og_type":"article","og_title":"Dog of the Year - conditions | SKSSP","og_description":"The Slovak Swiss Mountain Dog Club annually produces a ranking of the most successful dogs owned by a member of the club. Each breed will be evaluated separately for domestic \/DOG OF THE YEAR SK\u0160SP\/ and foreign exhibitors \/BEST DOG OF A FOREIGN MEMBER OF SK\u0160SP\/ according to the following order. Conditions of participation: Each [&hellip;]","og_url":"https:\/\/skssp.eu\/en\/dog-of-the-year-conditions\/","og_site_name":"SKSSP","article_modified_time":"2023-10-04T21:31:12+00:00","twitter_card":"summary_large_image","twitter_misc":{"Est. reading time":"3 minutes"},"schema":{"@context":"https:\/\/schema.org","@graph":[{"@type":"WebPage","@id":"https:\/\/skssp.eu\/en\/dog-of-the-year-conditions\/","url":"https:\/\/skssp.eu\/en\/dog-of-the-year-conditions\/","name":"Dog of the Year - conditions | SKSSP","isPartOf":{"@id":"https:\/\/skssp.eu\/en\/#website"},"datePublished":"2022-12-19T13:47:38+00:00","dateModified":"2023-10-04T21:31:12+00:00","breadcrumb":{"@id":"https:\/\/skssp.eu\/en\/dog-of-the-year-conditions\/#breadcrumb"},"inLanguage":"en-US","potentialAction":[{"@type":"ReadAction","target":["https:\/\/skssp.eu\/en\/dog-of-the-year-conditions\/"]}]},{"@type":"BreadcrumbList","@id":"https:\/\/skssp.eu\/en\/dog-of-the-year-conditions\/#breadcrumb","itemListElement":[{"@type":"ListItem","position":1,"name":"Home","item":"https:\/\/skssp.eu\/en\/home\/"},{"@type":"ListItem","position":2,"name":"Dog of the Year &#8211; conditions"}]},{"@type":"WebSite","@id":"https:\/\/skssp.eu\/en\/#website","url":"https:\/\/skssp.eu\/en\/","name":"SKSSP","description":"Slovensk\u00fd klub \u0160vaj\u010diarskych sala\u0161n\u00edckych psov","publisher":{"@id":"https:\/\/skssp.eu\/en\/#organization"},"potentialAction":[{"@type":"SearchAction","target":{"@type":"EntryPoint","urlTemplate":"https:\/\/skssp.eu\/en\/?s={search_term_string}"},"query-input":{"@type":"PropertyValueSpecification","valueRequired":true,"valueName":"search_term_string"}}],"inLanguage":"en-US"},{"@type":"Organization","@id":"https:\/\/skssp.eu\/en\/#organization","name":"SKSSP","url":"https:\/\/skssp.eu\/en\/","logo":{"@type":"ImageObject","inLanguage":"en-US","@id":"https:\/\/skssp.eu\/en\/#\/schema\/logo\/image\/","url":"https:\/\/skssp.eu\/wp-content\/uploads\/2022\/11\/cropped-logo_skssp.png","contentUrl":"https:\/\/skssp.eu\/wp-content\/uploads\/2022\/11\/cropped-logo_skssp.png","width":512,"height":512,"caption":"SKSSP"},"image":{"@id":"https:\/\/skssp.eu\/en\/#\/schema\/logo\/image\/"}}]}},"_links":{"self":[{"href":"https:\/\/skssp.eu\/en\/wp-json\/wp\/v2\/pages\/20681","targetHints":{"allow":["GET"]}}],"collection":[{"href":"https:\/\/skssp.eu\/en\/wp-json\/wp\/v2\/pages"}],"about":[{"href":"https:\/\/skssp.eu\/en\/wp-json\/wp\/v2\/types\/page"}],"author":[{"embeddable":true,"href":"https:\/\/skssp.eu\/en\/wp-json\/wp\/v2\/users\/1"}],"replies":[{"embeddable":true,"href":"https:\/\/skssp.eu\/en\/wp-json\/wp\/v2\/comments?post=20681"}],"version-history":[{"count":2,"href":"https:\/\/skssp.eu\/en\/wp-json\/wp\/v2\/pages\/20681\/revisions"}],"predecessor-version":[{"id":42433,"href":"https:\/\/skssp.eu\/en\/wp-json\/wp\/v2\/pages\/20681\/revisions\/42433"}],"wp:attachment":[{"href":"https:\/\/skssp.eu\/en\/wp-json\/wp\/v2\/media?parent=20681"}],"curies":[{"name":"wp","href":"https:\/\/api.w.org\/{rel}","templated":true}]}}