{"id":20701,"date":"2022-12-01T17:04:53","date_gmt":"2022-12-01T16:04:53","guid":{"rendered":"https:\/\/skssp.eu\/conditions-for-participation-in-the-rating\/"},"modified":"2023-01-14T18:46:57","modified_gmt":"2023-01-14T17:46:57","slug":"conditions-for-participation-in-the-rating","status":"publish","type":"page","link":"https:\/\/skssp.eu\/en\/conditions-for-participation-in-the-rating\/","title":{"rendered":"Conditions for participation in the rating"},"content":{"rendered":"\n<ul class=\"wp-block-list\">\n<li>Valid pedigree card issued in accordance with FCI and SKJ regulations.<\/li>\n\n\n\n<li>On the day of the evaluation, the minimum age of 18 months for a male and 15 months for a female.<\/li>\n\n\n\n<li>The place and date of the rating shall be determined by the SK\u0160SP Committee. <strong>If the dog has fulfilled all the conditions for breeding except age, it can participate in the evaluation earlier, but it will become a breeding dog only on the day of reaching the required age.<\/strong><\/li>\n\n\n\n<li><strong>Undergoing an X-ray examination<\/strong> for hip and elbow dysplasia. For the BSP and VSP breed, an OCD examination is also required<\/li>\n\n\n\n<li><strong>for ESP breed genetic testing of PRA is obligatory.<\/strong><\/li>\n\n\n\n<li>for the ESP breed the <strong>examination for ectopic ureter<\/strong> is obligatory &#8211; this type of evaluation is valid in case of examination at the Veterinary University in Vienna with evaluation at the Veterinary University in Zurich. If the examination is carried out in Slovakia and the result is either Positive or Negative, only the individual with a Negative result will be included in the breeding. If the individual is evaluated as Positive, the final decision on inclusion in the breeding will be determined by examination at the Veterinary University of Vienna, otherwise the individual with a Positive result will not be kept.  <br\/><strong>Update on 19.11.2022 &#8211; <\/strong> currently it is possible to examine ectopic ureter only in Slovakia. The only evaluator of ectopic urethra in Slovakia for ESP breed is MVDr. Martin Hr\u010dka from Zvieracia klinika Pa\u0161ek s.r.o., Ore\u0161ianska 8881\/1A, 917 01 Trnava, tel.: 0911 825 148<\/li>\n\n\n\n<li><strong>completion of two compulsory exhibitions.<\/strong> Shows must be under the auspices of the FCI with CAC, one of which must be a club or special show (can be without CAJC and CAC), organized by SK\u0160SP, held in Junior, Medium, Open, Working, or Champion classes. At least one of the compulsory shows must be over 15 months of age. Junior, junior and non-competitive classes do not count towards the rating.<\/li>\n\n\n\n<li><strong>The individual must be owned by a member of the SK\u0160SP, otherwise if the owner of the dog is a non-member of the club, a contract for the provision of breeding service for non-members of the SK\u0160SP must be concluded before sending the application form.<\/strong><\/li>\n<\/ul>\n\n<p>  Updated as of 19.11.2022<\/p>\n","protected":false},"excerpt":{"rendered":"<p>Updated as of 19.11.2022<\/p>\n","protected":false},"author":1,"featured_media":0,"parent":0,"menu_order":0,"comment_status":"closed","ping_status":"closed","template":"page_template-chov.php","meta":{"_monsterinsights_skip_tracking":false,"_monsterinsights_sitenote_active":false,"_monsterinsights_sitenote_note":"","_monsterinsights_sitenote_category":0,"ngg_post_thumbnail":0,"footnotes":""},"class_list":["post-20701","page","type-page","status-publish","hentry"],"acf":[],"yoast_head":"<!-- This site is optimized with the Yoast SEO plugin v27.4 - https:\/\/yoast.com\/product\/yoast-seo-wordpress\/ -->\n<title>Conditions for participation in the rating | SKSSP<\/title>\n<meta name=\"robots\" content=\"index, follow, max-snippet:-1, max-image-preview:large, max-video-preview:-1\" \/>\n<link rel=\"canonical\" href=\"https:\/\/skssp.eu\/en\/conditions-for-participation-in-the-rating\/\" \/>\n<meta property=\"og:locale\" content=\"en_US\" \/>\n<meta property=\"og:type\" content=\"article\" \/>\n<meta property=\"og:title\" content=\"Conditions for participation in the rating | SKSSP\" \/>\n<meta property=\"og:description\" content=\"Updated as of 19.11.2022\" \/>\n<meta property=\"og:url\" content=\"https:\/\/skssp.eu\/en\/conditions-for-participation-in-the-rating\/\" \/>\n<meta property=\"og:site_name\" content=\"SKSSP\" \/>\n<meta property=\"article:modified_time\" content=\"2023-01-14T17:46:57+00:00\" \/>\n<meta name=\"twitter:card\" content=\"summary_large_image\" \/>\n<meta name=\"twitter:label1\" content=\"Est. reading time\" \/>\n\t<meta name=\"twitter:data1\" content=\"2 minutes\" \/>\n<script type=\"application\/ld+json\" class=\"yoast-schema-graph\">{\"@context\":\"https:\\\/\\\/schema.org\",\"@graph\":[{\"@type\":\"WebPage\",\"@id\":\"https:\\\/\\\/skssp.eu\\\/en\\\/conditions-for-participation-in-the-rating\\\/\",\"url\":\"https:\\\/\\\/skssp.eu\\\/en\\\/conditions-for-participation-in-the-rating\\\/\",\"name\":\"Conditions for participation in the rating | SKSSP\",\"isPartOf\":{\"@id\":\"https:\\\/\\\/skssp.eu\\\/en\\\/#website\"},\"datePublished\":\"2022-12-01T16:04:53+00:00\",\"dateModified\":\"2023-01-14T17:46:57+00:00\",\"breadcrumb\":{\"@id\":\"https:\\\/\\\/skssp.eu\\\/en\\\/conditions-for-participation-in-the-rating\\\/#breadcrumb\"},\"inLanguage\":\"en-US\",\"potentialAction\":[{\"@type\":\"ReadAction\",\"target\":[\"https:\\\/\\\/skssp.eu\\\/en\\\/conditions-for-participation-in-the-rating\\\/\"]}]},{\"@type\":\"BreadcrumbList\",\"@id\":\"https:\\\/\\\/skssp.eu\\\/en\\\/conditions-for-participation-in-the-rating\\\/#breadcrumb\",\"itemListElement\":[{\"@type\":\"ListItem\",\"position\":1,\"name\":\"Home\",\"item\":\"https:\\\/\\\/skssp.eu\\\/en\\\/home\\\/\"},{\"@type\":\"ListItem\",\"position\":2,\"name\":\"Conditions for participation in the rating\"}]},{\"@type\":\"WebSite\",\"@id\":\"https:\\\/\\\/skssp.eu\\\/en\\\/#website\",\"url\":\"https:\\\/\\\/skssp.eu\\\/en\\\/\",\"name\":\"SKSSP\",\"description\":\"Slovensk\u00fd klub \u0160vaj\u010diarskych sala\u0161n\u00edckych psov\",\"publisher\":{\"@id\":\"https:\\\/\\\/skssp.eu\\\/en\\\/#organization\"},\"potentialAction\":[{\"@type\":\"SearchAction\",\"target\":{\"@type\":\"EntryPoint\",\"urlTemplate\":\"https:\\\/\\\/skssp.eu\\\/en\\\/?s={search_term_string}\"},\"query-input\":{\"@type\":\"PropertyValueSpecification\",\"valueRequired\":true,\"valueName\":\"search_term_string\"}}],\"inLanguage\":\"en-US\"},{\"@type\":\"Organization\",\"@id\":\"https:\\\/\\\/skssp.eu\\\/en\\\/#organization\",\"name\":\"SKSSP\",\"url\":\"https:\\\/\\\/skssp.eu\\\/en\\\/\",\"logo\":{\"@type\":\"ImageObject\",\"inLanguage\":\"en-US\",\"@id\":\"https:\\\/\\\/skssp.eu\\\/en\\\/#\\\/schema\\\/logo\\\/image\\\/\",\"url\":\"https:\\\/\\\/skssp.eu\\\/wp-content\\\/uploads\\\/2022\\\/11\\\/cropped-logo_skssp.png\",\"contentUrl\":\"https:\\\/\\\/skssp.eu\\\/wp-content\\\/uploads\\\/2022\\\/11\\\/cropped-logo_skssp.png\",\"width\":512,\"height\":512,\"caption\":\"SKSSP\"},\"image\":{\"@id\":\"https:\\\/\\\/skssp.eu\\\/en\\\/#\\\/schema\\\/logo\\\/image\\\/\"}}]}<\/script>\n<!-- \/ Yoast SEO plugin. -->","yoast_head_json":{"title":"Conditions for participation in the rating | SKSSP","robots":{"index":"index","follow":"follow","max-snippet":"max-snippet:-1","max-image-preview":"max-image-preview:large","max-video-preview":"max-video-preview:-1"},"canonical":"https:\/\/skssp.eu\/en\/conditions-for-participation-in-the-rating\/","og_locale":"en_US","og_type":"article","og_title":"Conditions for participation in the rating | SKSSP","og_description":"Updated as of 19.11.2022","og_url":"https:\/\/skssp.eu\/en\/conditions-for-participation-in-the-rating\/","og_site_name":"SKSSP","article_modified_time":"2023-01-14T17:46:57+00:00","twitter_card":"summary_large_image","twitter_misc":{"Est. reading time":"2 minutes"},"schema":{"@context":"https:\/\/schema.org","@graph":[{"@type":"WebPage","@id":"https:\/\/skssp.eu\/en\/conditions-for-participation-in-the-rating\/","url":"https:\/\/skssp.eu\/en\/conditions-for-participation-in-the-rating\/","name":"Conditions for participation in the rating | SKSSP","isPartOf":{"@id":"https:\/\/skssp.eu\/en\/#website"},"datePublished":"2022-12-01T16:04:53+00:00","dateModified":"2023-01-14T17:46:57+00:00","breadcrumb":{"@id":"https:\/\/skssp.eu\/en\/conditions-for-participation-in-the-rating\/#breadcrumb"},"inLanguage":"en-US","potentialAction":[{"@type":"ReadAction","target":["https:\/\/skssp.eu\/en\/conditions-for-participation-in-the-rating\/"]}]},{"@type":"BreadcrumbList","@id":"https:\/\/skssp.eu\/en\/conditions-for-participation-in-the-rating\/#breadcrumb","itemListElement":[{"@type":"ListItem","position":1,"name":"Home","item":"https:\/\/skssp.eu\/en\/home\/"},{"@type":"ListItem","position":2,"name":"Conditions for participation in the rating"}]},{"@type":"WebSite","@id":"https:\/\/skssp.eu\/en\/#website","url":"https:\/\/skssp.eu\/en\/","name":"SKSSP","description":"Slovensk\u00fd klub \u0160vaj\u010diarskych sala\u0161n\u00edckych psov","publisher":{"@id":"https:\/\/skssp.eu\/en\/#organization"},"potentialAction":[{"@type":"SearchAction","target":{"@type":"EntryPoint","urlTemplate":"https:\/\/skssp.eu\/en\/?s={search_term_string}"},"query-input":{"@type":"PropertyValueSpecification","valueRequired":true,"valueName":"search_term_string"}}],"inLanguage":"en-US"},{"@type":"Organization","@id":"https:\/\/skssp.eu\/en\/#organization","name":"SKSSP","url":"https:\/\/skssp.eu\/en\/","logo":{"@type":"ImageObject","inLanguage":"en-US","@id":"https:\/\/skssp.eu\/en\/#\/schema\/logo\/image\/","url":"https:\/\/skssp.eu\/wp-content\/uploads\/2022\/11\/cropped-logo_skssp.png","contentUrl":"https:\/\/skssp.eu\/wp-content\/uploads\/2022\/11\/cropped-logo_skssp.png","width":512,"height":512,"caption":"SKSSP"},"image":{"@id":"https:\/\/skssp.eu\/en\/#\/schema\/logo\/image\/"}}]}},"_links":{"self":[{"href":"https:\/\/skssp.eu\/en\/wp-json\/wp\/v2\/pages\/20701","targetHints":{"allow":["GET"]}}],"collection":[{"href":"https:\/\/skssp.eu\/en\/wp-json\/wp\/v2\/pages"}],"about":[{"href":"https:\/\/skssp.eu\/en\/wp-json\/wp\/v2\/types\/page"}],"author":[{"embeddable":true,"href":"https:\/\/skssp.eu\/en\/wp-json\/wp\/v2\/users\/1"}],"replies":[{"embeddable":true,"href":"https:\/\/skssp.eu\/en\/wp-json\/wp\/v2\/comments?post=20701"}],"version-history":[{"count":0,"href":"https:\/\/skssp.eu\/en\/wp-json\/wp\/v2\/pages\/20701\/revisions"}],"wp:attachment":[{"href":"https:\/\/skssp.eu\/en\/wp-json\/wp\/v2\/media?parent=20701"}],"curies":[{"name":"wp","href":"https:\/\/api.w.org\/{rel}","templated":true}]}}