{"id":20705,"date":"2022-12-19T14:34:25","date_gmt":"2022-12-19T13:34:25","guid":{"rendered":"https:\/\/skssp.eu\/conditions-for-awarding-championships\/"},"modified":"2023-10-04T23:33:23","modified_gmt":"2023-10-04T21:33:23","slug":"conditions-for-awarding-championships","status":"publish","type":"page","link":"https:\/\/skssp.eu\/en\/conditions-for-awarding-championships\/","title":{"rendered":"Conditions for awarding championships"},"content":{"rendered":"\n<h2 class=\"wp-block-heading\"><strong>CONDITIONS FOR AWARDING CLUB TITLES<\/strong><\/h2>\n\n<ul class=\"wp-block-list\">\n<li><strong>Youth Club Champion<\/strong><\/li>\n<\/ul>\n\n<p>This title may be awarded to a dog or bitch of the breed Appenzell Mountain Dog, Bernese Mountain Dog, Entlebuch Mountain Dog and Large Swiss Mountain Dog owned by a member of the Slovak Swiss Mountain Dog Club, provided the following conditions are met:  <\/p>\n\n<p>&#8211; gain the title Slovak Junior Beauty Champion and have 1 CAJC obtained at club or special show SK\u0160SP (can be counted in Slovak Junior Beauty Championship)<\/p>\n\n<p><a href=\"https:\/\/skssp.eu\/wp-content\/uploads\/2022\/12\/Ziadost_KLUBOVY_SAMPION_MLADYCH.doc\" target=\"_blank\" rel=\"noreferrer noopener\">Application for the title Club Junior Champion<\/a><\/p>\n\n<ul class=\"wp-block-list\">\n<li><strong>Club champion<\/strong><\/li>\n<\/ul>\n\n<p>  This title may be awarded to a dog or bitch of the breed Appenzell Mountain Dog, Bernese Mountain Dog, Entlebuch Mountain Dog and Large Swiss Mountain Dog owned by a member of the Slovak Swiss Mountain Dog Club, provided the following conditions are met:  <\/p>\n\n<p>&#8211; three CAC at shows organized by SK\u0160SP (club or special show),<\/p>\n\n<p>&#8211; winning the title &#8220;Club Winner&#8221; at a club show or winning the title &#8220;Specialty Winner&#8221; at a specialty show<\/p>\n\n<p>The Club Champion title does not entitle a dog to show in the Champion class.<\/p>\n\n<p><a href=\"https:\/\/skssp.eu\/wp-content\/uploads\/2023\/01\/Ziadost_KLUBOVY_SAMPION-1.doc\" target=\"_blank\" rel=\"noreferrer noopener\">Application for the title Club Champion<\/a><\/p>\n\n<ul class=\"wp-block-list\">\n<li><strong>Club Veteran Champion<\/strong><\/li>\n<\/ul>\n\n<p>This title may be awarded to a dog or bitch of the breed Appenzell Mountain Dog, Bernese Mountain Dog, Entlebuch Mountain Dog and Large Swiss Mountain Dog owned by a member of the Slovak Swiss Mountain Dog Club, provided the following conditions are met:<\/p>\n\n<p>&#8211; three Excellent 1&#8217;s at shows held in Slovakia, of which one Excellent 1 must be obtained at a club or special SK\u0160SP show.<\/p>\n\n<p>The title Club Veteran Champion does not entitle a dog to show in the Champion class.<\/p>\n\n<p><em>After fulfilling the above conditions, the owner of the dog sends the application for the title together with a photocopy of the PP and certificates from the above shows to the address of the President of the SK\u0160SP.<\/em><\/p>\n\n<p><a href=\"https:\/\/skssp.eu\/wp-content\/uploads\/2022\/12\/Ziadost_KLUBOVY_VETERAN_SAMPION.doc\" target=\"_blank\" rel=\"noreferrer noopener\">Application for the title Club Veteran Champion<\/a><\/p>\n","protected":false},"excerpt":{"rendered":"<p>CONDITIONS FOR AWARDING CLUB TITLES This title may be awarded to a dog or bitch of the breed Appenzell Mountain Dog, Bernese Mountain Dog, Entlebuch Mountain Dog and Large Swiss Mountain Dog owned by a member of the Slovak Swiss Mountain Dog Club, provided the following conditions are met: &#8211; gain the title Slovak Junior [&hellip;]<\/p>\n","protected":false},"author":1,"featured_media":0,"parent":0,"menu_order":0,"comment_status":"closed","ping_status":"closed","template":"page_template-akcie.php","meta":{"_monsterinsights_skip_tracking":false,"_monsterinsights_sitenote_active":false,"_monsterinsights_sitenote_note":"","_monsterinsights_sitenote_category":0,"ngg_post_thumbnail":0,"footnotes":""},"class_list":["post-20705","page","type-page","status-publish","hentry"],"acf":[],"yoast_head":"<!-- This site is optimized with the Yoast SEO plugin v27.4 - https:\/\/yoast.com\/product\/yoast-seo-wordpress\/ -->\n<title>Conditions for awarding championships | SKSSP<\/title>\n<meta name=\"robots\" content=\"index, follow, max-snippet:-1, max-image-preview:large, max-video-preview:-1\" \/>\n<link rel=\"canonical\" href=\"https:\/\/skssp.eu\/en\/conditions-for-awarding-championships\/\" \/>\n<meta property=\"og:locale\" content=\"en_US\" \/>\n<meta property=\"og:type\" content=\"article\" \/>\n<meta property=\"og:title\" content=\"Conditions for awarding championships | SKSSP\" \/>\n<meta property=\"og:description\" content=\"CONDITIONS FOR AWARDING CLUB TITLES This title may be awarded to a dog or bitch of the breed Appenzell Mountain Dog, Bernese Mountain Dog, Entlebuch Mountain Dog and Large Swiss Mountain Dog owned by a member of the Slovak Swiss Mountain Dog Club, provided the following conditions are met: &#8211; gain the title Slovak Junior [&hellip;]\" \/>\n<meta property=\"og:url\" content=\"https:\/\/skssp.eu\/en\/conditions-for-awarding-championships\/\" \/>\n<meta property=\"og:site_name\" content=\"SKSSP\" \/>\n<meta property=\"article:modified_time\" content=\"2023-10-04T21:33:23+00:00\" \/>\n<meta name=\"twitter:card\" content=\"summary_large_image\" \/>\n<meta name=\"twitter:label1\" content=\"Est. reading time\" \/>\n\t<meta name=\"twitter:data1\" content=\"2 minutes\" \/>\n<script type=\"application\/ld+json\" class=\"yoast-schema-graph\">{\"@context\":\"https:\\\/\\\/schema.org\",\"@graph\":[{\"@type\":\"WebPage\",\"@id\":\"https:\\\/\\\/skssp.eu\\\/en\\\/conditions-for-awarding-championships\\\/\",\"url\":\"https:\\\/\\\/skssp.eu\\\/en\\\/conditions-for-awarding-championships\\\/\",\"name\":\"Conditions for awarding championships | SKSSP\",\"isPartOf\":{\"@id\":\"https:\\\/\\\/skssp.eu\\\/en\\\/#website\"},\"datePublished\":\"2022-12-19T13:34:25+00:00\",\"dateModified\":\"2023-10-04T21:33:23+00:00\",\"breadcrumb\":{\"@id\":\"https:\\\/\\\/skssp.eu\\\/en\\\/conditions-for-awarding-championships\\\/#breadcrumb\"},\"inLanguage\":\"en-US\",\"potentialAction\":[{\"@type\":\"ReadAction\",\"target\":[\"https:\\\/\\\/skssp.eu\\\/en\\\/conditions-for-awarding-championships\\\/\"]}]},{\"@type\":\"BreadcrumbList\",\"@id\":\"https:\\\/\\\/skssp.eu\\\/en\\\/conditions-for-awarding-championships\\\/#breadcrumb\",\"itemListElement\":[{\"@type\":\"ListItem\",\"position\":1,\"name\":\"Home\",\"item\":\"https:\\\/\\\/skssp.eu\\\/en\\\/home\\\/\"},{\"@type\":\"ListItem\",\"position\":2,\"name\":\"Conditions for awarding championships\"}]},{\"@type\":\"WebSite\",\"@id\":\"https:\\\/\\\/skssp.eu\\\/en\\\/#website\",\"url\":\"https:\\\/\\\/skssp.eu\\\/en\\\/\",\"name\":\"SKSSP\",\"description\":\"Slovensk\u00fd klub \u0160vaj\u010diarskych sala\u0161n\u00edckych psov\",\"publisher\":{\"@id\":\"https:\\\/\\\/skssp.eu\\\/en\\\/#organization\"},\"potentialAction\":[{\"@type\":\"SearchAction\",\"target\":{\"@type\":\"EntryPoint\",\"urlTemplate\":\"https:\\\/\\\/skssp.eu\\\/en\\\/?s={search_term_string}\"},\"query-input\":{\"@type\":\"PropertyValueSpecification\",\"valueRequired\":true,\"valueName\":\"search_term_string\"}}],\"inLanguage\":\"en-US\"},{\"@type\":\"Organization\",\"@id\":\"https:\\\/\\\/skssp.eu\\\/en\\\/#organization\",\"name\":\"SKSSP\",\"url\":\"https:\\\/\\\/skssp.eu\\\/en\\\/\",\"logo\":{\"@type\":\"ImageObject\",\"inLanguage\":\"en-US\",\"@id\":\"https:\\\/\\\/skssp.eu\\\/en\\\/#\\\/schema\\\/logo\\\/image\\\/\",\"url\":\"https:\\\/\\\/skssp.eu\\\/wp-content\\\/uploads\\\/2022\\\/11\\\/cropped-logo_skssp.png\",\"contentUrl\":\"https:\\\/\\\/skssp.eu\\\/wp-content\\\/uploads\\\/2022\\\/11\\\/cropped-logo_skssp.png\",\"width\":512,\"height\":512,\"caption\":\"SKSSP\"},\"image\":{\"@id\":\"https:\\\/\\\/skssp.eu\\\/en\\\/#\\\/schema\\\/logo\\\/image\\\/\"}}]}<\/script>\n<!-- \/ Yoast SEO plugin. -->","yoast_head_json":{"title":"Conditions for awarding championships | SKSSP","robots":{"index":"index","follow":"follow","max-snippet":"max-snippet:-1","max-image-preview":"max-image-preview:large","max-video-preview":"max-video-preview:-1"},"canonical":"https:\/\/skssp.eu\/en\/conditions-for-awarding-championships\/","og_locale":"en_US","og_type":"article","og_title":"Conditions for awarding championships | SKSSP","og_description":"CONDITIONS FOR AWARDING CLUB TITLES This title may be awarded to a dog or bitch of the breed Appenzell Mountain Dog, Bernese Mountain Dog, Entlebuch Mountain Dog and Large Swiss Mountain Dog owned by a member of the Slovak Swiss Mountain Dog Club, provided the following conditions are met: &#8211; gain the title Slovak Junior [&hellip;]","og_url":"https:\/\/skssp.eu\/en\/conditions-for-awarding-championships\/","og_site_name":"SKSSP","article_modified_time":"2023-10-04T21:33:23+00:00","twitter_card":"summary_large_image","twitter_misc":{"Est. reading time":"2 minutes"},"schema":{"@context":"https:\/\/schema.org","@graph":[{"@type":"WebPage","@id":"https:\/\/skssp.eu\/en\/conditions-for-awarding-championships\/","url":"https:\/\/skssp.eu\/en\/conditions-for-awarding-championships\/","name":"Conditions for awarding championships | SKSSP","isPartOf":{"@id":"https:\/\/skssp.eu\/en\/#website"},"datePublished":"2022-12-19T13:34:25+00:00","dateModified":"2023-10-04T21:33:23+00:00","breadcrumb":{"@id":"https:\/\/skssp.eu\/en\/conditions-for-awarding-championships\/#breadcrumb"},"inLanguage":"en-US","potentialAction":[{"@type":"ReadAction","target":["https:\/\/skssp.eu\/en\/conditions-for-awarding-championships\/"]}]},{"@type":"BreadcrumbList","@id":"https:\/\/skssp.eu\/en\/conditions-for-awarding-championships\/#breadcrumb","itemListElement":[{"@type":"ListItem","position":1,"name":"Home","item":"https:\/\/skssp.eu\/en\/home\/"},{"@type":"ListItem","position":2,"name":"Conditions for awarding championships"}]},{"@type":"WebSite","@id":"https:\/\/skssp.eu\/en\/#website","url":"https:\/\/skssp.eu\/en\/","name":"SKSSP","description":"Slovensk\u00fd klub \u0160vaj\u010diarskych sala\u0161n\u00edckych psov","publisher":{"@id":"https:\/\/skssp.eu\/en\/#organization"},"potentialAction":[{"@type":"SearchAction","target":{"@type":"EntryPoint","urlTemplate":"https:\/\/skssp.eu\/en\/?s={search_term_string}"},"query-input":{"@type":"PropertyValueSpecification","valueRequired":true,"valueName":"search_term_string"}}],"inLanguage":"en-US"},{"@type":"Organization","@id":"https:\/\/skssp.eu\/en\/#organization","name":"SKSSP","url":"https:\/\/skssp.eu\/en\/","logo":{"@type":"ImageObject","inLanguage":"en-US","@id":"https:\/\/skssp.eu\/en\/#\/schema\/logo\/image\/","url":"https:\/\/skssp.eu\/wp-content\/uploads\/2022\/11\/cropped-logo_skssp.png","contentUrl":"https:\/\/skssp.eu\/wp-content\/uploads\/2022\/11\/cropped-logo_skssp.png","width":512,"height":512,"caption":"SKSSP"},"image":{"@id":"https:\/\/skssp.eu\/en\/#\/schema\/logo\/image\/"}}]}},"_links":{"self":[{"href":"https:\/\/skssp.eu\/en\/wp-json\/wp\/v2\/pages\/20705","targetHints":{"allow":["GET"]}}],"collection":[{"href":"https:\/\/skssp.eu\/en\/wp-json\/wp\/v2\/pages"}],"about":[{"href":"https:\/\/skssp.eu\/en\/wp-json\/wp\/v2\/types\/page"}],"author":[{"embeddable":true,"href":"https:\/\/skssp.eu\/en\/wp-json\/wp\/v2\/users\/1"}],"replies":[{"embeddable":true,"href":"https:\/\/skssp.eu\/en\/wp-json\/wp\/v2\/comments?post=20705"}],"version-history":[{"count":2,"href":"https:\/\/skssp.eu\/en\/wp-json\/wp\/v2\/pages\/20705\/revisions"}],"predecessor-version":[{"id":42439,"href":"https:\/\/skssp.eu\/en\/wp-json\/wp\/v2\/pages\/20705\/revisions\/42439"}],"wp:attachment":[{"href":"https:\/\/skssp.eu\/en\/wp-json\/wp\/v2\/media?parent=20705"}],"curies":[{"name":"wp","href":"https:\/\/api.w.org\/{rel}","templated":true}]}}