{"id":20709,"date":"2022-12-01T13:51:47","date_gmt":"2022-12-01T12:51:47","guid":{"rendered":"https:\/\/skssp.eu\/fees\/"},"modified":"2024-09-16T20:18:50","modified_gmt":"2024-09-16T18:18:50","slug":"fees","status":"publish","type":"page","link":"https:\/\/skssp.eu\/en\/fees\/","title":{"rendered":"Fees"},"content":{"rendered":"\n<p><strong>ENROLMENT AND FEE REGULATIONS<\/strong><\/p>\n\n\n\n<p><strong>SLOVAK CLUB OF SHOOTING DOGS (update to 16.9.2024)<\/strong><\/p>\n\n\n\n<ol class=\"wp-block-list\">\n<li><strong>Enrolment fees<\/strong><\/li>\n<\/ol>\n\n\n\n<figure class=\"wp-block-table no-border\"><table><tbody><tr><td>Club dues:  <\/td><td>20,- \u20ac<\/td><\/tr><tr><td>Annual membership for individual membership:<\/td><td>25,- \u20ac<\/td><\/tr><tr><td>Annual membership for family membership:<br>  + for each additional member<\/td><td>25,- \u20ac + 10,- \u20ac<\/td><\/tr><\/tbody><\/table><\/figure>\n\n\n\n<ol start=\"2\" class=\"wp-block-list\">\n<li><strong>Breeding fees<\/strong><\/li>\n<\/ol>\n\n\n\n<figure class=\"wp-block-table no-border\"><table><tbody><tr><td>&nbsp;<\/td><td><strong>Member of SK\u0160SP<\/strong><\/td><td><strong>Non-member of SK\u0160SP<\/strong><\/td><\/tr><tr><td>Rating fee:<\/td><td>30,- \u20ac<\/td><td>40,- \u20ac<\/td><\/tr><tr><td>Litter check fee:<br>  &#8211; travel costs<br>  &#8211; top control<\/td><td>0,35 \u20ac \/ km<br>50,- \u20ac<\/td><td>0,35 \u20ac \/ km<br>100,- \u20ac<\/td><\/tr><tr><td>Fee for concluding the Breeding Service Contract:<\/td><td>&nbsp;<\/td><td>  15,- \u20ac<\/td><\/tr><\/tbody><\/table><\/figure>\n\n\n\n<ol start=\"3\" class=\"wp-block-list\">\n<li><strong>Exhibition fees<\/strong>                           <\/li>\n<\/ol>\n\n\n\n<figure class=\"wp-block-table no-border\"><table><tbody><tr><td>&nbsp;<\/td><td><strong>Member of SK\u0160SP<\/strong><\/td><td><strong>Non-member of SK\u0160SP  <\/strong><\/td><\/tr><tr><td>1.dog  <\/td><td>30,- \u20ac<\/td><td>50,- \u20ac<\/td><\/tr><tr><td>2.dog and others<\/td><td>25,- \u20ac<\/td><td>45,- \u20ac<\/td><\/tr><tr><td>In spite of the competition<\/td><td>5,- \u20ac<\/td><td>10,- \u20ac<\/td><\/tr><tr><td>Honour Class<\/td><td>10,- \u20ac<\/td><td>20,- \u20ac<\/td><\/tr><tr><td>Younger dorast, dorast<\/td><td>5,- \u20ac<\/td><td>10,- \u20ac<\/td><\/tr><tr><td>Veterans<\/td><td>0,- \u20ac<\/td><td>0,- \u20ac<\/td><\/tr><tr><td>Competitions<\/td><td>10,- \u20ac<\/td><td>20,- \u20ac<\/td><\/tr><tr><td>Applying after the closing date<\/td><td>5,- \u20ac<\/td><td>10,- \u20ac<\/td><\/tr><\/tbody><\/table><\/figure>\n\n\n\n<h2 class=\"wp-block-heading\"><strong>Club bank account<\/strong><\/h2>\n\n\n\n<figure class=\"wp-block-table no-border\"><table><tbody><tr><td><strong>Account name<\/strong><\/td><td>  Slovak Swiss Mountain Dog Club Fu\u010d\u00edkova 1554\/2, 932 01 Ve\u013ek\u00fd Meder<\/td><\/tr><tr><td> <strong>Account number<\/strong><strong>IBAN code:<\/strong><strong>SWIFT \/BIC\/ code: <\/strong><strong>Bank Name:<\/strong><strong>Bank Headquarters: <\/strong> <\/td><td>  <strong>2921861031\/1100 <\/strong><strong>\n  <em>(SK19 1100 0000 0029 2186 1031)<\/em>\n<\/strong><strong>\n  <em>TATRSKBX<\/em>\n<\/strong><strong>\n  <em>Tatra banka a.s.<\/em>\n<\/strong><strong><em>Hod\u017eovo n\u00e1m. 3, POB 42 850 05 Bratislava<\/em><\/strong><\/td><\/tr><\/tbody><\/table><\/figure>\n","protected":false},"excerpt":{"rendered":"<p>ENROLMENT AND FEE REGULATIONS SLOVAK CLUB OF SHOOTING DOGS (update to 16.9.2024) Club dues: 20,- \u20ac Annual membership for individual membership: 25,- \u20ac Annual membership for family membership: + for each additional member 25,- \u20ac + 10,- \u20ac &nbsp; Member of SK\u0160SP Non-member of SK\u0160SP Rating fee: 30,- \u20ac 40,- \u20ac Litter check fee: &#8211; [&hellip;]<\/p>\n","protected":false},"author":1,"featured_media":0,"parent":0,"menu_order":0,"comment_status":"closed","ping_status":"closed","template":"","meta":{"_monsterinsights_skip_tracking":false,"_monsterinsights_sitenote_active":false,"_monsterinsights_sitenote_note":"","_monsterinsights_sitenote_category":0,"ngg_post_thumbnail":0,"footnotes":""},"class_list":["post-20709","page","type-page","status-publish","hentry"],"acf":[],"yoast_head":"<!-- This site is optimized with the Yoast SEO plugin v27.4 - https:\/\/yoast.com\/product\/yoast-seo-wordpress\/ -->\n<title>Fees | SKSSP<\/title>\n<meta name=\"robots\" content=\"index, follow, max-snippet:-1, max-image-preview:large, max-video-preview:-1\" \/>\n<link rel=\"canonical\" href=\"https:\/\/skssp.eu\/en\/fees\/\" \/>\n<meta property=\"og:locale\" content=\"en_US\" \/>\n<meta property=\"og:type\" content=\"article\" \/>\n<meta property=\"og:title\" content=\"Fees | SKSSP\" \/>\n<meta property=\"og:description\" content=\"ENROLMENT AND FEE REGULATIONS SLOVAK CLUB OF SHOOTING DOGS (update to 16.9.2024) Club dues: 20,- \u20ac Annual membership for individual membership: 25,- \u20ac Annual membership for family membership: + for each additional member 25,- \u20ac + 10,- \u20ac &nbsp; Member of SK\u0160SP Non-member of SK\u0160SP Rating fee: 30,- \u20ac 40,- \u20ac Litter check fee: &#8211; [&hellip;]\" \/>\n<meta property=\"og:url\" content=\"https:\/\/skssp.eu\/en\/fees\/\" \/>\n<meta property=\"og:site_name\" content=\"SKSSP\" \/>\n<meta property=\"article:modified_time\" content=\"2024-09-16T18:18:50+00:00\" \/>\n<meta name=\"twitter:card\" content=\"summary_large_image\" \/>\n<meta name=\"twitter:label1\" content=\"Est. reading time\" \/>\n\t<meta name=\"twitter:data1\" content=\"2 minutes\" \/>\n<script type=\"application\/ld+json\" class=\"yoast-schema-graph\">{\"@context\":\"https:\\\/\\\/schema.org\",\"@graph\":[{\"@type\":\"WebPage\",\"@id\":\"https:\\\/\\\/skssp.eu\\\/en\\\/fees\\\/\",\"url\":\"https:\\\/\\\/skssp.eu\\\/en\\\/fees\\\/\",\"name\":\"Fees | SKSSP\",\"isPartOf\":{\"@id\":\"https:\\\/\\\/skssp.eu\\\/en\\\/#website\"},\"datePublished\":\"2022-12-01T12:51:47+00:00\",\"dateModified\":\"2024-09-16T18:18:50+00:00\",\"breadcrumb\":{\"@id\":\"https:\\\/\\\/skssp.eu\\\/en\\\/fees\\\/#breadcrumb\"},\"inLanguage\":\"en-US\",\"potentialAction\":[{\"@type\":\"ReadAction\",\"target\":[\"https:\\\/\\\/skssp.eu\\\/en\\\/fees\\\/\"]}]},{\"@type\":\"BreadcrumbList\",\"@id\":\"https:\\\/\\\/skssp.eu\\\/en\\\/fees\\\/#breadcrumb\",\"itemListElement\":[{\"@type\":\"ListItem\",\"position\":1,\"name\":\"Home\",\"item\":\"https:\\\/\\\/skssp.eu\\\/en\\\/home\\\/\"},{\"@type\":\"ListItem\",\"position\":2,\"name\":\"Fees\"}]},{\"@type\":\"WebSite\",\"@id\":\"https:\\\/\\\/skssp.eu\\\/en\\\/#website\",\"url\":\"https:\\\/\\\/skssp.eu\\\/en\\\/\",\"name\":\"SKSSP\",\"description\":\"Slovensk\u00fd klub \u0160vaj\u010diarskych sala\u0161n\u00edckych psov\",\"publisher\":{\"@id\":\"https:\\\/\\\/skssp.eu\\\/en\\\/#organization\"},\"potentialAction\":[{\"@type\":\"SearchAction\",\"target\":{\"@type\":\"EntryPoint\",\"urlTemplate\":\"https:\\\/\\\/skssp.eu\\\/en\\\/?s={search_term_string}\"},\"query-input\":{\"@type\":\"PropertyValueSpecification\",\"valueRequired\":true,\"valueName\":\"search_term_string\"}}],\"inLanguage\":\"en-US\"},{\"@type\":\"Organization\",\"@id\":\"https:\\\/\\\/skssp.eu\\\/en\\\/#organization\",\"name\":\"SKSSP\",\"url\":\"https:\\\/\\\/skssp.eu\\\/en\\\/\",\"logo\":{\"@type\":\"ImageObject\",\"inLanguage\":\"en-US\",\"@id\":\"https:\\\/\\\/skssp.eu\\\/en\\\/#\\\/schema\\\/logo\\\/image\\\/\",\"url\":\"https:\\\/\\\/skssp.eu\\\/wp-content\\\/uploads\\\/2022\\\/11\\\/cropped-logo_skssp.png\",\"contentUrl\":\"https:\\\/\\\/skssp.eu\\\/wp-content\\\/uploads\\\/2022\\\/11\\\/cropped-logo_skssp.png\",\"width\":512,\"height\":512,\"caption\":\"SKSSP\"},\"image\":{\"@id\":\"https:\\\/\\\/skssp.eu\\\/en\\\/#\\\/schema\\\/logo\\\/image\\\/\"}}]}<\/script>\n<!-- \/ Yoast SEO plugin. -->","yoast_head_json":{"title":"Fees | SKSSP","robots":{"index":"index","follow":"follow","max-snippet":"max-snippet:-1","max-image-preview":"max-image-preview:large","max-video-preview":"max-video-preview:-1"},"canonical":"https:\/\/skssp.eu\/en\/fees\/","og_locale":"en_US","og_type":"article","og_title":"Fees | SKSSP","og_description":"ENROLMENT AND FEE REGULATIONS SLOVAK CLUB OF SHOOTING DOGS (update to 16.9.2024) Club dues: 20,- \u20ac Annual membership for individual membership: 25,- \u20ac Annual membership for family membership: + for each additional member 25,- \u20ac + 10,- \u20ac &nbsp; Member of SK\u0160SP Non-member of SK\u0160SP Rating fee: 30,- \u20ac 40,- \u20ac Litter check fee: &#8211; [&hellip;]","og_url":"https:\/\/skssp.eu\/en\/fees\/","og_site_name":"SKSSP","article_modified_time":"2024-09-16T18:18:50+00:00","twitter_card":"summary_large_image","twitter_misc":{"Est. reading time":"2 minutes"},"schema":{"@context":"https:\/\/schema.org","@graph":[{"@type":"WebPage","@id":"https:\/\/skssp.eu\/en\/fees\/","url":"https:\/\/skssp.eu\/en\/fees\/","name":"Fees | SKSSP","isPartOf":{"@id":"https:\/\/skssp.eu\/en\/#website"},"datePublished":"2022-12-01T12:51:47+00:00","dateModified":"2024-09-16T18:18:50+00:00","breadcrumb":{"@id":"https:\/\/skssp.eu\/en\/fees\/#breadcrumb"},"inLanguage":"en-US","potentialAction":[{"@type":"ReadAction","target":["https:\/\/skssp.eu\/en\/fees\/"]}]},{"@type":"BreadcrumbList","@id":"https:\/\/skssp.eu\/en\/fees\/#breadcrumb","itemListElement":[{"@type":"ListItem","position":1,"name":"Home","item":"https:\/\/skssp.eu\/en\/home\/"},{"@type":"ListItem","position":2,"name":"Fees"}]},{"@type":"WebSite","@id":"https:\/\/skssp.eu\/en\/#website","url":"https:\/\/skssp.eu\/en\/","name":"SKSSP","description":"Slovensk\u00fd klub \u0160vaj\u010diarskych sala\u0161n\u00edckych psov","publisher":{"@id":"https:\/\/skssp.eu\/en\/#organization"},"potentialAction":[{"@type":"SearchAction","target":{"@type":"EntryPoint","urlTemplate":"https:\/\/skssp.eu\/en\/?s={search_term_string}"},"query-input":{"@type":"PropertyValueSpecification","valueRequired":true,"valueName":"search_term_string"}}],"inLanguage":"en-US"},{"@type":"Organization","@id":"https:\/\/skssp.eu\/en\/#organization","name":"SKSSP","url":"https:\/\/skssp.eu\/en\/","logo":{"@type":"ImageObject","inLanguage":"en-US","@id":"https:\/\/skssp.eu\/en\/#\/schema\/logo\/image\/","url":"https:\/\/skssp.eu\/wp-content\/uploads\/2022\/11\/cropped-logo_skssp.png","contentUrl":"https:\/\/skssp.eu\/wp-content\/uploads\/2022\/11\/cropped-logo_skssp.png","width":512,"height":512,"caption":"SKSSP"},"image":{"@id":"https:\/\/skssp.eu\/en\/#\/schema\/logo\/image\/"}}]}},"_links":{"self":[{"href":"https:\/\/skssp.eu\/en\/wp-json\/wp\/v2\/pages\/20709","targetHints":{"allow":["GET"]}}],"collection":[{"href":"https:\/\/skssp.eu\/en\/wp-json\/wp\/v2\/pages"}],"about":[{"href":"https:\/\/skssp.eu\/en\/wp-json\/wp\/v2\/types\/page"}],"author":[{"embeddable":true,"href":"https:\/\/skssp.eu\/en\/wp-json\/wp\/v2\/users\/1"}],"replies":[{"embeddable":true,"href":"https:\/\/skssp.eu\/en\/wp-json\/wp\/v2\/comments?post=20709"}],"version-history":[{"count":3,"href":"https:\/\/skssp.eu\/en\/wp-json\/wp\/v2\/pages\/20709\/revisions"}],"predecessor-version":[{"id":44258,"href":"https:\/\/skssp.eu\/en\/wp-json\/wp\/v2\/pages\/20709\/revisions\/44258"}],"wp:attachment":[{"href":"https:\/\/skssp.eu\/en\/wp-json\/wp\/v2\/media?parent=20709"}],"curies":[{"name":"wp","href":"https:\/\/api.w.org\/{rel}","templated":true}]}}