{"id":20713,"date":"2022-12-01T17:06:50","date_gmt":"2022-12-01T16:06:50","guid":{"rendered":"https:\/\/skssp.eu\/procedure-for-x-ray\/"},"modified":"2024-08-04T11:48:05","modified_gmt":"2024-08-04T09:48:05","slug":"procedure-for-x-ray","status":"publish","type":"page","link":"https:\/\/skssp.eu\/en\/procedure-for-x-ray\/","title":{"rendered":"Procedure for X-ray"},"content":{"rendered":"\n<p>Request a hip and elbow dysplasia evaluation form from the head breeding advisor.<\/p>\n\n\n\n<p>Make an appointment in advance with the nearest veterinary practice that is qualified to carry out x-rays of the knuckles.<\/p>\n\n\n\n<p>Images of the hip and elbow joints (shoulder joints for BSP and VSSP) should be sent together with a copy of the PP, proof of payment of the fee and the completed form to one of the addresses:<\/p>\n\n\n\n<p><strong>1.<\/strong><br><strong>Prof. MVDr. Valent Ledeck\u00fd, CSc<\/strong><br>044 42 Kosice O\u013e\u0161any 262<br>Orthopet-LED<br>tel.: 0915 \/ 984 574<br>email: vlldck@gmail.com<\/p>\n\n\n\n<p>A copy of the receipt for payment of the evaluation fee must be attached to the images and the surname and first name must be included in the payment so that the payments can be matched and Prof. Ledecky can issue a receipt.<\/p>\n\n\n\n<p>For the evaluation of X-ray images (HD+ED) the fee is EUR 20,-. If it is also an evaluation of OCD images, the amount is increased by EUR 10,-.<\/p>\n\n\n\n<p>Account number: 0109154804\/0900. The account is held with the Slovak Savings Bank.<br>IBAN: SK85 0900 0000 0001 0915 4804<\/p>\n\n\n\n<p><strong>2.<\/strong><br><strong>Animal Clinic PASEK, s. r. o.<\/strong><br>MVDr. Ivan Pasek<br>Ore\u0161ianska 8881\/1A<br>917 01 Trnava<br>tel.: 0948 \/ 388 388<\/p>\n\n\n\n<p>Pricing for evaluation scans taken by another veterinarian:  <br>DBK 10\u20ac\/1 dog<br>DLK 10\u20ac\/1 dog<br>OCD 5\u20ac \/1 dog  <br>shipping and handling 5\u20ac<\/p>\n\n\n\n<p>Evaluations are sent by cash on delivery only.<\/p>\n\n\n\n<p>Price list of DBK, DLK and OCD made by MVDr. Paszek (prices include sedation, wake-up, imaging &#8211; 6 images and evaluation):<br>Bernese Mountain Dog\/1 male: 120\u20ac (DBK, DLK, OCD)<br>Large Swiss Mountain Dog\/1 male: 130\u20ac (DBK, DLK, OCD)<br>Appenzell Shepherd Dog\/1 male: 110\u20ac (DBK, DLK, OCD)<br>Entlebuch Shepherd Dog \/1 male: 110\u20ac (DBK, DLK, OCD)<\/p>\n\n\n\n<p><strong>3.<\/strong><br>Possibility of X-ray evaluation in Germany:<br><strong>SSV &#8211; HD ZENTRALE<\/strong><br>DR. Silke Wurster<br>Bunsenstrasse 20<br>59 229 Ahlen<br>Deutschland<\/p>\n\n\n\n<p>The fee for the evaluation of radiographs is HD 50 euro, HD + ED 75 euro and HD + ED + OCD 90 euro.<\/p>\n\n\n\n<p>On the envelope should be written SKSSP Privat Gutachten &#8211; Dr. Silke Wurster. However, it should be taken into account that the evaluation takes longer (up to three months).<\/p>\n","protected":false},"excerpt":{"rendered":"<p>Request a hip and elbow dysplasia evaluation form from the head breeding advisor. Make an appointment in advance with the nearest veterinary practice that is qualified to carry out x-rays of the knuckles. Images of the hip and elbow joints (shoulder joints for BSP and VSSP) should be sent together with a copy of the [&hellip;]<\/p>\n","protected":false},"author":1,"featured_media":0,"parent":0,"menu_order":0,"comment_status":"closed","ping_status":"closed","template":"page_template-chov.php","meta":{"_monsterinsights_skip_tracking":false,"_monsterinsights_sitenote_active":false,"_monsterinsights_sitenote_note":"","_monsterinsights_sitenote_category":0,"ngg_post_thumbnail":0,"footnotes":""},"class_list":["post-20713","page","type-page","status-publish","hentry"],"acf":[],"yoast_head":"<!-- This site is optimized with the Yoast SEO plugin v27.4 - https:\/\/yoast.com\/product\/yoast-seo-wordpress\/ -->\n<title>Procedure for X-ray | SKSSP<\/title>\n<meta name=\"robots\" content=\"index, follow, max-snippet:-1, max-image-preview:large, max-video-preview:-1\" \/>\n<link rel=\"canonical\" href=\"https:\/\/skssp.eu\/en\/procedure-for-x-ray\/\" \/>\n<meta property=\"og:locale\" content=\"en_US\" \/>\n<meta property=\"og:type\" content=\"article\" \/>\n<meta property=\"og:title\" content=\"Procedure for X-ray | SKSSP\" \/>\n<meta property=\"og:description\" content=\"Request a hip and elbow dysplasia evaluation form from the head breeding advisor. Make an appointment in advance with the nearest veterinary practice that is qualified to carry out x-rays of the knuckles. Images of the hip and elbow joints (shoulder joints for BSP and VSSP) should be sent together with a copy of the [&hellip;]\" \/>\n<meta property=\"og:url\" content=\"https:\/\/skssp.eu\/en\/procedure-for-x-ray\/\" \/>\n<meta property=\"og:site_name\" content=\"SKSSP\" \/>\n<meta property=\"article:modified_time\" content=\"2024-08-04T09:48:05+00:00\" \/>\n<meta name=\"twitter:card\" content=\"summary_large_image\" \/>\n<meta name=\"twitter:label1\" content=\"Est. reading time\" \/>\n\t<meta name=\"twitter:data1\" content=\"2 minutes\" \/>\n<script type=\"application\/ld+json\" class=\"yoast-schema-graph\">{\"@context\":\"https:\\\/\\\/schema.org\",\"@graph\":[{\"@type\":\"WebPage\",\"@id\":\"https:\\\/\\\/skssp.eu\\\/en\\\/procedure-for-x-ray\\\/\",\"url\":\"https:\\\/\\\/skssp.eu\\\/en\\\/procedure-for-x-ray\\\/\",\"name\":\"Procedure for X-ray | SKSSP\",\"isPartOf\":{\"@id\":\"https:\\\/\\\/skssp.eu\\\/en\\\/#website\"},\"datePublished\":\"2022-12-01T16:06:50+00:00\",\"dateModified\":\"2024-08-04T09:48:05+00:00\",\"breadcrumb\":{\"@id\":\"https:\\\/\\\/skssp.eu\\\/en\\\/procedure-for-x-ray\\\/#breadcrumb\"},\"inLanguage\":\"en-US\",\"potentialAction\":[{\"@type\":\"ReadAction\",\"target\":[\"https:\\\/\\\/skssp.eu\\\/en\\\/procedure-for-x-ray\\\/\"]}]},{\"@type\":\"BreadcrumbList\",\"@id\":\"https:\\\/\\\/skssp.eu\\\/en\\\/procedure-for-x-ray\\\/#breadcrumb\",\"itemListElement\":[{\"@type\":\"ListItem\",\"position\":1,\"name\":\"Home\",\"item\":\"https:\\\/\\\/skssp.eu\\\/en\\\/home\\\/\"},{\"@type\":\"ListItem\",\"position\":2,\"name\":\"Procedure for X-ray\"}]},{\"@type\":\"WebSite\",\"@id\":\"https:\\\/\\\/skssp.eu\\\/en\\\/#website\",\"url\":\"https:\\\/\\\/skssp.eu\\\/en\\\/\",\"name\":\"SKSSP\",\"description\":\"Slovensk\u00fd klub \u0160vaj\u010diarskych sala\u0161n\u00edckych psov\",\"publisher\":{\"@id\":\"https:\\\/\\\/skssp.eu\\\/en\\\/#organization\"},\"potentialAction\":[{\"@type\":\"SearchAction\",\"target\":{\"@type\":\"EntryPoint\",\"urlTemplate\":\"https:\\\/\\\/skssp.eu\\\/en\\\/?s={search_term_string}\"},\"query-input\":{\"@type\":\"PropertyValueSpecification\",\"valueRequired\":true,\"valueName\":\"search_term_string\"}}],\"inLanguage\":\"en-US\"},{\"@type\":\"Organization\",\"@id\":\"https:\\\/\\\/skssp.eu\\\/en\\\/#organization\",\"name\":\"SKSSP\",\"url\":\"https:\\\/\\\/skssp.eu\\\/en\\\/\",\"logo\":{\"@type\":\"ImageObject\",\"inLanguage\":\"en-US\",\"@id\":\"https:\\\/\\\/skssp.eu\\\/en\\\/#\\\/schema\\\/logo\\\/image\\\/\",\"url\":\"https:\\\/\\\/skssp.eu\\\/wp-content\\\/uploads\\\/2022\\\/11\\\/cropped-logo_skssp.png\",\"contentUrl\":\"https:\\\/\\\/skssp.eu\\\/wp-content\\\/uploads\\\/2022\\\/11\\\/cropped-logo_skssp.png\",\"width\":512,\"height\":512,\"caption\":\"SKSSP\"},\"image\":{\"@id\":\"https:\\\/\\\/skssp.eu\\\/en\\\/#\\\/schema\\\/logo\\\/image\\\/\"}}]}<\/script>\n<!-- \/ Yoast SEO plugin. -->","yoast_head_json":{"title":"Procedure for X-ray | SKSSP","robots":{"index":"index","follow":"follow","max-snippet":"max-snippet:-1","max-image-preview":"max-image-preview:large","max-video-preview":"max-video-preview:-1"},"canonical":"https:\/\/skssp.eu\/en\/procedure-for-x-ray\/","og_locale":"en_US","og_type":"article","og_title":"Procedure for X-ray | SKSSP","og_description":"Request a hip and elbow dysplasia evaluation form from the head breeding advisor. Make an appointment in advance with the nearest veterinary practice that is qualified to carry out x-rays of the knuckles. Images of the hip and elbow joints (shoulder joints for BSP and VSSP) should be sent together with a copy of the [&hellip;]","og_url":"https:\/\/skssp.eu\/en\/procedure-for-x-ray\/","og_site_name":"SKSSP","article_modified_time":"2024-08-04T09:48:05+00:00","twitter_card":"summary_large_image","twitter_misc":{"Est. reading time":"2 minutes"},"schema":{"@context":"https:\/\/schema.org","@graph":[{"@type":"WebPage","@id":"https:\/\/skssp.eu\/en\/procedure-for-x-ray\/","url":"https:\/\/skssp.eu\/en\/procedure-for-x-ray\/","name":"Procedure for X-ray | SKSSP","isPartOf":{"@id":"https:\/\/skssp.eu\/en\/#website"},"datePublished":"2022-12-01T16:06:50+00:00","dateModified":"2024-08-04T09:48:05+00:00","breadcrumb":{"@id":"https:\/\/skssp.eu\/en\/procedure-for-x-ray\/#breadcrumb"},"inLanguage":"en-US","potentialAction":[{"@type":"ReadAction","target":["https:\/\/skssp.eu\/en\/procedure-for-x-ray\/"]}]},{"@type":"BreadcrumbList","@id":"https:\/\/skssp.eu\/en\/procedure-for-x-ray\/#breadcrumb","itemListElement":[{"@type":"ListItem","position":1,"name":"Home","item":"https:\/\/skssp.eu\/en\/home\/"},{"@type":"ListItem","position":2,"name":"Procedure for X-ray"}]},{"@type":"WebSite","@id":"https:\/\/skssp.eu\/en\/#website","url":"https:\/\/skssp.eu\/en\/","name":"SKSSP","description":"Slovensk\u00fd klub \u0160vaj\u010diarskych sala\u0161n\u00edckych psov","publisher":{"@id":"https:\/\/skssp.eu\/en\/#organization"},"potentialAction":[{"@type":"SearchAction","target":{"@type":"EntryPoint","urlTemplate":"https:\/\/skssp.eu\/en\/?s={search_term_string}"},"query-input":{"@type":"PropertyValueSpecification","valueRequired":true,"valueName":"search_term_string"}}],"inLanguage":"en-US"},{"@type":"Organization","@id":"https:\/\/skssp.eu\/en\/#organization","name":"SKSSP","url":"https:\/\/skssp.eu\/en\/","logo":{"@type":"ImageObject","inLanguage":"en-US","@id":"https:\/\/skssp.eu\/en\/#\/schema\/logo\/image\/","url":"https:\/\/skssp.eu\/wp-content\/uploads\/2022\/11\/cropped-logo_skssp.png","contentUrl":"https:\/\/skssp.eu\/wp-content\/uploads\/2022\/11\/cropped-logo_skssp.png","width":512,"height":512,"caption":"SKSSP"},"image":{"@id":"https:\/\/skssp.eu\/en\/#\/schema\/logo\/image\/"}}]}},"_links":{"self":[{"href":"https:\/\/skssp.eu\/en\/wp-json\/wp\/v2\/pages\/20713","targetHints":{"allow":["GET"]}}],"collection":[{"href":"https:\/\/skssp.eu\/en\/wp-json\/wp\/v2\/pages"}],"about":[{"href":"https:\/\/skssp.eu\/en\/wp-json\/wp\/v2\/types\/page"}],"author":[{"embeddable":true,"href":"https:\/\/skssp.eu\/en\/wp-json\/wp\/v2\/users\/1"}],"replies":[{"embeddable":true,"href":"https:\/\/skssp.eu\/en\/wp-json\/wp\/v2\/comments?post=20713"}],"version-history":[{"count":1,"href":"https:\/\/skssp.eu\/en\/wp-json\/wp\/v2\/pages\/20713\/revisions"}],"predecessor-version":[{"id":44045,"href":"https:\/\/skssp.eu\/en\/wp-json\/wp\/v2\/pages\/20713\/revisions\/44045"}],"wp:attachment":[{"href":"https:\/\/skssp.eu\/en\/wp-json\/wp\/v2\/media?parent=20713"}],"curies":[{"name":"wp","href":"https:\/\/api.w.org\/{rel}","templated":true}]}}