{"id":20743,"date":"2022-12-01T12:49:50","date_gmt":"2022-12-01T11:49:50","guid":{"rendered":"https:\/\/skssp.eu\/club-committee-and-bodies\/"},"modified":"2025-03-12T17:34:48","modified_gmt":"2025-03-12T16:34:48","slug":"club-committee-and-bodies","status":"publish","type":"page","link":"https:\/\/skssp.eu\/en\/club-committee-and-bodies\/","title":{"rendered":"Club Committee and Bodies"},"content":{"rendered":"\n<h3 class=\"wp-block-heading\">Club Committee and Bodies<\/h3>\n\n\n\n<div class=\"wp-block-columns is-layout-flex wp-container-core-columns-is-layout-9d6595d7 wp-block-columns-is-layout-flex\">\n<div class=\"wp-block-column is-layout-flow wp-block-column-is-layout-flow\">\n<p><strong>Chairman<\/strong><\/p>\n<\/div>\n\n\n\n<div class=\"wp-block-column is-layout-flow wp-block-column-is-layout-flow\">\n<p><strong>Kri\u017ean Tibor, Ing.<\/strong><br>Fu\u010d\u00edkova 1554\/2<br>932 01 Ve\u013ek\u00fd Meder<\/p>\n<\/div>\n\n\n\n<div class=\"wp-block-column is-layout-flow wp-block-column-is-layout-flow\">\n<p><a href=\"mailto:tibor.krizan@zoznam.sk\">tibor.krizan@zoznam.sk<\/a><br>0905 553 889<\/p>\n<\/div>\n<\/div>\n\n\n\n<div class=\"wp-block-columns is-layout-flex wp-container-core-columns-is-layout-9d6595d7 wp-block-columns-is-layout-flex\">\n<div class=\"wp-block-column is-layout-flow wp-block-column-is-layout-flow\">\n<p><strong><strong>Secretary<\/strong><\/strong><\/p>\n<\/div>\n\n\n\n<div class=\"wp-block-column is-layout-flow wp-block-column-is-layout-flow\">\n<p><strong><strong>Liptaj Ka\u0161t&#8217;\u00e1kov\u00e1 Na\u010fa, Mgr.<\/strong><\/strong><br>Bratislavsk\u00e1 47<br>917 02 Trnava<\/p>\n<\/div>\n\n\n\n<div class=\"wp-block-column is-layout-flow wp-block-column-is-layout-flow\">\n<p><a href=\"mailto:tajomnik.skssp@gmail.com\">tajomnik.skssp@gmail.com<\/a><br>0907 162 555<\/p>\n<\/div>\n<\/div>\n\n\n\n<div class=\"wp-block-columns is-layout-flex wp-container-core-columns-is-layout-9d6595d7 wp-block-columns-is-layout-flex\">\n<div class=\"wp-block-column is-layout-flow wp-block-column-is-layout-flow\">\n<p><strong><strong>Members<\/strong><\/strong><\/p>\n<\/div>\n\n\n\n<div class=\"wp-block-column is-layout-flow wp-block-column-is-layout-flow\">\n<p><strong>Nosko Vladim\u00edr, Ing.<\/strong><br>Sielnica 325<br>962 31 Slia\u010d<\/p>\n<\/div>\n\n\n\n<div class=\"wp-block-column is-layout-flow wp-block-column-is-layout-flow\">\n<p><a href=\"mailto:nosko.v57@gmail.com\">nosko.v57@gmail.com<\/a><br>0905 252 044<\/p>\n<\/div>\n<\/div>\n\n\n\n<div class=\"wp-block-columns is-layout-flex wp-container-core-columns-is-layout-9d6595d7 wp-block-columns-is-layout-flex\">\n<div class=\"wp-block-column is-layout-flow wp-block-column-is-layout-flow\">\n<p><\/p>\n<\/div>\n\n\n\n<div class=\"wp-block-column is-layout-flow wp-block-column-is-layout-flow\">\n<p><strong>Hajduk Pavol, RNDr.<\/strong><br>Seniakovce 54<br>082 03 Leme\u0161any<\/p>\n<\/div>\n\n\n\n<div class=\"wp-block-column is-layout-flow wp-block-column-is-layout-flow\">\n<p><a href=\"mailto:pavol_hajduk@yahoo.com\">pavol_hajduk@yahoo.com<\/a><br>0915 759 553<\/p>\n<\/div>\n<\/div>\n\n\n\n<div class=\"wp-block-columns is-layout-flex wp-container-core-columns-is-layout-9d6595d7 wp-block-columns-is-layout-flex\">\n<div class=\"wp-block-column is-layout-flow wp-block-column-is-layout-flow\">\n<p><\/p>\n<\/div>\n\n\n\n<div class=\"wp-block-column is-layout-flow wp-block-column-is-layout-flow\">\n<p><strong><strong>Vargov\u00e1 Drahom\u00edra, Mgr.<\/strong><\/strong><br>Kod\u00e1lyova 13<br>949 01 Nitra<\/p>\n<\/div>\n\n\n\n<div class=\"wp-block-column is-layout-flow wp-block-column-is-layout-flow\">\n<p><a href=\"mailto:dearievargova@gmail.com\">dearievargova@gmail.com<\/a><br>0907 787 183<\/p>\n<\/div>\n<\/div>\n\n\n\n<div class=\"wp-block-columns is-layout-flex wp-container-core-columns-is-layout-9d6595d7 wp-block-columns-is-layout-flex\">\n<div class=\"wp-block-column is-layout-flow wp-block-column-is-layout-flow\">\n<p><\/p>\n<\/div>\n\n\n\n<div class=\"wp-block-column is-layout-flow wp-block-column-is-layout-flow\">\n<p><strong>Major Jaroslav, Ing.<\/strong><br>School 5<br>951 48 Jarok<\/p>\n<\/div>\n\n\n\n<div class=\"wp-block-column is-layout-flow wp-block-column-is-layout-flow\">\n<p><a href=\"mailto:jaro04@zoznam.sk\">jaro04@zoznam.sk<\/a><br>0903 056 818<\/p>\n<\/div>\n<\/div>\n\n\n\n<h3 class=\"wp-block-heading\">Breeding consultants<\/h3>\n\n\n\n<div class=\"wp-block-columns is-layout-flex wp-container-core-columns-is-layout-9d6595d7 wp-block-columns-is-layout-flex\">\n<div class=\"wp-block-column is-layout-flow wp-block-column-is-layout-flow\">\n<p><strong>Principal Adviser<\/strong><\/p>\n<\/div>\n\n\n\n<div class=\"wp-block-column is-layout-flow wp-block-column-is-layout-flow\">\n<p><strong>Gargu\u0161ov\u00e1 Ter\u00e9zia, Ing.<\/strong><br>Sulovska 107<br>049 22 Gemersk\u00e1 Poloma<\/p>\n<\/div>\n\n\n\n<div class=\"wp-block-column is-layout-flow wp-block-column-is-layout-flow\">\n<p><a href=\"mailto:t.gargusova@gmail.com\">t.gargusova@gmail.com<\/a><br>058\/7947 213, 0905 834 442<\/p>\n<\/div>\n<\/div>\n\n\n\n<div class=\"wp-block-columns is-layout-flex wp-container-core-columns-is-layout-9d6595d7 wp-block-columns-is-layout-flex\">\n<div class=\"wp-block-column is-layout-flow wp-block-column-is-layout-flow\">\n<p><strong>Advisor<\/strong><\/p>\n<\/div>\n\n\n\n<div class=\"wp-block-column is-layout-flow wp-block-column-is-layout-flow\">\n<p><strong>Ondrejovi\u010dov\u00e1 Ivana, Mgr.<\/strong><br>School 48<br>972 51 Handlov\u00e1<\/p>\n<\/div>\n\n\n\n<div class=\"wp-block-column is-layout-flow wp-block-column-is-layout-flow\">\n<p><a href=\"mailto:ondrejovicova.ivana@azet.sk\">ondrejovicova.ivana@azet.sk<\/a><br>0907 780 212<\/p>\n<\/div>\n<\/div>\n\n\n\n<h3 class=\"wp-block-heading\">Revision Commission<\/h3>\n\n\n\n<div class=\"wp-block-columns is-layout-flex wp-container-core-columns-is-layout-9d6595d7 wp-block-columns-is-layout-flex\">\n<div class=\"wp-block-column is-layout-flow wp-block-column-is-layout-flow\">\n<p><strong><strong>Club Reviewer<\/strong><\/strong><\/p>\n<\/div>\n\n\n\n<div class=\"wp-block-column is-layout-flow wp-block-column-is-layout-flow\">\n<p><strong>Bar\u010d\u00e1k Alexander, Ing.<\/strong><br>Mel\u010dice 224<br>913 05 Mel\u010dice Lieskov\u00e9<\/p>\n<\/div>\n\n\n\n<div class=\"wp-block-column is-layout-flow wp-block-column-is-layout-flow\">\n<p><a href=\"mailto:barcakal@gmail.com\">barcakal@gmail.com<\/a><br>0904 198 646<\/p>\n<\/div>\n<\/div>\n\n\n\n<h3 class=\"wp-block-heading\">Website<\/h3>\n\n\n\n<div class=\"wp-block-columns is-layout-flex wp-container-core-columns-is-layout-9d6595d7 wp-block-columns-is-layout-flex\">\n<div class=\"wp-block-column is-layout-flow wp-block-column-is-layout-flow\">\n<p><strong><strong><strong>Webmaster<\/strong><\/strong><\/strong><\/p>\n<\/div>\n\n\n\n<div class=\"wp-block-column is-layout-flow wp-block-column-is-layout-flow\">\n<p><strong><strong>Liptaj Martin, Mgr.<\/strong><\/strong><br>Bratislavsk\u00e1 47<br>917 02 Trnava<\/p>\n<\/div>\n\n\n\n<div class=\"wp-block-column is-layout-flow wp-block-column-is-layout-flow\">\n<p><a href=\"mailto:liptaj.m@gmail.com\">liptaj.m@gmail.com<\/a><br>0905 205 475<\/p>\n<\/div>\n<\/div>\n\n\n\n<p><\/p>\n","protected":false},"excerpt":{"rendered":"<p>Club Committee and Bodies Chairman Kri\u017ean Tibor, Ing.Fu\u010d\u00edkova 1554\/2932 01 Ve\u013ek\u00fd Meder tibor.krizan@zoznam.sk0905 553 889 Secretary Liptaj Ka\u0161t&#8217;\u00e1kov\u00e1 Na\u010fa, Mgr.Bratislavsk\u00e1 47917 02 Trnava tajomnik.skssp@gmail.com0907 162 555 Members Nosko Vladim\u00edr, Ing.Sielnica 325962 31 Slia\u010d nosko.v57@gmail.com0905 252 044 Hajduk Pavol, RNDr.Seniakovce 54082 03 Leme\u0161any pavol_hajduk@yahoo.com0915 759 553 Vargov\u00e1 Drahom\u00edra, Mgr.Kod\u00e1lyova 13949 01 Nitra dearievargova@gmail.com0907 787 183 Major [&hellip;]<\/p>\n","protected":false},"author":1,"featured_media":0,"parent":0,"menu_order":0,"comment_status":"closed","ping_status":"closed","template":"","meta":{"_monsterinsights_skip_tracking":false,"_monsterinsights_sitenote_active":false,"_monsterinsights_sitenote_note":"","_monsterinsights_sitenote_category":0,"ngg_post_thumbnail":0,"footnotes":""},"class_list":["post-20743","page","type-page","status-publish","hentry"],"acf":[],"yoast_head":"<!-- This site is optimized with the Yoast SEO plugin v27.4 - https:\/\/yoast.com\/product\/yoast-seo-wordpress\/ -->\n<title>Club Committee and Bodies | SKSSP<\/title>\n<meta name=\"robots\" content=\"index, follow, max-snippet:-1, max-image-preview:large, max-video-preview:-1\" \/>\n<link rel=\"canonical\" href=\"https:\/\/skssp.eu\/en\/club-committee-and-bodies\/\" \/>\n<meta property=\"og:locale\" content=\"en_US\" \/>\n<meta property=\"og:type\" content=\"article\" \/>\n<meta property=\"og:title\" content=\"Club Committee and Bodies | SKSSP\" \/>\n<meta property=\"og:description\" content=\"Club Committee and Bodies Chairman Kri\u017ean Tibor, Ing.Fu\u010d\u00edkova 1554\/2932 01 Ve\u013ek\u00fd Meder tibor.krizan@zoznam.sk0905 553 889 Secretary Liptaj Ka\u0161t&#8217;\u00e1kov\u00e1 Na\u010fa, Mgr.Bratislavsk\u00e1 47917 02 Trnava tajomnik.skssp@gmail.com0907 162 555 Members Nosko Vladim\u00edr, Ing.Sielnica 325962 31 Slia\u010d nosko.v57@gmail.com0905 252 044 Hajduk Pavol, RNDr.Seniakovce 54082 03 Leme\u0161any pavol_hajduk@yahoo.com0915 759 553 Vargov\u00e1 Drahom\u00edra, Mgr.Kod\u00e1lyova 13949 01 Nitra dearievargova@gmail.com0907 787 183 Major [&hellip;]\" \/>\n<meta property=\"og:url\" content=\"https:\/\/skssp.eu\/en\/club-committee-and-bodies\/\" \/>\n<meta property=\"og:site_name\" content=\"SKSSP\" \/>\n<meta property=\"article:modified_time\" content=\"2025-03-12T16:34:48+00:00\" \/>\n<meta name=\"twitter:card\" content=\"summary_large_image\" \/>\n<meta name=\"twitter:label1\" content=\"Est. reading time\" \/>\n\t<meta name=\"twitter:data1\" content=\"1 minute\" \/>\n<script type=\"application\/ld+json\" class=\"yoast-schema-graph\">{\"@context\":\"https:\\\/\\\/schema.org\",\"@graph\":[{\"@type\":\"WebPage\",\"@id\":\"https:\\\/\\\/skssp.eu\\\/en\\\/club-committee-and-bodies\\\/\",\"url\":\"https:\\\/\\\/skssp.eu\\\/en\\\/club-committee-and-bodies\\\/\",\"name\":\"Club Committee and Bodies | SKSSP\",\"isPartOf\":{\"@id\":\"https:\\\/\\\/skssp.eu\\\/en\\\/#website\"},\"datePublished\":\"2022-12-01T11:49:50+00:00\",\"dateModified\":\"2025-03-12T16:34:48+00:00\",\"breadcrumb\":{\"@id\":\"https:\\\/\\\/skssp.eu\\\/en\\\/club-committee-and-bodies\\\/#breadcrumb\"},\"inLanguage\":\"en-US\",\"potentialAction\":[{\"@type\":\"ReadAction\",\"target\":[\"https:\\\/\\\/skssp.eu\\\/en\\\/club-committee-and-bodies\\\/\"]}]},{\"@type\":\"BreadcrumbList\",\"@id\":\"https:\\\/\\\/skssp.eu\\\/en\\\/club-committee-and-bodies\\\/#breadcrumb\",\"itemListElement\":[{\"@type\":\"ListItem\",\"position\":1,\"name\":\"Home\",\"item\":\"https:\\\/\\\/skssp.eu\\\/en\\\/home\\\/\"},{\"@type\":\"ListItem\",\"position\":2,\"name\":\"Club Committee and Bodies\"}]},{\"@type\":\"WebSite\",\"@id\":\"https:\\\/\\\/skssp.eu\\\/en\\\/#website\",\"url\":\"https:\\\/\\\/skssp.eu\\\/en\\\/\",\"name\":\"SKSSP\",\"description\":\"Slovensk\u00fd klub \u0160vaj\u010diarskych sala\u0161n\u00edckych psov\",\"publisher\":{\"@id\":\"https:\\\/\\\/skssp.eu\\\/en\\\/#organization\"},\"potentialAction\":[{\"@type\":\"SearchAction\",\"target\":{\"@type\":\"EntryPoint\",\"urlTemplate\":\"https:\\\/\\\/skssp.eu\\\/en\\\/?s={search_term_string}\"},\"query-input\":{\"@type\":\"PropertyValueSpecification\",\"valueRequired\":true,\"valueName\":\"search_term_string\"}}],\"inLanguage\":\"en-US\"},{\"@type\":\"Organization\",\"@id\":\"https:\\\/\\\/skssp.eu\\\/en\\\/#organization\",\"name\":\"SKSSP\",\"url\":\"https:\\\/\\\/skssp.eu\\\/en\\\/\",\"logo\":{\"@type\":\"ImageObject\",\"inLanguage\":\"en-US\",\"@id\":\"https:\\\/\\\/skssp.eu\\\/en\\\/#\\\/schema\\\/logo\\\/image\\\/\",\"url\":\"https:\\\/\\\/skssp.eu\\\/wp-content\\\/uploads\\\/2022\\\/11\\\/cropped-logo_skssp.png\",\"contentUrl\":\"https:\\\/\\\/skssp.eu\\\/wp-content\\\/uploads\\\/2022\\\/11\\\/cropped-logo_skssp.png\",\"width\":512,\"height\":512,\"caption\":\"SKSSP\"},\"image\":{\"@id\":\"https:\\\/\\\/skssp.eu\\\/en\\\/#\\\/schema\\\/logo\\\/image\\\/\"}}]}<\/script>\n<!-- \/ Yoast SEO plugin. -->","yoast_head_json":{"title":"Club Committee and Bodies | SKSSP","robots":{"index":"index","follow":"follow","max-snippet":"max-snippet:-1","max-image-preview":"max-image-preview:large","max-video-preview":"max-video-preview:-1"},"canonical":"https:\/\/skssp.eu\/en\/club-committee-and-bodies\/","og_locale":"en_US","og_type":"article","og_title":"Club Committee and Bodies | SKSSP","og_description":"Club Committee and Bodies Chairman Kri\u017ean Tibor, Ing.Fu\u010d\u00edkova 1554\/2932 01 Ve\u013ek\u00fd Meder tibor.krizan@zoznam.sk0905 553 889 Secretary Liptaj Ka\u0161t&#8217;\u00e1kov\u00e1 Na\u010fa, Mgr.Bratislavsk\u00e1 47917 02 Trnava tajomnik.skssp@gmail.com0907 162 555 Members Nosko Vladim\u00edr, Ing.Sielnica 325962 31 Slia\u010d nosko.v57@gmail.com0905 252 044 Hajduk Pavol, RNDr.Seniakovce 54082 03 Leme\u0161any pavol_hajduk@yahoo.com0915 759 553 Vargov\u00e1 Drahom\u00edra, Mgr.Kod\u00e1lyova 13949 01 Nitra dearievargova@gmail.com0907 787 183 Major [&hellip;]","og_url":"https:\/\/skssp.eu\/en\/club-committee-and-bodies\/","og_site_name":"SKSSP","article_modified_time":"2025-03-12T16:34:48+00:00","twitter_card":"summary_large_image","twitter_misc":{"Est. reading time":"1 minute"},"schema":{"@context":"https:\/\/schema.org","@graph":[{"@type":"WebPage","@id":"https:\/\/skssp.eu\/en\/club-committee-and-bodies\/","url":"https:\/\/skssp.eu\/en\/club-committee-and-bodies\/","name":"Club Committee and Bodies | SKSSP","isPartOf":{"@id":"https:\/\/skssp.eu\/en\/#website"},"datePublished":"2022-12-01T11:49:50+00:00","dateModified":"2025-03-12T16:34:48+00:00","breadcrumb":{"@id":"https:\/\/skssp.eu\/en\/club-committee-and-bodies\/#breadcrumb"},"inLanguage":"en-US","potentialAction":[{"@type":"ReadAction","target":["https:\/\/skssp.eu\/en\/club-committee-and-bodies\/"]}]},{"@type":"BreadcrumbList","@id":"https:\/\/skssp.eu\/en\/club-committee-and-bodies\/#breadcrumb","itemListElement":[{"@type":"ListItem","position":1,"name":"Home","item":"https:\/\/skssp.eu\/en\/home\/"},{"@type":"ListItem","position":2,"name":"Club Committee and Bodies"}]},{"@type":"WebSite","@id":"https:\/\/skssp.eu\/en\/#website","url":"https:\/\/skssp.eu\/en\/","name":"SKSSP","description":"Slovensk\u00fd klub \u0160vaj\u010diarskych sala\u0161n\u00edckych psov","publisher":{"@id":"https:\/\/skssp.eu\/en\/#organization"},"potentialAction":[{"@type":"SearchAction","target":{"@type":"EntryPoint","urlTemplate":"https:\/\/skssp.eu\/en\/?s={search_term_string}"},"query-input":{"@type":"PropertyValueSpecification","valueRequired":true,"valueName":"search_term_string"}}],"inLanguage":"en-US"},{"@type":"Organization","@id":"https:\/\/skssp.eu\/en\/#organization","name":"SKSSP","url":"https:\/\/skssp.eu\/en\/","logo":{"@type":"ImageObject","inLanguage":"en-US","@id":"https:\/\/skssp.eu\/en\/#\/schema\/logo\/image\/","url":"https:\/\/skssp.eu\/wp-content\/uploads\/2022\/11\/cropped-logo_skssp.png","contentUrl":"https:\/\/skssp.eu\/wp-content\/uploads\/2022\/11\/cropped-logo_skssp.png","width":512,"height":512,"caption":"SKSSP"},"image":{"@id":"https:\/\/skssp.eu\/en\/#\/schema\/logo\/image\/"}}]}},"_links":{"self":[{"href":"https:\/\/skssp.eu\/en\/wp-json\/wp\/v2\/pages\/20743","targetHints":{"allow":["GET"]}}],"collection":[{"href":"https:\/\/skssp.eu\/en\/wp-json\/wp\/v2\/pages"}],"about":[{"href":"https:\/\/skssp.eu\/en\/wp-json\/wp\/v2\/types\/page"}],"author":[{"embeddable":true,"href":"https:\/\/skssp.eu\/en\/wp-json\/wp\/v2\/users\/1"}],"replies":[{"embeddable":true,"href":"https:\/\/skssp.eu\/en\/wp-json\/wp\/v2\/comments?post=20743"}],"version-history":[{"count":2,"href":"https:\/\/skssp.eu\/en\/wp-json\/wp\/v2\/pages\/20743\/revisions"}],"predecessor-version":[{"id":44721,"href":"https:\/\/skssp.eu\/en\/wp-json\/wp\/v2\/pages\/20743\/revisions\/44721"}],"wp:attachment":[{"href":"https:\/\/skssp.eu\/en\/wp-json\/wp\/v2\/media?parent=20743"}],"curies":[{"name":"wp","href":"https:\/\/api.w.org\/{rel}","templated":true}]}}