{"id":20747,"date":"2022-12-19T14:41:32","date_gmt":"2022-12-19T13:41:32","guid":{"rendered":"https:\/\/skssp.eu\/results-of-ratings\/"},"modified":"2025-08-31T20:59:58","modified_gmt":"2025-08-31T18:59:58","slug":"results-of-ratings","status":"publish","type":"page","link":"https:\/\/skssp.eu\/en\/results-of-ratings\/","title":{"rendered":"Results of ratings"},"content":{"rendered":"\n<p>The club organizes rating twice a year. As a rule, it is always on the second day after a club or special show. Club members are informed of the exact date and venue via the newsletter. The Chief Breeding Adviser will send an application form for rating on request. The fee for the rating is EUR 20 for a club member and EUR 30 for a non-member. The completed application form, along with a double-sided photocopy of the dog&#8217;s PP, a copy of the evaluation for hip and elbow dysplasia, and a copy of the proof of payment of the evaluation fee, must be returned to the breed&#8217;s chief advisor.<\/p>\n\n\n\n<p>Those interested in the breeding evaluation can request an application from Mrs. Ivana Ondrejovi\u010dov\u00e1 by email at <a href=\"mailto:ondrejovicova.ivana@azet.sk\">ondrejovicova.ivana@azet.sk<\/a>, where they will receive more detailed information.<\/p>\n\n\n\n<p><\/p>\n\n\n\n<p><a href=\"https:\/\/skssp.eu\/wp-content\/uploads\/2025\/08\/Bonitacia_Velky_Meder_01062025.pdf\">Breeding evaluation &#8211; Ve\u013ek\u00fd Meder 2025 &#8211; June<\/a><br><a href=\"https:\/\/skssp.eu\/wp-content\/uploads\/2025\/08\/Bonitacia_Velky_Meder_29092024.pdf\">Breeding evaluation &#8211; Ve\u013ek\u00fd Meder 2024 &#8211; September<\/a><br><a href=\"https:\/\/skssp.eu\/wp-content\/uploads\/2024\/10\/Bonitacia-2024-05-26-Velky-Meder.pdf\">Breeding evaluation &#8211; Ve\u013ek\u00fd Meder 2024 &#8211; May<\/a><br><a href=\"https:\/\/skssp.eu\/wp-content\/uploads\/2024\/01\/Bonitacia-2023-09-10-Velky-Meder.pdf\">Breeding evaluation &#8211; Ve\u013ek\u00fd Meder 2023 &#8211; September<\/a> <br><a href=\"https:\/\/skssp.eu\/wp-content\/uploads\/2023\/10\/Bonitacia-2023-05-28-Velky-Meder.pdf\">Breeding evaluation &#8211; Ve\u013ek\u00fd Meder 2023 &#8211; May<\/a><br><a href=\"https:\/\/skssp.eu\/wp-content\/uploads\/2023\/03\/Bonitacia_2022-11-19_Pohronska_Polhora.pdf\">Breeding evaluation &#8211; Pohronsk\u00e1 Polhora 2022 &#8211; November<\/a><br><a href=\"https:\/\/skssp.eu\/wp-content\/uploads\/2023\/01\/Bonitacia_Velky_Meder_11092022.pdf\">Breeding evaluation &#8211; Ve\u013ek\u00fd Meder 2022 &#8211; September<\/a><br><a href=\"https:\/\/skssp.eu\/wp-content\/uploads\/2023\/01\/Bonitacia_Velky_Meder_29052022.pdf\">Breeding evaluation &#8211; Ve\u013ek\u00fd Meder 2022 &#8211; May<\/a><br><a href=\"https:\/\/skssp.eu\/wp-content\/uploads\/2023\/01\/Bonitacia_Velky_Meder_09102021.pdf\">Breeding evaluation &#8211; Ve\u013ek\u00fd Meder 2021 &#8211; October<\/a><br><a href=\"https:\/\/skssp.eu\/wp-content\/uploads\/2023\/01\/Bonitacia_Velky_Meder_04092021.pdf\">Breeding evaluation &#8211; Ve\u013ek\u00fd Meder 2021 &#8211; September<\/a><br><a href=\"https:\/\/skssp.eu\/wp-content\/uploads\/2023\/01\/Bonitacia_Velky_Meder_29052021.pdf\">Breeding evaluation &#8211; Ve\u013ek\u00fd Meder 2021 &#8211; May<\/a><br><a href=\"https:\/\/skssp.eu\/wp-content\/uploads\/2023\/01\/Chvojnica_04102020.pdf\">Breeding evaluation &#8211; Chvojnica 2020 &#8211; October<\/a><br><a href=\"https:\/\/skssp.eu\/wp-content\/uploads\/2023\/01\/Meder_25072020.pdf\">Breeding evaluation &#8211; Ve\u013ek\u00fd Meder 2020 &#8211; July<\/a><br><a href=\"https:\/\/skssp.eu\/wp-content\/uploads\/2023\/01\/Chvojnica-29092019.pdf\">Breeding evaluation &#8211; Chvojnica 2019 &#8211; September<\/a><br><a href=\"https:\/\/skssp.eu\/wp-content\/uploads\/2023\/01\/Bonitacia_Bela_Dulice_24082019.pdf\">Breeding evaluation &#8211; Bel\u00e1 Dulice 2019 &#8211; August<\/a><br><a href=\"https:\/\/skssp.eu\/wp-content\/uploads\/2023\/01\/Bonitacia_Velky_Meder_26052019.pdf\">Breeding evaluation &#8211; Ve\u013ek\u00fd Meder 2019 &#8211; May<\/a><br><a href=\"https:\/\/skssp.eu\/wp-content\/uploads\/2023\/01\/Chvojnica-30092018.pdf\">Breeding evaluation &#8211; Chvojnica 2018 &#8211; September<\/a><br><a href=\"https:\/\/skssp.eu\/wp-content\/uploads\/2023\/01\/Bonitacia_Bela_Dulice_25082018.pdf\">Breeding evaluation &#8211; Bel\u00e1 Dulice 2018 &#8211; August<\/a><br><a href=\"https:\/\/skssp.eu\/wp-content\/uploads\/2023\/01\/Bonitacia_Velky_Meder_27052018.pdf\">Breeding evaluation &#8211; Ve\u013ek\u00fd Meder 2018 &#8211; May<\/a><br><a href=\"https:\/\/skssp.eu\/wp-content\/uploads\/2023\/01\/Chvojnica_01102017.pdf\">Breeding evaluation &#8211; Chvojnica 2017 &#8211; October<\/a><br><a href=\"https:\/\/skssp.eu\/wp-content\/uploads\/2023\/01\/bonitacia_krpacovo_26082017.pdf\">Breeding evaluation &#8211; Krp\u00e1\u010dovo 2017 &#8211; August<\/a><br><a href=\"https:\/\/skssp.eu\/wp-content\/uploads\/2023\/01\/meder_bonitacia_28052017.pdf\">Breeding evaluation &#8211; Ve\u013ek\u00fd Meder 2017 &#8211; May<\/a><br><a href=\"https:\/\/skssp.eu\/wp-content\/uploads\/2023\/01\/chvojnica_02102016_bonitacia.pdf\">Breeding evaluation &#8211; Chvojnica 2016 &#8211; October<\/a><br><a href=\"https:\/\/skssp.eu\/wp-content\/uploads\/2023\/01\/Bonitacia_2016_Krpacovo.pdf\">Breeding evaluation &#8211; Krp\u00e1\u010dovo 2016 &#8211; August<\/a><br><a href=\"https:\/\/skssp.eu\/wp-content\/uploads\/2023\/01\/Bonitacia_2016-05-29_Velky_Meder.pdf\">Breeding evaluation &#8211; Ve\u013ek\u00fd Meder 2016 &#8211; May<\/a><br><a href=\"https:\/\/skssp.eu\/wp-content\/uploads\/2023\/01\/Bonitacia_2015-10-04_Chvojnica.pdf\">Breeding evaluation &#8211; Chvojnica 2015 &#8211; October<\/a><br><a href=\"https:\/\/skssp.eu\/wp-content\/uploads\/2023\/01\/Bonitacia_2015-08-29_Chvojnica.pdf\">Breeding evaluation &#8211; Chvojnica 2015 &#8211; August<\/a><br><a href=\"https:\/\/skssp.eu\/wp-content\/uploads\/2023\/01\/Bonitacia_2015-05-24_Velky_Meder.pdf\">Breeding evaluation &#8211; Ve\u013ek\u00fd Meder 2015 &#8211; May<\/a><br><a href=\"https:\/\/skssp.eu\/wp-content\/uploads\/2023\/01\/Bonitacia_2014-10-12_Piatrova.pdf\">Breeding evaluation &#8211; Piatrov\u00e1 2014 &#8211; October<\/a><br><a href=\"https:\/\/skssp.eu\/wp-content\/uploads\/2023\/01\/Bonitacia_2014-05-25_Velky_Meder.pdf\">Breeding evaluation &#8211; Ve\u013ek\u00fd Meder 2014 &#8211; May<\/a><br><a href=\"https:\/\/skssp.eu\/wp-content\/uploads\/2023\/01\/Bonitacia_2014-03-01_Velky_Meder.pdf\">Breeding evaluation &#8211; Ve\u013ek\u00fd Meder 2014 &#8211; March<\/a><br><a href=\"https:\/\/skssp.eu\/wp-content\/uploads\/2023\/01\/Bonitacia_2013-10-13_Martin-Vrutky.pdf\">Breeding evaluation &#8211; Martin-Vr\u00fatky 2013 &#8211; October<\/a><br><a href=\"https:\/\/skssp.eu\/wp-content\/uploads\/2023\/01\/Bonitacia_2013-05-26_Velky_Meder.pdf\">Breeding evaluation &#8211; Ve\u013ek\u00fd Meder 2013 &#8211; May<\/a><br><a href=\"https:\/\/skssp.eu\/wp-content\/uploads\/2023\/01\/Bonitacia_2012-10-07_Varin.pdf\">Breeding evaluation &#8211; Var\u00edn 2012 &#8211; October<\/a><br><a href=\"https:\/\/skssp.eu\/wp-content\/uploads\/2023\/01\/Bonitacia_2012-05-27_Kamenny_mlyn.pdf\">Breeding evaluation &#8211; Kamenn\u00fd mlyn 2012 &#8211; May<\/a><\/p>\n","protected":false},"excerpt":{"rendered":"<p>The club organizes rating twice a year. As a rule, it is always on the second day after a club or special show. Club members are informed of the exact date and venue via the newsletter. The Chief Breeding Adviser will send an application form for rating on request. The fee for the rating is [&hellip;]<\/p>\n","protected":false},"author":1,"featured_media":0,"parent":0,"menu_order":0,"comment_status":"closed","ping_status":"closed","template":"page_template-chov.php","meta":{"_monsterinsights_skip_tracking":false,"_monsterinsights_sitenote_active":false,"_monsterinsights_sitenote_note":"","_monsterinsights_sitenote_category":0,"ngg_post_thumbnail":0,"footnotes":""},"class_list":["post-20747","page","type-page","status-publish","hentry"],"acf":[],"yoast_head":"<!-- This site is optimized with the Yoast SEO plugin v27.4 - https:\/\/yoast.com\/product\/yoast-seo-wordpress\/ -->\n<title>Results of ratings | SKSSP<\/title>\n<meta name=\"robots\" content=\"index, follow, max-snippet:-1, max-image-preview:large, max-video-preview:-1\" \/>\n<link rel=\"canonical\" href=\"https:\/\/skssp.eu\/en\/results-of-ratings\/\" \/>\n<meta property=\"og:locale\" content=\"en_US\" \/>\n<meta property=\"og:type\" content=\"article\" \/>\n<meta property=\"og:title\" content=\"Results of ratings | SKSSP\" \/>\n<meta property=\"og:description\" content=\"The club organizes rating twice a year. As a rule, it is always on the second day after a club or special show. Club members are informed of the exact date and venue via the newsletter. The Chief Breeding Adviser will send an application form for rating on request. The fee for the rating is [&hellip;]\" \/>\n<meta property=\"og:url\" content=\"https:\/\/skssp.eu\/en\/results-of-ratings\/\" \/>\n<meta property=\"og:site_name\" content=\"SKSSP\" \/>\n<meta property=\"article:modified_time\" content=\"2025-08-31T18:59:58+00:00\" \/>\n<meta name=\"twitter:card\" content=\"summary_large_image\" \/>\n<meta name=\"twitter:label1\" content=\"Est. reading time\" \/>\n\t<meta name=\"twitter:data1\" content=\"2 minutes\" \/>\n<script type=\"application\/ld+json\" class=\"yoast-schema-graph\">{\"@context\":\"https:\\\/\\\/schema.org\",\"@graph\":[{\"@type\":\"WebPage\",\"@id\":\"https:\\\/\\\/skssp.eu\\\/en\\\/results-of-ratings\\\/\",\"url\":\"https:\\\/\\\/skssp.eu\\\/en\\\/results-of-ratings\\\/\",\"name\":\"Results of ratings | SKSSP\",\"isPartOf\":{\"@id\":\"https:\\\/\\\/skssp.eu\\\/en\\\/#website\"},\"datePublished\":\"2022-12-19T13:41:32+00:00\",\"dateModified\":\"2025-08-31T18:59:58+00:00\",\"breadcrumb\":{\"@id\":\"https:\\\/\\\/skssp.eu\\\/en\\\/results-of-ratings\\\/#breadcrumb\"},\"inLanguage\":\"en-US\",\"potentialAction\":[{\"@type\":\"ReadAction\",\"target\":[\"https:\\\/\\\/skssp.eu\\\/en\\\/results-of-ratings\\\/\"]}]},{\"@type\":\"BreadcrumbList\",\"@id\":\"https:\\\/\\\/skssp.eu\\\/en\\\/results-of-ratings\\\/#breadcrumb\",\"itemListElement\":[{\"@type\":\"ListItem\",\"position\":1,\"name\":\"Home\",\"item\":\"https:\\\/\\\/skssp.eu\\\/en\\\/home\\\/\"},{\"@type\":\"ListItem\",\"position\":2,\"name\":\"Results of ratings\"}]},{\"@type\":\"WebSite\",\"@id\":\"https:\\\/\\\/skssp.eu\\\/en\\\/#website\",\"url\":\"https:\\\/\\\/skssp.eu\\\/en\\\/\",\"name\":\"SKSSP\",\"description\":\"Slovensk\u00fd klub \u0160vaj\u010diarskych sala\u0161n\u00edckych psov\",\"publisher\":{\"@id\":\"https:\\\/\\\/skssp.eu\\\/en\\\/#organization\"},\"potentialAction\":[{\"@type\":\"SearchAction\",\"target\":{\"@type\":\"EntryPoint\",\"urlTemplate\":\"https:\\\/\\\/skssp.eu\\\/en\\\/?s={search_term_string}\"},\"query-input\":{\"@type\":\"PropertyValueSpecification\",\"valueRequired\":true,\"valueName\":\"search_term_string\"}}],\"inLanguage\":\"en-US\"},{\"@type\":\"Organization\",\"@id\":\"https:\\\/\\\/skssp.eu\\\/en\\\/#organization\",\"name\":\"SKSSP\",\"url\":\"https:\\\/\\\/skssp.eu\\\/en\\\/\",\"logo\":{\"@type\":\"ImageObject\",\"inLanguage\":\"en-US\",\"@id\":\"https:\\\/\\\/skssp.eu\\\/en\\\/#\\\/schema\\\/logo\\\/image\\\/\",\"url\":\"https:\\\/\\\/skssp.eu\\\/wp-content\\\/uploads\\\/2022\\\/11\\\/cropped-logo_skssp.png\",\"contentUrl\":\"https:\\\/\\\/skssp.eu\\\/wp-content\\\/uploads\\\/2022\\\/11\\\/cropped-logo_skssp.png\",\"width\":512,\"height\":512,\"caption\":\"SKSSP\"},\"image\":{\"@id\":\"https:\\\/\\\/skssp.eu\\\/en\\\/#\\\/schema\\\/logo\\\/image\\\/\"}}]}<\/script>\n<!-- \/ Yoast SEO plugin. -->","yoast_head_json":{"title":"Results of ratings | SKSSP","robots":{"index":"index","follow":"follow","max-snippet":"max-snippet:-1","max-image-preview":"max-image-preview:large","max-video-preview":"max-video-preview:-1"},"canonical":"https:\/\/skssp.eu\/en\/results-of-ratings\/","og_locale":"en_US","og_type":"article","og_title":"Results of ratings | SKSSP","og_description":"The club organizes rating twice a year. As a rule, it is always on the second day after a club or special show. Club members are informed of the exact date and venue via the newsletter. The Chief Breeding Adviser will send an application form for rating on request. The fee for the rating is [&hellip;]","og_url":"https:\/\/skssp.eu\/en\/results-of-ratings\/","og_site_name":"SKSSP","article_modified_time":"2025-08-31T18:59:58+00:00","twitter_card":"summary_large_image","twitter_misc":{"Est. reading time":"2 minutes"},"schema":{"@context":"https:\/\/schema.org","@graph":[{"@type":"WebPage","@id":"https:\/\/skssp.eu\/en\/results-of-ratings\/","url":"https:\/\/skssp.eu\/en\/results-of-ratings\/","name":"Results of ratings | SKSSP","isPartOf":{"@id":"https:\/\/skssp.eu\/en\/#website"},"datePublished":"2022-12-19T13:41:32+00:00","dateModified":"2025-08-31T18:59:58+00:00","breadcrumb":{"@id":"https:\/\/skssp.eu\/en\/results-of-ratings\/#breadcrumb"},"inLanguage":"en-US","potentialAction":[{"@type":"ReadAction","target":["https:\/\/skssp.eu\/en\/results-of-ratings\/"]}]},{"@type":"BreadcrumbList","@id":"https:\/\/skssp.eu\/en\/results-of-ratings\/#breadcrumb","itemListElement":[{"@type":"ListItem","position":1,"name":"Home","item":"https:\/\/skssp.eu\/en\/home\/"},{"@type":"ListItem","position":2,"name":"Results of ratings"}]},{"@type":"WebSite","@id":"https:\/\/skssp.eu\/en\/#website","url":"https:\/\/skssp.eu\/en\/","name":"SKSSP","description":"Slovensk\u00fd klub \u0160vaj\u010diarskych sala\u0161n\u00edckych psov","publisher":{"@id":"https:\/\/skssp.eu\/en\/#organization"},"potentialAction":[{"@type":"SearchAction","target":{"@type":"EntryPoint","urlTemplate":"https:\/\/skssp.eu\/en\/?s={search_term_string}"},"query-input":{"@type":"PropertyValueSpecification","valueRequired":true,"valueName":"search_term_string"}}],"inLanguage":"en-US"},{"@type":"Organization","@id":"https:\/\/skssp.eu\/en\/#organization","name":"SKSSP","url":"https:\/\/skssp.eu\/en\/","logo":{"@type":"ImageObject","inLanguage":"en-US","@id":"https:\/\/skssp.eu\/en\/#\/schema\/logo\/image\/","url":"https:\/\/skssp.eu\/wp-content\/uploads\/2022\/11\/cropped-logo_skssp.png","contentUrl":"https:\/\/skssp.eu\/wp-content\/uploads\/2022\/11\/cropped-logo_skssp.png","width":512,"height":512,"caption":"SKSSP"},"image":{"@id":"https:\/\/skssp.eu\/en\/#\/schema\/logo\/image\/"}}]}},"_links":{"self":[{"href":"https:\/\/skssp.eu\/en\/wp-json\/wp\/v2\/pages\/20747","targetHints":{"allow":["GET"]}}],"collection":[{"href":"https:\/\/skssp.eu\/en\/wp-json\/wp\/v2\/pages"}],"about":[{"href":"https:\/\/skssp.eu\/en\/wp-json\/wp\/v2\/types\/page"}],"author":[{"embeddable":true,"href":"https:\/\/skssp.eu\/en\/wp-json\/wp\/v2\/users\/1"}],"replies":[{"embeddable":true,"href":"https:\/\/skssp.eu\/en\/wp-json\/wp\/v2\/comments?post=20747"}],"version-history":[{"count":11,"href":"https:\/\/skssp.eu\/en\/wp-json\/wp\/v2\/pages\/20747\/revisions"}],"predecessor-version":[{"id":45191,"href":"https:\/\/skssp.eu\/en\/wp-json\/wp\/v2\/pages\/20747\/revisions\/45191"}],"wp:attachment":[{"href":"https:\/\/skssp.eu\/en\/wp-json\/wp\/v2\/media?parent=20747"}],"curies":[{"name":"wp","href":"https:\/\/api.w.org\/{rel}","templated":true}]}}