{"id":20761,"date":"2022-12-01T17:20:28","date_gmt":"2022-12-01T16:20:28","guid":{"rendered":"https:\/\/skssp.eu\/explanatory-notes-to-the-rating-code\/"},"modified":"2023-01-14T19:08:29","modified_gmt":"2023-01-14T18:08:29","slug":"explanatory-notes-to-the-rating-code","status":"publish","type":"page","link":"https:\/\/skssp.eu\/en\/explanatory-notes-to-the-rating-code\/","title":{"rendered":"Explanatory notes to the rating code"},"content":{"rendered":"\n<h3 class=\"wp-block-heading\"><strong>I. Overall appearance:<\/strong><\/h3>\n\n<p><strong>0<\/strong> quite atypical<br\/><strong>1<\/strong> too light (setter type)<br\/><strong>2<\/strong> too small<br\/><strong>3<\/strong> standard height but lightweight<br\/><strong>4<\/strong> correct in appearance as regards the solidity and harmoniousness of the body structure,<\/p>\n\n<ul class=\"wp-block-list\">\n<li>male BSP 64-66 cm, ASP 50-52 cm, ESP 44-46 cm, VSP 65-67 cm<\/li>\n\n\n\n<li>female BSP 58-60 cm, ASP 48-50 cm, ESP 42-44 cm, VSP 60-62 cm<\/li>\n<\/ul>\n\n<p><br\/><strong>5<\/strong> correct in appearance as regards the solidity and harmoniousness of the physique,<\/p>\n\n<ul class=\"wp-block-list\">\n<li>male BSP 66-68 cm, ASP 52-56 cm, ESP 46-50 cm, VSP 67-70 cm<\/li>\n\n\n\n<li>female BSP 60-63 cm, ASP 50-54 cm, ESP 44-48 cm, VSP 62-66 cm<\/li>\n<\/ul>\n\n<p><br\/><strong>6<\/strong> correct in appearance as regards the solidity and harmoniousness of the physique,<\/p>\n\n<ul class=\"wp-block-list\">\n<li>male BSP 68-70 cm, ASP 56-58 cm, ESP 50-52 cm, VSP 70-72 cm<\/li>\n\n\n\n<li>female BSP 63-66 cm, ASP 54-56 cm, ESP 48-50 cm, VSP 66-68 cm<\/li>\n<\/ul>\n\n<p><br\/><strong>7<\/strong> standard height, but rough and little harmonic<br\/><strong>8<\/strong> too large<br\/><strong>9<\/strong> too large, lymphatic<br\/><\/p>\n\n<h2 class=\"wp-block-heading\">II. Eye colour:<\/h2>\n\n<p><strong>0<\/strong> black<br\/><strong>1<\/strong> black and brown<br\/><strong>2<\/strong> dark brown<br\/><strong>3<\/strong> medium brown<br\/><strong>4<\/strong> reddish brown<br\/><strong>5<\/strong> light brown<br\/><strong>6<\/strong> yellow-brown<br\/><strong>7<\/strong> yellow<br\/><strong>8<\/strong> yellow and white<br\/><strong>9<\/strong> unpigmented iris or other eye colour<br\/><\/p>\n\n<h3 class=\"wp-block-heading\">III. Tooth:<\/h3>\n\n<p><br\/><strong>Zahryz:<\/strong><br\/><strong>0<\/strong> narrow, triangular or strong arc, malposition of spokes<br\/><strong>1<\/strong> oblique jaws, oblique or very irregularly placed incisors<br\/><strong>2<\/strong> underbite<br\/><strong>3<\/strong> light (slight) underbite<br\/><strong>4<\/strong> free scissor bite<br\/><strong>5<\/strong> correct scissor bite<br\/><strong>6<\/strong> tight scissor bite<br\/><strong>7<\/strong> tick bite<br\/><strong>8<\/strong> light (slight) overbite<br\/><strong>9<\/strong> overbite<br\/><br\/><br\/><strong>Missing teeth:<\/strong><br\/>symbols of missing teeth for the rating code:<br\/><strong>i<\/strong> &#8211; incisivi &#8211; incisors<br\/><strong>c<\/strong> &#8211; canini &#8211; toothpicks<br\/><strong>p<\/strong> &#8211; premolars 1 (P1)<br\/><strong>r<\/strong> &#8211; premolars 2 (P2)<br\/><strong>s<\/strong> &#8211; premolars 3 (P3)<br\/><strong>t<\/strong> &#8211; premolars 4 (P4)<br\/><strong>m<\/strong> &#8211; molars<br\/><br\/>If only one of these teeth is missing, only its symbol is given,<br\/>so only one letter. In the absence of multiple teeth of the same kind, the<br\/>lists first the symbol and then the number of how many of that species are missing<br\/>(examples: missing 2 incisors &#8211; i2, missing 3 P1 &#8211; p3)<br\/><\/p>\n\n<h3 class=\"wp-block-heading\">IV. Physique<\/h3>\n\n<p><strong>And<\/strong> in all positions corresponding fully to the standard or character<br\/>of the defect mentioned below in mitigation, allowing the use for breeding<br\/><strong>B<\/strong> long, narrow head, too light or conical muzzle<br\/><strong>C<\/strong> short, disproportionately spacious, heavy muzzle<br\/><strong>D<\/strong> shallow, not very pronounced stop, flat part of skull<br\/><strong>E<\/strong> stop too deep or steep<br\/><strong>F<\/strong> too arched cranial part, protruding, arched cheeks<br\/><strong>G<\/strong> lymphatic head, loose skin under the neck, open labia<br\/><strong>H<\/strong> defective shape and expression of the eye<br\/><strong>I<\/strong> ectropium<br\/><strong>J<\/strong> entropy<br\/><strong>K<\/strong> long, low-set ear<br\/><strong>L<\/strong> light or short, high set ear<br\/><strong>M<\/strong> too short neck<br\/><strong>N<\/strong> malposition and angulation of the thoracic limbs<br\/><strong>O<\/strong> few firm, open or hare paws<br\/><strong>P<\/strong> insufficient chest proportions, little forechest<br\/><strong>Q<\/strong> too long, soft back<br\/><strong>R<\/strong> arched dorsal or lumbar region, rebuilt<br\/><strong>Having a<\/strong> short or falling buttocks<br\/><strong>T<\/strong> short or deformed tail<br\/><strong>U<\/strong> miscarried tail<br\/><strong>The<\/strong> malposition of the pelvic limbs<br\/><strong>W<\/strong> bad charring of the pelvic limbs<br\/><strong>X<\/strong> defective basic colouring &#8211; black colour greyish or with a rusty tinge<br\/><strong>xX<\/strong> too light burning<br\/><strong>Xx<\/strong> blackened, sooty burning<br\/><strong>Y<\/strong> coat defects<br\/><strong>yY<\/strong> too short hair or lack of indents<br\/><strong>Yy<\/strong> excessively wavy or curly coat<br\/><strong>From<\/strong> wrong moves<\/p>\n\n<h3 class=\"wp-block-heading\">V. Layout of white characters<\/h3>\n\n<p><strong>0<\/strong> black and tan, no white markings<br\/><strong>1<\/strong> missing white marks beyond that allowed by standard, breaks in bib<br\/><strong>2<\/strong> some white markings missing (on legs, tail, forehead only hinted)<br\/><strong>3<\/strong> most features less pronounced (white fingers only, narrower forehead hairline, less on nose, tail, narrow breastplate)<br\/><strong>4<\/strong> typical distribution of white characters, some characters less pronounced or slightly asymmetrical (white fingers only,<br\/>narrower hairline, less on the nose, narrow bib)<br\/><strong>5<\/strong> typical layout of white characters<br\/><strong>6<\/strong> typical distribution of white markings, some markings more pronounced or slightly asymmetrical (sock, wider<br\/>hairline, more on the nose, white at the corners, wide bib, more on the tail, white under the tail, small spot on the neck)<br\/><strong>7<\/strong> most features more pronounced, more asymmetry, more white patch on the neck, white at the corner<br\/><strong>8<\/strong> large white marks disturbing the general appearance, collar, half collar, large patch on the neck, boots<br\/><strong>9<\/strong> absent burning, white marks on the limbs and muzzle go straight to black<br\/><strong>Indices:p<\/strong>&#8211; white bloomed sporadically with small pigm. spotted &#8211; white bloomed with more numerous pigm. spotting<\/p>\n\n<h3 class=\"wp-block-heading\">VI. Nature<\/h3>\n\n<p><strong>1<\/strong> timid, shy<br\/><strong>2<\/strong> insecure, nervous<br\/><strong>3<\/strong> choleric, aggressive<br\/><strong>4<\/strong> temperamental, easily excitable<br\/><strong>5<\/strong> poised, confident<br\/><strong>6<\/strong> calm but attentive<br\/><strong>7<\/strong> little temperamental<br\/><strong>8<\/strong> phlegmatic<br\/><strong>9<\/strong> completely phlegmatic (dull)<\/p>\n\n<h3 class=\"wp-block-heading\">VII. Result of DBK X-ray examination<\/h3>\n\n<p><strong>A<\/strong> 0\/0<br\/><strong>B<\/strong> 0\/1, 1\/1<br\/><strong>C<\/strong> 0\/2, 1\/2, 2\/2<br\/><strong>D<\/strong> 0\/3, 1\/3, 2\/3, 3\/3<br\/><strong>E<\/strong> 0\/4, 1\/4, 2\/4, 3\/4, 4\/4<\/p>\n\n<h3 class=\"wp-block-heading\">VIII. The result of the X-ray examination of the DLK<\/h3>\n\n<p><strong>0<\/strong> 0\/0<br\/><strong>1<\/strong> 0\/1, 1\/1<br\/><strong>2<\/strong> 0\/2, 1\/2, 2\/2<br\/><strong>3<\/strong> 0\/3, 1\/3, 2\/3, 3\/3<\/p>\n","protected":false},"excerpt":{"rendered":"<p>I. Overall appearance: 0 quite atypical1 too light (setter type)2 too small3 standard height but lightweight4 correct in appearance as regards the solidity and harmoniousness of the body structure, 5 correct in appearance as regards the solidity and harmoniousness of the physique, 6 correct in appearance as regards the solidity and harmoniousness of the physique, [&hellip;]<\/p>\n","protected":false},"author":1,"featured_media":0,"parent":0,"menu_order":0,"comment_status":"closed","ping_status":"closed","template":"page_template-chov.php","meta":{"_monsterinsights_skip_tracking":false,"_monsterinsights_sitenote_active":false,"_monsterinsights_sitenote_note":"","_monsterinsights_sitenote_category":0,"ngg_post_thumbnail":0,"footnotes":""},"class_list":["post-20761","page","type-page","status-publish","hentry"],"acf":[],"yoast_head":"<!-- This site is optimized with the Yoast SEO plugin v27.4 - https:\/\/yoast.com\/product\/yoast-seo-wordpress\/ -->\n<title>Explanatory notes to the rating code | SKSSP<\/title>\n<meta name=\"robots\" content=\"index, follow, max-snippet:-1, max-image-preview:large, max-video-preview:-1\" \/>\n<link rel=\"canonical\" href=\"https:\/\/skssp.eu\/en\/explanatory-notes-to-the-rating-code\/\" \/>\n<meta property=\"og:locale\" content=\"en_US\" \/>\n<meta property=\"og:type\" content=\"article\" \/>\n<meta property=\"og:title\" content=\"Explanatory notes to the rating code | SKSSP\" \/>\n<meta property=\"og:description\" content=\"I. Overall appearance: 0 quite atypical1 too light (setter type)2 too small3 standard height but lightweight4 correct in appearance as regards the solidity and harmoniousness of the body structure, 5 correct in appearance as regards the solidity and harmoniousness of the physique, 6 correct in appearance as regards the solidity and harmoniousness of the physique, [&hellip;]\" \/>\n<meta property=\"og:url\" content=\"https:\/\/skssp.eu\/en\/explanatory-notes-to-the-rating-code\/\" \/>\n<meta property=\"og:site_name\" content=\"SKSSP\" \/>\n<meta property=\"article:modified_time\" content=\"2023-01-14T18:08:29+00:00\" \/>\n<meta name=\"twitter:card\" content=\"summary_large_image\" \/>\n<meta name=\"twitter:label1\" content=\"Est. reading time\" \/>\n\t<meta name=\"twitter:data1\" content=\"3 minutes\" \/>\n<script type=\"application\/ld+json\" class=\"yoast-schema-graph\">{\"@context\":\"https:\\\/\\\/schema.org\",\"@graph\":[{\"@type\":\"WebPage\",\"@id\":\"https:\\\/\\\/skssp.eu\\\/en\\\/explanatory-notes-to-the-rating-code\\\/\",\"url\":\"https:\\\/\\\/skssp.eu\\\/en\\\/explanatory-notes-to-the-rating-code\\\/\",\"name\":\"Explanatory notes to the rating code | SKSSP\",\"isPartOf\":{\"@id\":\"https:\\\/\\\/skssp.eu\\\/en\\\/#website\"},\"datePublished\":\"2022-12-01T16:20:28+00:00\",\"dateModified\":\"2023-01-14T18:08:29+00:00\",\"breadcrumb\":{\"@id\":\"https:\\\/\\\/skssp.eu\\\/en\\\/explanatory-notes-to-the-rating-code\\\/#breadcrumb\"},\"inLanguage\":\"en-US\",\"potentialAction\":[{\"@type\":\"ReadAction\",\"target\":[\"https:\\\/\\\/skssp.eu\\\/en\\\/explanatory-notes-to-the-rating-code\\\/\"]}]},{\"@type\":\"BreadcrumbList\",\"@id\":\"https:\\\/\\\/skssp.eu\\\/en\\\/explanatory-notes-to-the-rating-code\\\/#breadcrumb\",\"itemListElement\":[{\"@type\":\"ListItem\",\"position\":1,\"name\":\"Home\",\"item\":\"https:\\\/\\\/skssp.eu\\\/en\\\/home\\\/\"},{\"@type\":\"ListItem\",\"position\":2,\"name\":\"Explanatory notes to the rating code\"}]},{\"@type\":\"WebSite\",\"@id\":\"https:\\\/\\\/skssp.eu\\\/en\\\/#website\",\"url\":\"https:\\\/\\\/skssp.eu\\\/en\\\/\",\"name\":\"SKSSP\",\"description\":\"Slovensk\u00fd klub \u0160vaj\u010diarskych sala\u0161n\u00edckych psov\",\"publisher\":{\"@id\":\"https:\\\/\\\/skssp.eu\\\/en\\\/#organization\"},\"potentialAction\":[{\"@type\":\"SearchAction\",\"target\":{\"@type\":\"EntryPoint\",\"urlTemplate\":\"https:\\\/\\\/skssp.eu\\\/en\\\/?s={search_term_string}\"},\"query-input\":{\"@type\":\"PropertyValueSpecification\",\"valueRequired\":true,\"valueName\":\"search_term_string\"}}],\"inLanguage\":\"en-US\"},{\"@type\":\"Organization\",\"@id\":\"https:\\\/\\\/skssp.eu\\\/en\\\/#organization\",\"name\":\"SKSSP\",\"url\":\"https:\\\/\\\/skssp.eu\\\/en\\\/\",\"logo\":{\"@type\":\"ImageObject\",\"inLanguage\":\"en-US\",\"@id\":\"https:\\\/\\\/skssp.eu\\\/en\\\/#\\\/schema\\\/logo\\\/image\\\/\",\"url\":\"https:\\\/\\\/skssp.eu\\\/wp-content\\\/uploads\\\/2022\\\/11\\\/cropped-logo_skssp.png\",\"contentUrl\":\"https:\\\/\\\/skssp.eu\\\/wp-content\\\/uploads\\\/2022\\\/11\\\/cropped-logo_skssp.png\",\"width\":512,\"height\":512,\"caption\":\"SKSSP\"},\"image\":{\"@id\":\"https:\\\/\\\/skssp.eu\\\/en\\\/#\\\/schema\\\/logo\\\/image\\\/\"}}]}<\/script>\n<!-- \/ Yoast SEO plugin. -->","yoast_head_json":{"title":"Explanatory notes to the rating code | SKSSP","robots":{"index":"index","follow":"follow","max-snippet":"max-snippet:-1","max-image-preview":"max-image-preview:large","max-video-preview":"max-video-preview:-1"},"canonical":"https:\/\/skssp.eu\/en\/explanatory-notes-to-the-rating-code\/","og_locale":"en_US","og_type":"article","og_title":"Explanatory notes to the rating code | SKSSP","og_description":"I. Overall appearance: 0 quite atypical1 too light (setter type)2 too small3 standard height but lightweight4 correct in appearance as regards the solidity and harmoniousness of the body structure, 5 correct in appearance as regards the solidity and harmoniousness of the physique, 6 correct in appearance as regards the solidity and harmoniousness of the physique, [&hellip;]","og_url":"https:\/\/skssp.eu\/en\/explanatory-notes-to-the-rating-code\/","og_site_name":"SKSSP","article_modified_time":"2023-01-14T18:08:29+00:00","twitter_card":"summary_large_image","twitter_misc":{"Est. reading time":"3 minutes"},"schema":{"@context":"https:\/\/schema.org","@graph":[{"@type":"WebPage","@id":"https:\/\/skssp.eu\/en\/explanatory-notes-to-the-rating-code\/","url":"https:\/\/skssp.eu\/en\/explanatory-notes-to-the-rating-code\/","name":"Explanatory notes to the rating code | SKSSP","isPartOf":{"@id":"https:\/\/skssp.eu\/en\/#website"},"datePublished":"2022-12-01T16:20:28+00:00","dateModified":"2023-01-14T18:08:29+00:00","breadcrumb":{"@id":"https:\/\/skssp.eu\/en\/explanatory-notes-to-the-rating-code\/#breadcrumb"},"inLanguage":"en-US","potentialAction":[{"@type":"ReadAction","target":["https:\/\/skssp.eu\/en\/explanatory-notes-to-the-rating-code\/"]}]},{"@type":"BreadcrumbList","@id":"https:\/\/skssp.eu\/en\/explanatory-notes-to-the-rating-code\/#breadcrumb","itemListElement":[{"@type":"ListItem","position":1,"name":"Home","item":"https:\/\/skssp.eu\/en\/home\/"},{"@type":"ListItem","position":2,"name":"Explanatory notes to the rating code"}]},{"@type":"WebSite","@id":"https:\/\/skssp.eu\/en\/#website","url":"https:\/\/skssp.eu\/en\/","name":"SKSSP","description":"Slovensk\u00fd klub \u0160vaj\u010diarskych sala\u0161n\u00edckych psov","publisher":{"@id":"https:\/\/skssp.eu\/en\/#organization"},"potentialAction":[{"@type":"SearchAction","target":{"@type":"EntryPoint","urlTemplate":"https:\/\/skssp.eu\/en\/?s={search_term_string}"},"query-input":{"@type":"PropertyValueSpecification","valueRequired":true,"valueName":"search_term_string"}}],"inLanguage":"en-US"},{"@type":"Organization","@id":"https:\/\/skssp.eu\/en\/#organization","name":"SKSSP","url":"https:\/\/skssp.eu\/en\/","logo":{"@type":"ImageObject","inLanguage":"en-US","@id":"https:\/\/skssp.eu\/en\/#\/schema\/logo\/image\/","url":"https:\/\/skssp.eu\/wp-content\/uploads\/2022\/11\/cropped-logo_skssp.png","contentUrl":"https:\/\/skssp.eu\/wp-content\/uploads\/2022\/11\/cropped-logo_skssp.png","width":512,"height":512,"caption":"SKSSP"},"image":{"@id":"https:\/\/skssp.eu\/en\/#\/schema\/logo\/image\/"}}]}},"_links":{"self":[{"href":"https:\/\/skssp.eu\/en\/wp-json\/wp\/v2\/pages\/20761","targetHints":{"allow":["GET"]}}],"collection":[{"href":"https:\/\/skssp.eu\/en\/wp-json\/wp\/v2\/pages"}],"about":[{"href":"https:\/\/skssp.eu\/en\/wp-json\/wp\/v2\/types\/page"}],"author":[{"embeddable":true,"href":"https:\/\/skssp.eu\/en\/wp-json\/wp\/v2\/users\/1"}],"replies":[{"embeddable":true,"href":"https:\/\/skssp.eu\/en\/wp-json\/wp\/v2\/comments?post=20761"}],"version-history":[{"count":0,"href":"https:\/\/skssp.eu\/en\/wp-json\/wp\/v2\/pages\/20761\/revisions"}],"wp:attachment":[{"href":"https:\/\/skssp.eu\/en\/wp-json\/wp\/v2\/media?parent=20761"}],"curies":[{"name":"wp","href":"https:\/\/api.w.org\/{rel}","templated":true}]}}