{"id":20765,"date":"2022-12-01T13:18:33","date_gmt":"2022-12-01T12:18:33","guid":{"rendered":"https:\/\/skssp.eu\/minutes-of-membership-meetings\/"},"modified":"2023-10-04T22:51:49","modified_gmt":"2023-10-04T20:51:49","slug":"minutes-of-membership-meetings","status":"publish","type":"page","link":"https:\/\/skssp.eu\/en\/minutes-of-membership-meetings\/","title":{"rendered":"Minutes of membership meetings"},"content":{"rendered":"\n<div class=\"wp-block-file\"><a id=\"wp-block-file--media-9655a46c-e9b4-49d3-8e0d-68f8f317d90c\" href=\"https:\/\/skssp.eu\/wp-content\/uploads\/2023\/09\/Z-A-P-I-S-N-I-C-A-z-clenskej-schodze-konanej-dna-20.8.2023.pdf\">Minutes of the meeting of the SK\u0160SP dated 20.8.2023<\/a><\/div>\n\n<div class=\"wp-block-file\"><a id=\"wp-block-file--media-9655a46c-e9b4-49d3-8e0d-68f8f317d90c\" href=\"https:\/\/skssp.eu\/wp-content\/uploads\/2022\/12\/Zapisnica_clenska_schodza_20221119.pdf\">Minutes of the meeting of the SK\u0160SP dated 19.11.2022<\/a><\/div>\n\n<div class=\"wp-block-file\"><a id=\"wp-block-file--media-78347e41-f121-4741-8692-d7107180744c\" href=\"https:\/\/skssp.eu\/wp-content\/uploads\/2022\/12\/Zapisnica_clenska_schodza_20210904.pdf\">Minutes of the meeting of the SK\u0160SP dated 4.9.2021<\/a><\/div>\n\n<div class=\"wp-block-file\"><a id=\"wp-block-file--media-053bb97e-9768-4099-93e1-e40ea15be4f4\" href=\"https:\/\/skssp.eu\/wp-content\/uploads\/2022\/12\/Zapisnica-cl.schodza-23.8.2019-def.pdf\">Minutes of the meeting of the SK\u0160SP of 23.8.2019<\/a><\/div>\n\n<div class=\"wp-block-file\"><a id=\"wp-block-file--media-6925d428-a754-47df-a8e0-6342e4fb84fb\" href=\"https:\/\/skssp.eu\/wp-content\/uploads\/2022\/12\/Zapisnica_clenska_schodza_SKSSP_26052018.pdf\">Minutes of the meeting of the SK\u0160SP of 26.5.2018<\/a><\/div>\n\n<div class=\"wp-block-file\"><a id=\"wp-block-file--media-8f6d2130-ddc1-4a8a-96e6-dc946fd16930\" href=\"https:\/\/skssp.eu\/wp-content\/uploads\/2022\/12\/Zapisnica_clenska_schodza_30092017.pdf\">Minutes of the meeting of the SK\u0160SP of 30.9.2017<\/a><\/div>\n\n<div class=\"wp-block-file\"><a id=\"wp-block-file--media-35c3c54b-0559-4fb7-bb73-e1cb3537c406\" href=\"https:\/\/skssp.eu\/wp-content\/uploads\/2022\/12\/Zapisninca_vyrocna_clenska_schodza_04032017.pdf\">Minutes of the meeting of the SK\u0160SP of 4.3.2017<\/a><\/div>\n\n<div class=\"wp-block-file\"><a id=\"wp-block-file--media-062b12a8-579b-45d1-a6b7-6a94b02345c2\" href=\"https:\/\/skssp.eu\/wp-content\/uploads\/2022\/12\/schodza28.5.2016.pdf\">Minutes of the meeting of the SK\u0160SP of 28.5.2016<\/a><\/div>\n\n<div class=\"wp-block-file\"><a id=\"wp-block-file--media-d717c145-08ee-40bc-ba97-d4c3055f7ca5\" href=\"https:\/\/skssp.eu\/wp-content\/uploads\/2022\/12\/zapisnica23052015-7.pdf\">Minutes of the meeting of the SK\u0160SP of 03.10.2015<\/a><\/div>\n\n<div class=\"wp-block-file\"><a id=\"wp-block-file--media-7b647573-3540-4f7e-acd0-3258510e4bed\" href=\"https:\/\/skssp.eu\/wp-content\/uploads\/2022\/12\/zapisnica23052015.doc\">Minutes of the meeting of the SK\u0160SP of 23.5.2015<\/a><\/div>\n\n<div class=\"wp-block-file\"><a id=\"wp-block-file--media-70d8411a-1d60-46fc-b935-e8116f8eccc3\" href=\"https:\/\/skssp.eu\/wp-content\/uploads\/2022\/12\/zapisnica-cl.schodza-24.5.2014.pdf\">Minutes of the meeting of the SK\u0160SP of 24.05.2014<\/a><\/div>\n\n<div class=\"wp-block-file\"><a id=\"wp-block-file--media-30b196ad-dfb4-4997-8cee-33fb034fa693\" href=\"https:\/\/skssp.eu\/wp-content\/uploads\/2022\/12\/zapisnica010332014.pdf\">Minutes of the meeting of the SK\u0160SP of 01.03.2014<\/a><\/div>\n\n<div class=\"wp-block-file\"><a id=\"wp-block-file--media-573c8674-66bc-424e-b439-de931cc34c48\" href=\"https:\/\/skssp.eu\/wp-content\/uploads\/2022\/12\/zapisnica12102013.doc\">Minutes of the meeting of the SK\u0160SP of 12.10.2013<\/a><\/div>\n","protected":false},"excerpt":{"rendered":"","protected":false},"author":1,"featured_media":0,"parent":0,"menu_order":0,"comment_status":"closed","ping_status":"closed","template":"","meta":{"_monsterinsights_skip_tracking":false,"_monsterinsights_sitenote_active":false,"_monsterinsights_sitenote_note":"","_monsterinsights_sitenote_category":0,"ngg_post_thumbnail":0,"footnotes":""},"class_list":["post-20765","page","type-page","status-publish","hentry"],"acf":[],"yoast_head":"<!-- This site is optimized with the Yoast SEO plugin v27.2 - https:\/\/yoast.com\/product\/yoast-seo-wordpress\/ -->\n<title>Minutes of membership meetings | SKSSP<\/title>\n<meta name=\"robots\" content=\"index, follow, max-snippet:-1, max-image-preview:large, max-video-preview:-1\" \/>\n<link rel=\"canonical\" href=\"https:\/\/skssp.eu\/en\/minutes-of-membership-meetings\/\" \/>\n<meta property=\"og:locale\" content=\"en_US\" \/>\n<meta property=\"og:type\" content=\"article\" \/>\n<meta property=\"og:title\" content=\"Minutes of membership meetings | SKSSP\" \/>\n<meta property=\"og:url\" content=\"https:\/\/skssp.eu\/en\/minutes-of-membership-meetings\/\" \/>\n<meta property=\"og:site_name\" content=\"SKSSP\" \/>\n<meta property=\"article:modified_time\" content=\"2023-10-04T20:51:49+00:00\" \/>\n<meta name=\"twitter:card\" content=\"summary_large_image\" \/>\n<meta name=\"twitter:label1\" content=\"Est. reading time\" \/>\n\t<meta name=\"twitter:data1\" content=\"1 minute\" \/>\n<script type=\"application\/ld+json\" class=\"yoast-schema-graph\">{\"@context\":\"https:\/\/schema.org\",\"@graph\":[{\"@type\":\"WebPage\",\"@id\":\"https:\/\/skssp.eu\/en\/minutes-of-membership-meetings\/\",\"url\":\"https:\/\/skssp.eu\/en\/minutes-of-membership-meetings\/\",\"name\":\"Minutes of membership meetings | SKSSP\",\"isPartOf\":{\"@id\":\"https:\/\/skssp.eu\/en\/#website\"},\"datePublished\":\"2022-12-01T12:18:33+00:00\",\"dateModified\":\"2023-10-04T20:51:49+00:00\",\"breadcrumb\":{\"@id\":\"https:\/\/skssp.eu\/en\/minutes-of-membership-meetings\/#breadcrumb\"},\"inLanguage\":\"en-US\",\"potentialAction\":[{\"@type\":\"ReadAction\",\"target\":[\"https:\/\/skssp.eu\/en\/minutes-of-membership-meetings\/\"]}]},{\"@type\":\"BreadcrumbList\",\"@id\":\"https:\/\/skssp.eu\/en\/minutes-of-membership-meetings\/#breadcrumb\",\"itemListElement\":[{\"@type\":\"ListItem\",\"position\":1,\"name\":\"Home\",\"item\":\"https:\/\/skssp.eu\/en\/home\/\"},{\"@type\":\"ListItem\",\"position\":2,\"name\":\"Minutes of membership meetings\"}]},{\"@type\":\"WebSite\",\"@id\":\"https:\/\/skssp.eu\/en\/#website\",\"url\":\"https:\/\/skssp.eu\/en\/\",\"name\":\"SKSSP\",\"description\":\"Slovensk\u00fd klub \u0160vaj\u010diarskych sala\u0161n\u00edckych psov\",\"publisher\":{\"@id\":\"https:\/\/skssp.eu\/en\/#organization\"},\"potentialAction\":[{\"@type\":\"SearchAction\",\"target\":{\"@type\":\"EntryPoint\",\"urlTemplate\":\"https:\/\/skssp.eu\/en\/?s={search_term_string}\"},\"query-input\":{\"@type\":\"PropertyValueSpecification\",\"valueRequired\":true,\"valueName\":\"search_term_string\"}}],\"inLanguage\":\"en-US\"},{\"@type\":\"Organization\",\"@id\":\"https:\/\/skssp.eu\/en\/#organization\",\"name\":\"SKSSP\",\"url\":\"https:\/\/skssp.eu\/en\/\",\"logo\":{\"@type\":\"ImageObject\",\"inLanguage\":\"en-US\",\"@id\":\"https:\/\/skssp.eu\/en\/#\/schema\/logo\/image\/\",\"url\":\"https:\/\/skssp.eu\/wp-content\/uploads\/2022\/11\/cropped-logo_skssp.png\",\"contentUrl\":\"https:\/\/skssp.eu\/wp-content\/uploads\/2022\/11\/cropped-logo_skssp.png\",\"width\":512,\"height\":512,\"caption\":\"SKSSP\"},\"image\":{\"@id\":\"https:\/\/skssp.eu\/en\/#\/schema\/logo\/image\/\"}}]}<\/script>\n<!-- \/ Yoast SEO plugin. -->","yoast_head_json":{"title":"Minutes of membership meetings | SKSSP","robots":{"index":"index","follow":"follow","max-snippet":"max-snippet:-1","max-image-preview":"max-image-preview:large","max-video-preview":"max-video-preview:-1"},"canonical":"https:\/\/skssp.eu\/en\/minutes-of-membership-meetings\/","og_locale":"en_US","og_type":"article","og_title":"Minutes of membership meetings | SKSSP","og_url":"https:\/\/skssp.eu\/en\/minutes-of-membership-meetings\/","og_site_name":"SKSSP","article_modified_time":"2023-10-04T20:51:49+00:00","twitter_card":"summary_large_image","twitter_misc":{"Est. reading time":"1 minute"},"schema":{"@context":"https:\/\/schema.org","@graph":[{"@type":"WebPage","@id":"https:\/\/skssp.eu\/en\/minutes-of-membership-meetings\/","url":"https:\/\/skssp.eu\/en\/minutes-of-membership-meetings\/","name":"Minutes of membership meetings | SKSSP","isPartOf":{"@id":"https:\/\/skssp.eu\/en\/#website"},"datePublished":"2022-12-01T12:18:33+00:00","dateModified":"2023-10-04T20:51:49+00:00","breadcrumb":{"@id":"https:\/\/skssp.eu\/en\/minutes-of-membership-meetings\/#breadcrumb"},"inLanguage":"en-US","potentialAction":[{"@type":"ReadAction","target":["https:\/\/skssp.eu\/en\/minutes-of-membership-meetings\/"]}]},{"@type":"BreadcrumbList","@id":"https:\/\/skssp.eu\/en\/minutes-of-membership-meetings\/#breadcrumb","itemListElement":[{"@type":"ListItem","position":1,"name":"Home","item":"https:\/\/skssp.eu\/en\/home\/"},{"@type":"ListItem","position":2,"name":"Minutes of membership meetings"}]},{"@type":"WebSite","@id":"https:\/\/skssp.eu\/en\/#website","url":"https:\/\/skssp.eu\/en\/","name":"SKSSP","description":"Slovensk\u00fd klub \u0160vaj\u010diarskych sala\u0161n\u00edckych psov","publisher":{"@id":"https:\/\/skssp.eu\/en\/#organization"},"potentialAction":[{"@type":"SearchAction","target":{"@type":"EntryPoint","urlTemplate":"https:\/\/skssp.eu\/en\/?s={search_term_string}"},"query-input":{"@type":"PropertyValueSpecification","valueRequired":true,"valueName":"search_term_string"}}],"inLanguage":"en-US"},{"@type":"Organization","@id":"https:\/\/skssp.eu\/en\/#organization","name":"SKSSP","url":"https:\/\/skssp.eu\/en\/","logo":{"@type":"ImageObject","inLanguage":"en-US","@id":"https:\/\/skssp.eu\/en\/#\/schema\/logo\/image\/","url":"https:\/\/skssp.eu\/wp-content\/uploads\/2022\/11\/cropped-logo_skssp.png","contentUrl":"https:\/\/skssp.eu\/wp-content\/uploads\/2022\/11\/cropped-logo_skssp.png","width":512,"height":512,"caption":"SKSSP"},"image":{"@id":"https:\/\/skssp.eu\/en\/#\/schema\/logo\/image\/"}}]}},"_links":{"self":[{"href":"https:\/\/skssp.eu\/en\/wp-json\/wp\/v2\/pages\/20765","targetHints":{"allow":["GET"]}}],"collection":[{"href":"https:\/\/skssp.eu\/en\/wp-json\/wp\/v2\/pages"}],"about":[{"href":"https:\/\/skssp.eu\/en\/wp-json\/wp\/v2\/types\/page"}],"author":[{"embeddable":true,"href":"https:\/\/skssp.eu\/en\/wp-json\/wp\/v2\/users\/1"}],"replies":[{"embeddable":true,"href":"https:\/\/skssp.eu\/en\/wp-json\/wp\/v2\/comments?post=20765"}],"version-history":[{"count":2,"href":"https:\/\/skssp.eu\/en\/wp-json\/wp\/v2\/pages\/20765\/revisions"}],"predecessor-version":[{"id":42419,"href":"https:\/\/skssp.eu\/en\/wp-json\/wp\/v2\/pages\/20765\/revisions\/42419"}],"wp:attachment":[{"href":"https:\/\/skssp.eu\/en\/wp-json\/wp\/v2\/media?parent=20765"}],"curies":[{"name":"wp","href":"https:\/\/api.w.org\/{rel}","templated":true}]}}