{"id":45059,"date":"2025-07-03T09:10:31","date_gmt":"2025-07-03T07:10:31","guid":{"rendered":"https:\/\/skssp.eu\/?page_id=45059"},"modified":"2025-07-03T09:14:03","modified_gmt":"2025-07-03T07:14:03","slug":"nearest-credit-rating","status":"publish","type":"page","link":"https:\/\/skssp.eu\/en\/nearest-credit-rating\/","title":{"rendered":"Nearest credit rating"},"content":{"rendered":"\n<p>The assessment will take place in the premises of the Plauter k\u00faria hotel in Ve\u013ek\u00fd Meder. Those interested in the assessment can request an application form from Ms. Ing. Ter\u00e9zia Gargu\u0161ov\u00e1 via email t.gargusova@gmail.com, where they will receive more information.<\/p>\n","protected":false},"excerpt":{"rendered":"<p>The assessment will take place in the premises of the Plauter k\u00faria hotel in Ve\u013ek\u00fd Meder. Those interested in the assessment can request an application form from Ms. Ing. Ter\u00e9zia Gargu\u0161ov\u00e1 via email t.gargusova@gmail.com, where they will receive more information.<\/p>\n","protected":false},"author":1,"featured_media":0,"parent":0,"menu_order":0,"comment_status":"closed","ping_status":"closed","template":"page_template-chov.php","meta":{"_monsterinsights_skip_tracking":false,"_monsterinsights_sitenote_active":false,"_monsterinsights_sitenote_note":"","_monsterinsights_sitenote_category":0,"ngg_post_thumbnail":0,"footnotes":""},"class_list":["post-45059","page","type-page","status-publish","hentry"],"acf":[],"yoast_head":"<!-- This site is optimized with the Yoast SEO plugin v27.4 - https:\/\/yoast.com\/product\/yoast-seo-wordpress\/ -->\n<title>Nearest credit rating | SKSSP<\/title>\n<meta name=\"robots\" content=\"index, follow, max-snippet:-1, max-image-preview:large, max-video-preview:-1\" \/>\n<link rel=\"canonical\" href=\"https:\/\/skssp.eu\/en\/nearest-credit-rating\/\" \/>\n<meta property=\"og:locale\" content=\"en_US\" \/>\n<meta property=\"og:type\" content=\"article\" \/>\n<meta property=\"og:title\" content=\"Nearest credit rating | SKSSP\" \/>\n<meta property=\"og:description\" content=\"The assessment will take place in the premises of the Plauter k\u00faria hotel in Ve\u013ek\u00fd Meder. Those interested in the assessment can request an application form from Ms. Ing. Ter\u00e9zia Gargu\u0161ov\u00e1 via email t.gargusova@gmail.com, where they will receive more information.\" \/>\n<meta property=\"og:url\" content=\"https:\/\/skssp.eu\/en\/nearest-credit-rating\/\" \/>\n<meta property=\"og:site_name\" content=\"SKSSP\" \/>\n<meta property=\"article:modified_time\" content=\"2025-07-03T07:14:03+00:00\" \/>\n<meta name=\"twitter:card\" content=\"summary_large_image\" \/>\n<meta name=\"twitter:label1\" content=\"Est. reading time\" \/>\n\t<meta name=\"twitter:data1\" content=\"1 minute\" \/>\n<script type=\"application\/ld+json\" class=\"yoast-schema-graph\">{\"@context\":\"https:\\\/\\\/schema.org\",\"@graph\":[{\"@type\":\"WebPage\",\"@id\":\"https:\\\/\\\/skssp.eu\\\/en\\\/nearest-credit-rating\\\/\",\"url\":\"https:\\\/\\\/skssp.eu\\\/en\\\/nearest-credit-rating\\\/\",\"name\":\"Nearest credit rating | SKSSP\",\"isPartOf\":{\"@id\":\"https:\\\/\\\/skssp.eu\\\/en\\\/#website\"},\"datePublished\":\"2025-07-03T07:10:31+00:00\",\"dateModified\":\"2025-07-03T07:14:03+00:00\",\"breadcrumb\":{\"@id\":\"https:\\\/\\\/skssp.eu\\\/en\\\/nearest-credit-rating\\\/#breadcrumb\"},\"inLanguage\":\"en-US\",\"potentialAction\":[{\"@type\":\"ReadAction\",\"target\":[\"https:\\\/\\\/skssp.eu\\\/en\\\/nearest-credit-rating\\\/\"]}]},{\"@type\":\"BreadcrumbList\",\"@id\":\"https:\\\/\\\/skssp.eu\\\/en\\\/nearest-credit-rating\\\/#breadcrumb\",\"itemListElement\":[{\"@type\":\"ListItem\",\"position\":1,\"name\":\"Home\",\"item\":\"https:\\\/\\\/skssp.eu\\\/en\\\/home\\\/\"},{\"@type\":\"ListItem\",\"position\":2,\"name\":\"Nearest credit rating\"}]},{\"@type\":\"WebSite\",\"@id\":\"https:\\\/\\\/skssp.eu\\\/en\\\/#website\",\"url\":\"https:\\\/\\\/skssp.eu\\\/en\\\/\",\"name\":\"SKSSP\",\"description\":\"Slovensk\u00fd klub \u0160vaj\u010diarskych sala\u0161n\u00edckych psov\",\"publisher\":{\"@id\":\"https:\\\/\\\/skssp.eu\\\/en\\\/#organization\"},\"potentialAction\":[{\"@type\":\"SearchAction\",\"target\":{\"@type\":\"EntryPoint\",\"urlTemplate\":\"https:\\\/\\\/skssp.eu\\\/en\\\/?s={search_term_string}\"},\"query-input\":{\"@type\":\"PropertyValueSpecification\",\"valueRequired\":true,\"valueName\":\"search_term_string\"}}],\"inLanguage\":\"en-US\"},{\"@type\":\"Organization\",\"@id\":\"https:\\\/\\\/skssp.eu\\\/en\\\/#organization\",\"name\":\"SKSSP\",\"url\":\"https:\\\/\\\/skssp.eu\\\/en\\\/\",\"logo\":{\"@type\":\"ImageObject\",\"inLanguage\":\"en-US\",\"@id\":\"https:\\\/\\\/skssp.eu\\\/en\\\/#\\\/schema\\\/logo\\\/image\\\/\",\"url\":\"https:\\\/\\\/skssp.eu\\\/wp-content\\\/uploads\\\/2022\\\/11\\\/cropped-logo_skssp.png\",\"contentUrl\":\"https:\\\/\\\/skssp.eu\\\/wp-content\\\/uploads\\\/2022\\\/11\\\/cropped-logo_skssp.png\",\"width\":512,\"height\":512,\"caption\":\"SKSSP\"},\"image\":{\"@id\":\"https:\\\/\\\/skssp.eu\\\/en\\\/#\\\/schema\\\/logo\\\/image\\\/\"}}]}<\/script>\n<!-- \/ Yoast SEO plugin. -->","yoast_head_json":{"title":"Nearest credit rating | SKSSP","robots":{"index":"index","follow":"follow","max-snippet":"max-snippet:-1","max-image-preview":"max-image-preview:large","max-video-preview":"max-video-preview:-1"},"canonical":"https:\/\/skssp.eu\/en\/nearest-credit-rating\/","og_locale":"en_US","og_type":"article","og_title":"Nearest credit rating | SKSSP","og_description":"The assessment will take place in the premises of the Plauter k\u00faria hotel in Ve\u013ek\u00fd Meder. Those interested in the assessment can request an application form from Ms. Ing. Ter\u00e9zia Gargu\u0161ov\u00e1 via email t.gargusova@gmail.com, where they will receive more information.","og_url":"https:\/\/skssp.eu\/en\/nearest-credit-rating\/","og_site_name":"SKSSP","article_modified_time":"2025-07-03T07:14:03+00:00","twitter_card":"summary_large_image","twitter_misc":{"Est. reading time":"1 minute"},"schema":{"@context":"https:\/\/schema.org","@graph":[{"@type":"WebPage","@id":"https:\/\/skssp.eu\/en\/nearest-credit-rating\/","url":"https:\/\/skssp.eu\/en\/nearest-credit-rating\/","name":"Nearest credit rating | SKSSP","isPartOf":{"@id":"https:\/\/skssp.eu\/en\/#website"},"datePublished":"2025-07-03T07:10:31+00:00","dateModified":"2025-07-03T07:14:03+00:00","breadcrumb":{"@id":"https:\/\/skssp.eu\/en\/nearest-credit-rating\/#breadcrumb"},"inLanguage":"en-US","potentialAction":[{"@type":"ReadAction","target":["https:\/\/skssp.eu\/en\/nearest-credit-rating\/"]}]},{"@type":"BreadcrumbList","@id":"https:\/\/skssp.eu\/en\/nearest-credit-rating\/#breadcrumb","itemListElement":[{"@type":"ListItem","position":1,"name":"Home","item":"https:\/\/skssp.eu\/en\/home\/"},{"@type":"ListItem","position":2,"name":"Nearest credit rating"}]},{"@type":"WebSite","@id":"https:\/\/skssp.eu\/en\/#website","url":"https:\/\/skssp.eu\/en\/","name":"SKSSP","description":"Slovensk\u00fd klub \u0160vaj\u010diarskych sala\u0161n\u00edckych psov","publisher":{"@id":"https:\/\/skssp.eu\/en\/#organization"},"potentialAction":[{"@type":"SearchAction","target":{"@type":"EntryPoint","urlTemplate":"https:\/\/skssp.eu\/en\/?s={search_term_string}"},"query-input":{"@type":"PropertyValueSpecification","valueRequired":true,"valueName":"search_term_string"}}],"inLanguage":"en-US"},{"@type":"Organization","@id":"https:\/\/skssp.eu\/en\/#organization","name":"SKSSP","url":"https:\/\/skssp.eu\/en\/","logo":{"@type":"ImageObject","inLanguage":"en-US","@id":"https:\/\/skssp.eu\/en\/#\/schema\/logo\/image\/","url":"https:\/\/skssp.eu\/wp-content\/uploads\/2022\/11\/cropped-logo_skssp.png","contentUrl":"https:\/\/skssp.eu\/wp-content\/uploads\/2022\/11\/cropped-logo_skssp.png","width":512,"height":512,"caption":"SKSSP"},"image":{"@id":"https:\/\/skssp.eu\/en\/#\/schema\/logo\/image\/"}}]}},"_links":{"self":[{"href":"https:\/\/skssp.eu\/en\/wp-json\/wp\/v2\/pages\/45059","targetHints":{"allow":["GET"]}}],"collection":[{"href":"https:\/\/skssp.eu\/en\/wp-json\/wp\/v2\/pages"}],"about":[{"href":"https:\/\/skssp.eu\/en\/wp-json\/wp\/v2\/types\/page"}],"author":[{"embeddable":true,"href":"https:\/\/skssp.eu\/en\/wp-json\/wp\/v2\/users\/1"}],"replies":[{"embeddable":true,"href":"https:\/\/skssp.eu\/en\/wp-json\/wp\/v2\/comments?post=45059"}],"version-history":[{"count":2,"href":"https:\/\/skssp.eu\/en\/wp-json\/wp\/v2\/pages\/45059\/revisions"}],"predecessor-version":[{"id":45064,"href":"https:\/\/skssp.eu\/en\/wp-json\/wp\/v2\/pages\/45059\/revisions\/45064"}],"wp:attachment":[{"href":"https:\/\/skssp.eu\/en\/wp-json\/wp\/v2\/media?parent=45059"}],"curies":[{"name":"wp","href":"https:\/\/api.w.org\/{rel}","templated":true}]}}