{"id":45200,"date":"2025-07-03T09:52:50","date_gmt":"2025-07-03T07:52:50","guid":{"rendered":"https:\/\/skssp.eu\/prihlasenie\/"},"modified":"2025-09-10T17:59:12","modified_gmt":"2025-09-10T15:59:12","slug":"login","status":"publish","type":"page","link":"https:\/\/skssp.eu\/en\/login\/","title":{"rendered":"Login"},"content":{"rendered":"\n<p>Some subpages are intended for club members only. If you are a club member, you can log in on the given page by clicking on the link &#8220;You can log in here&#8221;.<\/p>\n\n\n\n<figure class=\"wp-block-image size-large\"><img loading=\"lazy\" decoding=\"async\" width=\"1024\" height=\"539\" src=\"https:\/\/skssp.eu\/wp-content\/uploads\/2025\/07\/Screenshot-2025-07-03-at-09.46.45-1024x539.png\" alt=\"\" class=\"wp-image-45074\" srcset=\"https:\/\/skssp.eu\/wp-content\/uploads\/2025\/07\/Screenshot-2025-07-03-at-09.46.45-1024x539.png 1024w, https:\/\/skssp.eu\/wp-content\/uploads\/2025\/07\/Screenshot-2025-07-03-at-09.46.45-300x158.png 300w, https:\/\/skssp.eu\/wp-content\/uploads\/2025\/07\/Screenshot-2025-07-03-at-09.46.45-768x404.png 768w, https:\/\/skssp.eu\/wp-content\/uploads\/2025\/07\/Screenshot-2025-07-03-at-09.46.45-1536x809.png 1536w, https:\/\/skssp.eu\/wp-content\/uploads\/2025\/07\/Screenshot-2025-07-03-at-09.46.45-2048x1079.png 2048w\" sizes=\"auto, (max-width: 1024px) 100vw, 1024px\" \/><\/figure>\n\n\n\n<p>Another way to log in is to click on the red &#8220;Login&#8221; button at the top of this page.<\/p>\n\n\n\n<p>You will be redirected to a page where the system will ask you for your login details that you received from the club. After filling in the details, click on the &#8220;Login here&#8221; button.<\/p>\n\n\n\n<figure class=\"wp-block-image size-large\"><img loading=\"lazy\" decoding=\"async\" width=\"1024\" height=\"539\" src=\"https:\/\/skssp.eu\/wp-content\/uploads\/2025\/07\/Screenshot-2025-07-03-at-09.48.58-1024x539.png\" alt=\"\" class=\"wp-image-45078\" srcset=\"https:\/\/skssp.eu\/wp-content\/uploads\/2025\/07\/Screenshot-2025-07-03-at-09.48.58-1024x539.png 1024w, https:\/\/skssp.eu\/wp-content\/uploads\/2025\/07\/Screenshot-2025-07-03-at-09.48.58-300x158.png 300w, https:\/\/skssp.eu\/wp-content\/uploads\/2025\/07\/Screenshot-2025-07-03-at-09.48.58-768x404.png 768w, https:\/\/skssp.eu\/wp-content\/uploads\/2025\/07\/Screenshot-2025-07-03-at-09.48.58-1536x809.png 1536w, https:\/\/skssp.eu\/wp-content\/uploads\/2025\/07\/Screenshot-2025-07-03-at-09.48.58-2048x1079.png 2048w\" sizes=\"auto, (max-width: 1024px) 100vw, 1024px\" \/><\/figure>\n\n\n\n<p>After logging in, you will be redirected to your profile page. To view the content of the page, you need to click on &#8220;SKSSP&#8221; in the upper left corner &#8211; highlighted in red in the image.<\/p>\n\n\n\n<figure class=\"wp-block-image size-large\"><img loading=\"lazy\" decoding=\"async\" width=\"1024\" height=\"536\" src=\"https:\/\/skssp.eu\/wp-content\/uploads\/2025\/07\/Screenshot-2025-07-03-at-09.50.44-1024x536.png\" alt=\"\" class=\"wp-image-45081\" srcset=\"https:\/\/skssp.eu\/wp-content\/uploads\/2025\/07\/Screenshot-2025-07-03-at-09.50.44-1024x536.png 1024w, https:\/\/skssp.eu\/wp-content\/uploads\/2025\/07\/Screenshot-2025-07-03-at-09.50.44-300x157.png 300w, https:\/\/skssp.eu\/wp-content\/uploads\/2025\/07\/Screenshot-2025-07-03-at-09.50.44-768x402.png 768w, https:\/\/skssp.eu\/wp-content\/uploads\/2025\/07\/Screenshot-2025-07-03-at-09.50.44-1536x803.png 1536w, https:\/\/skssp.eu\/wp-content\/uploads\/2025\/07\/Screenshot-2025-07-03-at-09.50.44-2048x1071.png 2048w\" sizes=\"auto, (max-width: 1024px) 100vw, 1024px\" \/><\/figure>\n\n\n\n<p>Then continue by selecting any page you wish to view from the menu. Pages designated for club members will automatically appear.<\/p>\n\n\n\n<figure class=\"wp-block-image size-large\"><img loading=\"lazy\" decoding=\"async\" width=\"1024\" height=\"536\" src=\"https:\/\/skssp.eu\/wp-content\/uploads\/2025\/07\/Screenshot-2025-07-03-at-09.51.59-1024x536.png\" alt=\"\" class=\"wp-image-45084\" srcset=\"https:\/\/skssp.eu\/wp-content\/uploads\/2025\/07\/Screenshot-2025-07-03-at-09.51.59-1024x536.png 1024w, https:\/\/skssp.eu\/wp-content\/uploads\/2025\/07\/Screenshot-2025-07-03-at-09.51.59-300x157.png 300w, https:\/\/skssp.eu\/wp-content\/uploads\/2025\/07\/Screenshot-2025-07-03-at-09.51.59-768x402.png 768w, https:\/\/skssp.eu\/wp-content\/uploads\/2025\/07\/Screenshot-2025-07-03-at-09.51.59-1536x803.png 1536w, https:\/\/skssp.eu\/wp-content\/uploads\/2025\/07\/Screenshot-2025-07-03-at-09.51.59-2048x1071.png 2048w\" sizes=\"auto, (max-width: 1024px) 100vw, 1024px\" \/><\/figure>\n","protected":false},"excerpt":{"rendered":"<p>Some subpages are intended for club members only. If you are a club member, you can log in on the given page by clicking on the link &#8220;You can log in here&#8221;. Another way to log in is to click on the red &#8220;Login&#8221; button at the top of this page. You will be redirected [&hellip;]<\/p>\n","protected":false},"author":1,"featured_media":0,"parent":0,"menu_order":0,"comment_status":"closed","ping_status":"closed","template":"page_template-prihlasenie.php","meta":{"_monsterinsights_skip_tracking":false,"_monsterinsights_sitenote_active":false,"_monsterinsights_sitenote_note":"","_monsterinsights_sitenote_category":0,"ngg_post_thumbnail":0,"footnotes":""},"class_list":["post-45200","page","type-page","status-publish","hentry"],"acf":[],"yoast_head":"<!-- This site is optimized with the Yoast SEO plugin v27.5 - https:\/\/yoast.com\/product\/yoast-seo-wordpress\/ -->\n<title>Login | SKSSP<\/title>\n<meta name=\"robots\" content=\"index, follow, max-snippet:-1, max-image-preview:large, max-video-preview:-1\" \/>\n<link rel=\"canonical\" href=\"https:\/\/skssp.eu\/en\/login\/\" \/>\n<meta property=\"og:locale\" content=\"en_US\" \/>\n<meta property=\"og:type\" content=\"article\" \/>\n<meta property=\"og:title\" content=\"Login | SKSSP\" \/>\n<meta property=\"og:description\" content=\"Some subpages are intended for club members only. If you are a club member, you can log in on the given page by clicking on the link &#8220;You can log in here&#8221;. Another way to log in is to click on the red &#8220;Login&#8221; button at the top of this page. You will be redirected [&hellip;]\" \/>\n<meta property=\"og:url\" content=\"https:\/\/skssp.eu\/en\/login\/\" \/>\n<meta property=\"og:site_name\" content=\"SKSSP\" \/>\n<meta property=\"article:modified_time\" content=\"2025-09-10T15:59:12+00:00\" \/>\n<meta property=\"og:image\" content=\"https:\/\/skssp.eu\/wp-content\/uploads\/2025\/07\/Screenshot-2025-07-03-at-09.46.45-scaled.png\" \/>\n\t<meta property=\"og:image:width\" content=\"2560\" \/>\n\t<meta property=\"og:image:height\" content=\"1348\" \/>\n\t<meta property=\"og:image:type\" content=\"image\/png\" \/>\n<meta name=\"twitter:card\" content=\"summary_large_image\" \/>\n<meta name=\"twitter:label1\" content=\"Est. reading time\" \/>\n\t<meta name=\"twitter:data1\" content=\"2 minutes\" \/>\n<script type=\"application\/ld+json\" class=\"yoast-schema-graph\">{\"@context\":\"https:\\\/\\\/schema.org\",\"@graph\":[{\"@type\":\"WebPage\",\"@id\":\"https:\\\/\\\/skssp.eu\\\/en\\\/login\\\/\",\"url\":\"https:\\\/\\\/skssp.eu\\\/en\\\/login\\\/\",\"name\":\"Login | SKSSP\",\"isPartOf\":{\"@id\":\"https:\\\/\\\/skssp.eu\\\/en\\\/#website\"},\"primaryImageOfPage\":{\"@id\":\"https:\\\/\\\/skssp.eu\\\/en\\\/login\\\/#primaryimage\"},\"image\":{\"@id\":\"https:\\\/\\\/skssp.eu\\\/en\\\/login\\\/#primaryimage\"},\"thumbnailUrl\":\"https:\\\/\\\/skssp.eu\\\/wp-content\\\/uploads\\\/2025\\\/07\\\/Screenshot-2025-07-03-at-09.46.45-1024x539.png\",\"datePublished\":\"2025-07-03T07:52:50+00:00\",\"dateModified\":\"2025-09-10T15:59:12+00:00\",\"breadcrumb\":{\"@id\":\"https:\\\/\\\/skssp.eu\\\/en\\\/login\\\/#breadcrumb\"},\"inLanguage\":\"en-US\",\"potentialAction\":[{\"@type\":\"ReadAction\",\"target\":[\"https:\\\/\\\/skssp.eu\\\/en\\\/login\\\/\"]}]},{\"@type\":\"ImageObject\",\"inLanguage\":\"en-US\",\"@id\":\"https:\\\/\\\/skssp.eu\\\/en\\\/login\\\/#primaryimage\",\"url\":\"https:\\\/\\\/skssp.eu\\\/wp-content\\\/uploads\\\/2025\\\/07\\\/Screenshot-2025-07-03-at-09.46.45-1024x539.png\",\"contentUrl\":\"https:\\\/\\\/skssp.eu\\\/wp-content\\\/uploads\\\/2025\\\/07\\\/Screenshot-2025-07-03-at-09.46.45-1024x539.png\"},{\"@type\":\"BreadcrumbList\",\"@id\":\"https:\\\/\\\/skssp.eu\\\/en\\\/login\\\/#breadcrumb\",\"itemListElement\":[{\"@type\":\"ListItem\",\"position\":1,\"name\":\"Home\",\"item\":\"https:\\\/\\\/skssp.eu\\\/en\\\/home\\\/\"},{\"@type\":\"ListItem\",\"position\":2,\"name\":\"Login\"}]},{\"@type\":\"WebSite\",\"@id\":\"https:\\\/\\\/skssp.eu\\\/en\\\/#website\",\"url\":\"https:\\\/\\\/skssp.eu\\\/en\\\/\",\"name\":\"SKSSP\",\"description\":\"Slovensk\u00fd klub \u0160vaj\u010diarskych sala\u0161n\u00edckych psov\",\"publisher\":{\"@id\":\"https:\\\/\\\/skssp.eu\\\/en\\\/#organization\"},\"potentialAction\":[{\"@type\":\"SearchAction\",\"target\":{\"@type\":\"EntryPoint\",\"urlTemplate\":\"https:\\\/\\\/skssp.eu\\\/en\\\/?s={search_term_string}\"},\"query-input\":{\"@type\":\"PropertyValueSpecification\",\"valueRequired\":true,\"valueName\":\"search_term_string\"}}],\"inLanguage\":\"en-US\"},{\"@type\":\"Organization\",\"@id\":\"https:\\\/\\\/skssp.eu\\\/en\\\/#organization\",\"name\":\"SKSSP\",\"url\":\"https:\\\/\\\/skssp.eu\\\/en\\\/\",\"logo\":{\"@type\":\"ImageObject\",\"inLanguage\":\"en-US\",\"@id\":\"https:\\\/\\\/skssp.eu\\\/en\\\/#\\\/schema\\\/logo\\\/image\\\/\",\"url\":\"https:\\\/\\\/skssp.eu\\\/wp-content\\\/uploads\\\/2022\\\/11\\\/cropped-logo_skssp.png\",\"contentUrl\":\"https:\\\/\\\/skssp.eu\\\/wp-content\\\/uploads\\\/2022\\\/11\\\/cropped-logo_skssp.png\",\"width\":512,\"height\":512,\"caption\":\"SKSSP\"},\"image\":{\"@id\":\"https:\\\/\\\/skssp.eu\\\/en\\\/#\\\/schema\\\/logo\\\/image\\\/\"}}]}<\/script>\n<!-- \/ Yoast SEO plugin. -->","yoast_head_json":{"title":"Login | SKSSP","robots":{"index":"index","follow":"follow","max-snippet":"max-snippet:-1","max-image-preview":"max-image-preview:large","max-video-preview":"max-video-preview:-1"},"canonical":"https:\/\/skssp.eu\/en\/login\/","og_locale":"en_US","og_type":"article","og_title":"Login | SKSSP","og_description":"Some subpages are intended for club members only. If you are a club member, you can log in on the given page by clicking on the link &#8220;You can log in here&#8221;. Another way to log in is to click on the red &#8220;Login&#8221; button at the top of this page. You will be redirected [&hellip;]","og_url":"https:\/\/skssp.eu\/en\/login\/","og_site_name":"SKSSP","article_modified_time":"2025-09-10T15:59:12+00:00","og_image":[{"width":2560,"height":1348,"url":"https:\/\/skssp.eu\/wp-content\/uploads\/2025\/07\/Screenshot-2025-07-03-at-09.46.45-scaled.png","type":"image\/png"}],"twitter_card":"summary_large_image","twitter_misc":{"Est. reading time":"2 minutes"},"schema":{"@context":"https:\/\/schema.org","@graph":[{"@type":"WebPage","@id":"https:\/\/skssp.eu\/en\/login\/","url":"https:\/\/skssp.eu\/en\/login\/","name":"Login | SKSSP","isPartOf":{"@id":"https:\/\/skssp.eu\/en\/#website"},"primaryImageOfPage":{"@id":"https:\/\/skssp.eu\/en\/login\/#primaryimage"},"image":{"@id":"https:\/\/skssp.eu\/en\/login\/#primaryimage"},"thumbnailUrl":"https:\/\/skssp.eu\/wp-content\/uploads\/2025\/07\/Screenshot-2025-07-03-at-09.46.45-1024x539.png","datePublished":"2025-07-03T07:52:50+00:00","dateModified":"2025-09-10T15:59:12+00:00","breadcrumb":{"@id":"https:\/\/skssp.eu\/en\/login\/#breadcrumb"},"inLanguage":"en-US","potentialAction":[{"@type":"ReadAction","target":["https:\/\/skssp.eu\/en\/login\/"]}]},{"@type":"ImageObject","inLanguage":"en-US","@id":"https:\/\/skssp.eu\/en\/login\/#primaryimage","url":"https:\/\/skssp.eu\/wp-content\/uploads\/2025\/07\/Screenshot-2025-07-03-at-09.46.45-1024x539.png","contentUrl":"https:\/\/skssp.eu\/wp-content\/uploads\/2025\/07\/Screenshot-2025-07-03-at-09.46.45-1024x539.png"},{"@type":"BreadcrumbList","@id":"https:\/\/skssp.eu\/en\/login\/#breadcrumb","itemListElement":[{"@type":"ListItem","position":1,"name":"Home","item":"https:\/\/skssp.eu\/en\/home\/"},{"@type":"ListItem","position":2,"name":"Login"}]},{"@type":"WebSite","@id":"https:\/\/skssp.eu\/en\/#website","url":"https:\/\/skssp.eu\/en\/","name":"SKSSP","description":"Slovensk\u00fd klub \u0160vaj\u010diarskych sala\u0161n\u00edckych psov","publisher":{"@id":"https:\/\/skssp.eu\/en\/#organization"},"potentialAction":[{"@type":"SearchAction","target":{"@type":"EntryPoint","urlTemplate":"https:\/\/skssp.eu\/en\/?s={search_term_string}"},"query-input":{"@type":"PropertyValueSpecification","valueRequired":true,"valueName":"search_term_string"}}],"inLanguage":"en-US"},{"@type":"Organization","@id":"https:\/\/skssp.eu\/en\/#organization","name":"SKSSP","url":"https:\/\/skssp.eu\/en\/","logo":{"@type":"ImageObject","inLanguage":"en-US","@id":"https:\/\/skssp.eu\/en\/#\/schema\/logo\/image\/","url":"https:\/\/skssp.eu\/wp-content\/uploads\/2022\/11\/cropped-logo_skssp.png","contentUrl":"https:\/\/skssp.eu\/wp-content\/uploads\/2022\/11\/cropped-logo_skssp.png","width":512,"height":512,"caption":"SKSSP"},"image":{"@id":"https:\/\/skssp.eu\/en\/#\/schema\/logo\/image\/"}}]}},"_links":{"self":[{"href":"https:\/\/skssp.eu\/en\/wp-json\/wp\/v2\/pages\/45200","targetHints":{"allow":["GET"]}}],"collection":[{"href":"https:\/\/skssp.eu\/en\/wp-json\/wp\/v2\/pages"}],"about":[{"href":"https:\/\/skssp.eu\/en\/wp-json\/wp\/v2\/types\/page"}],"author":[{"embeddable":true,"href":"https:\/\/skssp.eu\/en\/wp-json\/wp\/v2\/users\/1"}],"replies":[{"embeddable":true,"href":"https:\/\/skssp.eu\/en\/wp-json\/wp\/v2\/comments?post=45200"}],"version-history":[{"count":1,"href":"https:\/\/skssp.eu\/en\/wp-json\/wp\/v2\/pages\/45200\/revisions"}],"predecessor-version":[{"id":45202,"href":"https:\/\/skssp.eu\/en\/wp-json\/wp\/v2\/pages\/45200\/revisions\/45202"}],"wp:attachment":[{"href":"https:\/\/skssp.eu\/en\/wp-json\/wp\/v2\/media?parent=45200"}],"curies":[{"name":"wp","href":"https:\/\/api.w.org\/{rel}","templated":true}]}}